{"id":32750,"date":"2023-07-31T17:29:34","date_gmt":"2023-07-31T16:29:34","guid":{"rendered":"https:\/\/sparepartsholland.com\/?post_type=product&#038;p=32750"},"modified":"2023-09-15T10:33:05","modified_gmt":"2023-09-15T09:33:05","slug":"hydraulischer-seitenverbindungszylinder-mit-gabel-passend-fuer-mehrere-traktoren-min-max-17-3-4-21-5-8","status":"publish","type":"product","link":"https:\/\/oud.sparepartsholland.com\/de\/produkt\/hydraulischer-seitenverbindungszylinder-mit-gabel-passend-fuer-mehrere-traktoren-min-max-17-3-4-21-5-8\/","title":{"rendered":"Hydraulische Hubstrebe mit Gabel, passend f\u00fcr mehrere Traktoren (Min.-Max.: 450 &#8211; 550 mm)"},"content":{"rendered":"<p>Inklusive Schl\u00e4uchen und Schnellkupplungen wie abgebildet.<\/p>\n<ul>\n<li>Schlauchl\u00e4nge: 85 cm. Die Schnellkupplungen mit Au\u00dfengewinde sind 1\/2 Zoll BSP im Poppet-Stil.<\/li>\n<li>Die Kolbenstange kann je nach Bedarf gedreht werden.<\/li>\n<li>Dieser Seitenlenker ist mit einem Verriegelungsblock ausgestattet. Bei diesem Ventil wird das \u00d6l durch ein R\u00fcckschlagventil im Zylinder eingeschlossen.<\/li>\n<li>Schwarz lackiert (selten Lacksch\u00e4den und Kratzer beim Transport).<\/li>\n<\/ul>\n","protected":false},"excerpt":{"rendered":"<ul>\n<li>Schlauchl\u00e4nge: 85 cm. Die Schnellkupplungen mit Au\u00dfengewinde sind 1\/2 Zoll BSP im Poppet-Stil.<\/li>\n<li>Die Kolbenstange kann je nach Bedarf gedreht werden.<\/li>\n<li>Dieser Hydraulischer Hubstrebe ist mit einem Verriegelungsblock ausgestattet. Bei diesem Ventil wird das \u00d6l durch ein R\u00fcckschlagventil im Zylinder eingeschlossen.<\/li>\n<li>Schwarz lackiert (selten Lacksch\u00e4den und Kratzer beim Transport).<\/li>\n<\/ul>\n","protected":false},"featured_media":33195,"template":"","meta":{"inline_featured_image":false},"product_brand":[],"product_cat":[2499],"product_tag":[],"class_list":{"0":"post-32750","1":"product","2":"type-product","3":"status-publish","4":"has-post-thumbnail","6":"product_cat-hubstrebe-hydraulisch-de","8":"first","9":"instock","10":"taxable","11":"shipping-taxable","12":"purchasable","13":"product-type-simple"},"yoast_head":"<!-- This site is optimized with the Yoast SEO plugin v25.0 - https:\/\/yoast.com\/wordpress\/plugins\/seo\/ -->\n<title>Hydraulische Hubstrebe mit Gabel, passend f\u00fcr mehrere Traktoren (Min.-Max.: 450 - 550 mm) - Sparepartsholland<\/title>\n<meta name=\"description\" content=\"Schlauchl\u00e4nge: 85 cm. Die Schnellkupplungen mit Au\u00dfengewinde sind 1\/2 Zoll BSP im Poppet-Stil. Die Kolbenstange kann je nach Bedarf gedreht werden.\" \/>\n<meta name=\"robots\" content=\"noindex, follow, max-snippet:-1, max-image-preview:large, max-video-preview:-1\" \/>\n<meta property=\"og:locale\" content=\"de_DE\" \/>\n<meta property=\"og:type\" content=\"article\" \/>\n<meta property=\"og:title\" content=\"Hydraulische Hubstrebe mit Gabel, passend f\u00fcr mehrere Traktoren (Min.-Max.: 450 - 550 mm) - Sparepartsholland\" \/>\n<meta property=\"og:description\" content=\"Schlauchl\u00e4nge: 85 cm. Die Schnellkupplungen mit Au\u00dfengewinde sind 1\/2 Zoll BSP im Poppet-Stil. Die Kolbenstange kann je nach Bedarf gedreht werden.\" \/>\n<meta property=\"og:url\" content=\"https:\/\/oud.sparepartsholland.com\/produkt\/hydraulic-side-link-cylinder-450-550-with-2-x-hose\/\" \/>\n<meta property=\"og:site_name\" content=\"Sparepartsholland\" \/>\n<meta property=\"article:modified_time\" content=\"2023-09-15T09:33:05+00:00\" \/>\n<meta property=\"og:image\" content=\"https:\/\/oud.sparepartsholland.com\/wp-content\/uploads\/2023\/07\/DSCF9007-kopya-2-scaled.jpg\" \/>\n\t<meta property=\"og:image:width\" content=\"2560\" \/>\n\t<meta property=\"og:image:height\" content=\"2560\" \/>\n\t<meta property=\"og:image:type\" content=\"image\/jpeg\" \/>\n<meta name=\"twitter:card\" content=\"summary_large_image\" \/>\n<meta name=\"twitter:label1\" content=\"Gesch\u00e4tzte Lesezeit\" \/>\n\t<meta name=\"twitter:data1\" content=\"1\u00a0Minute\" \/>\n<script type=\"application\/ld+json\" class=\"yoast-schema-graph\">{\"@context\":\"https:\/\/schema.org\",\"@graph\":[{\"@type\":[\"WebPage\",\"ItemPage\"],\"@id\":\"https:\/\/oud.sparepartsholland.com\/produkt\/hydraulic-side-link-cylinder-450-550-with-2-x-hose\/\",\"url\":\"https:\/\/oud.sparepartsholland.com\/produkt\/hydraulic-side-link-cylinder-450-550-with-2-x-hose\/\",\"name\":\"Hydraulische Hubstrebe mit Gabel, passend f\u00fcr mehrere Traktoren (Min.-Max.: 450 - 550 mm) - Sparepartsholland\",\"isPartOf\":{\"@id\":\"https:\/\/oud.sparepartsholland.com\/#website\"},\"primaryImageOfPage\":{\"@id\":\"https:\/\/oud.sparepartsholland.com\/produkt\/hydraulic-side-link-cylinder-450-550-with-2-x-hose\/#primaryimage\"},\"image\":{\"@id\":\"https:\/\/oud.sparepartsholland.com\/produkt\/hydraulic-side-link-cylinder-450-550-with-2-x-hose\/#primaryimage\"},\"thumbnailUrl\":\"https:\/\/oud.sparepartsholland.com\/wp-content\/uploads\/2023\/07\/DSCF9007-kopya-2-scaled.jpg\",\"datePublished\":\"2023-07-31T16:29:34+00:00\",\"dateModified\":\"2023-09-15T09:33:05+00:00\",\"description\":\"Schlauchl\u00e4nge: 85 cm. Die Schnellkupplungen mit Au\u00dfengewinde sind 1\/2 Zoll BSP im Poppet-Stil. Die Kolbenstange kann je nach Bedarf gedreht werden.\",\"breadcrumb\":{\"@id\":\"https:\/\/oud.sparepartsholland.com\/produkt\/hydraulic-side-link-cylinder-450-550-with-2-x-hose\/#breadcrumb\"},\"inLanguage\":\"de\",\"potentialAction\":[{\"@type\":\"ReadAction\",\"target\":[\"https:\/\/oud.sparepartsholland.com\/produkt\/hydraulic-side-link-cylinder-450-550-with-2-x-hose\/\"]}]},{\"@type\":\"ImageObject\",\"inLanguage\":\"de\",\"@id\":\"https:\/\/oud.sparepartsholland.com\/produkt\/hydraulic-side-link-cylinder-450-550-with-2-x-hose\/#primaryimage\",\"url\":\"https:\/\/oud.sparepartsholland.com\/wp-content\/uploads\/2023\/07\/DSCF9007-kopya-2-scaled.jpg\",\"contentUrl\":\"https:\/\/oud.sparepartsholland.com\/wp-content\/uploads\/2023\/07\/DSCF9007-kopya-2-scaled.jpg\",\"width\":2560,\"height\":2560},{\"@type\":\"BreadcrumbList\",\"@id\":\"https:\/\/oud.sparepartsholland.com\/produkt\/hydraulic-side-link-cylinder-450-550-with-2-x-hose\/#breadcrumb\",\"itemListElement\":[{\"@type\":\"ListItem\",\"position\":1,\"name\":\"Home\",\"item\":\"https:\/\/oud.sparepartsholland.com\/de\/\"},{\"@type\":\"ListItem\",\"position\":2,\"name\":\"Gesch\u00e4ft\",\"item\":\"https:\/\/oud.sparepartsholland.com\/shop\/\"},{\"@type\":\"ListItem\",\"position\":3,\"name\":\"Hydraulische Hubstrebe mit Gabel, passend f\u00fcr mehrere Traktoren (Min.-Max.: 450 &#8211; 550 mm)\"}]},{\"@type\":\"WebSite\",\"@id\":\"https:\/\/oud.sparepartsholland.com\/#website\",\"url\":\"https:\/\/oud.sparepartsholland.com\/\",\"name\":\"Sparepartsholland\",\"description\":\"\",\"publisher\":{\"@id\":\"https:\/\/oud.sparepartsholland.com\/#organization\"},\"potentialAction\":[{\"@type\":\"SearchAction\",\"target\":{\"@type\":\"EntryPoint\",\"urlTemplate\":\"https:\/\/oud.sparepartsholland.com\/?s={search_term_string}\"},\"query-input\":{\"@type\":\"PropertyValueSpecification\",\"valueRequired\":true,\"valueName\":\"search_term_string\"}}],\"inLanguage\":\"de\"},{\"@type\":\"Organization\",\"@id\":\"https:\/\/oud.sparepartsholland.com\/#organization\",\"name\":\"Spare Parts Holland\",\"url\":\"https:\/\/oud.sparepartsholland.com\/\",\"logo\":{\"@type\":\"ImageObject\",\"inLanguage\":\"de\",\"@id\":\"https:\/\/oud.sparepartsholland.com\/#\/schema\/logo\/image\/\",\"url\":\"https:\/\/oud.sparepartsholland.com\/wp-content\/uploads\/2022\/06\/spareparts-1.png\",\"contentUrl\":\"https:\/\/oud.sparepartsholland.com\/wp-content\/uploads\/2022\/06\/spareparts-1.png\",\"width\":824,\"height\":685,\"caption\":\"Spare Parts Holland\"},\"image\":{\"@id\":\"https:\/\/oud.sparepartsholland.com\/#\/schema\/logo\/image\/\"}}]}<\/script>\n<!-- \/ Yoast SEO plugin. -->","yoast_head_json":{"title":"Hydraulische Hubstrebe mit Gabel, passend f\u00fcr mehrere Traktoren (Min.-Max.: 450 - 550 mm) - Sparepartsholland","description":"Schlauchl\u00e4nge: 85 cm. Die Schnellkupplungen mit Au\u00dfengewinde sind 1\/2 Zoll BSP im Poppet-Stil. Die Kolbenstange kann je nach Bedarf gedreht werden.","robots":{"index":"noindex","follow":"follow","max-snippet":"max-snippet:-1","max-image-preview":"max-image-preview:large","max-video-preview":"max-video-preview:-1"},"og_locale":"de_DE","og_type":"article","og_title":"Hydraulische Hubstrebe mit Gabel, passend f\u00fcr mehrere Traktoren (Min.-Max.: 450 - 550 mm) - Sparepartsholland","og_description":"Schlauchl\u00e4nge: 85 cm. Die Schnellkupplungen mit Au\u00dfengewinde sind 1\/2 Zoll BSP im Poppet-Stil. Die Kolbenstange kann je nach Bedarf gedreht werden.","og_url":"https:\/\/oud.sparepartsholland.com\/produkt\/hydraulic-side-link-cylinder-450-550-with-2-x-hose\/","og_site_name":"Sparepartsholland","article_modified_time":"2023-09-15T09:33:05+00:00","og_image":[{"width":2560,"height":2560,"url":"https:\/\/oud.sparepartsholland.com\/wp-content\/uploads\/2023\/07\/DSCF9007-kopya-2-scaled.jpg","type":"image\/jpeg"}],"twitter_card":"summary_large_image","twitter_misc":{"Gesch\u00e4tzte Lesezeit":"1\u00a0Minute"},"schema":{"@context":"https:\/\/schema.org","@graph":[{"@type":["WebPage","ItemPage"],"@id":"https:\/\/oud.sparepartsholland.com\/produkt\/hydraulic-side-link-cylinder-450-550-with-2-x-hose\/","url":"https:\/\/oud.sparepartsholland.com\/produkt\/hydraulic-side-link-cylinder-450-550-with-2-x-hose\/","name":"Hydraulische Hubstrebe mit Gabel, passend f\u00fcr mehrere Traktoren (Min.-Max.: 450 - 550 mm) - Sparepartsholland","isPartOf":{"@id":"https:\/\/oud.sparepartsholland.com\/#website"},"primaryImageOfPage":{"@id":"https:\/\/oud.sparepartsholland.com\/produkt\/hydraulic-side-link-cylinder-450-550-with-2-x-hose\/#primaryimage"},"image":{"@id":"https:\/\/oud.sparepartsholland.com\/produkt\/hydraulic-side-link-cylinder-450-550-with-2-x-hose\/#primaryimage"},"thumbnailUrl":"https:\/\/oud.sparepartsholland.com\/wp-content\/uploads\/2023\/07\/DSCF9007-kopya-2-scaled.jpg","datePublished":"2023-07-31T16:29:34+00:00","dateModified":"2023-09-15T09:33:05+00:00","description":"Schlauchl\u00e4nge: 85 cm. Die Schnellkupplungen mit Au\u00dfengewinde sind 1\/2 Zoll BSP im Poppet-Stil. Die Kolbenstange kann je nach Bedarf gedreht werden.","breadcrumb":{"@id":"https:\/\/oud.sparepartsholland.com\/produkt\/hydraulic-side-link-cylinder-450-550-with-2-x-hose\/#breadcrumb"},"inLanguage":"de","potentialAction":[{"@type":"ReadAction","target":["https:\/\/oud.sparepartsholland.com\/produkt\/hydraulic-side-link-cylinder-450-550-with-2-x-hose\/"]}]},{"@type":"ImageObject","inLanguage":"de","@id":"https:\/\/oud.sparepartsholland.com\/produkt\/hydraulic-side-link-cylinder-450-550-with-2-x-hose\/#primaryimage","url":"https:\/\/oud.sparepartsholland.com\/wp-content\/uploads\/2023\/07\/DSCF9007-kopya-2-scaled.jpg","contentUrl":"https:\/\/oud.sparepartsholland.com\/wp-content\/uploads\/2023\/07\/DSCF9007-kopya-2-scaled.jpg","width":2560,"height":2560},{"@type":"BreadcrumbList","@id":"https:\/\/oud.sparepartsholland.com\/produkt\/hydraulic-side-link-cylinder-450-550-with-2-x-hose\/#breadcrumb","itemListElement":[{"@type":"ListItem","position":1,"name":"Home","item":"https:\/\/oud.sparepartsholland.com\/de\/"},{"@type":"ListItem","position":2,"name":"Gesch\u00e4ft","item":"https:\/\/oud.sparepartsholland.com\/shop\/"},{"@type":"ListItem","position":3,"name":"Hydraulische Hubstrebe mit Gabel, passend f\u00fcr mehrere Traktoren (Min.-Max.: 450 &#8211; 550 mm)"}]},{"@type":"WebSite","@id":"https:\/\/oud.sparepartsholland.com\/#website","url":"https:\/\/oud.sparepartsholland.com\/","name":"Sparepartsholland","description":"","publisher":{"@id":"https:\/\/oud.sparepartsholland.com\/#organization"},"potentialAction":[{"@type":"SearchAction","target":{"@type":"EntryPoint","urlTemplate":"https:\/\/oud.sparepartsholland.com\/?s={search_term_string}"},"query-input":{"@type":"PropertyValueSpecification","valueRequired":true,"valueName":"search_term_string"}}],"inLanguage":"de"},{"@type":"Organization","@id":"https:\/\/oud.sparepartsholland.com\/#organization","name":"Spare Parts Holland","url":"https:\/\/oud.sparepartsholland.com\/","logo":{"@type":"ImageObject","inLanguage":"de","@id":"https:\/\/oud.sparepartsholland.com\/#\/schema\/logo\/image\/","url":"https:\/\/oud.sparepartsholland.com\/wp-content\/uploads\/2022\/06\/spareparts-1.png","contentUrl":"https:\/\/oud.sparepartsholland.com\/wp-content\/uploads\/2022\/06\/spareparts-1.png","width":824,"height":685,"caption":"Spare Parts Holland"},"image":{"@id":"https:\/\/oud.sparepartsholland.com\/#\/schema\/logo\/image\/"}}]}},"_links":{"self":[{"href":"https:\/\/oud.sparepartsholland.com\/de\/wp-json\/wp\/v2\/product\/32750","targetHints":{"allow":["GET"]}}],"collection":[{"href":"https:\/\/oud.sparepartsholland.com\/de\/wp-json\/wp\/v2\/product"}],"about":[{"href":"https:\/\/oud.sparepartsholland.com\/de\/wp-json\/wp\/v2\/types\/product"}],"wp:featuredmedia":[{"embeddable":true,"href":"https:\/\/oud.sparepartsholland.com\/de\/wp-json\/wp\/v2\/media\/33195"}],"wp:attachment":[{"href":"https:\/\/oud.sparepartsholland.com\/de\/wp-json\/wp\/v2\/media?parent=32750"}],"wp:term":[{"taxonomy":"product_brand","embeddable":true,"href":"https:\/\/oud.sparepartsholland.com\/de\/wp-json\/wp\/v2\/product_brand?post=32750"},{"taxonomy":"product_cat","embeddable":true,"href":"https:\/\/oud.sparepartsholland.com\/de\/wp-json\/wp\/v2\/product_cat?post=32750"},{"taxonomy":"product_tag","embeddable":true,"href":"https:\/\/oud.sparepartsholland.com\/de\/wp-json\/wp\/v2\/product_tag?post=32750"}],"curies":[{"name":"wp","href":"https:\/\/api.w.org\/{rel}","templated":true}]}}