{"id":35237,"date":"2023-10-26T12:36:11","date_gmt":"2023-10-26T11:36:11","guid":{"rendered":"https:\/\/sparepartsholland.com\/?post_type=product&#038;p=35237"},"modified":"2024-09-23T06:58:02","modified_gmt":"2024-09-23T05:58:02","slug":"hydraulischer-oberlenker-kat-3-oe324-585-795-mm-mit-fanghaken-sperrblock-und-2-schlaeuchen","status":"publish","type":"product","link":"https:\/\/oud.sparepartsholland.com\/de\/produkt\/hydraulischer-oberlenker-kat-3-oe324-585-795-mm-mit-fanghaken-sperrblock-und-2-schlaeuchen\/","title":{"rendered":"Hydraulischer Oberlenker Kat 3 &#8211; \u00d832,4 (585 &#8211; 795 mm) mit Fanghaken, Sperrblock und 2 Schl\u00e4uchen"},"content":{"rendered":"<p>Hydraulischer Oberlenker Kat. 3 mit Fanghaken und Sperrblock, 585 &#8211; 795 mm, Inklusive 2 Schl\u00e4uchen.<\/p>\n<p>Der von uns angebotene hydraulische Oberlenker ersetzt den vorhandenen Oberlenker am Schlepper und erleichtert Ihnen die t\u00e4gliche Arbeit. Daf\u00fcr ist ein doppeltwirkendes Steuerventil am Schlepper erforderlich \u2013 in Kombination mit dem integrierten Sperrblock* eine unschlagbare Kombination.<\/p>\n<p>* Beim Einstellen des hydraulischen Oberlenkers ist es sehr wichtig, dass die eingestellte Position auch nach l\u00e4ngerer Zeit beibehalten wird. Bei Oberlenkern ohne Sperrblock ist dies kaum m\u00f6glich, da die Steuerger\u00e4te des Traktors nicht so fest arretieren. Deshalb ist dieser hydraulische Oberlenker mit einem Sperrblock ausgestattet. Bei diesem Ventil wird das \u00d6l im Zylinder durch ein R\u00fcckschlagventil eingeschlossen. Erst wenn der \u00d6ldruck vom Traktor zur\u00fcckkehrt, \u00f6ffnet das Ventil und der Zylinder kann verstellt werden.<\/p>\n<ul>\n<li>Hochwertig verarbeitet und schwarz lackiert<\/li>\n<li>Inklusive Sperrblock<\/li>\n<li>2 x Hydraulikanschluss<\/li>\n<li>Die Lieferung erfolgt komplett montiert<\/li>\n<\/ul>\n<p><strong>Technische Spezifikationen:<\/strong><\/p>\n<ul>\n<li>Kategorie: 3<\/li>\n<li>Stiftloch: 32,4<\/li>\n<li>Zylinderbohrung: 80 x 90<\/li>\n<li>Stabdurchmesser: 40 mm<\/li>\n<li>Hydraulikdruck max. 250bar<\/li>\n<li>Schubkraft: 12 Tonnen<\/li>\n<\/ul>\n<p><strong>2 x Hydraulikschlauch mit Stecker und Staubkappe<\/strong><\/p>\n<ul>\n<li>Anschluss: 12-L Schott Gr. 3 (gemeinsamer Kupplungsstecker), 18-1,5 SW22 Nippel + Verschraubung<\/li>\n<li>Schlauchbezeichnung Blue Flex SAE 100 3\/8 R2AT DIN EN 853 2SN DN10 W.P.330<\/li>\n<li>Arbeitsdruck: 180 bar<\/li>\n<\/ul>\n","protected":false},"excerpt":{"rendered":"<ul>\n<li>Hochwertig verarbeitet und schwarz lackiert<\/li>\n<li>Inklusive Sperrblock<\/li>\n<li>2 x Hydraulikanschluss<\/li>\n<li>Die Lieferung erfolgt komplett montiert<\/li>\n<\/ul>\n","protected":false},"featured_media":34899,"template":"","meta":{"inline_featured_image":false},"product_brand":[],"product_cat":[2630],"product_tag":[],"class_list":{"0":"post-35237","1":"product","2":"type-product","3":"status-publish","4":"has-post-thumbnail","6":"product_cat-fanghaken-kat-3","8":"first","9":"instock","10":"taxable","11":"shipping-taxable","12":"purchasable","13":"product-type-simple"},"yoast_head":"<!-- This site is optimized with the Yoast SEO plugin v25.0 - https:\/\/yoast.com\/wordpress\/plugins\/seo\/ -->\n<title>Hydraulischer Oberlenker Kat 3 - \u00d832,4 (585 - 795 mm) mit Fanghaken, Sperrblock und 2 Schl\u00e4uchen - Sparepartsholland<\/title>\n<meta name=\"description\" content=\"Der von uns angebotene hydraulische Oberlenker ersetzt den vorhandenen Oberlenker am Schlepper und erleichtert Ihnen die t\u00e4gliche Arbeit.\" \/>\n<meta name=\"robots\" content=\"noindex, follow, max-snippet:-1, max-image-preview:large, max-video-preview:-1\" \/>\n<meta property=\"og:locale\" content=\"de_DE\" \/>\n<meta property=\"og:type\" content=\"article\" \/>\n<meta property=\"og:title\" content=\"Hydraulischer Oberlenker Kat 3 - \u00d832,4 (585 - 795 mm) mit Fanghaken, Sperrblock und 2 Schl\u00e4uchen - Sparepartsholland\" \/>\n<meta property=\"og:description\" content=\"Der von uns angebotene hydraulische Oberlenker ersetzt den vorhandenen Oberlenker am Schlepper und erleichtert Ihnen die t\u00e4gliche Arbeit.\" \/>\n<meta property=\"og:url\" content=\"https:\/\/oud.sparepartsholland.com\/produkt\/hydraulic-top-link-cat-3-hole-o324-585-795-with-hook-locking-block-and-2-x-hoses\/\" \/>\n<meta property=\"og:site_name\" content=\"Sparepartsholland\" \/>\n<meta property=\"article:modified_time\" content=\"2024-09-23T05:58:02+00:00\" \/>\n<meta property=\"og:image\" content=\"https:\/\/oud.sparepartsholland.com\/wp-content\/uploads\/2023\/10\/2-scaled.jpg\" \/>\n\t<meta property=\"og:image:width\" content=\"2560\" \/>\n\t<meta property=\"og:image:height\" content=\"2560\" \/>\n\t<meta property=\"og:image:type\" content=\"image\/jpeg\" \/>\n<meta name=\"twitter:card\" content=\"summary_large_image\" \/>\n<meta name=\"twitter:label1\" content=\"Gesch\u00e4tzte Lesezeit\" \/>\n\t<meta name=\"twitter:data1\" content=\"1\u00a0Minute\" \/>\n<script type=\"application\/ld+json\" class=\"yoast-schema-graph\">{\"@context\":\"https:\/\/schema.org\",\"@graph\":[{\"@type\":[\"WebPage\",\"ItemPage\"],\"@id\":\"https:\/\/oud.sparepartsholland.com\/produkt\/hydraulic-top-link-cat-3-hole-o324-585-795-with-hook-locking-block-and-2-x-hoses\/\",\"url\":\"https:\/\/oud.sparepartsholland.com\/produkt\/hydraulic-top-link-cat-3-hole-o324-585-795-with-hook-locking-block-and-2-x-hoses\/\",\"name\":\"Hydraulischer Oberlenker Kat 3 - \u00d832,4 (585 - 795 mm) mit Fanghaken, Sperrblock und 2 Schl\u00e4uchen - Sparepartsholland\",\"isPartOf\":{\"@id\":\"https:\/\/oud.sparepartsholland.com\/#website\"},\"primaryImageOfPage\":{\"@id\":\"https:\/\/oud.sparepartsholland.com\/produkt\/hydraulic-top-link-cat-3-hole-o324-585-795-with-hook-locking-block-and-2-x-hoses\/#primaryimage\"},\"image\":{\"@id\":\"https:\/\/oud.sparepartsholland.com\/produkt\/hydraulic-top-link-cat-3-hole-o324-585-795-with-hook-locking-block-and-2-x-hoses\/#primaryimage\"},\"thumbnailUrl\":\"https:\/\/oud.sparepartsholland.com\/wp-content\/uploads\/2023\/10\/2-scaled.jpg\",\"datePublished\":\"2023-10-26T11:36:11+00:00\",\"dateModified\":\"2024-09-23T05:58:02+00:00\",\"description\":\"Der von uns angebotene hydraulische Oberlenker ersetzt den vorhandenen Oberlenker am Schlepper und erleichtert Ihnen die t\u00e4gliche Arbeit.\",\"breadcrumb\":{\"@id\":\"https:\/\/oud.sparepartsholland.com\/produkt\/hydraulic-top-link-cat-3-hole-o324-585-795-with-hook-locking-block-and-2-x-hoses\/#breadcrumb\"},\"inLanguage\":\"de\",\"potentialAction\":[{\"@type\":\"ReadAction\",\"target\":[\"https:\/\/oud.sparepartsholland.com\/produkt\/hydraulic-top-link-cat-3-hole-o324-585-795-with-hook-locking-block-and-2-x-hoses\/\"]}]},{\"@type\":\"ImageObject\",\"inLanguage\":\"de\",\"@id\":\"https:\/\/oud.sparepartsholland.com\/produkt\/hydraulic-top-link-cat-3-hole-o324-585-795-with-hook-locking-block-and-2-x-hoses\/#primaryimage\",\"url\":\"https:\/\/oud.sparepartsholland.com\/wp-content\/uploads\/2023\/10\/2-scaled.jpg\",\"contentUrl\":\"https:\/\/oud.sparepartsholland.com\/wp-content\/uploads\/2023\/10\/2-scaled.jpg\",\"width\":2560,\"height\":2560},{\"@type\":\"BreadcrumbList\",\"@id\":\"https:\/\/oud.sparepartsholland.com\/produkt\/hydraulic-top-link-cat-3-hole-o324-585-795-with-hook-locking-block-and-2-x-hoses\/#breadcrumb\",\"itemListElement\":[{\"@type\":\"ListItem\",\"position\":1,\"name\":\"Home\",\"item\":\"https:\/\/oud.sparepartsholland.com\/de\/\"},{\"@type\":\"ListItem\",\"position\":2,\"name\":\"Gesch\u00e4ft\",\"item\":\"https:\/\/oud.sparepartsholland.com\/shop\/\"},{\"@type\":\"ListItem\",\"position\":3,\"name\":\"Hydraulischer Oberlenker Kat 3 &#8211; \u00d832,4 (585 &#8211; 795 mm) mit Fanghaken, Sperrblock und 2 Schl\u00e4uchen\"}]},{\"@type\":\"WebSite\",\"@id\":\"https:\/\/oud.sparepartsholland.com\/#website\",\"url\":\"https:\/\/oud.sparepartsholland.com\/\",\"name\":\"Sparepartsholland\",\"description\":\"\",\"publisher\":{\"@id\":\"https:\/\/oud.sparepartsholland.com\/#organization\"},\"potentialAction\":[{\"@type\":\"SearchAction\",\"target\":{\"@type\":\"EntryPoint\",\"urlTemplate\":\"https:\/\/oud.sparepartsholland.com\/?s={search_term_string}\"},\"query-input\":{\"@type\":\"PropertyValueSpecification\",\"valueRequired\":true,\"valueName\":\"search_term_string\"}}],\"inLanguage\":\"de\"},{\"@type\":\"Organization\",\"@id\":\"https:\/\/oud.sparepartsholland.com\/#organization\",\"name\":\"Spare Parts Holland\",\"url\":\"https:\/\/oud.sparepartsholland.com\/\",\"logo\":{\"@type\":\"ImageObject\",\"inLanguage\":\"de\",\"@id\":\"https:\/\/oud.sparepartsholland.com\/#\/schema\/logo\/image\/\",\"url\":\"https:\/\/oud.sparepartsholland.com\/wp-content\/uploads\/2022\/06\/spareparts-1.png\",\"contentUrl\":\"https:\/\/oud.sparepartsholland.com\/wp-content\/uploads\/2022\/06\/spareparts-1.png\",\"width\":824,\"height\":685,\"caption\":\"Spare Parts Holland\"},\"image\":{\"@id\":\"https:\/\/oud.sparepartsholland.com\/#\/schema\/logo\/image\/\"}}]}<\/script>\n<!-- \/ Yoast SEO plugin. -->","yoast_head_json":{"title":"Hydraulischer Oberlenker Kat 3 - \u00d832,4 (585 - 795 mm) mit Fanghaken, Sperrblock und 2 Schl\u00e4uchen - Sparepartsholland","description":"Der von uns angebotene hydraulische Oberlenker ersetzt den vorhandenen Oberlenker am Schlepper und erleichtert Ihnen die t\u00e4gliche Arbeit.","robots":{"index":"noindex","follow":"follow","max-snippet":"max-snippet:-1","max-image-preview":"max-image-preview:large","max-video-preview":"max-video-preview:-1"},"og_locale":"de_DE","og_type":"article","og_title":"Hydraulischer Oberlenker Kat 3 - \u00d832,4 (585 - 795 mm) mit Fanghaken, Sperrblock und 2 Schl\u00e4uchen - Sparepartsholland","og_description":"Der von uns angebotene hydraulische Oberlenker ersetzt den vorhandenen Oberlenker am Schlepper und erleichtert Ihnen die t\u00e4gliche Arbeit.","og_url":"https:\/\/oud.sparepartsholland.com\/produkt\/hydraulic-top-link-cat-3-hole-o324-585-795-with-hook-locking-block-and-2-x-hoses\/","og_site_name":"Sparepartsholland","article_modified_time":"2024-09-23T05:58:02+00:00","og_image":[{"width":2560,"height":2560,"url":"https:\/\/oud.sparepartsholland.com\/wp-content\/uploads\/2023\/10\/2-scaled.jpg","type":"image\/jpeg"}],"twitter_card":"summary_large_image","twitter_misc":{"Gesch\u00e4tzte Lesezeit":"1\u00a0Minute"},"schema":{"@context":"https:\/\/schema.org","@graph":[{"@type":["WebPage","ItemPage"],"@id":"https:\/\/oud.sparepartsholland.com\/produkt\/hydraulic-top-link-cat-3-hole-o324-585-795-with-hook-locking-block-and-2-x-hoses\/","url":"https:\/\/oud.sparepartsholland.com\/produkt\/hydraulic-top-link-cat-3-hole-o324-585-795-with-hook-locking-block-and-2-x-hoses\/","name":"Hydraulischer Oberlenker Kat 3 - \u00d832,4 (585 - 795 mm) mit Fanghaken, Sperrblock und 2 Schl\u00e4uchen - Sparepartsholland","isPartOf":{"@id":"https:\/\/oud.sparepartsholland.com\/#website"},"primaryImageOfPage":{"@id":"https:\/\/oud.sparepartsholland.com\/produkt\/hydraulic-top-link-cat-3-hole-o324-585-795-with-hook-locking-block-and-2-x-hoses\/#primaryimage"},"image":{"@id":"https:\/\/oud.sparepartsholland.com\/produkt\/hydraulic-top-link-cat-3-hole-o324-585-795-with-hook-locking-block-and-2-x-hoses\/#primaryimage"},"thumbnailUrl":"https:\/\/oud.sparepartsholland.com\/wp-content\/uploads\/2023\/10\/2-scaled.jpg","datePublished":"2023-10-26T11:36:11+00:00","dateModified":"2024-09-23T05:58:02+00:00","description":"Der von uns angebotene hydraulische Oberlenker ersetzt den vorhandenen Oberlenker am Schlepper und erleichtert Ihnen die t\u00e4gliche Arbeit.","breadcrumb":{"@id":"https:\/\/oud.sparepartsholland.com\/produkt\/hydraulic-top-link-cat-3-hole-o324-585-795-with-hook-locking-block-and-2-x-hoses\/#breadcrumb"},"inLanguage":"de","potentialAction":[{"@type":"ReadAction","target":["https:\/\/oud.sparepartsholland.com\/produkt\/hydraulic-top-link-cat-3-hole-o324-585-795-with-hook-locking-block-and-2-x-hoses\/"]}]},{"@type":"ImageObject","inLanguage":"de","@id":"https:\/\/oud.sparepartsholland.com\/produkt\/hydraulic-top-link-cat-3-hole-o324-585-795-with-hook-locking-block-and-2-x-hoses\/#primaryimage","url":"https:\/\/oud.sparepartsholland.com\/wp-content\/uploads\/2023\/10\/2-scaled.jpg","contentUrl":"https:\/\/oud.sparepartsholland.com\/wp-content\/uploads\/2023\/10\/2-scaled.jpg","width":2560,"height":2560},{"@type":"BreadcrumbList","@id":"https:\/\/oud.sparepartsholland.com\/produkt\/hydraulic-top-link-cat-3-hole-o324-585-795-with-hook-locking-block-and-2-x-hoses\/#breadcrumb","itemListElement":[{"@type":"ListItem","position":1,"name":"Home","item":"https:\/\/oud.sparepartsholland.com\/de\/"},{"@type":"ListItem","position":2,"name":"Gesch\u00e4ft","item":"https:\/\/oud.sparepartsholland.com\/shop\/"},{"@type":"ListItem","position":3,"name":"Hydraulischer Oberlenker Kat 3 &#8211; \u00d832,4 (585 &#8211; 795 mm) mit Fanghaken, Sperrblock und 2 Schl\u00e4uchen"}]},{"@type":"WebSite","@id":"https:\/\/oud.sparepartsholland.com\/#website","url":"https:\/\/oud.sparepartsholland.com\/","name":"Sparepartsholland","description":"","publisher":{"@id":"https:\/\/oud.sparepartsholland.com\/#organization"},"potentialAction":[{"@type":"SearchAction","target":{"@type":"EntryPoint","urlTemplate":"https:\/\/oud.sparepartsholland.com\/?s={search_term_string}"},"query-input":{"@type":"PropertyValueSpecification","valueRequired":true,"valueName":"search_term_string"}}],"inLanguage":"de"},{"@type":"Organization","@id":"https:\/\/oud.sparepartsholland.com\/#organization","name":"Spare Parts Holland","url":"https:\/\/oud.sparepartsholland.com\/","logo":{"@type":"ImageObject","inLanguage":"de","@id":"https:\/\/oud.sparepartsholland.com\/#\/schema\/logo\/image\/","url":"https:\/\/oud.sparepartsholland.com\/wp-content\/uploads\/2022\/06\/spareparts-1.png","contentUrl":"https:\/\/oud.sparepartsholland.com\/wp-content\/uploads\/2022\/06\/spareparts-1.png","width":824,"height":685,"caption":"Spare Parts Holland"},"image":{"@id":"https:\/\/oud.sparepartsholland.com\/#\/schema\/logo\/image\/"}}]}},"_links":{"self":[{"href":"https:\/\/oud.sparepartsholland.com\/de\/wp-json\/wp\/v2\/product\/35237","targetHints":{"allow":["GET"]}}],"collection":[{"href":"https:\/\/oud.sparepartsholland.com\/de\/wp-json\/wp\/v2\/product"}],"about":[{"href":"https:\/\/oud.sparepartsholland.com\/de\/wp-json\/wp\/v2\/types\/product"}],"wp:featuredmedia":[{"embeddable":true,"href":"https:\/\/oud.sparepartsholland.com\/de\/wp-json\/wp\/v2\/media\/34899"}],"wp:attachment":[{"href":"https:\/\/oud.sparepartsholland.com\/de\/wp-json\/wp\/v2\/media?parent=35237"}],"wp:term":[{"taxonomy":"product_brand","embeddable":true,"href":"https:\/\/oud.sparepartsholland.com\/de\/wp-json\/wp\/v2\/product_brand?post=35237"},{"taxonomy":"product_cat","embeddable":true,"href":"https:\/\/oud.sparepartsholland.com\/de\/wp-json\/wp\/v2\/product_cat?post=35237"},{"taxonomy":"product_tag","embeddable":true,"href":"https:\/\/oud.sparepartsholland.com\/de\/wp-json\/wp\/v2\/product_tag?post=35237"}],"curies":[{"name":"wp","href":"https:\/\/api.w.org\/{rel}","templated":true}]}}