{"id":36905,"date":"2023-12-08T12:28:13","date_gmt":"2023-12-08T11:28:13","guid":{"rendered":"https:\/\/sparepartsholland.com\/?post_type=product&#038;p=36905"},"modified":"2024-06-11T15:08:12","modified_gmt":"2024-06-11T14:08:12","slug":"hydraulischer-oberlenker-kat-1-1-460-710-mm-mit-sperrblock-inklusive-2-schlaeuchen","status":"publish","type":"product","link":"https:\/\/oud.sparepartsholland.com\/de\/produkt\/hydraulischer-oberlenker-kat-1-1-460-710-mm-mit-sperrblock-inklusive-2-schlaeuchen\/","title":{"rendered":"Hydraulischer Oberlenker Kat. 1-1 (460 &#8211; 710 mm) mit Sperrblock inklusive 2 Schl\u00e4uchen"},"content":{"rendered":"<p>Der von uns angebotene hydraulische Oberlenker ersetzt den vorhandenen Oberlenker am Traktor und erleichtert Ihnen die t\u00e4gliche Arbeit. Hierzu ist ein doppeltwirkendes Steuerventil am Traktor erforderlich \u2013 in Kombination mit dem integrierten Sperrblock eine unschlagbare Kombination. Bei der Einstellung des hydraulischen Oberlenkers ist es sehr wichtig, dass die eingestellte Position auch nach l\u00e4ngerer Zeit erhalten bleibt. Bei Oberlenkern ohne Sperrblock ist dies kaum m\u00f6glich, da die Steuerger\u00e4te des Traktors nicht so fest arretieren. Dieser Oberlenker ist daher mit einem Sperrblock ausgestattet. Bei diesem Ventil wird das \u00d6l durch ein R\u00fcckschlagventil im Zylinder eingeschlossen. Erst wenn wieder \u00d6ldruck vom Traktor vorhanden ist, \u00f6ffnet sich das Ventil und der Zylinder kann verstellt werden. Der hydraulische Oberlenker besteht aus hochwertigem Stahl und verf\u00fcgt \u00fcber einen hochfesten Stahlkolben, eine Gewindebuchse mit Verschlei\u00dfring, eine polierte verchromte Stange und geschwei\u00dfte Stahlbasisenden. Es ist f\u00fcr schwere Anwendungen und extreme Wetterbedingungen ausgelegt. Die Kolben- und Stangendichtungen gew\u00e4hrleisten eine hervorragende Dichtleistung und verhindern \u00d6lverdunstung, Luftleckagen und Kolbenblockaden.<\/p>\n","protected":false},"excerpt":{"rendered":"<ul>\n<li><strong>Technische Spezifikationen<\/strong> \u2013 Dieser hydraulische Oberlenker passt zur Kategorie 1. Er hat eine minimale Gesamtl\u00e4nge von 460 mm und eine maximale ausgefahrene L\u00e4nge von 710 mm. Es verf\u00fcgt \u00fcber 3\/4-Zoll-Stiftl\u00f6cher an beiden Enden und eine 1 3\/4-Zoll-Kugelbreite zur Montage.<\/li>\n<li><strong>Schnelle und zuverl\u00e4ssige Lieferung<\/strong>\u00a0\u2013 Spare Parts Holland verpackt Ihren hydraulischen Oberlenker in hochwertigen Kartons, sodass das Risiko einer Besch\u00e4digung minimiert wird. Ihre Bestellung wird innerhalb eines Werktages mit hoher Priorit\u00e4t \u00fcber unsere Logistikpartner versendet. Das bedeutet, dass Sie Ihre Bestellung in den meisten F\u00e4llen innerhalb von 1 \u2013 3 Werktagen erhalten.<\/li>\n<li><strong>Einfach zu installieren<\/strong>\u00a0\u2013 Der hydraulische Oberlenker wird mit zwei Hydraulikschl\u00e4uchen aus strapazierf\u00e4higem Gummi, Hohlschrauben, Dichtungsringen und einem Zweiwege-R\u00fcckschlagventil geliefert. Alle Teile werden komplett montiert geliefert, um Ihnen Zeit zu sparen.<\/li>\n<\/ul>\n","protected":false},"featured_media":38493,"template":"","meta":{"inline_featured_image":false},"product_brand":[],"product_cat":[642],"product_tag":[],"class_list":{"0":"post-36905","1":"product","2":"type-product","3":"status-publish","4":"has-post-thumbnail","6":"product_cat-kat-1","8":"first","9":"instock","10":"taxable","11":"shipping-taxable","12":"purchasable","13":"product-type-simple"},"yoast_head":"<!-- This site is optimized with the Yoast SEO plugin v25.0 - https:\/\/yoast.com\/wordpress\/plugins\/seo\/ -->\n<title>Hydraulischer Oberlenker Kat. 1-1 (460 - 710 mm) mit Sperrblock inklusive 2 Schl\u00e4uchen - Sparepartsholland<\/title>\n<meta name=\"description\" content=\"Der von uns angebotene hydraulische Oberlenker ersetzt den vorhandenen Oberlenker am Schlepper und erleichtert Ihnen die t\u00e4gliche Arbeit.\" \/>\n<meta name=\"robots\" content=\"noindex, follow, max-snippet:-1, max-image-preview:large, max-video-preview:-1\" \/>\n<meta property=\"og:locale\" content=\"de_DE\" \/>\n<meta property=\"og:type\" content=\"article\" \/>\n<meta property=\"og:title\" content=\"Hydraulischer Oberlenker Kat. 1-1 (460 - 710 mm) mit Sperrblock inklusive 2 Schl\u00e4uchen - Sparepartsholland\" \/>\n<meta property=\"og:description\" content=\"Der von uns angebotene hydraulische Oberlenker ersetzt den vorhandenen Oberlenker am Schlepper und erleichtert Ihnen die t\u00e4gliche Arbeit.\" \/>\n<meta property=\"og:url\" content=\"https:\/\/oud.sparepartsholland.com\/produkt\/hydraulic-top-link-cat-1-with-locking-block-including-2-hoses-copy\/\" \/>\n<meta property=\"og:site_name\" content=\"Sparepartsholland\" \/>\n<meta property=\"article:modified_time\" content=\"2024-06-11T14:08:12+00:00\" \/>\n<meta property=\"og:image\" content=\"https:\/\/oud.sparepartsholland.com\/wp-content\/uploads\/2023\/12\/foto-1.jpg\" \/>\n\t<meta property=\"og:image:width\" content=\"1000\" \/>\n\t<meta property=\"og:image:height\" content=\"1000\" \/>\n\t<meta property=\"og:image:type\" content=\"image\/jpeg\" \/>\n<meta name=\"twitter:card\" content=\"summary_large_image\" \/>\n<meta name=\"twitter:label1\" content=\"Gesch\u00e4tzte Lesezeit\" \/>\n\t<meta name=\"twitter:data1\" content=\"1\u00a0Minute\" \/>\n<script type=\"application\/ld+json\" class=\"yoast-schema-graph\">{\"@context\":\"https:\/\/schema.org\",\"@graph\":[{\"@type\":[\"WebPage\",\"ItemPage\"],\"@id\":\"https:\/\/oud.sparepartsholland.com\/produkt\/hydraulic-top-link-cat-1-with-locking-block-including-2-hoses-copy\/\",\"url\":\"https:\/\/oud.sparepartsholland.com\/produkt\/hydraulic-top-link-cat-1-with-locking-block-including-2-hoses-copy\/\",\"name\":\"Hydraulischer Oberlenker Kat. 1-1 (460 - 710 mm) mit Sperrblock inklusive 2 Schl\u00e4uchen - Sparepartsholland\",\"isPartOf\":{\"@id\":\"https:\/\/oud.sparepartsholland.com\/#website\"},\"primaryImageOfPage\":{\"@id\":\"https:\/\/oud.sparepartsholland.com\/produkt\/hydraulic-top-link-cat-1-with-locking-block-including-2-hoses-copy\/#primaryimage\"},\"image\":{\"@id\":\"https:\/\/oud.sparepartsholland.com\/produkt\/hydraulic-top-link-cat-1-with-locking-block-including-2-hoses-copy\/#primaryimage\"},\"thumbnailUrl\":\"https:\/\/oud.sparepartsholland.com\/wp-content\/uploads\/2023\/12\/foto-1.jpg\",\"datePublished\":\"2023-12-08T11:28:13+00:00\",\"dateModified\":\"2024-06-11T14:08:12+00:00\",\"description\":\"Der von uns angebotene hydraulische Oberlenker ersetzt den vorhandenen Oberlenker am Schlepper und erleichtert Ihnen die t\u00e4gliche Arbeit.\",\"breadcrumb\":{\"@id\":\"https:\/\/oud.sparepartsholland.com\/produkt\/hydraulic-top-link-cat-1-with-locking-block-including-2-hoses-copy\/#breadcrumb\"},\"inLanguage\":\"de\",\"potentialAction\":[{\"@type\":\"ReadAction\",\"target\":[\"https:\/\/oud.sparepartsholland.com\/produkt\/hydraulic-top-link-cat-1-with-locking-block-including-2-hoses-copy\/\"]}]},{\"@type\":\"ImageObject\",\"inLanguage\":\"de\",\"@id\":\"https:\/\/oud.sparepartsholland.com\/produkt\/hydraulic-top-link-cat-1-with-locking-block-including-2-hoses-copy\/#primaryimage\",\"url\":\"https:\/\/oud.sparepartsholland.com\/wp-content\/uploads\/2023\/12\/foto-1.jpg\",\"contentUrl\":\"https:\/\/oud.sparepartsholland.com\/wp-content\/uploads\/2023\/12\/foto-1.jpg\",\"width\":1000,\"height\":1000},{\"@type\":\"BreadcrumbList\",\"@id\":\"https:\/\/oud.sparepartsholland.com\/produkt\/hydraulic-top-link-cat-1-with-locking-block-including-2-hoses-copy\/#breadcrumb\",\"itemListElement\":[{\"@type\":\"ListItem\",\"position\":1,\"name\":\"Home\",\"item\":\"https:\/\/oud.sparepartsholland.com\/de\/\"},{\"@type\":\"ListItem\",\"position\":2,\"name\":\"Gesch\u00e4ft\",\"item\":\"https:\/\/oud.sparepartsholland.com\/shop\/\"},{\"@type\":\"ListItem\",\"position\":3,\"name\":\"Hydraulischer Oberlenker Kat. 1-1 (460 &#8211; 710 mm) mit Sperrblock inklusive 2 Schl\u00e4uchen\"}]},{\"@type\":\"WebSite\",\"@id\":\"https:\/\/oud.sparepartsholland.com\/#website\",\"url\":\"https:\/\/oud.sparepartsholland.com\/\",\"name\":\"Sparepartsholland\",\"description\":\"\",\"publisher\":{\"@id\":\"https:\/\/oud.sparepartsholland.com\/#organization\"},\"potentialAction\":[{\"@type\":\"SearchAction\",\"target\":{\"@type\":\"EntryPoint\",\"urlTemplate\":\"https:\/\/oud.sparepartsholland.com\/?s={search_term_string}\"},\"query-input\":{\"@type\":\"PropertyValueSpecification\",\"valueRequired\":true,\"valueName\":\"search_term_string\"}}],\"inLanguage\":\"de\"},{\"@type\":\"Organization\",\"@id\":\"https:\/\/oud.sparepartsholland.com\/#organization\",\"name\":\"Spare Parts Holland\",\"url\":\"https:\/\/oud.sparepartsholland.com\/\",\"logo\":{\"@type\":\"ImageObject\",\"inLanguage\":\"de\",\"@id\":\"https:\/\/oud.sparepartsholland.com\/#\/schema\/logo\/image\/\",\"url\":\"https:\/\/oud.sparepartsholland.com\/wp-content\/uploads\/2022\/06\/spareparts-1.png\",\"contentUrl\":\"https:\/\/oud.sparepartsholland.com\/wp-content\/uploads\/2022\/06\/spareparts-1.png\",\"width\":824,\"height\":685,\"caption\":\"Spare Parts Holland\"},\"image\":{\"@id\":\"https:\/\/oud.sparepartsholland.com\/#\/schema\/logo\/image\/\"}}]}<\/script>\n<!-- \/ Yoast SEO plugin. -->","yoast_head_json":{"title":"Hydraulischer Oberlenker Kat. 1-1 (460 - 710 mm) mit Sperrblock inklusive 2 Schl\u00e4uchen - Sparepartsholland","description":"Der von uns angebotene hydraulische Oberlenker ersetzt den vorhandenen Oberlenker am Schlepper und erleichtert Ihnen die t\u00e4gliche Arbeit.","robots":{"index":"noindex","follow":"follow","max-snippet":"max-snippet:-1","max-image-preview":"max-image-preview:large","max-video-preview":"max-video-preview:-1"},"og_locale":"de_DE","og_type":"article","og_title":"Hydraulischer Oberlenker Kat. 1-1 (460 - 710 mm) mit Sperrblock inklusive 2 Schl\u00e4uchen - Sparepartsholland","og_description":"Der von uns angebotene hydraulische Oberlenker ersetzt den vorhandenen Oberlenker am Schlepper und erleichtert Ihnen die t\u00e4gliche Arbeit.","og_url":"https:\/\/oud.sparepartsholland.com\/produkt\/hydraulic-top-link-cat-1-with-locking-block-including-2-hoses-copy\/","og_site_name":"Sparepartsholland","article_modified_time":"2024-06-11T14:08:12+00:00","og_image":[{"width":1000,"height":1000,"url":"https:\/\/oud.sparepartsholland.com\/wp-content\/uploads\/2023\/12\/foto-1.jpg","type":"image\/jpeg"}],"twitter_card":"summary_large_image","twitter_misc":{"Gesch\u00e4tzte Lesezeit":"1\u00a0Minute"},"schema":{"@context":"https:\/\/schema.org","@graph":[{"@type":["WebPage","ItemPage"],"@id":"https:\/\/oud.sparepartsholland.com\/produkt\/hydraulic-top-link-cat-1-with-locking-block-including-2-hoses-copy\/","url":"https:\/\/oud.sparepartsholland.com\/produkt\/hydraulic-top-link-cat-1-with-locking-block-including-2-hoses-copy\/","name":"Hydraulischer Oberlenker Kat. 1-1 (460 - 710 mm) mit Sperrblock inklusive 2 Schl\u00e4uchen - Sparepartsholland","isPartOf":{"@id":"https:\/\/oud.sparepartsholland.com\/#website"},"primaryImageOfPage":{"@id":"https:\/\/oud.sparepartsholland.com\/produkt\/hydraulic-top-link-cat-1-with-locking-block-including-2-hoses-copy\/#primaryimage"},"image":{"@id":"https:\/\/oud.sparepartsholland.com\/produkt\/hydraulic-top-link-cat-1-with-locking-block-including-2-hoses-copy\/#primaryimage"},"thumbnailUrl":"https:\/\/oud.sparepartsholland.com\/wp-content\/uploads\/2023\/12\/foto-1.jpg","datePublished":"2023-12-08T11:28:13+00:00","dateModified":"2024-06-11T14:08:12+00:00","description":"Der von uns angebotene hydraulische Oberlenker ersetzt den vorhandenen Oberlenker am Schlepper und erleichtert Ihnen die t\u00e4gliche Arbeit.","breadcrumb":{"@id":"https:\/\/oud.sparepartsholland.com\/produkt\/hydraulic-top-link-cat-1-with-locking-block-including-2-hoses-copy\/#breadcrumb"},"inLanguage":"de","potentialAction":[{"@type":"ReadAction","target":["https:\/\/oud.sparepartsholland.com\/produkt\/hydraulic-top-link-cat-1-with-locking-block-including-2-hoses-copy\/"]}]},{"@type":"ImageObject","inLanguage":"de","@id":"https:\/\/oud.sparepartsholland.com\/produkt\/hydraulic-top-link-cat-1-with-locking-block-including-2-hoses-copy\/#primaryimage","url":"https:\/\/oud.sparepartsholland.com\/wp-content\/uploads\/2023\/12\/foto-1.jpg","contentUrl":"https:\/\/oud.sparepartsholland.com\/wp-content\/uploads\/2023\/12\/foto-1.jpg","width":1000,"height":1000},{"@type":"BreadcrumbList","@id":"https:\/\/oud.sparepartsholland.com\/produkt\/hydraulic-top-link-cat-1-with-locking-block-including-2-hoses-copy\/#breadcrumb","itemListElement":[{"@type":"ListItem","position":1,"name":"Home","item":"https:\/\/oud.sparepartsholland.com\/de\/"},{"@type":"ListItem","position":2,"name":"Gesch\u00e4ft","item":"https:\/\/oud.sparepartsholland.com\/shop\/"},{"@type":"ListItem","position":3,"name":"Hydraulischer Oberlenker Kat. 1-1 (460 &#8211; 710 mm) mit Sperrblock inklusive 2 Schl\u00e4uchen"}]},{"@type":"WebSite","@id":"https:\/\/oud.sparepartsholland.com\/#website","url":"https:\/\/oud.sparepartsholland.com\/","name":"Sparepartsholland","description":"","publisher":{"@id":"https:\/\/oud.sparepartsholland.com\/#organization"},"potentialAction":[{"@type":"SearchAction","target":{"@type":"EntryPoint","urlTemplate":"https:\/\/oud.sparepartsholland.com\/?s={search_term_string}"},"query-input":{"@type":"PropertyValueSpecification","valueRequired":true,"valueName":"search_term_string"}}],"inLanguage":"de"},{"@type":"Organization","@id":"https:\/\/oud.sparepartsholland.com\/#organization","name":"Spare Parts Holland","url":"https:\/\/oud.sparepartsholland.com\/","logo":{"@type":"ImageObject","inLanguage":"de","@id":"https:\/\/oud.sparepartsholland.com\/#\/schema\/logo\/image\/","url":"https:\/\/oud.sparepartsholland.com\/wp-content\/uploads\/2022\/06\/spareparts-1.png","contentUrl":"https:\/\/oud.sparepartsholland.com\/wp-content\/uploads\/2022\/06\/spareparts-1.png","width":824,"height":685,"caption":"Spare Parts Holland"},"image":{"@id":"https:\/\/oud.sparepartsholland.com\/#\/schema\/logo\/image\/"}}]}},"_links":{"self":[{"href":"https:\/\/oud.sparepartsholland.com\/de\/wp-json\/wp\/v2\/product\/36905","targetHints":{"allow":["GET"]}}],"collection":[{"href":"https:\/\/oud.sparepartsholland.com\/de\/wp-json\/wp\/v2\/product"}],"about":[{"href":"https:\/\/oud.sparepartsholland.com\/de\/wp-json\/wp\/v2\/types\/product"}],"wp:featuredmedia":[{"embeddable":true,"href":"https:\/\/oud.sparepartsholland.com\/de\/wp-json\/wp\/v2\/media\/38493"}],"wp:attachment":[{"href":"https:\/\/oud.sparepartsholland.com\/de\/wp-json\/wp\/v2\/media?parent=36905"}],"wp:term":[{"taxonomy":"product_brand","embeddable":true,"href":"https:\/\/oud.sparepartsholland.com\/de\/wp-json\/wp\/v2\/product_brand?post=36905"},{"taxonomy":"product_cat","embeddable":true,"href":"https:\/\/oud.sparepartsholland.com\/de\/wp-json\/wp\/v2\/product_cat?post=36905"},{"taxonomy":"product_tag","embeddable":true,"href":"https:\/\/oud.sparepartsholland.com\/de\/wp-json\/wp\/v2\/product_tag?post=36905"}],"curies":[{"name":"wp","href":"https:\/\/api.w.org\/{rel}","templated":true}]}}