{"id":38208,"date":"2024-04-05T23:18:53","date_gmt":"2024-04-05T22:18:53","guid":{"rendered":"https:\/\/sparepartsholland.com\/product\/hydraulischer-oberlenker-kat-1-1-verlaengert-19-5-16-zoll-27-9-16-zoll-mit-sperrblock-und-2-x-schlaeuchen\/"},"modified":"2024-04-11T09:07:06","modified_gmt":"2024-04-11T08:07:06","slug":"hydraulischer-oberlenker-kat-1-1-verlaengert-19-5-16-zoll-27-9-16-zoll-mit-sperrblock-und-2-x-schlaeuchen","status":"publish","type":"product","link":"https:\/\/oud.sparepartsholland.com\/de\/produkt\/hydraulischer-oberlenker-kat-1-1-verlaengert-19-5-16-zoll-27-9-16-zoll-mit-sperrblock-und-2-x-schlaeuchen\/","title":{"rendered":"Hydraulischer Oberlenker Kat. 1-1 \u2013 verl\u00e4ngert \u2013 (490 &#8211; 700 mm) mit Sperrblock und 2 x Schl\u00e4uchen"},"content":{"rendered":"<p>Der von uns angebotene hydraulische Oberlenker ersetzt den vorhandenen Oberlenker am Schlepper und erleichtert Ihnen die t\u00e4gliche Arbeit. Hierzu ist ein doppeltwirkendes Steuerventil am Traktor erforderlich \u2013 in Kombination mit dem integrierten Sperrblock* eine unschlagbare Kombination.<\/p>\n<p>* Beim Einstellen des Oberlenkers ist es sehr wichtig, dass die eingestellte Position auch nach l\u00e4ngerer Zeit beibehalten wird. Bei Oberlenkern ohne Sperrblock ist dies kaum m\u00f6glich, da die Steuerger\u00e4te des Traktors nicht so fest arretieren. Dieser Oberlenker ist daher mit einem Sperrblock ausgestattet. Bei diesem Ventil wird das \u00d6l im Zylinder durch ein R\u00fcckschlagventil eingeschlossen. Erst wenn der \u00d6ldruck vom Traktor zur\u00fcckkehrt, \u00f6ffnet das Ventil und der Zylinder kann verstellt werden.<\/p>\n<p>&nbsp;<\/p>\n<ul>\n<li>Gute Qualit\u00e4t<\/li>\n<li>Schwarz lackiert<\/li>\n<li>Inkl. Sperrblock<\/li>\n<li>2 x Hydraulikanschluss<\/li>\n<li>Die Lieferung erfolgt komplett montiert<\/li>\n<\/ul>\n<p>&nbsp;<\/p>\n<p><strong>Technische Spezifikationen:<\/strong><\/p>\n<ul>\n<li>Hydraulikdruck: max. 250 bar (3600 PSI)<\/li>\n<li>Schubkraft: 3.6 T (7200 Lbs)<\/li>\n<li>Zugkraft: 2.1 T (4600 Lbs)<\/li>\n<li>Gewicht ca.: 9 kg (20 Lbs)<\/li>\n<li>2 x Hydraulikschlauch mit Stecker und Staubkappe<\/li>\n<li>Anschluss: 12-L Schott Gr. 3 (gemeinsamer Kupplungsstecker), 18-1,5 SW22 Nippel + Verschraubung<\/li>\n<li>Schlauchbezeichnung Blue Flex SAE 100 3\/8 R2AT DIN EN 853 2SN DN10 W.P.330<\/li>\n<li>Arbeitsdruck: 180 bar<\/li>\n<li>Length: 75 cm (29.5\u2033)<\/li>\n<\/ul>\n","protected":false},"excerpt":{"rendered":"<ul>\n<li><strong>Technische Daten \u2013 <\/strong>Dieser hydraulische Oberlenker ist f\u00fcr Kategorie 1 geeignet.<\/li>\n<li><strong>Intelligent und stark \u2013 <\/strong>Mit einer Schubkraft von 3.6 T und einer Zugkraft von 2.1 T bei 180 bar erleichtert unser hydraulischer Oberlenker Ihre Arbeit erheblich. Das Zweiwege-R\u00fcckschlagventil hilft dabei, die gew\u00fcnschte Position f\u00fcr intelligenteres Arbeiten beizubehalten.<\/li>\n<li><strong>Einfache Montage \u2013 <\/strong>Der hydraulische Oberlenker wird mit zwei Hydraulikschl\u00e4uchen aus strapazierf\u00e4higem Gummi, Hohlschrauben, Dichtungsringen und einem Zwei-Wege-R\u00fcckschlagventil geliefert. Alle Teile werden komplett montiert geliefert, um Ihnen Zeit zu sparen.<\/li>\n<\/ul>\n","protected":false},"featured_media":38463,"template":"","meta":{"inline_featured_image":false},"product_brand":[],"product_cat":[642],"product_tag":[],"class_list":{"0":"post-38208","1":"product","2":"type-product","3":"status-publish","4":"has-post-thumbnail","6":"product_cat-kat-1","8":"first","9":"instock","10":"taxable","11":"shipping-taxable","12":"purchasable","13":"product-type-simple"},"yoast_head":"<!-- This site is optimized with the Yoast SEO plugin v25.0 - https:\/\/yoast.com\/wordpress\/plugins\/seo\/ -->\n<title>Hydraulischer Oberlenker Kat. 1-1 \u2013 verl\u00e4ngert \u2013 (490 - 700 mm) mit Sperrblock und 2 x Schl\u00e4uchen - Sparepartsholland<\/title>\n<meta name=\"description\" content=\"Der von uns angebotene hydraulische Oberlenker ersetzt den vorhandenen Oberlenker am Schlepper und erleichtert Ihnen die t\u00e4gliche Arbeit.\" \/>\n<meta name=\"robots\" content=\"noindex, follow, max-snippet:-1, max-image-preview:large, max-video-preview:-1\" \/>\n<meta property=\"og:locale\" content=\"de_DE\" \/>\n<meta property=\"og:type\" content=\"article\" \/>\n<meta property=\"og:title\" content=\"Hydraulischer Oberlenker Kat. 1-1 \u2013 verl\u00e4ngert \u2013 (490 - 700 mm) mit Sperrblock und 2 x Schl\u00e4uchen - Sparepartsholland\" \/>\n<meta property=\"og:description\" content=\"Der von uns angebotene hydraulische Oberlenker ersetzt den vorhandenen Oberlenker am Schlepper und erleichtert Ihnen die t\u00e4gliche Arbeit.\" \/>\n<meta property=\"og:url\" content=\"https:\/\/oud.sparepartsholland.com\/produkt\/hydraulic-top-link-cat-1-1-extended-19-5-16-27-9-16-with-locking-block-and-2-x-hoses\/\" \/>\n<meta property=\"og:site_name\" content=\"Sparepartsholland\" \/>\n<meta property=\"article:modified_time\" content=\"2024-04-11T08:07:06+00:00\" \/>\n<meta property=\"og:image\" content=\"https:\/\/oud.sparepartsholland.com\/wp-content\/uploads\/2024\/04\/Foto-1.jpg\" \/>\n\t<meta property=\"og:image:width\" content=\"1000\" \/>\n\t<meta property=\"og:image:height\" content=\"1000\" \/>\n\t<meta property=\"og:image:type\" content=\"image\/jpeg\" \/>\n<meta name=\"twitter:card\" content=\"summary_large_image\" \/>\n<meta name=\"twitter:label1\" content=\"Gesch\u00e4tzte Lesezeit\" \/>\n\t<meta name=\"twitter:data1\" content=\"2\u00a0Minuten\" \/>\n<script type=\"application\/ld+json\" class=\"yoast-schema-graph\">{\"@context\":\"https:\/\/schema.org\",\"@graph\":[{\"@type\":[\"WebPage\",\"ItemPage\"],\"@id\":\"https:\/\/oud.sparepartsholland.com\/produkt\/hydraulic-top-link-cat-1-1-extended-19-5-16-27-9-16-with-locking-block-and-2-x-hoses\/\",\"url\":\"https:\/\/oud.sparepartsholland.com\/produkt\/hydraulic-top-link-cat-1-1-extended-19-5-16-27-9-16-with-locking-block-and-2-x-hoses\/\",\"name\":\"Hydraulischer Oberlenker Kat. 1-1 \u2013 verl\u00e4ngert \u2013 (490 - 700 mm) mit Sperrblock und 2 x Schl\u00e4uchen - Sparepartsholland\",\"isPartOf\":{\"@id\":\"https:\/\/oud.sparepartsholland.com\/#website\"},\"primaryImageOfPage\":{\"@id\":\"https:\/\/oud.sparepartsholland.com\/produkt\/hydraulic-top-link-cat-1-1-extended-19-5-16-27-9-16-with-locking-block-and-2-x-hoses\/#primaryimage\"},\"image\":{\"@id\":\"https:\/\/oud.sparepartsholland.com\/produkt\/hydraulic-top-link-cat-1-1-extended-19-5-16-27-9-16-with-locking-block-and-2-x-hoses\/#primaryimage\"},\"thumbnailUrl\":\"https:\/\/oud.sparepartsholland.com\/wp-content\/uploads\/2024\/04\/Foto-1.jpg\",\"datePublished\":\"2024-04-05T22:18:53+00:00\",\"dateModified\":\"2024-04-11T08:07:06+00:00\",\"description\":\"Der von uns angebotene hydraulische Oberlenker ersetzt den vorhandenen Oberlenker am Schlepper und erleichtert Ihnen die t\u00e4gliche Arbeit.\",\"breadcrumb\":{\"@id\":\"https:\/\/oud.sparepartsholland.com\/produkt\/hydraulic-top-link-cat-1-1-extended-19-5-16-27-9-16-with-locking-block-and-2-x-hoses\/#breadcrumb\"},\"inLanguage\":\"de\",\"potentialAction\":[{\"@type\":\"ReadAction\",\"target\":[\"https:\/\/oud.sparepartsholland.com\/produkt\/hydraulic-top-link-cat-1-1-extended-19-5-16-27-9-16-with-locking-block-and-2-x-hoses\/\"]}]},{\"@type\":\"ImageObject\",\"inLanguage\":\"de\",\"@id\":\"https:\/\/oud.sparepartsholland.com\/produkt\/hydraulic-top-link-cat-1-1-extended-19-5-16-27-9-16-with-locking-block-and-2-x-hoses\/#primaryimage\",\"url\":\"https:\/\/oud.sparepartsholland.com\/wp-content\/uploads\/2024\/04\/Foto-1.jpg\",\"contentUrl\":\"https:\/\/oud.sparepartsholland.com\/wp-content\/uploads\/2024\/04\/Foto-1.jpg\",\"width\":1000,\"height\":1000},{\"@type\":\"BreadcrumbList\",\"@id\":\"https:\/\/oud.sparepartsholland.com\/produkt\/hydraulic-top-link-cat-1-1-extended-19-5-16-27-9-16-with-locking-block-and-2-x-hoses\/#breadcrumb\",\"itemListElement\":[{\"@type\":\"ListItem\",\"position\":1,\"name\":\"Home\",\"item\":\"https:\/\/oud.sparepartsholland.com\/de\/\"},{\"@type\":\"ListItem\",\"position\":2,\"name\":\"Gesch\u00e4ft\",\"item\":\"https:\/\/oud.sparepartsholland.com\/shop\/\"},{\"@type\":\"ListItem\",\"position\":3,\"name\":\"Hydraulischer Oberlenker Kat. 1-1 \u2013 verl\u00e4ngert \u2013 (490 &#8211; 700 mm) mit Sperrblock und 2 x Schl\u00e4uchen\"}]},{\"@type\":\"WebSite\",\"@id\":\"https:\/\/oud.sparepartsholland.com\/#website\",\"url\":\"https:\/\/oud.sparepartsholland.com\/\",\"name\":\"Sparepartsholland\",\"description\":\"\",\"publisher\":{\"@id\":\"https:\/\/oud.sparepartsholland.com\/#organization\"},\"potentialAction\":[{\"@type\":\"SearchAction\",\"target\":{\"@type\":\"EntryPoint\",\"urlTemplate\":\"https:\/\/oud.sparepartsholland.com\/?s={search_term_string}\"},\"query-input\":{\"@type\":\"PropertyValueSpecification\",\"valueRequired\":true,\"valueName\":\"search_term_string\"}}],\"inLanguage\":\"de\"},{\"@type\":\"Organization\",\"@id\":\"https:\/\/oud.sparepartsholland.com\/#organization\",\"name\":\"Spare Parts Holland\",\"url\":\"https:\/\/oud.sparepartsholland.com\/\",\"logo\":{\"@type\":\"ImageObject\",\"inLanguage\":\"de\",\"@id\":\"https:\/\/oud.sparepartsholland.com\/#\/schema\/logo\/image\/\",\"url\":\"https:\/\/oud.sparepartsholland.com\/wp-content\/uploads\/2022\/06\/spareparts-1.png\",\"contentUrl\":\"https:\/\/oud.sparepartsholland.com\/wp-content\/uploads\/2022\/06\/spareparts-1.png\",\"width\":824,\"height\":685,\"caption\":\"Spare Parts Holland\"},\"image\":{\"@id\":\"https:\/\/oud.sparepartsholland.com\/#\/schema\/logo\/image\/\"}}]}<\/script>\n<!-- \/ Yoast SEO plugin. -->","yoast_head_json":{"title":"Hydraulischer Oberlenker Kat. 1-1 \u2013 verl\u00e4ngert \u2013 (490 - 700 mm) mit Sperrblock und 2 x Schl\u00e4uchen - Sparepartsholland","description":"Der von uns angebotene hydraulische Oberlenker ersetzt den vorhandenen Oberlenker am Schlepper und erleichtert Ihnen die t\u00e4gliche Arbeit.","robots":{"index":"noindex","follow":"follow","max-snippet":"max-snippet:-1","max-image-preview":"max-image-preview:large","max-video-preview":"max-video-preview:-1"},"og_locale":"de_DE","og_type":"article","og_title":"Hydraulischer Oberlenker Kat. 1-1 \u2013 verl\u00e4ngert \u2013 (490 - 700 mm) mit Sperrblock und 2 x Schl\u00e4uchen - Sparepartsholland","og_description":"Der von uns angebotene hydraulische Oberlenker ersetzt den vorhandenen Oberlenker am Schlepper und erleichtert Ihnen die t\u00e4gliche Arbeit.","og_url":"https:\/\/oud.sparepartsholland.com\/produkt\/hydraulic-top-link-cat-1-1-extended-19-5-16-27-9-16-with-locking-block-and-2-x-hoses\/","og_site_name":"Sparepartsholland","article_modified_time":"2024-04-11T08:07:06+00:00","og_image":[{"width":1000,"height":1000,"url":"https:\/\/oud.sparepartsholland.com\/wp-content\/uploads\/2024\/04\/Foto-1.jpg","type":"image\/jpeg"}],"twitter_card":"summary_large_image","twitter_misc":{"Gesch\u00e4tzte Lesezeit":"2\u00a0Minuten"},"schema":{"@context":"https:\/\/schema.org","@graph":[{"@type":["WebPage","ItemPage"],"@id":"https:\/\/oud.sparepartsholland.com\/produkt\/hydraulic-top-link-cat-1-1-extended-19-5-16-27-9-16-with-locking-block-and-2-x-hoses\/","url":"https:\/\/oud.sparepartsholland.com\/produkt\/hydraulic-top-link-cat-1-1-extended-19-5-16-27-9-16-with-locking-block-and-2-x-hoses\/","name":"Hydraulischer Oberlenker Kat. 1-1 \u2013 verl\u00e4ngert \u2013 (490 - 700 mm) mit Sperrblock und 2 x Schl\u00e4uchen - Sparepartsholland","isPartOf":{"@id":"https:\/\/oud.sparepartsholland.com\/#website"},"primaryImageOfPage":{"@id":"https:\/\/oud.sparepartsholland.com\/produkt\/hydraulic-top-link-cat-1-1-extended-19-5-16-27-9-16-with-locking-block-and-2-x-hoses\/#primaryimage"},"image":{"@id":"https:\/\/oud.sparepartsholland.com\/produkt\/hydraulic-top-link-cat-1-1-extended-19-5-16-27-9-16-with-locking-block-and-2-x-hoses\/#primaryimage"},"thumbnailUrl":"https:\/\/oud.sparepartsholland.com\/wp-content\/uploads\/2024\/04\/Foto-1.jpg","datePublished":"2024-04-05T22:18:53+00:00","dateModified":"2024-04-11T08:07:06+00:00","description":"Der von uns angebotene hydraulische Oberlenker ersetzt den vorhandenen Oberlenker am Schlepper und erleichtert Ihnen die t\u00e4gliche Arbeit.","breadcrumb":{"@id":"https:\/\/oud.sparepartsholland.com\/produkt\/hydraulic-top-link-cat-1-1-extended-19-5-16-27-9-16-with-locking-block-and-2-x-hoses\/#breadcrumb"},"inLanguage":"de","potentialAction":[{"@type":"ReadAction","target":["https:\/\/oud.sparepartsholland.com\/produkt\/hydraulic-top-link-cat-1-1-extended-19-5-16-27-9-16-with-locking-block-and-2-x-hoses\/"]}]},{"@type":"ImageObject","inLanguage":"de","@id":"https:\/\/oud.sparepartsholland.com\/produkt\/hydraulic-top-link-cat-1-1-extended-19-5-16-27-9-16-with-locking-block-and-2-x-hoses\/#primaryimage","url":"https:\/\/oud.sparepartsholland.com\/wp-content\/uploads\/2024\/04\/Foto-1.jpg","contentUrl":"https:\/\/oud.sparepartsholland.com\/wp-content\/uploads\/2024\/04\/Foto-1.jpg","width":1000,"height":1000},{"@type":"BreadcrumbList","@id":"https:\/\/oud.sparepartsholland.com\/produkt\/hydraulic-top-link-cat-1-1-extended-19-5-16-27-9-16-with-locking-block-and-2-x-hoses\/#breadcrumb","itemListElement":[{"@type":"ListItem","position":1,"name":"Home","item":"https:\/\/oud.sparepartsholland.com\/de\/"},{"@type":"ListItem","position":2,"name":"Gesch\u00e4ft","item":"https:\/\/oud.sparepartsholland.com\/shop\/"},{"@type":"ListItem","position":3,"name":"Hydraulischer Oberlenker Kat. 1-1 \u2013 verl\u00e4ngert \u2013 (490 &#8211; 700 mm) mit Sperrblock und 2 x Schl\u00e4uchen"}]},{"@type":"WebSite","@id":"https:\/\/oud.sparepartsholland.com\/#website","url":"https:\/\/oud.sparepartsholland.com\/","name":"Sparepartsholland","description":"","publisher":{"@id":"https:\/\/oud.sparepartsholland.com\/#organization"},"potentialAction":[{"@type":"SearchAction","target":{"@type":"EntryPoint","urlTemplate":"https:\/\/oud.sparepartsholland.com\/?s={search_term_string}"},"query-input":{"@type":"PropertyValueSpecification","valueRequired":true,"valueName":"search_term_string"}}],"inLanguage":"de"},{"@type":"Organization","@id":"https:\/\/oud.sparepartsholland.com\/#organization","name":"Spare Parts Holland","url":"https:\/\/oud.sparepartsholland.com\/","logo":{"@type":"ImageObject","inLanguage":"de","@id":"https:\/\/oud.sparepartsholland.com\/#\/schema\/logo\/image\/","url":"https:\/\/oud.sparepartsholland.com\/wp-content\/uploads\/2022\/06\/spareparts-1.png","contentUrl":"https:\/\/oud.sparepartsholland.com\/wp-content\/uploads\/2022\/06\/spareparts-1.png","width":824,"height":685,"caption":"Spare Parts Holland"},"image":{"@id":"https:\/\/oud.sparepartsholland.com\/#\/schema\/logo\/image\/"}}]}},"_links":{"self":[{"href":"https:\/\/oud.sparepartsholland.com\/de\/wp-json\/wp\/v2\/product\/38208","targetHints":{"allow":["GET"]}}],"collection":[{"href":"https:\/\/oud.sparepartsholland.com\/de\/wp-json\/wp\/v2\/product"}],"about":[{"href":"https:\/\/oud.sparepartsholland.com\/de\/wp-json\/wp\/v2\/types\/product"}],"wp:featuredmedia":[{"embeddable":true,"href":"https:\/\/oud.sparepartsholland.com\/de\/wp-json\/wp\/v2\/media\/38463"}],"wp:attachment":[{"href":"https:\/\/oud.sparepartsholland.com\/de\/wp-json\/wp\/v2\/media?parent=38208"}],"wp:term":[{"taxonomy":"product_brand","embeddable":true,"href":"https:\/\/oud.sparepartsholland.com\/de\/wp-json\/wp\/v2\/product_brand?post=38208"},{"taxonomy":"product_cat","embeddable":true,"href":"https:\/\/oud.sparepartsholland.com\/de\/wp-json\/wp\/v2\/product_cat?post=38208"},{"taxonomy":"product_tag","embeddable":true,"href":"https:\/\/oud.sparepartsholland.com\/de\/wp-json\/wp\/v2\/product_tag?post=38208"}],"curies":[{"name":"wp","href":"https:\/\/api.w.org\/{rel}","templated":true}]}}