{"id":39410,"date":"2024-06-28T13:03:33","date_gmt":"2024-06-28T12:03:33","guid":{"rendered":"https:\/\/sparepartsholland.com\/product\/einfachwirkende-und-doppeltwirkende-hydraulische-handpumpen-12cc-25cc-45cc-oeltank-3-und-5-liter\/"},"modified":"2024-09-29T19:34:21","modified_gmt":"2024-09-29T18:34:21","slug":"einfachwirkende-und-doppeltwirkende-hydraulische-handpumpen-12cc-25cc-45cc-oeltank-3-und-5-liter","status":"publish","type":"product","link":"https:\/\/oud.sparepartsholland.com\/de\/produkt\/einfachwirkende-und-doppeltwirkende-hydraulische-handpumpen-12cc-25cc-45cc-oeltank-3-und-5-liter\/","title":{"rendered":"Einfachwirkende und doppeltwirkende hydraulische Handpumpen 12cc-25cc-45cc, \u00d6ltank 3 und 5 Liter"},"content":{"rendered":"<p>Handpumpen werden im Allgemeinen f\u00fcr intermittierende oder Notfallanwendungen eingesetzt. Das breite Angebot an integrierten Anwendungen mit Hilfsventilen erm\u00f6glicht die L\u00f6sung jeder Anforderung. Gusseisenk\u00f6rper, hochfeste, gel\u00e4ppte und verchromte Stahlstange.<\/p>\n<p>Sie sind als Wandhalterung und als an Tank anflanschbare Versionen mit verschiedenen Pumpentypen einfachwirkend und doppeltwirkend erh\u00e4ltlich.<\/p>\n<p><strong>F\u00fcr einfachwirkenden &amp; doppeltwirkenden Handpumpen:<\/strong><\/p>\n<ul>\n<li>Druckanschluss: G3\/8&#8243; BSP<\/li>\n<li>Durchflussmenge\/max. Betriebsdruck: 12cc (380 Bar) , 25cc (350 Bar) , 45cc (280 Bar)<\/li>\n<li>Der Hebel ist aus Stahl mit Kunststoffgriff, 27 x 600 mm lang (inkl. Griff)<\/li>\n<li>Tankgr\u00f6\u00dfen frei w\u00e4hlbar. Verf\u00fcgbare Tankgr\u00f6\u00dfen: 3L, 5L ( Schwarz lackiert)<\/li>\n<\/ul>\n<p>&nbsp;<\/p>\n","protected":false},"excerpt":{"rendered":"<ul>\n<li>Sie sind als Wandhalterung und als an Tank anflanschbare Versionen mit verschiedenen Pumpentypen einfachwirkend und doppeltwirkend erh\u00e4ltlich.<\/li>\n<\/ul>\n","protected":false},"featured_media":39277,"template":"","meta":{"inline_featured_image":false},"product_brand":[],"product_cat":[639,496],"product_tag":[],"class_list":{"0":"post-39410","1":"product","2":"type-product","3":"status-publish","4":"has-post-thumbnail","6":"product_cat-hydraulische-teile-de","7":"product_cat-karosseriezubehor","9":"first","10":"instock","11":"taxable","12":"shipping-taxable","13":"purchasable","14":"product-type-variable"},"yoast_head":"<!-- This site is optimized with the Yoast SEO plugin v25.0 - https:\/\/yoast.com\/wordpress\/plugins\/seo\/ -->\n<title>Einfachwirkende und doppeltwirkende hydraulische Handpumpen 12cc-25cc-45cc, \u00d6ltank 3 und 5 Liter - Sparepartsholland<\/title>\n<meta name=\"description\" content=\"Sie sind als Wandhalterung und als an Tank anflanschbare Versionen mit verschiedenen Pumpentypen einfachwirkend und doppeltwirkend erh\u00e4ltlich.\" \/>\n<meta name=\"robots\" content=\"noindex, follow, max-snippet:-1, max-image-preview:large, max-video-preview:-1\" \/>\n<meta property=\"og:locale\" content=\"de_DE\" \/>\n<meta property=\"og:type\" content=\"article\" \/>\n<meta property=\"og:title\" content=\"Einfachwirkende und doppeltwirkende hydraulische Handpumpen 12cc-25cc-45cc, \u00d6ltank 3 und 5 Liter - Sparepartsholland\" \/>\n<meta property=\"og:description\" content=\"Sie sind als Wandhalterung und als an Tank anflanschbare Versionen mit verschiedenen Pumpentypen einfachwirkend und doppeltwirkend erh\u00e4ltlich.\" \/>\n<meta property=\"og:url\" content=\"https:\/\/oud.sparepartsholland.com\/produkt\/single-acting-double-acting-hydraulic-hand-pumps-12cc-25cc-45cc-oil-tank-3-5-liter\/\" \/>\n<meta property=\"og:site_name\" content=\"Sparepartsholland\" \/>\n<meta property=\"article:modified_time\" content=\"2024-09-29T18:34:21+00:00\" \/>\n<meta property=\"og:image\" content=\"https:\/\/oud.sparepartsholland.com\/wp-content\/uploads\/2024\/06\/Basliksiz-1-scaled.jpg\" \/>\n\t<meta property=\"og:image:width\" content=\"2548\" \/>\n\t<meta property=\"og:image:height\" content=\"2560\" \/>\n\t<meta property=\"og:image:type\" content=\"image\/jpeg\" \/>\n<meta name=\"twitter:card\" content=\"summary_large_image\" \/>\n<meta name=\"twitter:label1\" content=\"Gesch\u00e4tzte Lesezeit\" \/>\n\t<meta name=\"twitter:data1\" content=\"1\u00a0Minute\" \/>\n<script type=\"application\/ld+json\" class=\"yoast-schema-graph\">{\"@context\":\"https:\/\/schema.org\",\"@graph\":[{\"@type\":[\"WebPage\",\"ItemPage\"],\"@id\":\"https:\/\/oud.sparepartsholland.com\/produkt\/single-acting-double-acting-hydraulic-hand-pumps-12cc-25cc-45cc-oil-tank-3-5-liter\/\",\"url\":\"https:\/\/oud.sparepartsholland.com\/produkt\/single-acting-double-acting-hydraulic-hand-pumps-12cc-25cc-45cc-oil-tank-3-5-liter\/\",\"name\":\"Einfachwirkende und doppeltwirkende hydraulische Handpumpen 12cc-25cc-45cc, \u00d6ltank 3 und 5 Liter - Sparepartsholland\",\"isPartOf\":{\"@id\":\"https:\/\/oud.sparepartsholland.com\/#website\"},\"primaryImageOfPage\":{\"@id\":\"https:\/\/oud.sparepartsholland.com\/produkt\/single-acting-double-acting-hydraulic-hand-pumps-12cc-25cc-45cc-oil-tank-3-5-liter\/#primaryimage\"},\"image\":{\"@id\":\"https:\/\/oud.sparepartsholland.com\/produkt\/single-acting-double-acting-hydraulic-hand-pumps-12cc-25cc-45cc-oil-tank-3-5-liter\/#primaryimage\"},\"thumbnailUrl\":\"https:\/\/oud.sparepartsholland.com\/wp-content\/uploads\/2024\/06\/Basliksiz-1-scaled.jpg\",\"datePublished\":\"2024-06-28T12:03:33+00:00\",\"dateModified\":\"2024-09-29T18:34:21+00:00\",\"description\":\"Sie sind als Wandhalterung und als an Tank anflanschbare Versionen mit verschiedenen Pumpentypen einfachwirkend und doppeltwirkend erh\u00e4ltlich.\",\"breadcrumb\":{\"@id\":\"https:\/\/oud.sparepartsholland.com\/produkt\/single-acting-double-acting-hydraulic-hand-pumps-12cc-25cc-45cc-oil-tank-3-5-liter\/#breadcrumb\"},\"inLanguage\":\"de\",\"potentialAction\":[{\"@type\":\"ReadAction\",\"target\":[\"https:\/\/oud.sparepartsholland.com\/produkt\/single-acting-double-acting-hydraulic-hand-pumps-12cc-25cc-45cc-oil-tank-3-5-liter\/\"]}]},{\"@type\":\"ImageObject\",\"inLanguage\":\"de\",\"@id\":\"https:\/\/oud.sparepartsholland.com\/produkt\/single-acting-double-acting-hydraulic-hand-pumps-12cc-25cc-45cc-oil-tank-3-5-liter\/#primaryimage\",\"url\":\"https:\/\/oud.sparepartsholland.com\/wp-content\/uploads\/2024\/06\/Basliksiz-1-scaled.jpg\",\"contentUrl\":\"https:\/\/oud.sparepartsholland.com\/wp-content\/uploads\/2024\/06\/Basliksiz-1-scaled.jpg\",\"width\":2548,\"height\":2560},{\"@type\":\"BreadcrumbList\",\"@id\":\"https:\/\/oud.sparepartsholland.com\/produkt\/single-acting-double-acting-hydraulic-hand-pumps-12cc-25cc-45cc-oil-tank-3-5-liter\/#breadcrumb\",\"itemListElement\":[{\"@type\":\"ListItem\",\"position\":1,\"name\":\"Home\",\"item\":\"https:\/\/oud.sparepartsholland.com\/de\/\"},{\"@type\":\"ListItem\",\"position\":2,\"name\":\"Gesch\u00e4ft\",\"item\":\"https:\/\/oud.sparepartsholland.com\/shop\/\"},{\"@type\":\"ListItem\",\"position\":3,\"name\":\"Einfachwirkende und doppeltwirkende hydraulische Handpumpen 12cc-25cc-45cc, \u00d6ltank 3 und 5 Liter\"}]},{\"@type\":\"WebSite\",\"@id\":\"https:\/\/oud.sparepartsholland.com\/#website\",\"url\":\"https:\/\/oud.sparepartsholland.com\/\",\"name\":\"Sparepartsholland\",\"description\":\"\",\"publisher\":{\"@id\":\"https:\/\/oud.sparepartsholland.com\/#organization\"},\"potentialAction\":[{\"@type\":\"SearchAction\",\"target\":{\"@type\":\"EntryPoint\",\"urlTemplate\":\"https:\/\/oud.sparepartsholland.com\/?s={search_term_string}\"},\"query-input\":{\"@type\":\"PropertyValueSpecification\",\"valueRequired\":true,\"valueName\":\"search_term_string\"}}],\"inLanguage\":\"de\"},{\"@type\":\"Organization\",\"@id\":\"https:\/\/oud.sparepartsholland.com\/#organization\",\"name\":\"Spare Parts Holland\",\"url\":\"https:\/\/oud.sparepartsholland.com\/\",\"logo\":{\"@type\":\"ImageObject\",\"inLanguage\":\"de\",\"@id\":\"https:\/\/oud.sparepartsholland.com\/#\/schema\/logo\/image\/\",\"url\":\"https:\/\/oud.sparepartsholland.com\/wp-content\/uploads\/2022\/06\/spareparts-1.png\",\"contentUrl\":\"https:\/\/oud.sparepartsholland.com\/wp-content\/uploads\/2022\/06\/spareparts-1.png\",\"width\":824,\"height\":685,\"caption\":\"Spare Parts Holland\"},\"image\":{\"@id\":\"https:\/\/oud.sparepartsholland.com\/#\/schema\/logo\/image\/\"}}]}<\/script>\n<!-- \/ Yoast SEO plugin. -->","yoast_head_json":{"title":"Einfachwirkende und doppeltwirkende hydraulische Handpumpen 12cc-25cc-45cc, \u00d6ltank 3 und 5 Liter - Sparepartsholland","description":"Sie sind als Wandhalterung und als an Tank anflanschbare Versionen mit verschiedenen Pumpentypen einfachwirkend und doppeltwirkend erh\u00e4ltlich.","robots":{"index":"noindex","follow":"follow","max-snippet":"max-snippet:-1","max-image-preview":"max-image-preview:large","max-video-preview":"max-video-preview:-1"},"og_locale":"de_DE","og_type":"article","og_title":"Einfachwirkende und doppeltwirkende hydraulische Handpumpen 12cc-25cc-45cc, \u00d6ltank 3 und 5 Liter - Sparepartsholland","og_description":"Sie sind als Wandhalterung und als an Tank anflanschbare Versionen mit verschiedenen Pumpentypen einfachwirkend und doppeltwirkend erh\u00e4ltlich.","og_url":"https:\/\/oud.sparepartsholland.com\/produkt\/single-acting-double-acting-hydraulic-hand-pumps-12cc-25cc-45cc-oil-tank-3-5-liter\/","og_site_name":"Sparepartsholland","article_modified_time":"2024-09-29T18:34:21+00:00","og_image":[{"width":2548,"height":2560,"url":"https:\/\/oud.sparepartsholland.com\/wp-content\/uploads\/2024\/06\/Basliksiz-1-scaled.jpg","type":"image\/jpeg"}],"twitter_card":"summary_large_image","twitter_misc":{"Gesch\u00e4tzte Lesezeit":"1\u00a0Minute"},"schema":{"@context":"https:\/\/schema.org","@graph":[{"@type":["WebPage","ItemPage"],"@id":"https:\/\/oud.sparepartsholland.com\/produkt\/single-acting-double-acting-hydraulic-hand-pumps-12cc-25cc-45cc-oil-tank-3-5-liter\/","url":"https:\/\/oud.sparepartsholland.com\/produkt\/single-acting-double-acting-hydraulic-hand-pumps-12cc-25cc-45cc-oil-tank-3-5-liter\/","name":"Einfachwirkende und doppeltwirkende hydraulische Handpumpen 12cc-25cc-45cc, \u00d6ltank 3 und 5 Liter - Sparepartsholland","isPartOf":{"@id":"https:\/\/oud.sparepartsholland.com\/#website"},"primaryImageOfPage":{"@id":"https:\/\/oud.sparepartsholland.com\/produkt\/single-acting-double-acting-hydraulic-hand-pumps-12cc-25cc-45cc-oil-tank-3-5-liter\/#primaryimage"},"image":{"@id":"https:\/\/oud.sparepartsholland.com\/produkt\/single-acting-double-acting-hydraulic-hand-pumps-12cc-25cc-45cc-oil-tank-3-5-liter\/#primaryimage"},"thumbnailUrl":"https:\/\/oud.sparepartsholland.com\/wp-content\/uploads\/2024\/06\/Basliksiz-1-scaled.jpg","datePublished":"2024-06-28T12:03:33+00:00","dateModified":"2024-09-29T18:34:21+00:00","description":"Sie sind als Wandhalterung und als an Tank anflanschbare Versionen mit verschiedenen Pumpentypen einfachwirkend und doppeltwirkend erh\u00e4ltlich.","breadcrumb":{"@id":"https:\/\/oud.sparepartsholland.com\/produkt\/single-acting-double-acting-hydraulic-hand-pumps-12cc-25cc-45cc-oil-tank-3-5-liter\/#breadcrumb"},"inLanguage":"de","potentialAction":[{"@type":"ReadAction","target":["https:\/\/oud.sparepartsholland.com\/produkt\/single-acting-double-acting-hydraulic-hand-pumps-12cc-25cc-45cc-oil-tank-3-5-liter\/"]}]},{"@type":"ImageObject","inLanguage":"de","@id":"https:\/\/oud.sparepartsholland.com\/produkt\/single-acting-double-acting-hydraulic-hand-pumps-12cc-25cc-45cc-oil-tank-3-5-liter\/#primaryimage","url":"https:\/\/oud.sparepartsholland.com\/wp-content\/uploads\/2024\/06\/Basliksiz-1-scaled.jpg","contentUrl":"https:\/\/oud.sparepartsholland.com\/wp-content\/uploads\/2024\/06\/Basliksiz-1-scaled.jpg","width":2548,"height":2560},{"@type":"BreadcrumbList","@id":"https:\/\/oud.sparepartsholland.com\/produkt\/single-acting-double-acting-hydraulic-hand-pumps-12cc-25cc-45cc-oil-tank-3-5-liter\/#breadcrumb","itemListElement":[{"@type":"ListItem","position":1,"name":"Home","item":"https:\/\/oud.sparepartsholland.com\/de\/"},{"@type":"ListItem","position":2,"name":"Gesch\u00e4ft","item":"https:\/\/oud.sparepartsholland.com\/shop\/"},{"@type":"ListItem","position":3,"name":"Einfachwirkende und doppeltwirkende hydraulische Handpumpen 12cc-25cc-45cc, \u00d6ltank 3 und 5 Liter"}]},{"@type":"WebSite","@id":"https:\/\/oud.sparepartsholland.com\/#website","url":"https:\/\/oud.sparepartsholland.com\/","name":"Sparepartsholland","description":"","publisher":{"@id":"https:\/\/oud.sparepartsholland.com\/#organization"},"potentialAction":[{"@type":"SearchAction","target":{"@type":"EntryPoint","urlTemplate":"https:\/\/oud.sparepartsholland.com\/?s={search_term_string}"},"query-input":{"@type":"PropertyValueSpecification","valueRequired":true,"valueName":"search_term_string"}}],"inLanguage":"de"},{"@type":"Organization","@id":"https:\/\/oud.sparepartsholland.com\/#organization","name":"Spare Parts Holland","url":"https:\/\/oud.sparepartsholland.com\/","logo":{"@type":"ImageObject","inLanguage":"de","@id":"https:\/\/oud.sparepartsholland.com\/#\/schema\/logo\/image\/","url":"https:\/\/oud.sparepartsholland.com\/wp-content\/uploads\/2022\/06\/spareparts-1.png","contentUrl":"https:\/\/oud.sparepartsholland.com\/wp-content\/uploads\/2022\/06\/spareparts-1.png","width":824,"height":685,"caption":"Spare Parts Holland"},"image":{"@id":"https:\/\/oud.sparepartsholland.com\/#\/schema\/logo\/image\/"}}]}},"_links":{"self":[{"href":"https:\/\/oud.sparepartsholland.com\/de\/wp-json\/wp\/v2\/product\/39410","targetHints":{"allow":["GET"]}}],"collection":[{"href":"https:\/\/oud.sparepartsholland.com\/de\/wp-json\/wp\/v2\/product"}],"about":[{"href":"https:\/\/oud.sparepartsholland.com\/de\/wp-json\/wp\/v2\/types\/product"}],"wp:featuredmedia":[{"embeddable":true,"href":"https:\/\/oud.sparepartsholland.com\/de\/wp-json\/wp\/v2\/media\/39277"}],"wp:attachment":[{"href":"https:\/\/oud.sparepartsholland.com\/de\/wp-json\/wp\/v2\/media?parent=39410"}],"wp:term":[{"taxonomy":"product_brand","embeddable":true,"href":"https:\/\/oud.sparepartsholland.com\/de\/wp-json\/wp\/v2\/product_brand?post=39410"},{"taxonomy":"product_cat","embeddable":true,"href":"https:\/\/oud.sparepartsholland.com\/de\/wp-json\/wp\/v2\/product_cat?post=39410"},{"taxonomy":"product_tag","embeddable":true,"href":"https:\/\/oud.sparepartsholland.com\/de\/wp-json\/wp\/v2\/product_tag?post=39410"}],"curies":[{"name":"wp","href":"https:\/\/api.w.org\/{rel}","templated":true}]}}