{"id":5836,"date":"2022-07-28T11:01:01","date_gmt":"2022-07-28T10:01:01","guid":{"rendered":"https:\/\/sparepartsholland.com\/product\/hydraulic-toplink-cat-3-3-700%e2%86%92980mm-280mm-stroke-with-ball-joint-hook-heavy-duty\/"},"modified":"2024-12-15T19:28:11","modified_gmt":"2024-12-15T18:28:11","slug":"hydraulic-toplink-cat-3-3-700%e2%86%92980mm-280mm-stroke-with-ball-joint-hook-heavy-duty","status":"publish","type":"product","link":"https:\/\/oud.sparepartsholland.com\/de\/produkt\/hydraulic-toplink-cat-3-3-700%e2%86%92980mm-280mm-stroke-with-ball-joint-hook-heavy-duty\/","title":{"rendered":"Hydraulischer Oberlenker Kat. 3 (700 &#8211; 980 mm) Kugelgelenk, Fanghaken und Sperrblock, Heavy Duty"},"content":{"rendered":"<div>Der von uns angebotene hydraulische Oberlenker ersetzt den vorhandenen Oberlenker am Schlepper und erleichtert Ihnen die t\u00e4gliche Arbeit. Dazu ist ein doppeltwirkendes Steuerventil am Schlepper notwendig \u2013 in Kombination mit dem integrierten Sperrblock* eine unschlagbare Kombination.<\/div>\n<div><\/div>\n<div>* Beim Einstellen des Oberlenkers ist es sehr wichtig, dass die eingestellte Position auch nach l\u00e4ngerer Zeit beibehalten wird. Bei Oberlenkern ohne Sperrklotz ist das kaum m\u00f6glich, da die Steuerger\u00e4te des Traktors nicht so fest arretieren. Dieser Oberlenker ist daher mit einem Sperrblock ausgestattet. Bei diesem Ventil wird das \u00d6l im Zylinder durch ein R\u00fcckschlagventil eingeschlossen. Erst wenn wieder \u00d6ldruck vom Schlepper anliegt, \u00f6ffnet das Ventil und der Zylinder kann verstellt werden.<\/div>\n<ul>\n<li>Hochwertig und hochwertig verarbeitet und lackiert<\/li>\n<li>Inkl. Sperrblock<\/li>\n<li>2x Hydraulikanschluss<\/li>\n<li>Die Lieferung erfolgt komplett montiert<\/li>\n<\/ul>\n<div>2 x Hydraulikschlauch mit Stecker und Staubschutz<\/div>\n<ul>\n<li>Anschluss: 12-L Schott Gr. 3 (\u00fcblicher Kupplungsstecker), 18-1,5 SW22 Nippel + Verschraubung<\/li>\n<li>Schlauchbezeichnung Blue Flex SAE 100 3\/8 R2AT DIN EN 853 2SN DN10 W.P.330<\/li>\n<li>Betriebsdruck: 330 bar<\/li>\n<li>L\u00e4nge: 75 cm<\/li>\n<\/ul>\n","protected":false},"excerpt":{"rendered":"<ul>\n<li>Hochwertig und hochwertig verarbeitet und lackiert<\/li>\n<li>Inkl. Sperrblock<\/li>\n<li>2x Hydraulikanschluss<\/li>\n<li>Die Lieferung erfolgt komplett montiert<\/li>\n<\/ul>\n","protected":false},"featured_media":33801,"template":"","meta":{"inline_featured_image":false},"product_brand":[],"product_cat":[646],"product_tag":[],"class_list":{"0":"post-5836","1":"product","2":"type-product","3":"status-publish","4":"has-post-thumbnail","6":"product_cat-unterlenker-fanghaken-kat-3","8":"first","9":"outofstock","10":"taxable","11":"shipping-taxable","12":"purchasable","13":"product-type-simple"},"yoast_head":"<!-- This site is optimized with the Yoast SEO plugin v25.0 - https:\/\/yoast.com\/wordpress\/plugins\/seo\/ -->\n<title>Hydraulischer Oberlenker Kat. 3 (700 - 980 mm) Kugelgelenk, Fanghaken und Sperrblock, Heavy Duty - Sparepartsholland<\/title>\n<meta name=\"description\" content=\"Der von uns angebotene hydraulische Oberlenker ersetzt den vorhandenen Oberlenker am Schlepper und erleichtert Ihnen die t\u00e4gliche Arbeit.\" \/>\n<meta name=\"robots\" content=\"noindex, follow, max-snippet:-1, max-image-preview:large, max-video-preview:-1\" \/>\n<meta property=\"og:locale\" content=\"de_DE\" \/>\n<meta property=\"og:type\" content=\"article\" \/>\n<meta property=\"og:title\" content=\"Hydraulischer Oberlenker Kat. 3 (700 - 980 mm) Kugelgelenk, Fanghaken und Sperrblock, Heavy Duty - Sparepartsholland\" \/>\n<meta property=\"og:description\" content=\"Der von uns angebotene hydraulische Oberlenker ersetzt den vorhandenen Oberlenker am Schlepper und erleichtert Ihnen die t\u00e4gliche Arbeit.\" \/>\n<meta property=\"og:url\" content=\"https:\/\/oud.sparepartsholland.com\/produkt\/hydraulic-toplink-cat-3-3-700\u2192980mm-280mm-stroke-with-ball-joint-hook-heavy-duty\/\" \/>\n<meta property=\"og:site_name\" content=\"Sparepartsholland\" \/>\n<meta property=\"article:modified_time\" content=\"2024-12-15T18:28:11+00:00\" \/>\n<meta property=\"og:image\" content=\"https:\/\/oud.sparepartsholland.com\/wp-content\/uploads\/2022\/07\/DSCF8951-copy-scaled.jpg\" \/>\n\t<meta property=\"og:image:width\" content=\"2560\" \/>\n\t<meta property=\"og:image:height\" content=\"2560\" \/>\n\t<meta property=\"og:image:type\" content=\"image\/jpeg\" \/>\n<meta name=\"twitter:card\" content=\"summary_large_image\" \/>\n<meta name=\"twitter:label1\" content=\"Gesch\u00e4tzte Lesezeit\" \/>\n\t<meta name=\"twitter:data1\" content=\"1\u00a0Minute\" \/>\n<script type=\"application\/ld+json\" class=\"yoast-schema-graph\">{\"@context\":\"https:\/\/schema.org\",\"@graph\":[{\"@type\":[\"WebPage\",\"ItemPage\"],\"@id\":\"https:\/\/oud.sparepartsholland.com\/produkt\/hydraulic-toplink-cat-3-3-700%e2%86%92980mm-280mm-stroke-with-ball-joint-hook-heavy-duty\/\",\"url\":\"https:\/\/oud.sparepartsholland.com\/produkt\/hydraulic-toplink-cat-3-3-700%e2%86%92980mm-280mm-stroke-with-ball-joint-hook-heavy-duty\/\",\"name\":\"Hydraulischer Oberlenker Kat. 3 (700 - 980 mm) Kugelgelenk, Fanghaken und Sperrblock, Heavy Duty - Sparepartsholland\",\"isPartOf\":{\"@id\":\"https:\/\/oud.sparepartsholland.com\/#website\"},\"primaryImageOfPage\":{\"@id\":\"https:\/\/oud.sparepartsholland.com\/produkt\/hydraulic-toplink-cat-3-3-700%e2%86%92980mm-280mm-stroke-with-ball-joint-hook-heavy-duty\/#primaryimage\"},\"image\":{\"@id\":\"https:\/\/oud.sparepartsholland.com\/produkt\/hydraulic-toplink-cat-3-3-700%e2%86%92980mm-280mm-stroke-with-ball-joint-hook-heavy-duty\/#primaryimage\"},\"thumbnailUrl\":\"https:\/\/oud.sparepartsholland.com\/wp-content\/uploads\/2022\/07\/DSCF8951-copy-scaled.jpg\",\"datePublished\":\"2022-07-28T10:01:01+00:00\",\"dateModified\":\"2024-12-15T18:28:11+00:00\",\"description\":\"Der von uns angebotene hydraulische Oberlenker ersetzt den vorhandenen Oberlenker am Schlepper und erleichtert Ihnen die t\u00e4gliche Arbeit.\",\"breadcrumb\":{\"@id\":\"https:\/\/oud.sparepartsholland.com\/produkt\/hydraulic-toplink-cat-3-3-700%e2%86%92980mm-280mm-stroke-with-ball-joint-hook-heavy-duty\/#breadcrumb\"},\"inLanguage\":\"de\",\"potentialAction\":[{\"@type\":\"ReadAction\",\"target\":[\"https:\/\/oud.sparepartsholland.com\/produkt\/hydraulic-toplink-cat-3-3-700%e2%86%92980mm-280mm-stroke-with-ball-joint-hook-heavy-duty\/\"]}]},{\"@type\":\"ImageObject\",\"inLanguage\":\"de\",\"@id\":\"https:\/\/oud.sparepartsholland.com\/produkt\/hydraulic-toplink-cat-3-3-700%e2%86%92980mm-280mm-stroke-with-ball-joint-hook-heavy-duty\/#primaryimage\",\"url\":\"https:\/\/oud.sparepartsholland.com\/wp-content\/uploads\/2022\/07\/DSCF8951-copy-scaled.jpg\",\"contentUrl\":\"https:\/\/oud.sparepartsholland.com\/wp-content\/uploads\/2022\/07\/DSCF8951-copy-scaled.jpg\",\"width\":2560,\"height\":2560},{\"@type\":\"BreadcrumbList\",\"@id\":\"https:\/\/oud.sparepartsholland.com\/produkt\/hydraulic-toplink-cat-3-3-700%e2%86%92980mm-280mm-stroke-with-ball-joint-hook-heavy-duty\/#breadcrumb\",\"itemListElement\":[{\"@type\":\"ListItem\",\"position\":1,\"name\":\"Home\",\"item\":\"https:\/\/oud.sparepartsholland.com\/de\/\"},{\"@type\":\"ListItem\",\"position\":2,\"name\":\"Gesch\u00e4ft\",\"item\":\"https:\/\/oud.sparepartsholland.com\/shop\/\"},{\"@type\":\"ListItem\",\"position\":3,\"name\":\"Hydraulischer Oberlenker Kat. 3 (700 &#8211; 980 mm) Kugelgelenk, Fanghaken und Sperrblock, Heavy Duty\"}]},{\"@type\":\"WebSite\",\"@id\":\"https:\/\/oud.sparepartsholland.com\/#website\",\"url\":\"https:\/\/oud.sparepartsholland.com\/\",\"name\":\"Sparepartsholland\",\"description\":\"\",\"publisher\":{\"@id\":\"https:\/\/oud.sparepartsholland.com\/#organization\"},\"potentialAction\":[{\"@type\":\"SearchAction\",\"target\":{\"@type\":\"EntryPoint\",\"urlTemplate\":\"https:\/\/oud.sparepartsholland.com\/?s={search_term_string}\"},\"query-input\":{\"@type\":\"PropertyValueSpecification\",\"valueRequired\":true,\"valueName\":\"search_term_string\"}}],\"inLanguage\":\"de\"},{\"@type\":\"Organization\",\"@id\":\"https:\/\/oud.sparepartsholland.com\/#organization\",\"name\":\"Spare Parts Holland\",\"url\":\"https:\/\/oud.sparepartsholland.com\/\",\"logo\":{\"@type\":\"ImageObject\",\"inLanguage\":\"de\",\"@id\":\"https:\/\/oud.sparepartsholland.com\/#\/schema\/logo\/image\/\",\"url\":\"https:\/\/oud.sparepartsholland.com\/wp-content\/uploads\/2022\/06\/spareparts-1.png\",\"contentUrl\":\"https:\/\/oud.sparepartsholland.com\/wp-content\/uploads\/2022\/06\/spareparts-1.png\",\"width\":824,\"height\":685,\"caption\":\"Spare Parts Holland\"},\"image\":{\"@id\":\"https:\/\/oud.sparepartsholland.com\/#\/schema\/logo\/image\/\"}}]}<\/script>\n<!-- \/ Yoast SEO plugin. -->","yoast_head_json":{"title":"Hydraulischer Oberlenker Kat. 3 (700 - 980 mm) Kugelgelenk, Fanghaken und Sperrblock, Heavy Duty - Sparepartsholland","description":"Der von uns angebotene hydraulische Oberlenker ersetzt den vorhandenen Oberlenker am Schlepper und erleichtert Ihnen die t\u00e4gliche Arbeit.","robots":{"index":"noindex","follow":"follow","max-snippet":"max-snippet:-1","max-image-preview":"max-image-preview:large","max-video-preview":"max-video-preview:-1"},"og_locale":"de_DE","og_type":"article","og_title":"Hydraulischer Oberlenker Kat. 3 (700 - 980 mm) Kugelgelenk, Fanghaken und Sperrblock, Heavy Duty - Sparepartsholland","og_description":"Der von uns angebotene hydraulische Oberlenker ersetzt den vorhandenen Oberlenker am Schlepper und erleichtert Ihnen die t\u00e4gliche Arbeit.","og_url":"https:\/\/oud.sparepartsholland.com\/produkt\/hydraulic-toplink-cat-3-3-700\u2192980mm-280mm-stroke-with-ball-joint-hook-heavy-duty\/","og_site_name":"Sparepartsholland","article_modified_time":"2024-12-15T18:28:11+00:00","og_image":[{"width":2560,"height":2560,"url":"https:\/\/oud.sparepartsholland.com\/wp-content\/uploads\/2022\/07\/DSCF8951-copy-scaled.jpg","type":"image\/jpeg"}],"twitter_card":"summary_large_image","twitter_misc":{"Gesch\u00e4tzte Lesezeit":"1\u00a0Minute"},"schema":{"@context":"https:\/\/schema.org","@graph":[{"@type":["WebPage","ItemPage"],"@id":"https:\/\/oud.sparepartsholland.com\/produkt\/hydraulic-toplink-cat-3-3-700%e2%86%92980mm-280mm-stroke-with-ball-joint-hook-heavy-duty\/","url":"https:\/\/oud.sparepartsholland.com\/produkt\/hydraulic-toplink-cat-3-3-700%e2%86%92980mm-280mm-stroke-with-ball-joint-hook-heavy-duty\/","name":"Hydraulischer Oberlenker Kat. 3 (700 - 980 mm) Kugelgelenk, Fanghaken und Sperrblock, Heavy Duty - Sparepartsholland","isPartOf":{"@id":"https:\/\/oud.sparepartsholland.com\/#website"},"primaryImageOfPage":{"@id":"https:\/\/oud.sparepartsholland.com\/produkt\/hydraulic-toplink-cat-3-3-700%e2%86%92980mm-280mm-stroke-with-ball-joint-hook-heavy-duty\/#primaryimage"},"image":{"@id":"https:\/\/oud.sparepartsholland.com\/produkt\/hydraulic-toplink-cat-3-3-700%e2%86%92980mm-280mm-stroke-with-ball-joint-hook-heavy-duty\/#primaryimage"},"thumbnailUrl":"https:\/\/oud.sparepartsholland.com\/wp-content\/uploads\/2022\/07\/DSCF8951-copy-scaled.jpg","datePublished":"2022-07-28T10:01:01+00:00","dateModified":"2024-12-15T18:28:11+00:00","description":"Der von uns angebotene hydraulische Oberlenker ersetzt den vorhandenen Oberlenker am Schlepper und erleichtert Ihnen die t\u00e4gliche Arbeit.","breadcrumb":{"@id":"https:\/\/oud.sparepartsholland.com\/produkt\/hydraulic-toplink-cat-3-3-700%e2%86%92980mm-280mm-stroke-with-ball-joint-hook-heavy-duty\/#breadcrumb"},"inLanguage":"de","potentialAction":[{"@type":"ReadAction","target":["https:\/\/oud.sparepartsholland.com\/produkt\/hydraulic-toplink-cat-3-3-700%e2%86%92980mm-280mm-stroke-with-ball-joint-hook-heavy-duty\/"]}]},{"@type":"ImageObject","inLanguage":"de","@id":"https:\/\/oud.sparepartsholland.com\/produkt\/hydraulic-toplink-cat-3-3-700%e2%86%92980mm-280mm-stroke-with-ball-joint-hook-heavy-duty\/#primaryimage","url":"https:\/\/oud.sparepartsholland.com\/wp-content\/uploads\/2022\/07\/DSCF8951-copy-scaled.jpg","contentUrl":"https:\/\/oud.sparepartsholland.com\/wp-content\/uploads\/2022\/07\/DSCF8951-copy-scaled.jpg","width":2560,"height":2560},{"@type":"BreadcrumbList","@id":"https:\/\/oud.sparepartsholland.com\/produkt\/hydraulic-toplink-cat-3-3-700%e2%86%92980mm-280mm-stroke-with-ball-joint-hook-heavy-duty\/#breadcrumb","itemListElement":[{"@type":"ListItem","position":1,"name":"Home","item":"https:\/\/oud.sparepartsholland.com\/de\/"},{"@type":"ListItem","position":2,"name":"Gesch\u00e4ft","item":"https:\/\/oud.sparepartsholland.com\/shop\/"},{"@type":"ListItem","position":3,"name":"Hydraulischer Oberlenker Kat. 3 (700 &#8211; 980 mm) Kugelgelenk, Fanghaken und Sperrblock, Heavy Duty"}]},{"@type":"WebSite","@id":"https:\/\/oud.sparepartsholland.com\/#website","url":"https:\/\/oud.sparepartsholland.com\/","name":"Sparepartsholland","description":"","publisher":{"@id":"https:\/\/oud.sparepartsholland.com\/#organization"},"potentialAction":[{"@type":"SearchAction","target":{"@type":"EntryPoint","urlTemplate":"https:\/\/oud.sparepartsholland.com\/?s={search_term_string}"},"query-input":{"@type":"PropertyValueSpecification","valueRequired":true,"valueName":"search_term_string"}}],"inLanguage":"de"},{"@type":"Organization","@id":"https:\/\/oud.sparepartsholland.com\/#organization","name":"Spare Parts Holland","url":"https:\/\/oud.sparepartsholland.com\/","logo":{"@type":"ImageObject","inLanguage":"de","@id":"https:\/\/oud.sparepartsholland.com\/#\/schema\/logo\/image\/","url":"https:\/\/oud.sparepartsholland.com\/wp-content\/uploads\/2022\/06\/spareparts-1.png","contentUrl":"https:\/\/oud.sparepartsholland.com\/wp-content\/uploads\/2022\/06\/spareparts-1.png","width":824,"height":685,"caption":"Spare Parts Holland"},"image":{"@id":"https:\/\/oud.sparepartsholland.com\/#\/schema\/logo\/image\/"}}]}},"_links":{"self":[{"href":"https:\/\/oud.sparepartsholland.com\/de\/wp-json\/wp\/v2\/product\/5836","targetHints":{"allow":["GET"]}}],"collection":[{"href":"https:\/\/oud.sparepartsholland.com\/de\/wp-json\/wp\/v2\/product"}],"about":[{"href":"https:\/\/oud.sparepartsholland.com\/de\/wp-json\/wp\/v2\/types\/product"}],"wp:featuredmedia":[{"embeddable":true,"href":"https:\/\/oud.sparepartsholland.com\/de\/wp-json\/wp\/v2\/media\/33801"}],"wp:attachment":[{"href":"https:\/\/oud.sparepartsholland.com\/de\/wp-json\/wp\/v2\/media?parent=5836"}],"wp:term":[{"taxonomy":"product_brand","embeddable":true,"href":"https:\/\/oud.sparepartsholland.com\/de\/wp-json\/wp\/v2\/product_brand?post=5836"},{"taxonomy":"product_cat","embeddable":true,"href":"https:\/\/oud.sparepartsholland.com\/de\/wp-json\/wp\/v2\/product_cat?post=5836"},{"taxonomy":"product_tag","embeddable":true,"href":"https:\/\/oud.sparepartsholland.com\/de\/wp-json\/wp\/v2\/product_tag?post=5836"}],"curies":[{"name":"wp","href":"https:\/\/api.w.org\/{rel}","templated":true}]}}