{"id":5969,"date":"2022-07-28T10:28:15","date_gmt":"2022-07-28T09:28:15","guid":{"rendered":"https:\/\/sparepartsholland.com\/product\/power-steering-kit-ihc-ihc-case-353-423-433-453-523\/"},"modified":"2025-05-16T19:55:22","modified_gmt":"2025-05-16T18:55:22","slug":"power-steering-kit-ihc-ihc-case-353-423-433-453-523","status":"publish","type":"product","link":"https:\/\/oud.sparepartsholland.com\/de\/produkt\/power-steering-kit-ihc-ihc-case-353-423-433-453-523\/","title":{"rendered":"Hydromechanische Lenkhilfe Nachr\u00fcstsatz f\u00fcr IHC CASE 353 423 433 453 483 523 533 553 633"},"content":{"rendered":"<p>Das Hydromechanische Lenkhilfe Nachr\u00fcstsatz enth\u00e4lt alles, was Sie brauchen. Hydromechanische Lenkhilfe Nachr\u00fcstsatz f\u00fcr IHC CASE Traktormodelle: 353-423-433-453-483-523-533-553-633.<\/p>\n<p>Sie m\u00fcssen die Halterung und die Lenkstange f\u00fcr IH 724 \u00e4ndern, Sie m\u00fcssen m\u00f6glicherweise die Zylinderhalterung und die Deichsel (lange Stange) ersetzen. Wenn Sie einen Frontlader am Traktor haben, m\u00fcssen m\u00f6glicherweise einige Teile ausgetauscht werden.<\/p>\n<p>Wir haben kein Dokument f\u00fcr den T\u00dcV.<\/p>\n","protected":false},"excerpt":{"rendered":"<ul>\n<li>Exzellente Qualit\u00e4t<\/li>\n<li>Schnelle Lieferung weltweit<\/li>\n<li>Komplett-Set<\/li>\n<\/ul>\n","protected":false},"featured_media":33574,"template":"","meta":{"inline_featured_image":false},"product_brand":[],"product_cat":[657,662],"product_tag":[],"class_list":{"0":"post-5969","1":"product","2":"type-product","3":"status-publish","4":"has-post-thumbnail","6":"product_cat-servolenkung-nachruestsaetze","7":"product_cat-ihc-case-de","9":"first","10":"instock","11":"taxable","12":"shipping-taxable","13":"purchasable","14":"product-type-simple"},"yoast_head":"<!-- This site is optimized with the Yoast SEO plugin v25.0 - https:\/\/yoast.com\/wordpress\/plugins\/seo\/ -->\n<title>Hydromechanische Lenkhilfe Nachr\u00fcstsatz f\u00fcr IHC CASE 353 423 433 453 483 523 533 553 633 - Sparepartsholland<\/title>\n<meta name=\"description\" content=\"Das Hydromechanische Lenkhilfe Nachr\u00fcstsatz enth\u00e4lt alles, was Sie brauchen. Hydromechanische Lenkhilfe Nachr\u00fcstsatz f\u00fcr IHC Schlepper.\" \/>\n<meta name=\"robots\" content=\"noindex, follow, max-snippet:-1, max-image-preview:large, max-video-preview:-1\" \/>\n<meta property=\"og:locale\" content=\"de_DE\" \/>\n<meta property=\"og:type\" content=\"article\" \/>\n<meta property=\"og:title\" content=\"Hydromechanische Lenkhilfe Nachr\u00fcstsatz f\u00fcr IHC CASE 353 423 433 453 483 523 533 553 633 - Sparepartsholland\" \/>\n<meta property=\"og:description\" content=\"Das Hydromechanische Lenkhilfe Nachr\u00fcstsatz enth\u00e4lt alles, was Sie brauchen. Hydromechanische Lenkhilfe Nachr\u00fcstsatz f\u00fcr IHC Schlepper.\" \/>\n<meta property=\"og:url\" content=\"https:\/\/oud.sparepartsholland.com\/produkt\/power-steering-kit-ihc-ihc-case-353-423-433-453-523\/\" \/>\n<meta property=\"og:site_name\" content=\"Sparepartsholland\" \/>\n<meta property=\"article:modified_time\" content=\"2025-05-16T18:55:22+00:00\" \/>\n<meta property=\"og:image\" content=\"https:\/\/oud.sparepartsholland.com\/wp-content\/uploads\/2022\/07\/DSCF8844-kopya-scaled-e1698131177475.jpg\" \/>\n\t<meta property=\"og:image:width\" content=\"2560\" \/>\n\t<meta property=\"og:image:height\" content=\"2560\" \/>\n\t<meta property=\"og:image:type\" content=\"image\/jpeg\" \/>\n<meta name=\"twitter:card\" content=\"summary_large_image\" \/>\n<meta name=\"twitter:label1\" content=\"Gesch\u00e4tzte Lesezeit\" \/>\n\t<meta name=\"twitter:data1\" content=\"1\u00a0Minute\" \/>\n<script type=\"application\/ld+json\" class=\"yoast-schema-graph\">{\"@context\":\"https:\/\/schema.org\",\"@graph\":[{\"@type\":[\"WebPage\",\"ItemPage\"],\"@id\":\"https:\/\/oud.sparepartsholland.com\/produkt\/power-steering-kit-ihc-ihc-case-353-423-433-453-523\/\",\"url\":\"https:\/\/oud.sparepartsholland.com\/produkt\/power-steering-kit-ihc-ihc-case-353-423-433-453-523\/\",\"name\":\"Hydromechanische Lenkhilfe Nachr\u00fcstsatz f\u00fcr IHC CASE 353 423 433 453 483 523 533 553 633 - Sparepartsholland\",\"isPartOf\":{\"@id\":\"https:\/\/oud.sparepartsholland.com\/#website\"},\"primaryImageOfPage\":{\"@id\":\"https:\/\/oud.sparepartsholland.com\/produkt\/power-steering-kit-ihc-ihc-case-353-423-433-453-523\/#primaryimage\"},\"image\":{\"@id\":\"https:\/\/oud.sparepartsholland.com\/produkt\/power-steering-kit-ihc-ihc-case-353-423-433-453-523\/#primaryimage\"},\"thumbnailUrl\":\"https:\/\/oud.sparepartsholland.com\/wp-content\/uploads\/2022\/07\/DSCF8844-kopya-scaled-e1698131177475.jpg\",\"datePublished\":\"2022-07-28T09:28:15+00:00\",\"dateModified\":\"2025-05-16T18:55:22+00:00\",\"description\":\"Das Hydromechanische Lenkhilfe Nachr\u00fcstsatz enth\u00e4lt alles, was Sie brauchen. Hydromechanische Lenkhilfe Nachr\u00fcstsatz f\u00fcr IHC Schlepper.\",\"breadcrumb\":{\"@id\":\"https:\/\/oud.sparepartsholland.com\/produkt\/power-steering-kit-ihc-ihc-case-353-423-433-453-523\/#breadcrumb\"},\"inLanguage\":\"de\",\"potentialAction\":[{\"@type\":\"ReadAction\",\"target\":[\"https:\/\/oud.sparepartsholland.com\/produkt\/power-steering-kit-ihc-ihc-case-353-423-433-453-523\/\"]}]},{\"@type\":\"ImageObject\",\"inLanguage\":\"de\",\"@id\":\"https:\/\/oud.sparepartsholland.com\/produkt\/power-steering-kit-ihc-ihc-case-353-423-433-453-523\/#primaryimage\",\"url\":\"https:\/\/oud.sparepartsholland.com\/wp-content\/uploads\/2022\/07\/DSCF8844-kopya-scaled-e1698131177475.jpg\",\"contentUrl\":\"https:\/\/oud.sparepartsholland.com\/wp-content\/uploads\/2022\/07\/DSCF8844-kopya-scaled-e1698131177475.jpg\",\"width\":2560,\"height\":2560},{\"@type\":\"BreadcrumbList\",\"@id\":\"https:\/\/oud.sparepartsholland.com\/produkt\/power-steering-kit-ihc-ihc-case-353-423-433-453-523\/#breadcrumb\",\"itemListElement\":[{\"@type\":\"ListItem\",\"position\":1,\"name\":\"Home\",\"item\":\"https:\/\/oud.sparepartsholland.com\/de\/\"},{\"@type\":\"ListItem\",\"position\":2,\"name\":\"Gesch\u00e4ft\",\"item\":\"https:\/\/oud.sparepartsholland.com\/shop\/\"},{\"@type\":\"ListItem\",\"position\":3,\"name\":\"Hydromechanische Lenkhilfe Nachr\u00fcstsatz f\u00fcr IHC CASE 353 423 433 453 483 523 533 553 633\"}]},{\"@type\":\"WebSite\",\"@id\":\"https:\/\/oud.sparepartsholland.com\/#website\",\"url\":\"https:\/\/oud.sparepartsholland.com\/\",\"name\":\"Sparepartsholland\",\"description\":\"\",\"publisher\":{\"@id\":\"https:\/\/oud.sparepartsholland.com\/#organization\"},\"potentialAction\":[{\"@type\":\"SearchAction\",\"target\":{\"@type\":\"EntryPoint\",\"urlTemplate\":\"https:\/\/oud.sparepartsholland.com\/?s={search_term_string}\"},\"query-input\":{\"@type\":\"PropertyValueSpecification\",\"valueRequired\":true,\"valueName\":\"search_term_string\"}}],\"inLanguage\":\"de\"},{\"@type\":\"Organization\",\"@id\":\"https:\/\/oud.sparepartsholland.com\/#organization\",\"name\":\"Spare Parts Holland\",\"url\":\"https:\/\/oud.sparepartsholland.com\/\",\"logo\":{\"@type\":\"ImageObject\",\"inLanguage\":\"de\",\"@id\":\"https:\/\/oud.sparepartsholland.com\/#\/schema\/logo\/image\/\",\"url\":\"https:\/\/oud.sparepartsholland.com\/wp-content\/uploads\/2022\/06\/spareparts-1.png\",\"contentUrl\":\"https:\/\/oud.sparepartsholland.com\/wp-content\/uploads\/2022\/06\/spareparts-1.png\",\"width\":824,\"height\":685,\"caption\":\"Spare Parts Holland\"},\"image\":{\"@id\":\"https:\/\/oud.sparepartsholland.com\/#\/schema\/logo\/image\/\"}}]}<\/script>\n<!-- \/ Yoast SEO plugin. -->","yoast_head_json":{"title":"Hydromechanische Lenkhilfe Nachr\u00fcstsatz f\u00fcr IHC CASE 353 423 433 453 483 523 533 553 633 - Sparepartsholland","description":"Das Hydromechanische Lenkhilfe Nachr\u00fcstsatz enth\u00e4lt alles, was Sie brauchen. Hydromechanische Lenkhilfe Nachr\u00fcstsatz f\u00fcr IHC Schlepper.","robots":{"index":"noindex","follow":"follow","max-snippet":"max-snippet:-1","max-image-preview":"max-image-preview:large","max-video-preview":"max-video-preview:-1"},"og_locale":"de_DE","og_type":"article","og_title":"Hydromechanische Lenkhilfe Nachr\u00fcstsatz f\u00fcr IHC CASE 353 423 433 453 483 523 533 553 633 - Sparepartsholland","og_description":"Das Hydromechanische Lenkhilfe Nachr\u00fcstsatz enth\u00e4lt alles, was Sie brauchen. Hydromechanische Lenkhilfe Nachr\u00fcstsatz f\u00fcr IHC Schlepper.","og_url":"https:\/\/oud.sparepartsholland.com\/produkt\/power-steering-kit-ihc-ihc-case-353-423-433-453-523\/","og_site_name":"Sparepartsholland","article_modified_time":"2025-05-16T18:55:22+00:00","og_image":[{"width":2560,"height":2560,"url":"https:\/\/oud.sparepartsholland.com\/wp-content\/uploads\/2022\/07\/DSCF8844-kopya-scaled-e1698131177475.jpg","type":"image\/jpeg"}],"twitter_card":"summary_large_image","twitter_misc":{"Gesch\u00e4tzte Lesezeit":"1\u00a0Minute"},"schema":{"@context":"https:\/\/schema.org","@graph":[{"@type":["WebPage","ItemPage"],"@id":"https:\/\/oud.sparepartsholland.com\/produkt\/power-steering-kit-ihc-ihc-case-353-423-433-453-523\/","url":"https:\/\/oud.sparepartsholland.com\/produkt\/power-steering-kit-ihc-ihc-case-353-423-433-453-523\/","name":"Hydromechanische Lenkhilfe Nachr\u00fcstsatz f\u00fcr IHC CASE 353 423 433 453 483 523 533 553 633 - Sparepartsholland","isPartOf":{"@id":"https:\/\/oud.sparepartsholland.com\/#website"},"primaryImageOfPage":{"@id":"https:\/\/oud.sparepartsholland.com\/produkt\/power-steering-kit-ihc-ihc-case-353-423-433-453-523\/#primaryimage"},"image":{"@id":"https:\/\/oud.sparepartsholland.com\/produkt\/power-steering-kit-ihc-ihc-case-353-423-433-453-523\/#primaryimage"},"thumbnailUrl":"https:\/\/oud.sparepartsholland.com\/wp-content\/uploads\/2022\/07\/DSCF8844-kopya-scaled-e1698131177475.jpg","datePublished":"2022-07-28T09:28:15+00:00","dateModified":"2025-05-16T18:55:22+00:00","description":"Das Hydromechanische Lenkhilfe Nachr\u00fcstsatz enth\u00e4lt alles, was Sie brauchen. Hydromechanische Lenkhilfe Nachr\u00fcstsatz f\u00fcr IHC Schlepper.","breadcrumb":{"@id":"https:\/\/oud.sparepartsholland.com\/produkt\/power-steering-kit-ihc-ihc-case-353-423-433-453-523\/#breadcrumb"},"inLanguage":"de","potentialAction":[{"@type":"ReadAction","target":["https:\/\/oud.sparepartsholland.com\/produkt\/power-steering-kit-ihc-ihc-case-353-423-433-453-523\/"]}]},{"@type":"ImageObject","inLanguage":"de","@id":"https:\/\/oud.sparepartsholland.com\/produkt\/power-steering-kit-ihc-ihc-case-353-423-433-453-523\/#primaryimage","url":"https:\/\/oud.sparepartsholland.com\/wp-content\/uploads\/2022\/07\/DSCF8844-kopya-scaled-e1698131177475.jpg","contentUrl":"https:\/\/oud.sparepartsholland.com\/wp-content\/uploads\/2022\/07\/DSCF8844-kopya-scaled-e1698131177475.jpg","width":2560,"height":2560},{"@type":"BreadcrumbList","@id":"https:\/\/oud.sparepartsholland.com\/produkt\/power-steering-kit-ihc-ihc-case-353-423-433-453-523\/#breadcrumb","itemListElement":[{"@type":"ListItem","position":1,"name":"Home","item":"https:\/\/oud.sparepartsholland.com\/de\/"},{"@type":"ListItem","position":2,"name":"Gesch\u00e4ft","item":"https:\/\/oud.sparepartsholland.com\/shop\/"},{"@type":"ListItem","position":3,"name":"Hydromechanische Lenkhilfe Nachr\u00fcstsatz f\u00fcr IHC CASE 353 423 433 453 483 523 533 553 633"}]},{"@type":"WebSite","@id":"https:\/\/oud.sparepartsholland.com\/#website","url":"https:\/\/oud.sparepartsholland.com\/","name":"Sparepartsholland","description":"","publisher":{"@id":"https:\/\/oud.sparepartsholland.com\/#organization"},"potentialAction":[{"@type":"SearchAction","target":{"@type":"EntryPoint","urlTemplate":"https:\/\/oud.sparepartsholland.com\/?s={search_term_string}"},"query-input":{"@type":"PropertyValueSpecification","valueRequired":true,"valueName":"search_term_string"}}],"inLanguage":"de"},{"@type":"Organization","@id":"https:\/\/oud.sparepartsholland.com\/#organization","name":"Spare Parts Holland","url":"https:\/\/oud.sparepartsholland.com\/","logo":{"@type":"ImageObject","inLanguage":"de","@id":"https:\/\/oud.sparepartsholland.com\/#\/schema\/logo\/image\/","url":"https:\/\/oud.sparepartsholland.com\/wp-content\/uploads\/2022\/06\/spareparts-1.png","contentUrl":"https:\/\/oud.sparepartsholland.com\/wp-content\/uploads\/2022\/06\/spareparts-1.png","width":824,"height":685,"caption":"Spare Parts Holland"},"image":{"@id":"https:\/\/oud.sparepartsholland.com\/#\/schema\/logo\/image\/"}}]}},"_links":{"self":[{"href":"https:\/\/oud.sparepartsholland.com\/de\/wp-json\/wp\/v2\/product\/5969","targetHints":{"allow":["GET"]}}],"collection":[{"href":"https:\/\/oud.sparepartsholland.com\/de\/wp-json\/wp\/v2\/product"}],"about":[{"href":"https:\/\/oud.sparepartsholland.com\/de\/wp-json\/wp\/v2\/types\/product"}],"wp:featuredmedia":[{"embeddable":true,"href":"https:\/\/oud.sparepartsholland.com\/de\/wp-json\/wp\/v2\/media\/33574"}],"wp:attachment":[{"href":"https:\/\/oud.sparepartsholland.com\/de\/wp-json\/wp\/v2\/media?parent=5969"}],"wp:term":[{"taxonomy":"product_brand","embeddable":true,"href":"https:\/\/oud.sparepartsholland.com\/de\/wp-json\/wp\/v2\/product_brand?post=5969"},{"taxonomy":"product_cat","embeddable":true,"href":"https:\/\/oud.sparepartsholland.com\/de\/wp-json\/wp\/v2\/product_cat?post=5969"},{"taxonomy":"product_tag","embeddable":true,"href":"https:\/\/oud.sparepartsholland.com\/de\/wp-json\/wp\/v2\/product_tag?post=5969"}],"curies":[{"name":"wp","href":"https:\/\/api.w.org\/{rel}","templated":true}]}}