{"id":6073,"date":"2022-07-28T10:12:53","date_gmt":"2022-07-28T09:12:53","guid":{"rendered":"https:\/\/sparepartsholland.com\/product\/case-power-steering-cylinder-234447a1-a37509-case-580b-580c-580d-580e-580se-580e-2wd\/"},"modified":"2023-09-04T13:02:38","modified_gmt":"2023-09-04T12:02:38","slug":"case-power-steering-cylinder-234447a1-a37509-case-580b-580c-580d-580e-580se-580e-2wd","status":"publish","type":"product","link":"https:\/\/oud.sparepartsholland.com\/de\/produkt\/case-power-steering-cylinder-234447a1-a37509-case-580b-580c-580d-580e-580se-580e-2wd\/","title":{"rendered":"D128454 &#8211; Lenkzylinder (2WD) mit Muttern f\u00fcr Case 580E 580C 580S"},"content":{"rendered":"<p><span class=\"a-list-item\">Lenkzylinder f\u00fcr CASE-Maschinen 480B, 480C, 480D, 480E, 580B, 580C, 580D, 580E, 580SE und 586D. <\/span><span class=\"a-list-item\">Dieser Zylinder passt f\u00fcr Maschinen mit Zweiradantrieb.<\/span><\/p>\n<p><span class=\"a-list-item\">Passen direkt zu den CASE-Teilenummern: <\/span><\/p>\n<ul>\n<li><span class=\"a-list-item\">A137503, D84800, D128454, 234466A1 und 234447A1, A37509.<\/span><\/li>\n<li>Passend f\u00fcr Baggerlader Modelle 530CK und 580CK.<\/li>\n<li>Dieser Zylinder funktioniert NICHT bei Allradmaschinen<\/li>\n<\/ul>\n","protected":false},"excerpt":{"rendered":"<ul>\n<li><span class=\"a-list-item\">A137503, D84800, D128454, 234466A1 und 234447A1, A37509.<\/span><\/li>\n<li>Passend f\u00fcr Baggerlader Modelle 530CK und 580CK.<\/li>\n<li>Dieser Zylinder funktioniert NICHT bei Allradmaschinen<\/li>\n<\/ul>\n","protected":false},"featured_media":3004,"template":"","meta":{"inline_featured_image":false},"product_brand":[],"product_cat":[652,653],"product_tag":[],"class_list":{"0":"post-6073","1":"product","2":"type-product","3":"status-publish","4":"has-post-thumbnail","6":"product_cat-servolenkung-zylinder","7":"product_cat-case-ihc-de-2","9":"first","10":"instock","11":"sale","12":"taxable","13":"shipping-taxable","14":"purchasable","15":"product-type-simple"},"yoast_head":"<!-- This site is optimized with the Yoast SEO plugin v25.0 - https:\/\/yoast.com\/wordpress\/plugins\/seo\/ -->\n<title>D128454 - Lenkzylinder (2WD) mit Muttern f\u00fcr Case 580E 580C 580S - Sparepartsholland<\/title>\n<meta name=\"description\" content=\"Lenkzylinder f\u00fcr CASE-Maschinen 480B, 480C, 480D, 480E, 580B, 580C, 580D, 580E, 580SE und 586D. Dieser Zylinder passt f\u00fcr Maschinen mit Zweiradantrieb.\" \/>\n<meta name=\"robots\" content=\"noindex, follow, max-snippet:-1, max-image-preview:large, max-video-preview:-1\" \/>\n<meta property=\"og:locale\" content=\"de_DE\" \/>\n<meta property=\"og:type\" content=\"article\" \/>\n<meta property=\"og:title\" content=\"D128454 - Lenkzylinder (2WD) mit Muttern f\u00fcr Case 580E 580C 580S - Sparepartsholland\" \/>\n<meta property=\"og:description\" content=\"Lenkzylinder f\u00fcr CASE-Maschinen 480B, 480C, 480D, 480E, 580B, 580C, 580D, 580E, 580SE und 586D. Dieser Zylinder passt f\u00fcr Maschinen mit Zweiradantrieb.\" \/>\n<meta property=\"og:url\" content=\"https:\/\/oud.sparepartsholland.com\/produkt\/case-power-steering-cylinder-234447a1-a37509-case-580b-580c-580d-580e-580se-580e-2wd\/\" \/>\n<meta property=\"og:site_name\" content=\"Sparepartsholland\" \/>\n<meta property=\"article:modified_time\" content=\"2023-09-04T12:02:38+00:00\" \/>\n<meta property=\"og:image\" content=\"https:\/\/oud.sparepartsholland.com\/wp-content\/uploads\/2022\/07\/s-l1600-6-8.jpg\" \/>\n\t<meta property=\"og:image:width\" content=\"1024\" \/>\n\t<meta property=\"og:image:height\" content=\"668\" \/>\n\t<meta property=\"og:image:type\" content=\"image\/jpeg\" \/>\n<meta name=\"twitter:card\" content=\"summary_large_image\" \/>\n<meta name=\"twitter:label1\" content=\"Gesch\u00e4tzte Lesezeit\" \/>\n\t<meta name=\"twitter:data1\" content=\"1\u00a0Minute\" \/>\n<script type=\"application\/ld+json\" class=\"yoast-schema-graph\">{\"@context\":\"https:\/\/schema.org\",\"@graph\":[{\"@type\":[\"WebPage\",\"ItemPage\"],\"@id\":\"https:\/\/oud.sparepartsholland.com\/produkt\/case-power-steering-cylinder-234447a1-a37509-case-580b-580c-580d-580e-580se-580e-2wd\/\",\"url\":\"https:\/\/oud.sparepartsholland.com\/produkt\/case-power-steering-cylinder-234447a1-a37509-case-580b-580c-580d-580e-580se-580e-2wd\/\",\"name\":\"D128454 - Lenkzylinder (2WD) mit Muttern f\u00fcr Case 580E 580C 580S - Sparepartsholland\",\"isPartOf\":{\"@id\":\"https:\/\/oud.sparepartsholland.com\/#website\"},\"primaryImageOfPage\":{\"@id\":\"https:\/\/oud.sparepartsholland.com\/produkt\/case-power-steering-cylinder-234447a1-a37509-case-580b-580c-580d-580e-580se-580e-2wd\/#primaryimage\"},\"image\":{\"@id\":\"https:\/\/oud.sparepartsholland.com\/produkt\/case-power-steering-cylinder-234447a1-a37509-case-580b-580c-580d-580e-580se-580e-2wd\/#primaryimage\"},\"thumbnailUrl\":\"https:\/\/oud.sparepartsholland.com\/wp-content\/uploads\/2022\/07\/s-l1600-6-8.jpg\",\"datePublished\":\"2022-07-28T09:12:53+00:00\",\"dateModified\":\"2023-09-04T12:02:38+00:00\",\"description\":\"Lenkzylinder f\u00fcr CASE-Maschinen 480B, 480C, 480D, 480E, 580B, 580C, 580D, 580E, 580SE und 586D. Dieser Zylinder passt f\u00fcr Maschinen mit Zweiradantrieb.\",\"breadcrumb\":{\"@id\":\"https:\/\/oud.sparepartsholland.com\/produkt\/case-power-steering-cylinder-234447a1-a37509-case-580b-580c-580d-580e-580se-580e-2wd\/#breadcrumb\"},\"inLanguage\":\"de\",\"potentialAction\":[{\"@type\":\"ReadAction\",\"target\":[\"https:\/\/oud.sparepartsholland.com\/produkt\/case-power-steering-cylinder-234447a1-a37509-case-580b-580c-580d-580e-580se-580e-2wd\/\"]}]},{\"@type\":\"ImageObject\",\"inLanguage\":\"de\",\"@id\":\"https:\/\/oud.sparepartsholland.com\/produkt\/case-power-steering-cylinder-234447a1-a37509-case-580b-580c-580d-580e-580se-580e-2wd\/#primaryimage\",\"url\":\"https:\/\/oud.sparepartsholland.com\/wp-content\/uploads\/2022\/07\/s-l1600-6-8.jpg\",\"contentUrl\":\"https:\/\/oud.sparepartsholland.com\/wp-content\/uploads\/2022\/07\/s-l1600-6-8.jpg\",\"width\":1024,\"height\":668},{\"@type\":\"BreadcrumbList\",\"@id\":\"https:\/\/oud.sparepartsholland.com\/produkt\/case-power-steering-cylinder-234447a1-a37509-case-580b-580c-580d-580e-580se-580e-2wd\/#breadcrumb\",\"itemListElement\":[{\"@type\":\"ListItem\",\"position\":1,\"name\":\"Home\",\"item\":\"https:\/\/oud.sparepartsholland.com\/de\/\"},{\"@type\":\"ListItem\",\"position\":2,\"name\":\"Gesch\u00e4ft\",\"item\":\"https:\/\/oud.sparepartsholland.com\/shop\/\"},{\"@type\":\"ListItem\",\"position\":3,\"name\":\"D128454 &#8211; Lenkzylinder (2WD) mit Muttern f\u00fcr Case 580E 580C 580S\"}]},{\"@type\":\"WebSite\",\"@id\":\"https:\/\/oud.sparepartsholland.com\/#website\",\"url\":\"https:\/\/oud.sparepartsholland.com\/\",\"name\":\"Sparepartsholland\",\"description\":\"\",\"publisher\":{\"@id\":\"https:\/\/oud.sparepartsholland.com\/#organization\"},\"potentialAction\":[{\"@type\":\"SearchAction\",\"target\":{\"@type\":\"EntryPoint\",\"urlTemplate\":\"https:\/\/oud.sparepartsholland.com\/?s={search_term_string}\"},\"query-input\":{\"@type\":\"PropertyValueSpecification\",\"valueRequired\":true,\"valueName\":\"search_term_string\"}}],\"inLanguage\":\"de\"},{\"@type\":\"Organization\",\"@id\":\"https:\/\/oud.sparepartsholland.com\/#organization\",\"name\":\"Spare Parts Holland\",\"url\":\"https:\/\/oud.sparepartsholland.com\/\",\"logo\":{\"@type\":\"ImageObject\",\"inLanguage\":\"de\",\"@id\":\"https:\/\/oud.sparepartsholland.com\/#\/schema\/logo\/image\/\",\"url\":\"https:\/\/oud.sparepartsholland.com\/wp-content\/uploads\/2022\/06\/spareparts-1.png\",\"contentUrl\":\"https:\/\/oud.sparepartsholland.com\/wp-content\/uploads\/2022\/06\/spareparts-1.png\",\"width\":824,\"height\":685,\"caption\":\"Spare Parts Holland\"},\"image\":{\"@id\":\"https:\/\/oud.sparepartsholland.com\/#\/schema\/logo\/image\/\"}}]}<\/script>\n<!-- \/ Yoast SEO plugin. -->","yoast_head_json":{"title":"D128454 - Lenkzylinder (2WD) mit Muttern f\u00fcr Case 580E 580C 580S - Sparepartsholland","description":"Lenkzylinder f\u00fcr CASE-Maschinen 480B, 480C, 480D, 480E, 580B, 580C, 580D, 580E, 580SE und 586D. Dieser Zylinder passt f\u00fcr Maschinen mit Zweiradantrieb.","robots":{"index":"noindex","follow":"follow","max-snippet":"max-snippet:-1","max-image-preview":"max-image-preview:large","max-video-preview":"max-video-preview:-1"},"og_locale":"de_DE","og_type":"article","og_title":"D128454 - Lenkzylinder (2WD) mit Muttern f\u00fcr Case 580E 580C 580S - Sparepartsholland","og_description":"Lenkzylinder f\u00fcr CASE-Maschinen 480B, 480C, 480D, 480E, 580B, 580C, 580D, 580E, 580SE und 586D. Dieser Zylinder passt f\u00fcr Maschinen mit Zweiradantrieb.","og_url":"https:\/\/oud.sparepartsholland.com\/produkt\/case-power-steering-cylinder-234447a1-a37509-case-580b-580c-580d-580e-580se-580e-2wd\/","og_site_name":"Sparepartsholland","article_modified_time":"2023-09-04T12:02:38+00:00","og_image":[{"width":1024,"height":668,"url":"https:\/\/oud.sparepartsholland.com\/wp-content\/uploads\/2022\/07\/s-l1600-6-8.jpg","type":"image\/jpeg"}],"twitter_card":"summary_large_image","twitter_misc":{"Gesch\u00e4tzte Lesezeit":"1\u00a0Minute"},"schema":{"@context":"https:\/\/schema.org","@graph":[{"@type":["WebPage","ItemPage"],"@id":"https:\/\/oud.sparepartsholland.com\/produkt\/case-power-steering-cylinder-234447a1-a37509-case-580b-580c-580d-580e-580se-580e-2wd\/","url":"https:\/\/oud.sparepartsholland.com\/produkt\/case-power-steering-cylinder-234447a1-a37509-case-580b-580c-580d-580e-580se-580e-2wd\/","name":"D128454 - Lenkzylinder (2WD) mit Muttern f\u00fcr Case 580E 580C 580S - Sparepartsholland","isPartOf":{"@id":"https:\/\/oud.sparepartsholland.com\/#website"},"primaryImageOfPage":{"@id":"https:\/\/oud.sparepartsholland.com\/produkt\/case-power-steering-cylinder-234447a1-a37509-case-580b-580c-580d-580e-580se-580e-2wd\/#primaryimage"},"image":{"@id":"https:\/\/oud.sparepartsholland.com\/produkt\/case-power-steering-cylinder-234447a1-a37509-case-580b-580c-580d-580e-580se-580e-2wd\/#primaryimage"},"thumbnailUrl":"https:\/\/oud.sparepartsholland.com\/wp-content\/uploads\/2022\/07\/s-l1600-6-8.jpg","datePublished":"2022-07-28T09:12:53+00:00","dateModified":"2023-09-04T12:02:38+00:00","description":"Lenkzylinder f\u00fcr CASE-Maschinen 480B, 480C, 480D, 480E, 580B, 580C, 580D, 580E, 580SE und 586D. Dieser Zylinder passt f\u00fcr Maschinen mit Zweiradantrieb.","breadcrumb":{"@id":"https:\/\/oud.sparepartsholland.com\/produkt\/case-power-steering-cylinder-234447a1-a37509-case-580b-580c-580d-580e-580se-580e-2wd\/#breadcrumb"},"inLanguage":"de","potentialAction":[{"@type":"ReadAction","target":["https:\/\/oud.sparepartsholland.com\/produkt\/case-power-steering-cylinder-234447a1-a37509-case-580b-580c-580d-580e-580se-580e-2wd\/"]}]},{"@type":"ImageObject","inLanguage":"de","@id":"https:\/\/oud.sparepartsholland.com\/produkt\/case-power-steering-cylinder-234447a1-a37509-case-580b-580c-580d-580e-580se-580e-2wd\/#primaryimage","url":"https:\/\/oud.sparepartsholland.com\/wp-content\/uploads\/2022\/07\/s-l1600-6-8.jpg","contentUrl":"https:\/\/oud.sparepartsholland.com\/wp-content\/uploads\/2022\/07\/s-l1600-6-8.jpg","width":1024,"height":668},{"@type":"BreadcrumbList","@id":"https:\/\/oud.sparepartsholland.com\/produkt\/case-power-steering-cylinder-234447a1-a37509-case-580b-580c-580d-580e-580se-580e-2wd\/#breadcrumb","itemListElement":[{"@type":"ListItem","position":1,"name":"Home","item":"https:\/\/oud.sparepartsholland.com\/de\/"},{"@type":"ListItem","position":2,"name":"Gesch\u00e4ft","item":"https:\/\/oud.sparepartsholland.com\/shop\/"},{"@type":"ListItem","position":3,"name":"D128454 &#8211; Lenkzylinder (2WD) mit Muttern f\u00fcr Case 580E 580C 580S"}]},{"@type":"WebSite","@id":"https:\/\/oud.sparepartsholland.com\/#website","url":"https:\/\/oud.sparepartsholland.com\/","name":"Sparepartsholland","description":"","publisher":{"@id":"https:\/\/oud.sparepartsholland.com\/#organization"},"potentialAction":[{"@type":"SearchAction","target":{"@type":"EntryPoint","urlTemplate":"https:\/\/oud.sparepartsholland.com\/?s={search_term_string}"},"query-input":{"@type":"PropertyValueSpecification","valueRequired":true,"valueName":"search_term_string"}}],"inLanguage":"de"},{"@type":"Organization","@id":"https:\/\/oud.sparepartsholland.com\/#organization","name":"Spare Parts Holland","url":"https:\/\/oud.sparepartsholland.com\/","logo":{"@type":"ImageObject","inLanguage":"de","@id":"https:\/\/oud.sparepartsholland.com\/#\/schema\/logo\/image\/","url":"https:\/\/oud.sparepartsholland.com\/wp-content\/uploads\/2022\/06\/spareparts-1.png","contentUrl":"https:\/\/oud.sparepartsholland.com\/wp-content\/uploads\/2022\/06\/spareparts-1.png","width":824,"height":685,"caption":"Spare Parts Holland"},"image":{"@id":"https:\/\/oud.sparepartsholland.com\/#\/schema\/logo\/image\/"}}]}},"_links":{"self":[{"href":"https:\/\/oud.sparepartsholland.com\/de\/wp-json\/wp\/v2\/product\/6073","targetHints":{"allow":["GET"]}}],"collection":[{"href":"https:\/\/oud.sparepartsholland.com\/de\/wp-json\/wp\/v2\/product"}],"about":[{"href":"https:\/\/oud.sparepartsholland.com\/de\/wp-json\/wp\/v2\/types\/product"}],"wp:featuredmedia":[{"embeddable":true,"href":"https:\/\/oud.sparepartsholland.com\/de\/wp-json\/wp\/v2\/media\/3004"}],"wp:attachment":[{"href":"https:\/\/oud.sparepartsholland.com\/de\/wp-json\/wp\/v2\/media?parent=6073"}],"wp:term":[{"taxonomy":"product_brand","embeddable":true,"href":"https:\/\/oud.sparepartsholland.com\/de\/wp-json\/wp\/v2\/product_brand?post=6073"},{"taxonomy":"product_cat","embeddable":true,"href":"https:\/\/oud.sparepartsholland.com\/de\/wp-json\/wp\/v2\/product_cat?post=6073"},{"taxonomy":"product_tag","embeddable":true,"href":"https:\/\/oud.sparepartsholland.com\/de\/wp-json\/wp\/v2\/product_tag?post=6073"}],"curies":[{"name":"wp","href":"https:\/\/api.w.org\/{rel}","templated":true}]}}