{"id":6093,"date":"2022-07-28T10:11:36","date_gmt":"2022-07-28T09:11:36","guid":{"rendered":"https:\/\/sparepartsholland.com\/product\/levelling-box-lh-deutz-5206-5506-6006-6206-6806-7206\/"},"modified":"2024-07-29T11:43:02","modified_gmt":"2024-07-29T10:43:02","slug":"levelling-box-lh-deutz-5206-5506-6006-6206-6806-7206","status":"publish","type":"product","link":"https:\/\/oud.sparepartsholland.com\/de\/produkt\/levelling-box-lh-deutz-5206-5506-6006-6206-6806-7206\/","title":{"rendered":"02384369 &#8211; Hubstange Links f\u00fcr Deutz 5206 5506 6006 6206 6806 7206"},"content":{"rendered":"<p><span class=\"a-list-item\">Hubstange komplett links f\u00fcr Dreipunktaufh\u00e4ngung am Deutz Traktor. Passend zu Hubwerk Deutz.<\/span><\/p>\n<ul>\n<li>Ausf\u00fchrung: komplett, links<\/li>\n<li>L\u00e4nge: 520 mm-720 mm, min. max<\/li>\n<li>Gabel hinein: 22mm<\/li>\n<li>Durchmesser: 20 mm<\/li>\n<li>OEM-nummern: <span class=\"a-list-item\">02384369, 03471320, 04315453, 71804878<\/span><\/li>\n<\/ul>\n<p>Passend f\u00fcr die Deutz Traktoren<\/p>\n<ul>\n<li>Serie: 05<br \/>\n5005, 7505U<\/li>\n<li>Serie: 06<br \/>\n5206, 5506, 6006, 6206, 6806, 7206<\/li>\n<\/ul>\n","protected":false},"excerpt":{"rendered":"<ul>\n<li>Ausf\u00fchrung: komplett, links<\/li>\n<li>L\u00e4nge: 520 mm-720 mm, min. max<\/li>\n<li>Gabel hinein: 22mm<\/li>\n<li>Durchmesser: 20 mm<\/li>\n<li>OEM-nummern: <span class=\"a-list-item\">02384369, 03471320, 04315453, 71804878.<\/span><\/li>\n<\/ul>\n","protected":false},"featured_media":2919,"template":"","meta":{"inline_featured_image":false},"product_brand":[],"product_cat":[647,649],"product_tag":[],"class_list":{"0":"post-6093","1":"product","2":"type-product","3":"status-publish","4":"has-post-thumbnail","6":"product_cat-hubstangen","7":"product_cat-deutz-de","9":"first","10":"instock","11":"taxable","12":"shipping-taxable","13":"purchasable","14":"product-type-simple"},"yoast_head":"<!-- This site is optimized with the Yoast SEO plugin v25.0 - https:\/\/yoast.com\/wordpress\/plugins\/seo\/ -->\n<title>02384369 - Hubstange Links f\u00fcr Deutz 5206 5506 6006 6206 6806 7206 - Sparepartsholland<\/title>\n<meta name=\"description\" content=\"Hubstange komplett links f\u00fcr Dreipunktaufh\u00e4ngung am Deutz Traktor. Passend zu Hubwerk Deutz. OEM-nummern: 02384369, 03471320, 04315453, 71804878.\" \/>\n<meta name=\"robots\" content=\"noindex, follow, max-snippet:-1, max-image-preview:large, max-video-preview:-1\" \/>\n<meta property=\"og:locale\" content=\"de_DE\" \/>\n<meta property=\"og:type\" content=\"article\" \/>\n<meta property=\"og:title\" content=\"02384369 - Hubstange Links f\u00fcr Deutz 5206 5506 6006 6206 6806 7206 - Sparepartsholland\" \/>\n<meta property=\"og:description\" content=\"Hubstange komplett links f\u00fcr Dreipunktaufh\u00e4ngung am Deutz Traktor. Passend zu Hubwerk Deutz. OEM-nummern: 02384369, 03471320, 04315453, 71804878.\" \/>\n<meta property=\"og:url\" content=\"https:\/\/oud.sparepartsholland.com\/produkt\/levelling-box-lh-deutz-5206-5506-6006-6206-6806-7206\/\" \/>\n<meta property=\"og:site_name\" content=\"Sparepartsholland\" \/>\n<meta property=\"article:modified_time\" content=\"2024-07-29T10:43:02+00:00\" \/>\n<meta property=\"og:image\" content=\"https:\/\/oud.sparepartsholland.com\/wp-content\/uploads\/2022\/07\/s-l1600-7-5.jpg\" \/>\n\t<meta property=\"og:image:width\" content=\"1500\" \/>\n\t<meta property=\"og:image:height\" content=\"1500\" \/>\n\t<meta property=\"og:image:type\" content=\"image\/jpeg\" \/>\n<meta name=\"twitter:card\" content=\"summary_large_image\" \/>\n<meta name=\"twitter:label1\" content=\"Gesch\u00e4tzte Lesezeit\" \/>\n\t<meta name=\"twitter:data1\" content=\"1\u00a0Minute\" \/>\n<script type=\"application\/ld+json\" class=\"yoast-schema-graph\">{\"@context\":\"https:\/\/schema.org\",\"@graph\":[{\"@type\":[\"WebPage\",\"ItemPage\"],\"@id\":\"https:\/\/oud.sparepartsholland.com\/produkt\/levelling-box-lh-deutz-5206-5506-6006-6206-6806-7206\/\",\"url\":\"https:\/\/oud.sparepartsholland.com\/produkt\/levelling-box-lh-deutz-5206-5506-6006-6206-6806-7206\/\",\"name\":\"02384369 - Hubstange Links f\u00fcr Deutz 5206 5506 6006 6206 6806 7206 - Sparepartsholland\",\"isPartOf\":{\"@id\":\"https:\/\/oud.sparepartsholland.com\/#website\"},\"primaryImageOfPage\":{\"@id\":\"https:\/\/oud.sparepartsholland.com\/produkt\/levelling-box-lh-deutz-5206-5506-6006-6206-6806-7206\/#primaryimage\"},\"image\":{\"@id\":\"https:\/\/oud.sparepartsholland.com\/produkt\/levelling-box-lh-deutz-5206-5506-6006-6206-6806-7206\/#primaryimage\"},\"thumbnailUrl\":\"https:\/\/oud.sparepartsholland.com\/wp-content\/uploads\/2022\/07\/s-l1600-7-5.jpg\",\"datePublished\":\"2022-07-28T09:11:36+00:00\",\"dateModified\":\"2024-07-29T10:43:02+00:00\",\"description\":\"Hubstange komplett links f\u00fcr Dreipunktaufh\u00e4ngung am Deutz Traktor. Passend zu Hubwerk Deutz. OEM-nummern: 02384369, 03471320, 04315453, 71804878.\",\"breadcrumb\":{\"@id\":\"https:\/\/oud.sparepartsholland.com\/produkt\/levelling-box-lh-deutz-5206-5506-6006-6206-6806-7206\/#breadcrumb\"},\"inLanguage\":\"de\",\"potentialAction\":[{\"@type\":\"ReadAction\",\"target\":[\"https:\/\/oud.sparepartsholland.com\/produkt\/levelling-box-lh-deutz-5206-5506-6006-6206-6806-7206\/\"]}]},{\"@type\":\"ImageObject\",\"inLanguage\":\"de\",\"@id\":\"https:\/\/oud.sparepartsholland.com\/produkt\/levelling-box-lh-deutz-5206-5506-6006-6206-6806-7206\/#primaryimage\",\"url\":\"https:\/\/oud.sparepartsholland.com\/wp-content\/uploads\/2022\/07\/s-l1600-7-5.jpg\",\"contentUrl\":\"https:\/\/oud.sparepartsholland.com\/wp-content\/uploads\/2022\/07\/s-l1600-7-5.jpg\",\"width\":1500,\"height\":1500},{\"@type\":\"BreadcrumbList\",\"@id\":\"https:\/\/oud.sparepartsholland.com\/produkt\/levelling-box-lh-deutz-5206-5506-6006-6206-6806-7206\/#breadcrumb\",\"itemListElement\":[{\"@type\":\"ListItem\",\"position\":1,\"name\":\"Home\",\"item\":\"https:\/\/oud.sparepartsholland.com\/de\/\"},{\"@type\":\"ListItem\",\"position\":2,\"name\":\"Gesch\u00e4ft\",\"item\":\"https:\/\/oud.sparepartsholland.com\/shop\/\"},{\"@type\":\"ListItem\",\"position\":3,\"name\":\"02384369 &#8211; Hubstange Links f\u00fcr Deutz 5206 5506 6006 6206 6806 7206\"}]},{\"@type\":\"WebSite\",\"@id\":\"https:\/\/oud.sparepartsholland.com\/#website\",\"url\":\"https:\/\/oud.sparepartsholland.com\/\",\"name\":\"Sparepartsholland\",\"description\":\"\",\"publisher\":{\"@id\":\"https:\/\/oud.sparepartsholland.com\/#organization\"},\"potentialAction\":[{\"@type\":\"SearchAction\",\"target\":{\"@type\":\"EntryPoint\",\"urlTemplate\":\"https:\/\/oud.sparepartsholland.com\/?s={search_term_string}\"},\"query-input\":{\"@type\":\"PropertyValueSpecification\",\"valueRequired\":true,\"valueName\":\"search_term_string\"}}],\"inLanguage\":\"de\"},{\"@type\":\"Organization\",\"@id\":\"https:\/\/oud.sparepartsholland.com\/#organization\",\"name\":\"Spare Parts Holland\",\"url\":\"https:\/\/oud.sparepartsholland.com\/\",\"logo\":{\"@type\":\"ImageObject\",\"inLanguage\":\"de\",\"@id\":\"https:\/\/oud.sparepartsholland.com\/#\/schema\/logo\/image\/\",\"url\":\"https:\/\/oud.sparepartsholland.com\/wp-content\/uploads\/2022\/06\/spareparts-1.png\",\"contentUrl\":\"https:\/\/oud.sparepartsholland.com\/wp-content\/uploads\/2022\/06\/spareparts-1.png\",\"width\":824,\"height\":685,\"caption\":\"Spare Parts Holland\"},\"image\":{\"@id\":\"https:\/\/oud.sparepartsholland.com\/#\/schema\/logo\/image\/\"}}]}<\/script>\n<!-- \/ Yoast SEO plugin. -->","yoast_head_json":{"title":"02384369 - Hubstange Links f\u00fcr Deutz 5206 5506 6006 6206 6806 7206 - Sparepartsholland","description":"Hubstange komplett links f\u00fcr Dreipunktaufh\u00e4ngung am Deutz Traktor. Passend zu Hubwerk Deutz. OEM-nummern: 02384369, 03471320, 04315453, 71804878.","robots":{"index":"noindex","follow":"follow","max-snippet":"max-snippet:-1","max-image-preview":"max-image-preview:large","max-video-preview":"max-video-preview:-1"},"og_locale":"de_DE","og_type":"article","og_title":"02384369 - Hubstange Links f\u00fcr Deutz 5206 5506 6006 6206 6806 7206 - Sparepartsholland","og_description":"Hubstange komplett links f\u00fcr Dreipunktaufh\u00e4ngung am Deutz Traktor. Passend zu Hubwerk Deutz. OEM-nummern: 02384369, 03471320, 04315453, 71804878.","og_url":"https:\/\/oud.sparepartsholland.com\/produkt\/levelling-box-lh-deutz-5206-5506-6006-6206-6806-7206\/","og_site_name":"Sparepartsholland","article_modified_time":"2024-07-29T10:43:02+00:00","og_image":[{"width":1500,"height":1500,"url":"https:\/\/oud.sparepartsholland.com\/wp-content\/uploads\/2022\/07\/s-l1600-7-5.jpg","type":"image\/jpeg"}],"twitter_card":"summary_large_image","twitter_misc":{"Gesch\u00e4tzte Lesezeit":"1\u00a0Minute"},"schema":{"@context":"https:\/\/schema.org","@graph":[{"@type":["WebPage","ItemPage"],"@id":"https:\/\/oud.sparepartsholland.com\/produkt\/levelling-box-lh-deutz-5206-5506-6006-6206-6806-7206\/","url":"https:\/\/oud.sparepartsholland.com\/produkt\/levelling-box-lh-deutz-5206-5506-6006-6206-6806-7206\/","name":"02384369 - Hubstange Links f\u00fcr Deutz 5206 5506 6006 6206 6806 7206 - Sparepartsholland","isPartOf":{"@id":"https:\/\/oud.sparepartsholland.com\/#website"},"primaryImageOfPage":{"@id":"https:\/\/oud.sparepartsholland.com\/produkt\/levelling-box-lh-deutz-5206-5506-6006-6206-6806-7206\/#primaryimage"},"image":{"@id":"https:\/\/oud.sparepartsholland.com\/produkt\/levelling-box-lh-deutz-5206-5506-6006-6206-6806-7206\/#primaryimage"},"thumbnailUrl":"https:\/\/oud.sparepartsholland.com\/wp-content\/uploads\/2022\/07\/s-l1600-7-5.jpg","datePublished":"2022-07-28T09:11:36+00:00","dateModified":"2024-07-29T10:43:02+00:00","description":"Hubstange komplett links f\u00fcr Dreipunktaufh\u00e4ngung am Deutz Traktor. Passend zu Hubwerk Deutz. OEM-nummern: 02384369, 03471320, 04315453, 71804878.","breadcrumb":{"@id":"https:\/\/oud.sparepartsholland.com\/produkt\/levelling-box-lh-deutz-5206-5506-6006-6206-6806-7206\/#breadcrumb"},"inLanguage":"de","potentialAction":[{"@type":"ReadAction","target":["https:\/\/oud.sparepartsholland.com\/produkt\/levelling-box-lh-deutz-5206-5506-6006-6206-6806-7206\/"]}]},{"@type":"ImageObject","inLanguage":"de","@id":"https:\/\/oud.sparepartsholland.com\/produkt\/levelling-box-lh-deutz-5206-5506-6006-6206-6806-7206\/#primaryimage","url":"https:\/\/oud.sparepartsholland.com\/wp-content\/uploads\/2022\/07\/s-l1600-7-5.jpg","contentUrl":"https:\/\/oud.sparepartsholland.com\/wp-content\/uploads\/2022\/07\/s-l1600-7-5.jpg","width":1500,"height":1500},{"@type":"BreadcrumbList","@id":"https:\/\/oud.sparepartsholland.com\/produkt\/levelling-box-lh-deutz-5206-5506-6006-6206-6806-7206\/#breadcrumb","itemListElement":[{"@type":"ListItem","position":1,"name":"Home","item":"https:\/\/oud.sparepartsholland.com\/de\/"},{"@type":"ListItem","position":2,"name":"Gesch\u00e4ft","item":"https:\/\/oud.sparepartsholland.com\/shop\/"},{"@type":"ListItem","position":3,"name":"02384369 &#8211; Hubstange Links f\u00fcr Deutz 5206 5506 6006 6206 6806 7206"}]},{"@type":"WebSite","@id":"https:\/\/oud.sparepartsholland.com\/#website","url":"https:\/\/oud.sparepartsholland.com\/","name":"Sparepartsholland","description":"","publisher":{"@id":"https:\/\/oud.sparepartsholland.com\/#organization"},"potentialAction":[{"@type":"SearchAction","target":{"@type":"EntryPoint","urlTemplate":"https:\/\/oud.sparepartsholland.com\/?s={search_term_string}"},"query-input":{"@type":"PropertyValueSpecification","valueRequired":true,"valueName":"search_term_string"}}],"inLanguage":"de"},{"@type":"Organization","@id":"https:\/\/oud.sparepartsholland.com\/#organization","name":"Spare Parts Holland","url":"https:\/\/oud.sparepartsholland.com\/","logo":{"@type":"ImageObject","inLanguage":"de","@id":"https:\/\/oud.sparepartsholland.com\/#\/schema\/logo\/image\/","url":"https:\/\/oud.sparepartsholland.com\/wp-content\/uploads\/2022\/06\/spareparts-1.png","contentUrl":"https:\/\/oud.sparepartsholland.com\/wp-content\/uploads\/2022\/06\/spareparts-1.png","width":824,"height":685,"caption":"Spare Parts Holland"},"image":{"@id":"https:\/\/oud.sparepartsholland.com\/#\/schema\/logo\/image\/"}}]}},"_links":{"self":[{"href":"https:\/\/oud.sparepartsholland.com\/de\/wp-json\/wp\/v2\/product\/6093","targetHints":{"allow":["GET"]}}],"collection":[{"href":"https:\/\/oud.sparepartsholland.com\/de\/wp-json\/wp\/v2\/product"}],"about":[{"href":"https:\/\/oud.sparepartsholland.com\/de\/wp-json\/wp\/v2\/types\/product"}],"wp:featuredmedia":[{"embeddable":true,"href":"https:\/\/oud.sparepartsholland.com\/de\/wp-json\/wp\/v2\/media\/2919"}],"wp:attachment":[{"href":"https:\/\/oud.sparepartsholland.com\/de\/wp-json\/wp\/v2\/media?parent=6093"}],"wp:term":[{"taxonomy":"product_brand","embeddable":true,"href":"https:\/\/oud.sparepartsholland.com\/de\/wp-json\/wp\/v2\/product_brand?post=6093"},{"taxonomy":"product_cat","embeddable":true,"href":"https:\/\/oud.sparepartsholland.com\/de\/wp-json\/wp\/v2\/product_cat?post=6093"},{"taxonomy":"product_tag","embeddable":true,"href":"https:\/\/oud.sparepartsholland.com\/de\/wp-json\/wp\/v2\/product_tag?post=6093"}],"curies":[{"name":"wp","href":"https:\/\/api.w.org\/{rel}","templated":true}]}}