{"id":6099,"date":"2022-07-28T10:10:57","date_gmt":"2022-07-28T09:10:57","guid":{"rendered":"https:\/\/sparepartsholland.com\/product\/hydraulic-toplink-cat-2-2-720%e2%86%921120mm-400mm-stroke\/"},"modified":"2025-05-23T13:39:18","modified_gmt":"2025-05-23T12:39:18","slug":"hydraulic-toplink-cat-2-2-720%e2%86%921120mm-400mm-stroke","status":"publish","type":"product","link":"https:\/\/oud.sparepartsholland.com\/de\/produkt\/hydraulic-toplink-cat-2-2-720%e2%86%921120mm-400mm-stroke\/","title":{"rendered":"Hydraulischer Oberlenker Kat. 2-2 (720 &#8211; 1120 mm) mit Fanghaken, Sperrblock und 2 Schl\u00e4uchen"},"content":{"rendered":"<p>Der von uns angebotene Hydraulik-Oberlenker ersetzt den vorhandenen Oberlenker am Traktor und erleichtert Ihnen die t\u00e4gliche Arbeit. Daf\u00fcr ist ein doppelt wirkendes Regelventil am Traktor notwendig &#8211; eine unschlagbare Kombination in Kombination mit dem integrierten Sperrblock*. *<\/p>\n<p>Bei der Einstellung des Oberlenkers ist es sehr wichtig, dass die angepasste Position auch nach l\u00e4ngerer Zeit beibehalten wird. Dies ist bei Oberlenkern ohne Sperrblock kaum m\u00f6glich, da die Steuerger\u00e4te der Traktoren nicht so fest verriegeln. Dieser Oberlenker ist somit mit einem Sperrblock ausgestattet. Bei diesem Ventil wird das \u00d6l durch ein R\u00fcckschlagventil im Zylinder eingeschlossen. Erst wenn der \u00d6ldruck vom Traktor wieder entsteht, \u00f6ffnet sich das Ventil und der Zylinder kann eingestellt werden.<\/p>\n<ul>\n<li>Hochwertig und Verarbeitung und lackiert<\/li>\n<li>Inkl. Sperrblock<\/li>\n<li>2 x Hydraulikanschluss<\/li>\n<li>Lieferung erfolgt komplett montiert<\/li>\n<\/ul>\n<p><strong>Technische Daten: <\/strong><\/p>\n<ul>\n<li>Hydraulischer Anschluss: 3\/8&#8243;<\/li>\n<li>E: 720-1120mm<\/li>\n<li>A: 63mm<\/li>\n<li>B: 75mm<\/li>\n<li>C: 35mm<\/li>\n<li>M: 75mm<\/li>\n<li>L: 25,4mm<\/li>\n<li>N: 51mm<\/li>\n<li>F: 65mm<\/li>\n<li>D: 400mm (Hub)<\/li>\n<li>Hydraulikdruck: max. 200 bar<\/li>\n<li>Schubkraft: 6850 kg<\/li>\n<li>Zugkraft: 3950 kg<\/li>\n<li>Gewicht: ca. 17,45 kg<\/li>\n<\/ul>\n<p>2 x Hydraulikschlauch mit St\u00f6psel und Staubschutz<\/p>\n<ul>\n<li>Anschluss: 12-L Schottgr\u00f6\u00dfe 3 (\u00fcbliche Kupplungsanschluss) 18-1,5 SW22 Nippel + \u00dcberwurfschlauchbezeichnung<\/li>\n<li>Blue Flex SAE 100 3 \/8 R2 AT DIN EN 853 2SN DN10 W.P.330<\/li>\n<li>Betriebsdruck: 180 bar<\/li>\n<li>L\u00e4nge: 75 cm<\/li>\n<\/ul>\n","protected":false},"excerpt":{"rendered":"<ul>\n<li>Hochwertig und Verarbeitung und lackiert<\/li>\n<li>Inkl. Sperrblock<\/li>\n<li>2 x Hydraulikanschluss<\/li>\n<li>Lieferung erfolgt komplett montiert<\/li>\n<\/ul>\n","protected":false},"featured_media":28792,"template":"","meta":{"inline_featured_image":false},"product_brand":[],"product_cat":[641,645],"product_tag":[],"class_list":{"0":"post-6099","1":"product","2":"type-product","3":"status-publish","4":"has-post-thumbnail","6":"product_cat-hydraulische-oberlenker","7":"product_cat-unterlenker-fanghaken-kat-2","9":"first","10":"instock","11":"taxable","12":"shipping-taxable","13":"purchasable","14":"product-type-simple"},"yoast_head":"<!-- This site is optimized with the Yoast SEO plugin v25.0 - https:\/\/yoast.com\/wordpress\/plugins\/seo\/ -->\n<title>Hydraulischer Oberlenker Kat. 2-2 (720 - 1120 mm) mit Fanghaken, Sperrblock und 2 Schl\u00e4uchen - Sparepartsholland<\/title>\n<meta name=\"description\" content=\"Der von uns angebotene Hydraulik-Oberlenker ersetzt den vorhandenen Oberlenker am Traktor und erleichtert Ihnen die t\u00e4gliche Arbeit.\" \/>\n<meta name=\"robots\" content=\"noindex, follow, max-snippet:-1, max-image-preview:large, max-video-preview:-1\" \/>\n<meta property=\"og:locale\" content=\"de_DE\" \/>\n<meta property=\"og:type\" content=\"article\" \/>\n<meta property=\"og:title\" content=\"Hydraulischer Oberlenker Kat. 2-2 (720 - 1120 mm) mit Fanghaken, Sperrblock und 2 Schl\u00e4uchen - Sparepartsholland\" \/>\n<meta property=\"og:description\" content=\"Der von uns angebotene Hydraulik-Oberlenker ersetzt den vorhandenen Oberlenker am Traktor und erleichtert Ihnen die t\u00e4gliche Arbeit.\" \/>\n<meta property=\"og:url\" content=\"https:\/\/oud.sparepartsholland.com\/produkt\/hydraulic-toplink-cat-2-2-720\u21921120mm-400mm-stroke\/\" \/>\n<meta property=\"og:site_name\" content=\"Sparepartsholland\" \/>\n<meta property=\"article:modified_time\" content=\"2025-05-23T12:39:18+00:00\" \/>\n<meta property=\"og:image\" content=\"https:\/\/oud.sparepartsholland.com\/wp-content\/uploads\/2022\/07\/2-6-scaled.jpg\" \/>\n\t<meta property=\"og:image:width\" content=\"2560\" \/>\n\t<meta property=\"og:image:height\" content=\"2560\" \/>\n\t<meta property=\"og:image:type\" content=\"image\/jpeg\" \/>\n<meta name=\"twitter:card\" content=\"summary_large_image\" \/>\n<meta name=\"twitter:label1\" content=\"Gesch\u00e4tzte Lesezeit\" \/>\n\t<meta name=\"twitter:data1\" content=\"1\u00a0Minute\" \/>\n<script type=\"application\/ld+json\" class=\"yoast-schema-graph\">{\"@context\":\"https:\/\/schema.org\",\"@graph\":[{\"@type\":[\"WebPage\",\"ItemPage\"],\"@id\":\"https:\/\/oud.sparepartsholland.com\/produkt\/hydraulic-toplink-cat-2-2-720%e2%86%921120mm-400mm-stroke\/\",\"url\":\"https:\/\/oud.sparepartsholland.com\/produkt\/hydraulic-toplink-cat-2-2-720%e2%86%921120mm-400mm-stroke\/\",\"name\":\"Hydraulischer Oberlenker Kat. 2-2 (720 - 1120 mm) mit Fanghaken, Sperrblock und 2 Schl\u00e4uchen - Sparepartsholland\",\"isPartOf\":{\"@id\":\"https:\/\/oud.sparepartsholland.com\/#website\"},\"primaryImageOfPage\":{\"@id\":\"https:\/\/oud.sparepartsholland.com\/produkt\/hydraulic-toplink-cat-2-2-720%e2%86%921120mm-400mm-stroke\/#primaryimage\"},\"image\":{\"@id\":\"https:\/\/oud.sparepartsholland.com\/produkt\/hydraulic-toplink-cat-2-2-720%e2%86%921120mm-400mm-stroke\/#primaryimage\"},\"thumbnailUrl\":\"https:\/\/oud.sparepartsholland.com\/wp-content\/uploads\/2022\/07\/2-6-scaled.jpg\",\"datePublished\":\"2022-07-28T09:10:57+00:00\",\"dateModified\":\"2025-05-23T12:39:18+00:00\",\"description\":\"Der von uns angebotene Hydraulik-Oberlenker ersetzt den vorhandenen Oberlenker am Traktor und erleichtert Ihnen die t\u00e4gliche Arbeit.\",\"breadcrumb\":{\"@id\":\"https:\/\/oud.sparepartsholland.com\/produkt\/hydraulic-toplink-cat-2-2-720%e2%86%921120mm-400mm-stroke\/#breadcrumb\"},\"inLanguage\":\"de\",\"potentialAction\":[{\"@type\":\"ReadAction\",\"target\":[\"https:\/\/oud.sparepartsholland.com\/produkt\/hydraulic-toplink-cat-2-2-720%e2%86%921120mm-400mm-stroke\/\"]}]},{\"@type\":\"ImageObject\",\"inLanguage\":\"de\",\"@id\":\"https:\/\/oud.sparepartsholland.com\/produkt\/hydraulic-toplink-cat-2-2-720%e2%86%921120mm-400mm-stroke\/#primaryimage\",\"url\":\"https:\/\/oud.sparepartsholland.com\/wp-content\/uploads\/2022\/07\/2-6-scaled.jpg\",\"contentUrl\":\"https:\/\/oud.sparepartsholland.com\/wp-content\/uploads\/2022\/07\/2-6-scaled.jpg\",\"width\":2560,\"height\":2560},{\"@type\":\"BreadcrumbList\",\"@id\":\"https:\/\/oud.sparepartsholland.com\/produkt\/hydraulic-toplink-cat-2-2-720%e2%86%921120mm-400mm-stroke\/#breadcrumb\",\"itemListElement\":[{\"@type\":\"ListItem\",\"position\":1,\"name\":\"Home\",\"item\":\"https:\/\/oud.sparepartsholland.com\/de\/\"},{\"@type\":\"ListItem\",\"position\":2,\"name\":\"Gesch\u00e4ft\",\"item\":\"https:\/\/oud.sparepartsholland.com\/shop\/\"},{\"@type\":\"ListItem\",\"position\":3,\"name\":\"Hydraulischer Oberlenker Kat. 2-2 (720 &#8211; 1120 mm) mit Fanghaken, Sperrblock und 2 Schl\u00e4uchen\"}]},{\"@type\":\"WebSite\",\"@id\":\"https:\/\/oud.sparepartsholland.com\/#website\",\"url\":\"https:\/\/oud.sparepartsholland.com\/\",\"name\":\"Sparepartsholland\",\"description\":\"\",\"publisher\":{\"@id\":\"https:\/\/oud.sparepartsholland.com\/#organization\"},\"potentialAction\":[{\"@type\":\"SearchAction\",\"target\":{\"@type\":\"EntryPoint\",\"urlTemplate\":\"https:\/\/oud.sparepartsholland.com\/?s={search_term_string}\"},\"query-input\":{\"@type\":\"PropertyValueSpecification\",\"valueRequired\":true,\"valueName\":\"search_term_string\"}}],\"inLanguage\":\"de\"},{\"@type\":\"Organization\",\"@id\":\"https:\/\/oud.sparepartsholland.com\/#organization\",\"name\":\"Spare Parts Holland\",\"url\":\"https:\/\/oud.sparepartsholland.com\/\",\"logo\":{\"@type\":\"ImageObject\",\"inLanguage\":\"de\",\"@id\":\"https:\/\/oud.sparepartsholland.com\/#\/schema\/logo\/image\/\",\"url\":\"https:\/\/oud.sparepartsholland.com\/wp-content\/uploads\/2022\/06\/spareparts-1.png\",\"contentUrl\":\"https:\/\/oud.sparepartsholland.com\/wp-content\/uploads\/2022\/06\/spareparts-1.png\",\"width\":824,\"height\":685,\"caption\":\"Spare Parts Holland\"},\"image\":{\"@id\":\"https:\/\/oud.sparepartsholland.com\/#\/schema\/logo\/image\/\"}}]}<\/script>\n<!-- \/ Yoast SEO plugin. -->","yoast_head_json":{"title":"Hydraulischer Oberlenker Kat. 2-2 (720 - 1120 mm) mit Fanghaken, Sperrblock und 2 Schl\u00e4uchen - Sparepartsholland","description":"Der von uns angebotene Hydraulik-Oberlenker ersetzt den vorhandenen Oberlenker am Traktor und erleichtert Ihnen die t\u00e4gliche Arbeit.","robots":{"index":"noindex","follow":"follow","max-snippet":"max-snippet:-1","max-image-preview":"max-image-preview:large","max-video-preview":"max-video-preview:-1"},"og_locale":"de_DE","og_type":"article","og_title":"Hydraulischer Oberlenker Kat. 2-2 (720 - 1120 mm) mit Fanghaken, Sperrblock und 2 Schl\u00e4uchen - Sparepartsholland","og_description":"Der von uns angebotene Hydraulik-Oberlenker ersetzt den vorhandenen Oberlenker am Traktor und erleichtert Ihnen die t\u00e4gliche Arbeit.","og_url":"https:\/\/oud.sparepartsholland.com\/produkt\/hydraulic-toplink-cat-2-2-720\u21921120mm-400mm-stroke\/","og_site_name":"Sparepartsholland","article_modified_time":"2025-05-23T12:39:18+00:00","og_image":[{"width":2560,"height":2560,"url":"https:\/\/oud.sparepartsholland.com\/wp-content\/uploads\/2022\/07\/2-6-scaled.jpg","type":"image\/jpeg"}],"twitter_card":"summary_large_image","twitter_misc":{"Gesch\u00e4tzte Lesezeit":"1\u00a0Minute"},"schema":{"@context":"https:\/\/schema.org","@graph":[{"@type":["WebPage","ItemPage"],"@id":"https:\/\/oud.sparepartsholland.com\/produkt\/hydraulic-toplink-cat-2-2-720%e2%86%921120mm-400mm-stroke\/","url":"https:\/\/oud.sparepartsholland.com\/produkt\/hydraulic-toplink-cat-2-2-720%e2%86%921120mm-400mm-stroke\/","name":"Hydraulischer Oberlenker Kat. 2-2 (720 - 1120 mm) mit Fanghaken, Sperrblock und 2 Schl\u00e4uchen - Sparepartsholland","isPartOf":{"@id":"https:\/\/oud.sparepartsholland.com\/#website"},"primaryImageOfPage":{"@id":"https:\/\/oud.sparepartsholland.com\/produkt\/hydraulic-toplink-cat-2-2-720%e2%86%921120mm-400mm-stroke\/#primaryimage"},"image":{"@id":"https:\/\/oud.sparepartsholland.com\/produkt\/hydraulic-toplink-cat-2-2-720%e2%86%921120mm-400mm-stroke\/#primaryimage"},"thumbnailUrl":"https:\/\/oud.sparepartsholland.com\/wp-content\/uploads\/2022\/07\/2-6-scaled.jpg","datePublished":"2022-07-28T09:10:57+00:00","dateModified":"2025-05-23T12:39:18+00:00","description":"Der von uns angebotene Hydraulik-Oberlenker ersetzt den vorhandenen Oberlenker am Traktor und erleichtert Ihnen die t\u00e4gliche Arbeit.","breadcrumb":{"@id":"https:\/\/oud.sparepartsholland.com\/produkt\/hydraulic-toplink-cat-2-2-720%e2%86%921120mm-400mm-stroke\/#breadcrumb"},"inLanguage":"de","potentialAction":[{"@type":"ReadAction","target":["https:\/\/oud.sparepartsholland.com\/produkt\/hydraulic-toplink-cat-2-2-720%e2%86%921120mm-400mm-stroke\/"]}]},{"@type":"ImageObject","inLanguage":"de","@id":"https:\/\/oud.sparepartsholland.com\/produkt\/hydraulic-toplink-cat-2-2-720%e2%86%921120mm-400mm-stroke\/#primaryimage","url":"https:\/\/oud.sparepartsholland.com\/wp-content\/uploads\/2022\/07\/2-6-scaled.jpg","contentUrl":"https:\/\/oud.sparepartsholland.com\/wp-content\/uploads\/2022\/07\/2-6-scaled.jpg","width":2560,"height":2560},{"@type":"BreadcrumbList","@id":"https:\/\/oud.sparepartsholland.com\/produkt\/hydraulic-toplink-cat-2-2-720%e2%86%921120mm-400mm-stroke\/#breadcrumb","itemListElement":[{"@type":"ListItem","position":1,"name":"Home","item":"https:\/\/oud.sparepartsholland.com\/de\/"},{"@type":"ListItem","position":2,"name":"Gesch\u00e4ft","item":"https:\/\/oud.sparepartsholland.com\/shop\/"},{"@type":"ListItem","position":3,"name":"Hydraulischer Oberlenker Kat. 2-2 (720 &#8211; 1120 mm) mit Fanghaken, Sperrblock und 2 Schl\u00e4uchen"}]},{"@type":"WebSite","@id":"https:\/\/oud.sparepartsholland.com\/#website","url":"https:\/\/oud.sparepartsholland.com\/","name":"Sparepartsholland","description":"","publisher":{"@id":"https:\/\/oud.sparepartsholland.com\/#organization"},"potentialAction":[{"@type":"SearchAction","target":{"@type":"EntryPoint","urlTemplate":"https:\/\/oud.sparepartsholland.com\/?s={search_term_string}"},"query-input":{"@type":"PropertyValueSpecification","valueRequired":true,"valueName":"search_term_string"}}],"inLanguage":"de"},{"@type":"Organization","@id":"https:\/\/oud.sparepartsholland.com\/#organization","name":"Spare Parts Holland","url":"https:\/\/oud.sparepartsholland.com\/","logo":{"@type":"ImageObject","inLanguage":"de","@id":"https:\/\/oud.sparepartsholland.com\/#\/schema\/logo\/image\/","url":"https:\/\/oud.sparepartsholland.com\/wp-content\/uploads\/2022\/06\/spareparts-1.png","contentUrl":"https:\/\/oud.sparepartsholland.com\/wp-content\/uploads\/2022\/06\/spareparts-1.png","width":824,"height":685,"caption":"Spare Parts Holland"},"image":{"@id":"https:\/\/oud.sparepartsholland.com\/#\/schema\/logo\/image\/"}}]}},"_links":{"self":[{"href":"https:\/\/oud.sparepartsholland.com\/de\/wp-json\/wp\/v2\/product\/6099","targetHints":{"allow":["GET"]}}],"collection":[{"href":"https:\/\/oud.sparepartsholland.com\/de\/wp-json\/wp\/v2\/product"}],"about":[{"href":"https:\/\/oud.sparepartsholland.com\/de\/wp-json\/wp\/v2\/types\/product"}],"wp:featuredmedia":[{"embeddable":true,"href":"https:\/\/oud.sparepartsholland.com\/de\/wp-json\/wp\/v2\/media\/28792"}],"wp:attachment":[{"href":"https:\/\/oud.sparepartsholland.com\/de\/wp-json\/wp\/v2\/media?parent=6099"}],"wp:term":[{"taxonomy":"product_brand","embeddable":true,"href":"https:\/\/oud.sparepartsholland.com\/de\/wp-json\/wp\/v2\/product_brand?post=6099"},{"taxonomy":"product_cat","embeddable":true,"href":"https:\/\/oud.sparepartsholland.com\/de\/wp-json\/wp\/v2\/product_cat?post=6099"},{"taxonomy":"product_tag","embeddable":true,"href":"https:\/\/oud.sparepartsholland.com\/de\/wp-json\/wp\/v2\/product_tag?post=6099"}],"curies":[{"name":"wp","href":"https:\/\/api.w.org\/{rel}","templated":true}]}}