{"id":6249,"date":"2022-07-28T09:57:34","date_gmt":"2022-07-28T08:57:34","guid":{"rendered":"https:\/\/sparepartsholland.com\/product\/rear-hydraulic-remote-kit-massey-ferguson-mf-4-control-3-point-linkage\/"},"modified":"2024-04-26T11:11:48","modified_gmt":"2024-04-26T10:11:48","slug":"rear-hydraulic-remote-kit-massey-ferguson-mf-4-control-3-point-linkage","status":"publish","type":"product","link":"https:\/\/oud.sparepartsholland.com\/de\/produkt\/rear-hydraulic-remote-kit-massey-ferguson-mf-4-control-3-point-linkage\/","title":{"rendered":"Steuerger\u00e4t f\u00fcr Massey Ferguson (+Steuerung 3-Punkt-Gest\u00e4nge)"},"content":{"rendered":"<p><span class=\"a-list-item\">Hydraulisches Steuerger\u00e4t f\u00fcr Massey Ferguson MF 4 (+Steuerung 3-Punkt-Gest\u00e4nge).<\/span><\/p>\n<ul>\n<li><span class=\"a-list-item\">Inklusive Schlauch und Schnellkupplungen und Spangen<\/span><\/li>\n<\/ul>\n<p><span class=\"a-list-item\">Geeignet f\u00fcr Massey Ferguson Traktoren 135, 150, 165, 175, 180, 230, 231, 235, 240, 245, 25, 250, 253, 255, 265, 270, 275, 282, 283, 290, 35, 35 UK, 360, 362, 375, 383, 390, 398, 399, 50, 65, 85.<\/span><\/p>\n","protected":false},"excerpt":{"rendered":"<ul>\n<li><span class=\"a-list-item\">Inklusive Schlauch und Schnellkupplungen und Spangen<\/span><\/li>\n<\/ul>\n","protected":false},"featured_media":2385,"template":"","meta":{"inline_featured_image":false},"product_brand":[],"product_cat":[668,637],"product_tag":[],"class_list":{"0":"post-6249","1":"product","2":"type-product","3":"status-publish","4":"has-post-thumbnail","6":"product_cat-steuergerate-hydraulikventile","7":"product_cat-massey-ferguson-de","9":"first","10":"instock","11":"taxable","12":"shipping-taxable","13":"purchasable","14":"product-type-simple"},"yoast_head":"<!-- This site is optimized with the Yoast SEO plugin v25.0 - https:\/\/yoast.com\/wordpress\/plugins\/seo\/ -->\n<title>Steuerger\u00e4t f\u00fcr Massey Ferguson (+Steuerung 3-Punkt-Gest\u00e4nge) - Sparepartsholland<\/title>\n<meta name=\"description\" content=\"Hydraulisches Steuerger\u00e4t f\u00fcr Massey Ferguson MF 4 (+Steuerung 3-Punkt-Gest\u00e4nge). Inklusive Schlauch und Schnellkupplungen und Spangen.\" \/>\n<meta name=\"robots\" content=\"noindex, follow, max-snippet:-1, max-image-preview:large, max-video-preview:-1\" \/>\n<meta property=\"og:locale\" content=\"de_DE\" \/>\n<meta property=\"og:type\" content=\"article\" \/>\n<meta property=\"og:title\" content=\"Steuerger\u00e4t f\u00fcr Massey Ferguson (+Steuerung 3-Punkt-Gest\u00e4nge) - Sparepartsholland\" \/>\n<meta property=\"og:description\" content=\"Hydraulisches Steuerger\u00e4t f\u00fcr Massey Ferguson MF 4 (+Steuerung 3-Punkt-Gest\u00e4nge). Inklusive Schlauch und Schnellkupplungen und Spangen.\" \/>\n<meta property=\"og:url\" content=\"https:\/\/oud.sparepartsholland.com\/produkt\/rear-hydraulic-remote-kit-massey-ferguson-mf-4-control-3-point-linkage\/\" \/>\n<meta property=\"og:site_name\" content=\"Sparepartsholland\" \/>\n<meta property=\"article:modified_time\" content=\"2024-04-26T10:11:48+00:00\" \/>\n<meta property=\"og:image\" content=\"https:\/\/oud.sparepartsholland.com\/wp-content\/uploads\/2022\/07\/s-l1600-2.jpg\" \/>\n\t<meta property=\"og:image:width\" content=\"1600\" \/>\n\t<meta property=\"og:image:height\" content=\"1179\" \/>\n\t<meta property=\"og:image:type\" content=\"image\/jpeg\" \/>\n<meta name=\"twitter:card\" content=\"summary_large_image\" \/>\n<meta name=\"twitter:label1\" content=\"Gesch\u00e4tzte Lesezeit\" \/>\n\t<meta name=\"twitter:data1\" content=\"1\u00a0Minute\" \/>\n<script type=\"application\/ld+json\" class=\"yoast-schema-graph\">{\"@context\":\"https:\/\/schema.org\",\"@graph\":[{\"@type\":[\"WebPage\",\"ItemPage\"],\"@id\":\"https:\/\/oud.sparepartsholland.com\/produkt\/rear-hydraulic-remote-kit-massey-ferguson-mf-4-control-3-point-linkage\/\",\"url\":\"https:\/\/oud.sparepartsholland.com\/produkt\/rear-hydraulic-remote-kit-massey-ferguson-mf-4-control-3-point-linkage\/\",\"name\":\"Steuerger\u00e4t f\u00fcr Massey Ferguson (+Steuerung 3-Punkt-Gest\u00e4nge) - Sparepartsholland\",\"isPartOf\":{\"@id\":\"https:\/\/oud.sparepartsholland.com\/#website\"},\"primaryImageOfPage\":{\"@id\":\"https:\/\/oud.sparepartsholland.com\/produkt\/rear-hydraulic-remote-kit-massey-ferguson-mf-4-control-3-point-linkage\/#primaryimage\"},\"image\":{\"@id\":\"https:\/\/oud.sparepartsholland.com\/produkt\/rear-hydraulic-remote-kit-massey-ferguson-mf-4-control-3-point-linkage\/#primaryimage\"},\"thumbnailUrl\":\"https:\/\/oud.sparepartsholland.com\/wp-content\/uploads\/2022\/07\/s-l1600-2.jpg\",\"datePublished\":\"2022-07-28T08:57:34+00:00\",\"dateModified\":\"2024-04-26T10:11:48+00:00\",\"description\":\"Hydraulisches Steuerger\u00e4t f\u00fcr Massey Ferguson MF 4 (+Steuerung 3-Punkt-Gest\u00e4nge). Inklusive Schlauch und Schnellkupplungen und Spangen.\",\"breadcrumb\":{\"@id\":\"https:\/\/oud.sparepartsholland.com\/produkt\/rear-hydraulic-remote-kit-massey-ferguson-mf-4-control-3-point-linkage\/#breadcrumb\"},\"inLanguage\":\"de\",\"potentialAction\":[{\"@type\":\"ReadAction\",\"target\":[\"https:\/\/oud.sparepartsholland.com\/produkt\/rear-hydraulic-remote-kit-massey-ferguson-mf-4-control-3-point-linkage\/\"]}]},{\"@type\":\"ImageObject\",\"inLanguage\":\"de\",\"@id\":\"https:\/\/oud.sparepartsholland.com\/produkt\/rear-hydraulic-remote-kit-massey-ferguson-mf-4-control-3-point-linkage\/#primaryimage\",\"url\":\"https:\/\/oud.sparepartsholland.com\/wp-content\/uploads\/2022\/07\/s-l1600-2.jpg\",\"contentUrl\":\"https:\/\/oud.sparepartsholland.com\/wp-content\/uploads\/2022\/07\/s-l1600-2.jpg\",\"width\":1600,\"height\":1179},{\"@type\":\"BreadcrumbList\",\"@id\":\"https:\/\/oud.sparepartsholland.com\/produkt\/rear-hydraulic-remote-kit-massey-ferguson-mf-4-control-3-point-linkage\/#breadcrumb\",\"itemListElement\":[{\"@type\":\"ListItem\",\"position\":1,\"name\":\"Home\",\"item\":\"https:\/\/oud.sparepartsholland.com\/de\/\"},{\"@type\":\"ListItem\",\"position\":2,\"name\":\"Gesch\u00e4ft\",\"item\":\"https:\/\/oud.sparepartsholland.com\/shop\/\"},{\"@type\":\"ListItem\",\"position\":3,\"name\":\"Steuerger\u00e4t f\u00fcr Massey Ferguson (+Steuerung 3-Punkt-Gest\u00e4nge)\"}]},{\"@type\":\"WebSite\",\"@id\":\"https:\/\/oud.sparepartsholland.com\/#website\",\"url\":\"https:\/\/oud.sparepartsholland.com\/\",\"name\":\"Sparepartsholland\",\"description\":\"\",\"publisher\":{\"@id\":\"https:\/\/oud.sparepartsholland.com\/#organization\"},\"potentialAction\":[{\"@type\":\"SearchAction\",\"target\":{\"@type\":\"EntryPoint\",\"urlTemplate\":\"https:\/\/oud.sparepartsholland.com\/?s={search_term_string}\"},\"query-input\":{\"@type\":\"PropertyValueSpecification\",\"valueRequired\":true,\"valueName\":\"search_term_string\"}}],\"inLanguage\":\"de\"},{\"@type\":\"Organization\",\"@id\":\"https:\/\/oud.sparepartsholland.com\/#organization\",\"name\":\"Spare Parts Holland\",\"url\":\"https:\/\/oud.sparepartsholland.com\/\",\"logo\":{\"@type\":\"ImageObject\",\"inLanguage\":\"de\",\"@id\":\"https:\/\/oud.sparepartsholland.com\/#\/schema\/logo\/image\/\",\"url\":\"https:\/\/oud.sparepartsholland.com\/wp-content\/uploads\/2022\/06\/spareparts-1.png\",\"contentUrl\":\"https:\/\/oud.sparepartsholland.com\/wp-content\/uploads\/2022\/06\/spareparts-1.png\",\"width\":824,\"height\":685,\"caption\":\"Spare Parts Holland\"},\"image\":{\"@id\":\"https:\/\/oud.sparepartsholland.com\/#\/schema\/logo\/image\/\"}}]}<\/script>\n<!-- \/ Yoast SEO plugin. -->","yoast_head_json":{"title":"Steuerger\u00e4t f\u00fcr Massey Ferguson (+Steuerung 3-Punkt-Gest\u00e4nge) - Sparepartsholland","description":"Hydraulisches Steuerger\u00e4t f\u00fcr Massey Ferguson MF 4 (+Steuerung 3-Punkt-Gest\u00e4nge). Inklusive Schlauch und Schnellkupplungen und Spangen.","robots":{"index":"noindex","follow":"follow","max-snippet":"max-snippet:-1","max-image-preview":"max-image-preview:large","max-video-preview":"max-video-preview:-1"},"og_locale":"de_DE","og_type":"article","og_title":"Steuerger\u00e4t f\u00fcr Massey Ferguson (+Steuerung 3-Punkt-Gest\u00e4nge) - Sparepartsholland","og_description":"Hydraulisches Steuerger\u00e4t f\u00fcr Massey Ferguson MF 4 (+Steuerung 3-Punkt-Gest\u00e4nge). Inklusive Schlauch und Schnellkupplungen und Spangen.","og_url":"https:\/\/oud.sparepartsholland.com\/produkt\/rear-hydraulic-remote-kit-massey-ferguson-mf-4-control-3-point-linkage\/","og_site_name":"Sparepartsholland","article_modified_time":"2024-04-26T10:11:48+00:00","og_image":[{"width":1600,"height":1179,"url":"https:\/\/oud.sparepartsholland.com\/wp-content\/uploads\/2022\/07\/s-l1600-2.jpg","type":"image\/jpeg"}],"twitter_card":"summary_large_image","twitter_misc":{"Gesch\u00e4tzte Lesezeit":"1\u00a0Minute"},"schema":{"@context":"https:\/\/schema.org","@graph":[{"@type":["WebPage","ItemPage"],"@id":"https:\/\/oud.sparepartsholland.com\/produkt\/rear-hydraulic-remote-kit-massey-ferguson-mf-4-control-3-point-linkage\/","url":"https:\/\/oud.sparepartsholland.com\/produkt\/rear-hydraulic-remote-kit-massey-ferguson-mf-4-control-3-point-linkage\/","name":"Steuerger\u00e4t f\u00fcr Massey Ferguson (+Steuerung 3-Punkt-Gest\u00e4nge) - Sparepartsholland","isPartOf":{"@id":"https:\/\/oud.sparepartsholland.com\/#website"},"primaryImageOfPage":{"@id":"https:\/\/oud.sparepartsholland.com\/produkt\/rear-hydraulic-remote-kit-massey-ferguson-mf-4-control-3-point-linkage\/#primaryimage"},"image":{"@id":"https:\/\/oud.sparepartsholland.com\/produkt\/rear-hydraulic-remote-kit-massey-ferguson-mf-4-control-3-point-linkage\/#primaryimage"},"thumbnailUrl":"https:\/\/oud.sparepartsholland.com\/wp-content\/uploads\/2022\/07\/s-l1600-2.jpg","datePublished":"2022-07-28T08:57:34+00:00","dateModified":"2024-04-26T10:11:48+00:00","description":"Hydraulisches Steuerger\u00e4t f\u00fcr Massey Ferguson MF 4 (+Steuerung 3-Punkt-Gest\u00e4nge). Inklusive Schlauch und Schnellkupplungen und Spangen.","breadcrumb":{"@id":"https:\/\/oud.sparepartsholland.com\/produkt\/rear-hydraulic-remote-kit-massey-ferguson-mf-4-control-3-point-linkage\/#breadcrumb"},"inLanguage":"de","potentialAction":[{"@type":"ReadAction","target":["https:\/\/oud.sparepartsholland.com\/produkt\/rear-hydraulic-remote-kit-massey-ferguson-mf-4-control-3-point-linkage\/"]}]},{"@type":"ImageObject","inLanguage":"de","@id":"https:\/\/oud.sparepartsholland.com\/produkt\/rear-hydraulic-remote-kit-massey-ferguson-mf-4-control-3-point-linkage\/#primaryimage","url":"https:\/\/oud.sparepartsholland.com\/wp-content\/uploads\/2022\/07\/s-l1600-2.jpg","contentUrl":"https:\/\/oud.sparepartsholland.com\/wp-content\/uploads\/2022\/07\/s-l1600-2.jpg","width":1600,"height":1179},{"@type":"BreadcrumbList","@id":"https:\/\/oud.sparepartsholland.com\/produkt\/rear-hydraulic-remote-kit-massey-ferguson-mf-4-control-3-point-linkage\/#breadcrumb","itemListElement":[{"@type":"ListItem","position":1,"name":"Home","item":"https:\/\/oud.sparepartsholland.com\/de\/"},{"@type":"ListItem","position":2,"name":"Gesch\u00e4ft","item":"https:\/\/oud.sparepartsholland.com\/shop\/"},{"@type":"ListItem","position":3,"name":"Steuerger\u00e4t f\u00fcr Massey Ferguson (+Steuerung 3-Punkt-Gest\u00e4nge)"}]},{"@type":"WebSite","@id":"https:\/\/oud.sparepartsholland.com\/#website","url":"https:\/\/oud.sparepartsholland.com\/","name":"Sparepartsholland","description":"","publisher":{"@id":"https:\/\/oud.sparepartsholland.com\/#organization"},"potentialAction":[{"@type":"SearchAction","target":{"@type":"EntryPoint","urlTemplate":"https:\/\/oud.sparepartsholland.com\/?s={search_term_string}"},"query-input":{"@type":"PropertyValueSpecification","valueRequired":true,"valueName":"search_term_string"}}],"inLanguage":"de"},{"@type":"Organization","@id":"https:\/\/oud.sparepartsholland.com\/#organization","name":"Spare Parts Holland","url":"https:\/\/oud.sparepartsholland.com\/","logo":{"@type":"ImageObject","inLanguage":"de","@id":"https:\/\/oud.sparepartsholland.com\/#\/schema\/logo\/image\/","url":"https:\/\/oud.sparepartsholland.com\/wp-content\/uploads\/2022\/06\/spareparts-1.png","contentUrl":"https:\/\/oud.sparepartsholland.com\/wp-content\/uploads\/2022\/06\/spareparts-1.png","width":824,"height":685,"caption":"Spare Parts Holland"},"image":{"@id":"https:\/\/oud.sparepartsholland.com\/#\/schema\/logo\/image\/"}}]}},"_links":{"self":[{"href":"https:\/\/oud.sparepartsholland.com\/de\/wp-json\/wp\/v2\/product\/6249","targetHints":{"allow":["GET"]}}],"collection":[{"href":"https:\/\/oud.sparepartsholland.com\/de\/wp-json\/wp\/v2\/product"}],"about":[{"href":"https:\/\/oud.sparepartsholland.com\/de\/wp-json\/wp\/v2\/types\/product"}],"wp:featuredmedia":[{"embeddable":true,"href":"https:\/\/oud.sparepartsholland.com\/de\/wp-json\/wp\/v2\/media\/2385"}],"wp:attachment":[{"href":"https:\/\/oud.sparepartsholland.com\/de\/wp-json\/wp\/v2\/media?parent=6249"}],"wp:term":[{"taxonomy":"product_brand","embeddable":true,"href":"https:\/\/oud.sparepartsholland.com\/de\/wp-json\/wp\/v2\/product_brand?post=6249"},{"taxonomy":"product_cat","embeddable":true,"href":"https:\/\/oud.sparepartsholland.com\/de\/wp-json\/wp\/v2\/product_cat?post=6249"},{"taxonomy":"product_tag","embeddable":true,"href":"https:\/\/oud.sparepartsholland.com\/de\/wp-json\/wp\/v2\/product_tag?post=6249"}],"curies":[{"name":"wp","href":"https:\/\/api.w.org\/{rel}","templated":true}]}}