{"id":6262,"date":"2022-07-28T09:57:10","date_gmt":"2022-07-28T08:57:10","guid":{"rendered":"https:\/\/sparepartsholland.com\/product\/john-deere-al166181-al200979-hydraulic-female-quick-coupler-6400-6410-6420-7430\/"},"modified":"2024-10-19T19:32:41","modified_gmt":"2024-10-19T18:32:41","slug":"john-deere-al166181-al200979-hydraulic-female-quick-coupler-6400-6410-6420-7430","status":"publish","type":"product","link":"https:\/\/oud.sparepartsholland.com\/de\/produkt\/john-deere-al166181-al200979-hydraulic-female-quick-coupler-6400-6410-6420-7430\/","title":{"rendered":"AL166181 &#8211; Hydraulische Schnellkupplung 1\/2\u201c f\u00fcr John Deere"},"content":{"rendered":"<p><span class=\"a-list-item\">John Deere AL166181 Hydraulische Schnellkupplung Muffe. Gr\u00f6\u00dfe: 1\/2 \u201c(NW12). Faden: M22 X 1.5 ISO 7241A.<\/span><\/p>\n<ul class=\"a-unordered-list a-vertical a-spacing-mini\">\n<li><span class=\"a-list-item\">Schnellkupplung mit Push Pull Design<\/span><\/li>\n<li><span class=\"a-list-item\">Internes Druckentlastungventil<\/span><\/li>\n<li>Abrei\u00dffunktion<\/li>\n<li>Unter Druck kuppelbar<\/li>\n<li>Baugr\u00f6\u00dfe: \u00bd &#8221; Zoll<\/li>\n<li>Gewindegr\u00f6\u00dfe: M22 x 1.5<\/li>\n<li>Gr\u00f6\u00dfe: 3<\/li>\n<li>Durchfluss: 68 l\/min<\/li>\n<li>Norm ISO 7241-A<\/li>\n<li>Druck: max. 250 bar<\/li>\n<\/ul>\n<p>&nbsp;<\/p>\n<p><strong>Vergleichsnummer:<\/strong><\/p>\n<ul>\n<li>AL116181, AL112951, 3384873M8, 87381944, 3384873M4, 3384873M5,<\/li>\n<li>3384873M8, 3384874M4, 3772942M1, 3794298M1, 3794298M2, 3905722M91, 3384873M4, 3384873M5,<\/li>\n<li>3384874M4, 3772942M1, 3794298M1, 3794298M2, 3905722M91, 3CFPV12215F, 39U5722M91,<\/li>\n<li>3384871M1, 1696241M92, 297907A3, 5179558, 1-32-273-083, 297907A1, 3CFPV 12215F<\/li>\n<\/ul>\n<p><strong>Anwendungen<\/strong><\/p>\n<p>John Deere Modelle: 1654, 1854, 2054, 2104, 5078e, 5080r, 5085e, 5090e, 5090R, 5100R, 5620, 6010, 6090MC, 6090RC, 6100, 6100MC, 6100RC, 6105M, 61105R, 6110E, 6110. , 6125M, 6125R, 6130, 6130J, 6130M, 6130R, 6140M, 6140R, 6145J, 6150M, 6150R, 6165J, 6170M, 6170R, 6180J, 6190R, 6205J, 6210J, 6210R, 6215, 6210J 6310, 6320, 6330, 6405, 6415, 6425, 6430, 6506, 6510, 6520, 6530, 6534, 6605, 6615, 6630, 6800, 6810, 6820, 6830, 6930, 6J-1704, 6J-1904, 6J-21805, 71805, 7 71805, 71805 7205J, 7210J, 7225J, 7230, 7330, 7430, 7515, 7530, SE6010, SE6020, SE6100, SE6320, SE6510, SE6920<\/p>\n","protected":false},"excerpt":{"rendered":"<ul class=\"a-unordered-list a-vertical a-spacing-mini\">\n<li><span class=\"a-list-item\">Schnellkupplung mit Push Pull Design<\/span><\/li>\n<li><span class=\"a-list-item\">Internes Druckentlastungventil<\/span><\/li>\n<\/ul>\n","protected":false},"featured_media":28852,"template":"","meta":{"inline_featured_image":false},"product_brand":[],"product_cat":[639],"product_tag":[],"class_list":{"0":"post-6262","1":"product","2":"type-product","3":"status-publish","4":"has-post-thumbnail","6":"product_cat-hydraulische-teile-de","8":"first","9":"instock","10":"taxable","11":"shipping-taxable","12":"purchasable","13":"product-type-simple"},"yoast_head":"<!-- This site is optimized with the Yoast SEO plugin v25.0 - https:\/\/yoast.com\/wordpress\/plugins\/seo\/ -->\n<title>AL166181 - Hydraulische Schnellkupplung 1\/2\u201c f\u00fcr John Deere - Sparepartsholland<\/title>\n<meta name=\"description\" content=\"John Deere AL166181 Hydraulische Schnellkupplung Muffe. Gr\u00f6\u00dfe: 1\/2 \u201c(NW12). Faden: M22 X 1.5 ISO 7241A.\" \/>\n<meta name=\"robots\" content=\"noindex, follow, max-snippet:-1, max-image-preview:large, max-video-preview:-1\" \/>\n<meta property=\"og:locale\" content=\"de_DE\" \/>\n<meta property=\"og:type\" content=\"article\" \/>\n<meta property=\"og:title\" content=\"AL166181 - Hydraulische Schnellkupplung 1\/2\u201c f\u00fcr John Deere - Sparepartsholland\" \/>\n<meta property=\"og:description\" content=\"John Deere AL166181 Hydraulische Schnellkupplung Muffe. Gr\u00f6\u00dfe: 1\/2 \u201c(NW12). Faden: M22 X 1.5 ISO 7241A.\" \/>\n<meta property=\"og:url\" content=\"https:\/\/oud.sparepartsholland.com\/produkt\/john-deere-al166181-al200979-hydraulic-female-quick-coupling-6400-6410-6420-7430\/\" \/>\n<meta property=\"og:site_name\" content=\"Sparepartsholland\" \/>\n<meta property=\"article:modified_time\" content=\"2024-10-19T18:32:41+00:00\" \/>\n<meta property=\"og:image\" content=\"https:\/\/oud.sparepartsholland.com\/wp-content\/uploads\/2022\/07\/1-8-scaled.jpg\" \/>\n\t<meta property=\"og:image:width\" content=\"2560\" \/>\n\t<meta property=\"og:image:height\" content=\"2560\" \/>\n\t<meta property=\"og:image:type\" content=\"image\/jpeg\" \/>\n<meta name=\"twitter:card\" content=\"summary_large_image\" \/>\n<meta name=\"twitter:label1\" content=\"Gesch\u00e4tzte Lesezeit\" \/>\n\t<meta name=\"twitter:data1\" content=\"1\u00a0Minute\" \/>\n<script type=\"application\/ld+json\" class=\"yoast-schema-graph\">{\"@context\":\"https:\/\/schema.org\",\"@graph\":[{\"@type\":[\"WebPage\",\"ItemPage\"],\"@id\":\"https:\/\/oud.sparepartsholland.com\/produkt\/john-deere-al166181-al200979-hydraulic-female-quick-coupling-6400-6410-6420-7430\/\",\"url\":\"https:\/\/oud.sparepartsholland.com\/produkt\/john-deere-al166181-al200979-hydraulic-female-quick-coupling-6400-6410-6420-7430\/\",\"name\":\"AL166181 - Hydraulische Schnellkupplung 1\/2\u201c f\u00fcr John Deere - Sparepartsholland\",\"isPartOf\":{\"@id\":\"https:\/\/oud.sparepartsholland.com\/#website\"},\"primaryImageOfPage\":{\"@id\":\"https:\/\/oud.sparepartsholland.com\/produkt\/john-deere-al166181-al200979-hydraulic-female-quick-coupling-6400-6410-6420-7430\/#primaryimage\"},\"image\":{\"@id\":\"https:\/\/oud.sparepartsholland.com\/produkt\/john-deere-al166181-al200979-hydraulic-female-quick-coupling-6400-6410-6420-7430\/#primaryimage\"},\"thumbnailUrl\":\"https:\/\/oud.sparepartsholland.com\/wp-content\/uploads\/2022\/07\/1-8-scaled.jpg\",\"datePublished\":\"2022-07-28T08:57:10+00:00\",\"dateModified\":\"2024-10-19T18:32:41+00:00\",\"description\":\"John Deere AL166181 Hydraulische Schnellkupplung Muffe. Gr\u00f6\u00dfe: 1\/2 \u201c(NW12). Faden: M22 X 1.5 ISO 7241A.\",\"breadcrumb\":{\"@id\":\"https:\/\/oud.sparepartsholland.com\/produkt\/john-deere-al166181-al200979-hydraulic-female-quick-coupling-6400-6410-6420-7430\/#breadcrumb\"},\"inLanguage\":\"de\",\"potentialAction\":[{\"@type\":\"ReadAction\",\"target\":[\"https:\/\/oud.sparepartsholland.com\/produkt\/john-deere-al166181-al200979-hydraulic-female-quick-coupling-6400-6410-6420-7430\/\"]}]},{\"@type\":\"ImageObject\",\"inLanguage\":\"de\",\"@id\":\"https:\/\/oud.sparepartsholland.com\/produkt\/john-deere-al166181-al200979-hydraulic-female-quick-coupling-6400-6410-6420-7430\/#primaryimage\",\"url\":\"https:\/\/oud.sparepartsholland.com\/wp-content\/uploads\/2022\/07\/1-8-scaled.jpg\",\"contentUrl\":\"https:\/\/oud.sparepartsholland.com\/wp-content\/uploads\/2022\/07\/1-8-scaled.jpg\",\"width\":2560,\"height\":2560},{\"@type\":\"BreadcrumbList\",\"@id\":\"https:\/\/oud.sparepartsholland.com\/produkt\/john-deere-al166181-al200979-hydraulic-female-quick-coupling-6400-6410-6420-7430\/#breadcrumb\",\"itemListElement\":[{\"@type\":\"ListItem\",\"position\":1,\"name\":\"Home\",\"item\":\"https:\/\/oud.sparepartsholland.com\/de\/\"},{\"@type\":\"ListItem\",\"position\":2,\"name\":\"Gesch\u00e4ft\",\"item\":\"https:\/\/oud.sparepartsholland.com\/shop\/\"},{\"@type\":\"ListItem\",\"position\":3,\"name\":\"AL166181 &#8211; Hydraulische Schnellkupplung 1\/2\u201c f\u00fcr John Deere\"}]},{\"@type\":\"WebSite\",\"@id\":\"https:\/\/oud.sparepartsholland.com\/#website\",\"url\":\"https:\/\/oud.sparepartsholland.com\/\",\"name\":\"Sparepartsholland\",\"description\":\"\",\"publisher\":{\"@id\":\"https:\/\/oud.sparepartsholland.com\/#organization\"},\"potentialAction\":[{\"@type\":\"SearchAction\",\"target\":{\"@type\":\"EntryPoint\",\"urlTemplate\":\"https:\/\/oud.sparepartsholland.com\/?s={search_term_string}\"},\"query-input\":{\"@type\":\"PropertyValueSpecification\",\"valueRequired\":true,\"valueName\":\"search_term_string\"}}],\"inLanguage\":\"de\"},{\"@type\":\"Organization\",\"@id\":\"https:\/\/oud.sparepartsholland.com\/#organization\",\"name\":\"Spare Parts Holland\",\"url\":\"https:\/\/oud.sparepartsholland.com\/\",\"logo\":{\"@type\":\"ImageObject\",\"inLanguage\":\"de\",\"@id\":\"https:\/\/oud.sparepartsholland.com\/#\/schema\/logo\/image\/\",\"url\":\"https:\/\/oud.sparepartsholland.com\/wp-content\/uploads\/2022\/06\/spareparts-1.png\",\"contentUrl\":\"https:\/\/oud.sparepartsholland.com\/wp-content\/uploads\/2022\/06\/spareparts-1.png\",\"width\":824,\"height\":685,\"caption\":\"Spare Parts Holland\"},\"image\":{\"@id\":\"https:\/\/oud.sparepartsholland.com\/#\/schema\/logo\/image\/\"}}]}<\/script>\n<!-- \/ Yoast SEO plugin. -->","yoast_head_json":{"title":"AL166181 - Hydraulische Schnellkupplung 1\/2\u201c f\u00fcr John Deere - Sparepartsholland","description":"John Deere AL166181 Hydraulische Schnellkupplung Muffe. Gr\u00f6\u00dfe: 1\/2 \u201c(NW12). Faden: M22 X 1.5 ISO 7241A.","robots":{"index":"noindex","follow":"follow","max-snippet":"max-snippet:-1","max-image-preview":"max-image-preview:large","max-video-preview":"max-video-preview:-1"},"og_locale":"de_DE","og_type":"article","og_title":"AL166181 - Hydraulische Schnellkupplung 1\/2\u201c f\u00fcr John Deere - Sparepartsholland","og_description":"John Deere AL166181 Hydraulische Schnellkupplung Muffe. Gr\u00f6\u00dfe: 1\/2 \u201c(NW12). Faden: M22 X 1.5 ISO 7241A.","og_url":"https:\/\/oud.sparepartsholland.com\/produkt\/john-deere-al166181-al200979-hydraulic-female-quick-coupling-6400-6410-6420-7430\/","og_site_name":"Sparepartsholland","article_modified_time":"2024-10-19T18:32:41+00:00","og_image":[{"width":2560,"height":2560,"url":"https:\/\/oud.sparepartsholland.com\/wp-content\/uploads\/2022\/07\/1-8-scaled.jpg","type":"image\/jpeg"}],"twitter_card":"summary_large_image","twitter_misc":{"Gesch\u00e4tzte Lesezeit":"1\u00a0Minute"},"schema":{"@context":"https:\/\/schema.org","@graph":[{"@type":["WebPage","ItemPage"],"@id":"https:\/\/oud.sparepartsholland.com\/produkt\/john-deere-al166181-al200979-hydraulic-female-quick-coupling-6400-6410-6420-7430\/","url":"https:\/\/oud.sparepartsholland.com\/produkt\/john-deere-al166181-al200979-hydraulic-female-quick-coupling-6400-6410-6420-7430\/","name":"AL166181 - Hydraulische Schnellkupplung 1\/2\u201c f\u00fcr John Deere - Sparepartsholland","isPartOf":{"@id":"https:\/\/oud.sparepartsholland.com\/#website"},"primaryImageOfPage":{"@id":"https:\/\/oud.sparepartsholland.com\/produkt\/john-deere-al166181-al200979-hydraulic-female-quick-coupling-6400-6410-6420-7430\/#primaryimage"},"image":{"@id":"https:\/\/oud.sparepartsholland.com\/produkt\/john-deere-al166181-al200979-hydraulic-female-quick-coupling-6400-6410-6420-7430\/#primaryimage"},"thumbnailUrl":"https:\/\/oud.sparepartsholland.com\/wp-content\/uploads\/2022\/07\/1-8-scaled.jpg","datePublished":"2022-07-28T08:57:10+00:00","dateModified":"2024-10-19T18:32:41+00:00","description":"John Deere AL166181 Hydraulische Schnellkupplung Muffe. Gr\u00f6\u00dfe: 1\/2 \u201c(NW12). Faden: M22 X 1.5 ISO 7241A.","breadcrumb":{"@id":"https:\/\/oud.sparepartsholland.com\/produkt\/john-deere-al166181-al200979-hydraulic-female-quick-coupling-6400-6410-6420-7430\/#breadcrumb"},"inLanguage":"de","potentialAction":[{"@type":"ReadAction","target":["https:\/\/oud.sparepartsholland.com\/produkt\/john-deere-al166181-al200979-hydraulic-female-quick-coupling-6400-6410-6420-7430\/"]}]},{"@type":"ImageObject","inLanguage":"de","@id":"https:\/\/oud.sparepartsholland.com\/produkt\/john-deere-al166181-al200979-hydraulic-female-quick-coupling-6400-6410-6420-7430\/#primaryimage","url":"https:\/\/oud.sparepartsholland.com\/wp-content\/uploads\/2022\/07\/1-8-scaled.jpg","contentUrl":"https:\/\/oud.sparepartsholland.com\/wp-content\/uploads\/2022\/07\/1-8-scaled.jpg","width":2560,"height":2560},{"@type":"BreadcrumbList","@id":"https:\/\/oud.sparepartsholland.com\/produkt\/john-deere-al166181-al200979-hydraulic-female-quick-coupling-6400-6410-6420-7430\/#breadcrumb","itemListElement":[{"@type":"ListItem","position":1,"name":"Home","item":"https:\/\/oud.sparepartsholland.com\/de\/"},{"@type":"ListItem","position":2,"name":"Gesch\u00e4ft","item":"https:\/\/oud.sparepartsholland.com\/shop\/"},{"@type":"ListItem","position":3,"name":"AL166181 &#8211; Hydraulische Schnellkupplung 1\/2\u201c f\u00fcr John Deere"}]},{"@type":"WebSite","@id":"https:\/\/oud.sparepartsholland.com\/#website","url":"https:\/\/oud.sparepartsholland.com\/","name":"Sparepartsholland","description":"","publisher":{"@id":"https:\/\/oud.sparepartsholland.com\/#organization"},"potentialAction":[{"@type":"SearchAction","target":{"@type":"EntryPoint","urlTemplate":"https:\/\/oud.sparepartsholland.com\/?s={search_term_string}"},"query-input":{"@type":"PropertyValueSpecification","valueRequired":true,"valueName":"search_term_string"}}],"inLanguage":"de"},{"@type":"Organization","@id":"https:\/\/oud.sparepartsholland.com\/#organization","name":"Spare Parts Holland","url":"https:\/\/oud.sparepartsholland.com\/","logo":{"@type":"ImageObject","inLanguage":"de","@id":"https:\/\/oud.sparepartsholland.com\/#\/schema\/logo\/image\/","url":"https:\/\/oud.sparepartsholland.com\/wp-content\/uploads\/2022\/06\/spareparts-1.png","contentUrl":"https:\/\/oud.sparepartsholland.com\/wp-content\/uploads\/2022\/06\/spareparts-1.png","width":824,"height":685,"caption":"Spare Parts Holland"},"image":{"@id":"https:\/\/oud.sparepartsholland.com\/#\/schema\/logo\/image\/"}}]}},"_links":{"self":[{"href":"https:\/\/oud.sparepartsholland.com\/de\/wp-json\/wp\/v2\/product\/6262","targetHints":{"allow":["GET"]}}],"collection":[{"href":"https:\/\/oud.sparepartsholland.com\/de\/wp-json\/wp\/v2\/product"}],"about":[{"href":"https:\/\/oud.sparepartsholland.com\/de\/wp-json\/wp\/v2\/types\/product"}],"wp:featuredmedia":[{"embeddable":true,"href":"https:\/\/oud.sparepartsholland.com\/de\/wp-json\/wp\/v2\/media\/28852"}],"wp:attachment":[{"href":"https:\/\/oud.sparepartsholland.com\/de\/wp-json\/wp\/v2\/media?parent=6262"}],"wp:term":[{"taxonomy":"product_brand","embeddable":true,"href":"https:\/\/oud.sparepartsholland.com\/de\/wp-json\/wp\/v2\/product_brand?post=6262"},{"taxonomy":"product_cat","embeddable":true,"href":"https:\/\/oud.sparepartsholland.com\/de\/wp-json\/wp\/v2\/product_cat?post=6262"},{"taxonomy":"product_tag","embeddable":true,"href":"https:\/\/oud.sparepartsholland.com\/de\/wp-json\/wp\/v2\/product_tag?post=6262"}],"curies":[{"name":"wp","href":"https:\/\/api.w.org\/{rel}","templated":true}]}}