{"id":6317,"date":"2022-07-28T09:56:28","date_gmt":"2022-07-28T08:56:28","guid":{"rendered":"https:\/\/sparepartsholland.com\/product\/dual-hydraulic-remote-kit-massey-ferguson-mf-135-150-230-231-240-245-250-253\/"},"modified":"2023-05-31T09:33:29","modified_gmt":"2023-05-31T08:33:29","slug":"dual-hydraulic-remote-kit-massey-ferguson-mf-135-150-230-231-240-245-250-253","status":"publish","type":"product","link":"https:\/\/oud.sparepartsholland.com\/de\/produkt\/dual-hydraulic-remote-kit-massey-ferguson-mf-135-150-230-231-240-245-250-253\/","title":{"rendered":"Steuerger\u00e4t f\u00fcr Massey Ferguson MF 135 150 230 231 240 245 250 253 Schlepper &#8211; 2x DW (Schwarz)"},"content":{"rendered":"<p>Hinteres hydraulisches Steuerger\u00e4t (2x DW) f\u00fcr Massey Ferguson Schleppers.<\/p>\n<p>Inklusive:<\/p>\n<ul>\n<li>Schl\u00e4uche<\/li>\n<li>Schnellkupplungen<\/li>\n<li>Halterung<\/li>\n<\/ul>\n<p>Steuerger\u00e4t Passend f\u00fcr Massey Ferguson Modelle:<\/p>\n<p>MASSEY FERGUSON TRAKTOR<\/p>\n<p>135, 150, 165, 175, 180, 230, 231, 235, 240, 245, 25, 250, 253, 255, 265, 270, 275, 282, 283, 290, 35, 35 Gro\u00dfbritannien, 360, 362, 375 , 383, 390, 398, 399, 50, 65, 85<\/p>\n<p>MASSEY FERGUSON INDUSTRIE \/ BAU<\/p>\n<p>20, 202, 203, 204, 205, 20C, 20D, 20F, 2135, 30, 302, 304, 30B, 30D, 30E, 31, 40, 40B, 40E, 50C, 50D, 50E<\/p>\n<p>FERGUSON<\/p>\n<p>TO35, 40, Ag &amp; Ind 40, 50<\/p>\n<p>Massey Harris 50<\/p>\n<p><strong>Das hintere Steuerger\u00e4t passt nicht b\u00fcndig auf die 1986er MF240-Traktormodelle &#8211; wenn Sie bereit sind, Ihre Handbremse zu modifizieren, k\u00f6nnen Sie sie m\u00f6glicherweise anpassen lassen<\/strong><\/p>\n","protected":false},"excerpt":{"rendered":"<p>Inklusive:<\/p>\n<ul>\n<li>Schl\u00e4uche<\/li>\n<li>Schnellkupplungen<\/li>\n<li>Halterung<\/li>\n<\/ul>\n","protected":false},"featured_media":29120,"template":"","meta":{"inline_featured_image":false},"product_brand":[],"product_cat":[668,637],"product_tag":[],"class_list":{"0":"post-6317","1":"product","2":"type-product","3":"status-publish","4":"has-post-thumbnail","6":"product_cat-steuergerate-hydraulikventile","7":"product_cat-massey-ferguson-de","9":"first","10":"instock","11":"taxable","12":"shipping-taxable","13":"purchasable","14":"product-type-simple"},"yoast_head":"<!-- This site is optimized with the Yoast SEO plugin v25.0 - https:\/\/yoast.com\/wordpress\/plugins\/seo\/ -->\n<title>Steuerger\u00e4t f\u00fcr Massey Ferguson MF 135 150 230 231 240 245 250 253 Schlepper - 2x DW (Schwarz) - Sparepartsholland<\/title>\n<meta name=\"description\" content=\"Hinteres hydraulisches Steuerger\u00e4t (2 x DW) f\u00fcr Massey Ferguson Schleppers. Inklusive: Schl\u00e4uche, Schnellkupplungen und Halterung.\" \/>\n<meta name=\"robots\" content=\"noindex, follow, max-snippet:-1, max-image-preview:large, max-video-preview:-1\" \/>\n<meta property=\"og:locale\" content=\"de_DE\" \/>\n<meta property=\"og:type\" content=\"article\" \/>\n<meta property=\"og:title\" content=\"Steuerger\u00e4t f\u00fcr Massey Ferguson MF 135 150 230 231 240 245 250 253 Schlepper - 2x DW (Schwarz) - Sparepartsholland\" \/>\n<meta property=\"og:description\" content=\"Hinteres hydraulisches Steuerger\u00e4t (2 x DW) f\u00fcr Massey Ferguson Schleppers. Inklusive: Schl\u00e4uche, Schnellkupplungen und Halterung.\" \/>\n<meta property=\"og:url\" content=\"https:\/\/oud.sparepartsholland.com\/produkt\/dual-hydraulic-remote-kit-massey-ferguson-mf-135-150-230-231-240-245-250-253\/\" \/>\n<meta property=\"og:site_name\" content=\"Sparepartsholland\" \/>\n<meta property=\"article:modified_time\" content=\"2023-05-31T08:33:29+00:00\" \/>\n<meta property=\"og:image\" content=\"https:\/\/oud.sparepartsholland.com\/wp-content\/uploads\/2022\/07\/81649497_857405534715043_1429005318108479488_o-1.jpg\" \/>\n\t<meta property=\"og:image:width\" content=\"2332\" \/>\n\t<meta property=\"og:image:height\" content=\"1529\" \/>\n\t<meta property=\"og:image:type\" content=\"image\/jpeg\" \/>\n<meta name=\"twitter:card\" content=\"summary_large_image\" \/>\n<meta name=\"twitter:label1\" content=\"Gesch\u00e4tzte Lesezeit\" \/>\n\t<meta name=\"twitter:data1\" content=\"1\u00a0Minute\" \/>\n<script type=\"application\/ld+json\" class=\"yoast-schema-graph\">{\"@context\":\"https:\/\/schema.org\",\"@graph\":[{\"@type\":[\"WebPage\",\"ItemPage\"],\"@id\":\"https:\/\/oud.sparepartsholland.com\/produkt\/dual-hydraulic-remote-kit-massey-ferguson-mf-135-150-230-231-240-245-250-253\/\",\"url\":\"https:\/\/oud.sparepartsholland.com\/produkt\/dual-hydraulic-remote-kit-massey-ferguson-mf-135-150-230-231-240-245-250-253\/\",\"name\":\"Steuerger\u00e4t f\u00fcr Massey Ferguson MF 135 150 230 231 240 245 250 253 Schlepper - 2x DW (Schwarz) - Sparepartsholland\",\"isPartOf\":{\"@id\":\"https:\/\/oud.sparepartsholland.com\/#website\"},\"primaryImageOfPage\":{\"@id\":\"https:\/\/oud.sparepartsholland.com\/produkt\/dual-hydraulic-remote-kit-massey-ferguson-mf-135-150-230-231-240-245-250-253\/#primaryimage\"},\"image\":{\"@id\":\"https:\/\/oud.sparepartsholland.com\/produkt\/dual-hydraulic-remote-kit-massey-ferguson-mf-135-150-230-231-240-245-250-253\/#primaryimage\"},\"thumbnailUrl\":\"https:\/\/oud.sparepartsholland.com\/wp-content\/uploads\/2022\/07\/81649497_857405534715043_1429005318108479488_o-1.jpg\",\"datePublished\":\"2022-07-28T08:56:28+00:00\",\"dateModified\":\"2023-05-31T08:33:29+00:00\",\"description\":\"Hinteres hydraulisches Steuerger\u00e4t (2 x DW) f\u00fcr Massey Ferguson Schleppers. Inklusive: Schl\u00e4uche, Schnellkupplungen und Halterung.\",\"breadcrumb\":{\"@id\":\"https:\/\/oud.sparepartsholland.com\/produkt\/dual-hydraulic-remote-kit-massey-ferguson-mf-135-150-230-231-240-245-250-253\/#breadcrumb\"},\"inLanguage\":\"de\",\"potentialAction\":[{\"@type\":\"ReadAction\",\"target\":[\"https:\/\/oud.sparepartsholland.com\/produkt\/dual-hydraulic-remote-kit-massey-ferguson-mf-135-150-230-231-240-245-250-253\/\"]}]},{\"@type\":\"ImageObject\",\"inLanguage\":\"de\",\"@id\":\"https:\/\/oud.sparepartsholland.com\/produkt\/dual-hydraulic-remote-kit-massey-ferguson-mf-135-150-230-231-240-245-250-253\/#primaryimage\",\"url\":\"https:\/\/oud.sparepartsholland.com\/wp-content\/uploads\/2022\/07\/81649497_857405534715043_1429005318108479488_o-1.jpg\",\"contentUrl\":\"https:\/\/oud.sparepartsholland.com\/wp-content\/uploads\/2022\/07\/81649497_857405534715043_1429005318108479488_o-1.jpg\",\"width\":2332,\"height\":1529},{\"@type\":\"BreadcrumbList\",\"@id\":\"https:\/\/oud.sparepartsholland.com\/produkt\/dual-hydraulic-remote-kit-massey-ferguson-mf-135-150-230-231-240-245-250-253\/#breadcrumb\",\"itemListElement\":[{\"@type\":\"ListItem\",\"position\":1,\"name\":\"Home\",\"item\":\"https:\/\/oud.sparepartsholland.com\/de\/\"},{\"@type\":\"ListItem\",\"position\":2,\"name\":\"Gesch\u00e4ft\",\"item\":\"https:\/\/oud.sparepartsholland.com\/shop\/\"},{\"@type\":\"ListItem\",\"position\":3,\"name\":\"Steuerger\u00e4t f\u00fcr Massey Ferguson MF 135 150 230 231 240 245 250 253 Schlepper &#8211; 2x DW (Schwarz)\"}]},{\"@type\":\"WebSite\",\"@id\":\"https:\/\/oud.sparepartsholland.com\/#website\",\"url\":\"https:\/\/oud.sparepartsholland.com\/\",\"name\":\"Sparepartsholland\",\"description\":\"\",\"publisher\":{\"@id\":\"https:\/\/oud.sparepartsholland.com\/#organization\"},\"potentialAction\":[{\"@type\":\"SearchAction\",\"target\":{\"@type\":\"EntryPoint\",\"urlTemplate\":\"https:\/\/oud.sparepartsholland.com\/?s={search_term_string}\"},\"query-input\":{\"@type\":\"PropertyValueSpecification\",\"valueRequired\":true,\"valueName\":\"search_term_string\"}}],\"inLanguage\":\"de\"},{\"@type\":\"Organization\",\"@id\":\"https:\/\/oud.sparepartsholland.com\/#organization\",\"name\":\"Spare Parts Holland\",\"url\":\"https:\/\/oud.sparepartsholland.com\/\",\"logo\":{\"@type\":\"ImageObject\",\"inLanguage\":\"de\",\"@id\":\"https:\/\/oud.sparepartsholland.com\/#\/schema\/logo\/image\/\",\"url\":\"https:\/\/oud.sparepartsholland.com\/wp-content\/uploads\/2022\/06\/spareparts-1.png\",\"contentUrl\":\"https:\/\/oud.sparepartsholland.com\/wp-content\/uploads\/2022\/06\/spareparts-1.png\",\"width\":824,\"height\":685,\"caption\":\"Spare Parts Holland\"},\"image\":{\"@id\":\"https:\/\/oud.sparepartsholland.com\/#\/schema\/logo\/image\/\"}}]}<\/script>\n<!-- \/ Yoast SEO plugin. -->","yoast_head_json":{"title":"Steuerger\u00e4t f\u00fcr Massey Ferguson MF 135 150 230 231 240 245 250 253 Schlepper - 2x DW (Schwarz) - Sparepartsholland","description":"Hinteres hydraulisches Steuerger\u00e4t (2 x DW) f\u00fcr Massey Ferguson Schleppers. Inklusive: Schl\u00e4uche, Schnellkupplungen und Halterung.","robots":{"index":"noindex","follow":"follow","max-snippet":"max-snippet:-1","max-image-preview":"max-image-preview:large","max-video-preview":"max-video-preview:-1"},"og_locale":"de_DE","og_type":"article","og_title":"Steuerger\u00e4t f\u00fcr Massey Ferguson MF 135 150 230 231 240 245 250 253 Schlepper - 2x DW (Schwarz) - Sparepartsholland","og_description":"Hinteres hydraulisches Steuerger\u00e4t (2 x DW) f\u00fcr Massey Ferguson Schleppers. Inklusive: Schl\u00e4uche, Schnellkupplungen und Halterung.","og_url":"https:\/\/oud.sparepartsholland.com\/produkt\/dual-hydraulic-remote-kit-massey-ferguson-mf-135-150-230-231-240-245-250-253\/","og_site_name":"Sparepartsholland","article_modified_time":"2023-05-31T08:33:29+00:00","og_image":[{"width":2332,"height":1529,"url":"https:\/\/oud.sparepartsholland.com\/wp-content\/uploads\/2022\/07\/81649497_857405534715043_1429005318108479488_o-1.jpg","type":"image\/jpeg"}],"twitter_card":"summary_large_image","twitter_misc":{"Gesch\u00e4tzte Lesezeit":"1\u00a0Minute"},"schema":{"@context":"https:\/\/schema.org","@graph":[{"@type":["WebPage","ItemPage"],"@id":"https:\/\/oud.sparepartsholland.com\/produkt\/dual-hydraulic-remote-kit-massey-ferguson-mf-135-150-230-231-240-245-250-253\/","url":"https:\/\/oud.sparepartsholland.com\/produkt\/dual-hydraulic-remote-kit-massey-ferguson-mf-135-150-230-231-240-245-250-253\/","name":"Steuerger\u00e4t f\u00fcr Massey Ferguson MF 135 150 230 231 240 245 250 253 Schlepper - 2x DW (Schwarz) - Sparepartsholland","isPartOf":{"@id":"https:\/\/oud.sparepartsholland.com\/#website"},"primaryImageOfPage":{"@id":"https:\/\/oud.sparepartsholland.com\/produkt\/dual-hydraulic-remote-kit-massey-ferguson-mf-135-150-230-231-240-245-250-253\/#primaryimage"},"image":{"@id":"https:\/\/oud.sparepartsholland.com\/produkt\/dual-hydraulic-remote-kit-massey-ferguson-mf-135-150-230-231-240-245-250-253\/#primaryimage"},"thumbnailUrl":"https:\/\/oud.sparepartsholland.com\/wp-content\/uploads\/2022\/07\/81649497_857405534715043_1429005318108479488_o-1.jpg","datePublished":"2022-07-28T08:56:28+00:00","dateModified":"2023-05-31T08:33:29+00:00","description":"Hinteres hydraulisches Steuerger\u00e4t (2 x DW) f\u00fcr Massey Ferguson Schleppers. Inklusive: Schl\u00e4uche, Schnellkupplungen und Halterung.","breadcrumb":{"@id":"https:\/\/oud.sparepartsholland.com\/produkt\/dual-hydraulic-remote-kit-massey-ferguson-mf-135-150-230-231-240-245-250-253\/#breadcrumb"},"inLanguage":"de","potentialAction":[{"@type":"ReadAction","target":["https:\/\/oud.sparepartsholland.com\/produkt\/dual-hydraulic-remote-kit-massey-ferguson-mf-135-150-230-231-240-245-250-253\/"]}]},{"@type":"ImageObject","inLanguage":"de","@id":"https:\/\/oud.sparepartsholland.com\/produkt\/dual-hydraulic-remote-kit-massey-ferguson-mf-135-150-230-231-240-245-250-253\/#primaryimage","url":"https:\/\/oud.sparepartsholland.com\/wp-content\/uploads\/2022\/07\/81649497_857405534715043_1429005318108479488_o-1.jpg","contentUrl":"https:\/\/oud.sparepartsholland.com\/wp-content\/uploads\/2022\/07\/81649497_857405534715043_1429005318108479488_o-1.jpg","width":2332,"height":1529},{"@type":"BreadcrumbList","@id":"https:\/\/oud.sparepartsholland.com\/produkt\/dual-hydraulic-remote-kit-massey-ferguson-mf-135-150-230-231-240-245-250-253\/#breadcrumb","itemListElement":[{"@type":"ListItem","position":1,"name":"Home","item":"https:\/\/oud.sparepartsholland.com\/de\/"},{"@type":"ListItem","position":2,"name":"Gesch\u00e4ft","item":"https:\/\/oud.sparepartsholland.com\/shop\/"},{"@type":"ListItem","position":3,"name":"Steuerger\u00e4t f\u00fcr Massey Ferguson MF 135 150 230 231 240 245 250 253 Schlepper &#8211; 2x DW (Schwarz)"}]},{"@type":"WebSite","@id":"https:\/\/oud.sparepartsholland.com\/#website","url":"https:\/\/oud.sparepartsholland.com\/","name":"Sparepartsholland","description":"","publisher":{"@id":"https:\/\/oud.sparepartsholland.com\/#organization"},"potentialAction":[{"@type":"SearchAction","target":{"@type":"EntryPoint","urlTemplate":"https:\/\/oud.sparepartsholland.com\/?s={search_term_string}"},"query-input":{"@type":"PropertyValueSpecification","valueRequired":true,"valueName":"search_term_string"}}],"inLanguage":"de"},{"@type":"Organization","@id":"https:\/\/oud.sparepartsholland.com\/#organization","name":"Spare Parts Holland","url":"https:\/\/oud.sparepartsholland.com\/","logo":{"@type":"ImageObject","inLanguage":"de","@id":"https:\/\/oud.sparepartsholland.com\/#\/schema\/logo\/image\/","url":"https:\/\/oud.sparepartsholland.com\/wp-content\/uploads\/2022\/06\/spareparts-1.png","contentUrl":"https:\/\/oud.sparepartsholland.com\/wp-content\/uploads\/2022\/06\/spareparts-1.png","width":824,"height":685,"caption":"Spare Parts Holland"},"image":{"@id":"https:\/\/oud.sparepartsholland.com\/#\/schema\/logo\/image\/"}}]}},"_links":{"self":[{"href":"https:\/\/oud.sparepartsholland.com\/de\/wp-json\/wp\/v2\/product\/6317","targetHints":{"allow":["GET"]}}],"collection":[{"href":"https:\/\/oud.sparepartsholland.com\/de\/wp-json\/wp\/v2\/product"}],"about":[{"href":"https:\/\/oud.sparepartsholland.com\/de\/wp-json\/wp\/v2\/types\/product"}],"wp:featuredmedia":[{"embeddable":true,"href":"https:\/\/oud.sparepartsholland.com\/de\/wp-json\/wp\/v2\/media\/29120"}],"wp:attachment":[{"href":"https:\/\/oud.sparepartsholland.com\/de\/wp-json\/wp\/v2\/media?parent=6317"}],"wp:term":[{"taxonomy":"product_brand","embeddable":true,"href":"https:\/\/oud.sparepartsholland.com\/de\/wp-json\/wp\/v2\/product_brand?post=6317"},{"taxonomy":"product_cat","embeddable":true,"href":"https:\/\/oud.sparepartsholland.com\/de\/wp-json\/wp\/v2\/product_cat?post=6317"},{"taxonomy":"product_tag","embeddable":true,"href":"https:\/\/oud.sparepartsholland.com\/de\/wp-json\/wp\/v2\/product_tag?post=6317"}],"curies":[{"name":"wp","href":"https:\/\/api.w.org\/{rel}","templated":true}]}}