{"id":6350,"date":"2022-07-28T09:56:25","date_gmt":"2022-07-28T08:56:25","guid":{"rendered":"https:\/\/sparepartsholland.com\/product\/ford-tractor-new-hydraulic-remote-control-valve-kit-600-800-601-2000-3000-4000\/"},"modified":"2025-03-27T15:32:20","modified_gmt":"2025-03-27T14:32:20","slug":"ford-tractor-new-hydraulic-remote-control-valve-kit-600-800-601-2000-3000-4000","status":"publish","type":"product","link":"https:\/\/oud.sparepartsholland.com\/de\/produkt\/ford-tractor-new-hydraulic-remote-control-valve-kit-600-800-601-2000-3000-4000\/","title":{"rendered":"Steuerger\u00e4t f\u00fcr Ford 3000 3600 3610 4000 Schlepper 1x DW"},"content":{"rendered":"<p>Hydraulischer Steuerger\u00e4t f\u00fcr hinter dem Schlepper.<\/p>\n<ul>\n<li>Einzelne Spule<\/li>\n<li>Einfach\/doppeltwirkend mit Schl\u00e4uchen<\/li>\n<li>Weibliche Schnellkupplungen<\/li>\n<\/ul>\n<p>Diese Steuerger\u00e4t passt Ford Schlepper Modelle:<\/p>\n<p>600, 601, 700, 701, 800, 801, 900, 901, 2000, 2310, 2600,\u00a0 2610, 2810, 2910,<\/p>\n<p>3000, 3230, 3430, 3600, 3610 3900, 3910, 3930, 4000, 4100, 4110, 4600, 4610, 4630<\/p>\n","protected":false},"excerpt":{"rendered":"<ul>\n<li>Einzelne Spule<\/li>\n<li>Einfach\/doppeltwirkend mit Schl\u00e4uchen<\/li>\n<li>Weibliche Schnellkupplungen<\/li>\n<\/ul>\n<p>&nbsp;<\/p>\n","protected":false},"featured_media":29205,"template":"","meta":{"inline_featured_image":false},"product_brand":[],"product_cat":[668,670],"product_tag":[],"class_list":{"0":"post-6350","1":"product","2":"type-product","3":"status-publish","4":"has-post-thumbnail","6":"product_cat-steuergerate-hydraulikventile","7":"product_cat-ford-de-3","9":"first","10":"instock","11":"taxable","12":"shipping-taxable","13":"purchasable","14":"product-type-simple"},"yoast_head":"<!-- This site is optimized with the Yoast SEO plugin v25.0 - https:\/\/yoast.com\/wordpress\/plugins\/seo\/ -->\n<title>Steuerger\u00e4t f\u00fcr Ford 3000 3600 3610 4000 Schlepper 1x DW - Sparepartsholland<\/title>\n<meta name=\"description\" content=\"Hydraulischer Steuerger\u00e4t f\u00fcr hinter dem Schlepper. Einzelne Spule. Einfach \/ doppeltwirkend mit Schl\u00e4uchen. Weibliche Schnellkupplungen.\" \/>\n<meta name=\"robots\" content=\"noindex, follow, max-snippet:-1, max-image-preview:large, max-video-preview:-1\" \/>\n<meta property=\"og:locale\" content=\"de_DE\" \/>\n<meta property=\"og:type\" content=\"article\" \/>\n<meta property=\"og:title\" content=\"Steuerger\u00e4t f\u00fcr Ford 3000 3600 3610 4000 Schlepper 1x DW - Sparepartsholland\" \/>\n<meta property=\"og:description\" content=\"Hydraulischer Steuerger\u00e4t f\u00fcr hinter dem Schlepper. Einzelne Spule. Einfach \/ doppeltwirkend mit Schl\u00e4uchen. Weibliche Schnellkupplungen.\" \/>\n<meta property=\"og:url\" content=\"https:\/\/oud.sparepartsholland.com\/produkt\/ford-tractor-new-hydraulic-remote-control-valve-kit-600-800-601-2000-3000-4000\/\" \/>\n<meta property=\"og:site_name\" content=\"Sparepartsholland\" \/>\n<meta property=\"article:modified_time\" content=\"2025-03-27T14:32:20+00:00\" \/>\n<meta property=\"og:image\" content=\"https:\/\/oud.sparepartsholland.com\/wp-content\/uploads\/2022\/07\/1-19-scaled.jpg\" \/>\n\t<meta property=\"og:image:width\" content=\"2560\" \/>\n\t<meta property=\"og:image:height\" content=\"2560\" \/>\n\t<meta property=\"og:image:type\" content=\"image\/jpeg\" \/>\n<meta name=\"twitter:card\" content=\"summary_large_image\" \/>\n<meta name=\"twitter:label1\" content=\"Gesch\u00e4tzte Lesezeit\" \/>\n\t<meta name=\"twitter:data1\" content=\"1\u00a0Minute\" \/>\n<script type=\"application\/ld+json\" class=\"yoast-schema-graph\">{\"@context\":\"https:\/\/schema.org\",\"@graph\":[{\"@type\":[\"WebPage\",\"ItemPage\"],\"@id\":\"https:\/\/oud.sparepartsholland.com\/produkt\/ford-tractor-new-hydraulic-remote-control-valve-kit-600-800-601-2000-3000-4000\/\",\"url\":\"https:\/\/oud.sparepartsholland.com\/produkt\/ford-tractor-new-hydraulic-remote-control-valve-kit-600-800-601-2000-3000-4000\/\",\"name\":\"Steuerger\u00e4t f\u00fcr Ford 3000 3600 3610 4000 Schlepper 1x DW - Sparepartsholland\",\"isPartOf\":{\"@id\":\"https:\/\/oud.sparepartsholland.com\/#website\"},\"primaryImageOfPage\":{\"@id\":\"https:\/\/oud.sparepartsholland.com\/produkt\/ford-tractor-new-hydraulic-remote-control-valve-kit-600-800-601-2000-3000-4000\/#primaryimage\"},\"image\":{\"@id\":\"https:\/\/oud.sparepartsholland.com\/produkt\/ford-tractor-new-hydraulic-remote-control-valve-kit-600-800-601-2000-3000-4000\/#primaryimage\"},\"thumbnailUrl\":\"https:\/\/oud.sparepartsholland.com\/wp-content\/uploads\/2022\/07\/1-19-scaled.jpg\",\"datePublished\":\"2022-07-28T08:56:25+00:00\",\"dateModified\":\"2025-03-27T14:32:20+00:00\",\"description\":\"Hydraulischer Steuerger\u00e4t f\u00fcr hinter dem Schlepper. Einzelne Spule. Einfach \/ doppeltwirkend mit Schl\u00e4uchen. Weibliche Schnellkupplungen.\",\"breadcrumb\":{\"@id\":\"https:\/\/oud.sparepartsholland.com\/produkt\/ford-tractor-new-hydraulic-remote-control-valve-kit-600-800-601-2000-3000-4000\/#breadcrumb\"},\"inLanguage\":\"de\",\"potentialAction\":[{\"@type\":\"ReadAction\",\"target\":[\"https:\/\/oud.sparepartsholland.com\/produkt\/ford-tractor-new-hydraulic-remote-control-valve-kit-600-800-601-2000-3000-4000\/\"]}]},{\"@type\":\"ImageObject\",\"inLanguage\":\"de\",\"@id\":\"https:\/\/oud.sparepartsholland.com\/produkt\/ford-tractor-new-hydraulic-remote-control-valve-kit-600-800-601-2000-3000-4000\/#primaryimage\",\"url\":\"https:\/\/oud.sparepartsholland.com\/wp-content\/uploads\/2022\/07\/1-19-scaled.jpg\",\"contentUrl\":\"https:\/\/oud.sparepartsholland.com\/wp-content\/uploads\/2022\/07\/1-19-scaled.jpg\",\"width\":2560,\"height\":2560},{\"@type\":\"BreadcrumbList\",\"@id\":\"https:\/\/oud.sparepartsholland.com\/produkt\/ford-tractor-new-hydraulic-remote-control-valve-kit-600-800-601-2000-3000-4000\/#breadcrumb\",\"itemListElement\":[{\"@type\":\"ListItem\",\"position\":1,\"name\":\"Home\",\"item\":\"https:\/\/oud.sparepartsholland.com\/de\/\"},{\"@type\":\"ListItem\",\"position\":2,\"name\":\"Gesch\u00e4ft\",\"item\":\"https:\/\/oud.sparepartsholland.com\/shop\/\"},{\"@type\":\"ListItem\",\"position\":3,\"name\":\"Steuerger\u00e4t f\u00fcr Ford 3000 3600 3610 4000 Schlepper 1x DW\"}]},{\"@type\":\"WebSite\",\"@id\":\"https:\/\/oud.sparepartsholland.com\/#website\",\"url\":\"https:\/\/oud.sparepartsholland.com\/\",\"name\":\"Sparepartsholland\",\"description\":\"\",\"publisher\":{\"@id\":\"https:\/\/oud.sparepartsholland.com\/#organization\"},\"potentialAction\":[{\"@type\":\"SearchAction\",\"target\":{\"@type\":\"EntryPoint\",\"urlTemplate\":\"https:\/\/oud.sparepartsholland.com\/?s={search_term_string}\"},\"query-input\":{\"@type\":\"PropertyValueSpecification\",\"valueRequired\":true,\"valueName\":\"search_term_string\"}}],\"inLanguage\":\"de\"},{\"@type\":\"Organization\",\"@id\":\"https:\/\/oud.sparepartsholland.com\/#organization\",\"name\":\"Spare Parts Holland\",\"url\":\"https:\/\/oud.sparepartsholland.com\/\",\"logo\":{\"@type\":\"ImageObject\",\"inLanguage\":\"de\",\"@id\":\"https:\/\/oud.sparepartsholland.com\/#\/schema\/logo\/image\/\",\"url\":\"https:\/\/oud.sparepartsholland.com\/wp-content\/uploads\/2022\/06\/spareparts-1.png\",\"contentUrl\":\"https:\/\/oud.sparepartsholland.com\/wp-content\/uploads\/2022\/06\/spareparts-1.png\",\"width\":824,\"height\":685,\"caption\":\"Spare Parts Holland\"},\"image\":{\"@id\":\"https:\/\/oud.sparepartsholland.com\/#\/schema\/logo\/image\/\"}}]}<\/script>\n<!-- \/ Yoast SEO plugin. -->","yoast_head_json":{"title":"Steuerger\u00e4t f\u00fcr Ford 3000 3600 3610 4000 Schlepper 1x DW - Sparepartsholland","description":"Hydraulischer Steuerger\u00e4t f\u00fcr hinter dem Schlepper. Einzelne Spule. Einfach \/ doppeltwirkend mit Schl\u00e4uchen. Weibliche Schnellkupplungen.","robots":{"index":"noindex","follow":"follow","max-snippet":"max-snippet:-1","max-image-preview":"max-image-preview:large","max-video-preview":"max-video-preview:-1"},"og_locale":"de_DE","og_type":"article","og_title":"Steuerger\u00e4t f\u00fcr Ford 3000 3600 3610 4000 Schlepper 1x DW - Sparepartsholland","og_description":"Hydraulischer Steuerger\u00e4t f\u00fcr hinter dem Schlepper. Einzelne Spule. Einfach \/ doppeltwirkend mit Schl\u00e4uchen. Weibliche Schnellkupplungen.","og_url":"https:\/\/oud.sparepartsholland.com\/produkt\/ford-tractor-new-hydraulic-remote-control-valve-kit-600-800-601-2000-3000-4000\/","og_site_name":"Sparepartsholland","article_modified_time":"2025-03-27T14:32:20+00:00","og_image":[{"width":2560,"height":2560,"url":"https:\/\/oud.sparepartsholland.com\/wp-content\/uploads\/2022\/07\/1-19-scaled.jpg","type":"image\/jpeg"}],"twitter_card":"summary_large_image","twitter_misc":{"Gesch\u00e4tzte Lesezeit":"1\u00a0Minute"},"schema":{"@context":"https:\/\/schema.org","@graph":[{"@type":["WebPage","ItemPage"],"@id":"https:\/\/oud.sparepartsholland.com\/produkt\/ford-tractor-new-hydraulic-remote-control-valve-kit-600-800-601-2000-3000-4000\/","url":"https:\/\/oud.sparepartsholland.com\/produkt\/ford-tractor-new-hydraulic-remote-control-valve-kit-600-800-601-2000-3000-4000\/","name":"Steuerger\u00e4t f\u00fcr Ford 3000 3600 3610 4000 Schlepper 1x DW - Sparepartsholland","isPartOf":{"@id":"https:\/\/oud.sparepartsholland.com\/#website"},"primaryImageOfPage":{"@id":"https:\/\/oud.sparepartsholland.com\/produkt\/ford-tractor-new-hydraulic-remote-control-valve-kit-600-800-601-2000-3000-4000\/#primaryimage"},"image":{"@id":"https:\/\/oud.sparepartsholland.com\/produkt\/ford-tractor-new-hydraulic-remote-control-valve-kit-600-800-601-2000-3000-4000\/#primaryimage"},"thumbnailUrl":"https:\/\/oud.sparepartsholland.com\/wp-content\/uploads\/2022\/07\/1-19-scaled.jpg","datePublished":"2022-07-28T08:56:25+00:00","dateModified":"2025-03-27T14:32:20+00:00","description":"Hydraulischer Steuerger\u00e4t f\u00fcr hinter dem Schlepper. Einzelne Spule. Einfach \/ doppeltwirkend mit Schl\u00e4uchen. Weibliche Schnellkupplungen.","breadcrumb":{"@id":"https:\/\/oud.sparepartsholland.com\/produkt\/ford-tractor-new-hydraulic-remote-control-valve-kit-600-800-601-2000-3000-4000\/#breadcrumb"},"inLanguage":"de","potentialAction":[{"@type":"ReadAction","target":["https:\/\/oud.sparepartsholland.com\/produkt\/ford-tractor-new-hydraulic-remote-control-valve-kit-600-800-601-2000-3000-4000\/"]}]},{"@type":"ImageObject","inLanguage":"de","@id":"https:\/\/oud.sparepartsholland.com\/produkt\/ford-tractor-new-hydraulic-remote-control-valve-kit-600-800-601-2000-3000-4000\/#primaryimage","url":"https:\/\/oud.sparepartsholland.com\/wp-content\/uploads\/2022\/07\/1-19-scaled.jpg","contentUrl":"https:\/\/oud.sparepartsholland.com\/wp-content\/uploads\/2022\/07\/1-19-scaled.jpg","width":2560,"height":2560},{"@type":"BreadcrumbList","@id":"https:\/\/oud.sparepartsholland.com\/produkt\/ford-tractor-new-hydraulic-remote-control-valve-kit-600-800-601-2000-3000-4000\/#breadcrumb","itemListElement":[{"@type":"ListItem","position":1,"name":"Home","item":"https:\/\/oud.sparepartsholland.com\/de\/"},{"@type":"ListItem","position":2,"name":"Gesch\u00e4ft","item":"https:\/\/oud.sparepartsholland.com\/shop\/"},{"@type":"ListItem","position":3,"name":"Steuerger\u00e4t f\u00fcr Ford 3000 3600 3610 4000 Schlepper 1x DW"}]},{"@type":"WebSite","@id":"https:\/\/oud.sparepartsholland.com\/#website","url":"https:\/\/oud.sparepartsholland.com\/","name":"Sparepartsholland","description":"","publisher":{"@id":"https:\/\/oud.sparepartsholland.com\/#organization"},"potentialAction":[{"@type":"SearchAction","target":{"@type":"EntryPoint","urlTemplate":"https:\/\/oud.sparepartsholland.com\/?s={search_term_string}"},"query-input":{"@type":"PropertyValueSpecification","valueRequired":true,"valueName":"search_term_string"}}],"inLanguage":"de"},{"@type":"Organization","@id":"https:\/\/oud.sparepartsholland.com\/#organization","name":"Spare Parts Holland","url":"https:\/\/oud.sparepartsholland.com\/","logo":{"@type":"ImageObject","inLanguage":"de","@id":"https:\/\/oud.sparepartsholland.com\/#\/schema\/logo\/image\/","url":"https:\/\/oud.sparepartsholland.com\/wp-content\/uploads\/2022\/06\/spareparts-1.png","contentUrl":"https:\/\/oud.sparepartsholland.com\/wp-content\/uploads\/2022\/06\/spareparts-1.png","width":824,"height":685,"caption":"Spare Parts Holland"},"image":{"@id":"https:\/\/oud.sparepartsholland.com\/#\/schema\/logo\/image\/"}}]}},"_links":{"self":[{"href":"https:\/\/oud.sparepartsholland.com\/de\/wp-json\/wp\/v2\/product\/6350","targetHints":{"allow":["GET"]}}],"collection":[{"href":"https:\/\/oud.sparepartsholland.com\/de\/wp-json\/wp\/v2\/product"}],"about":[{"href":"https:\/\/oud.sparepartsholland.com\/de\/wp-json\/wp\/v2\/types\/product"}],"wp:featuredmedia":[{"embeddable":true,"href":"https:\/\/oud.sparepartsholland.com\/de\/wp-json\/wp\/v2\/media\/29205"}],"wp:attachment":[{"href":"https:\/\/oud.sparepartsholland.com\/de\/wp-json\/wp\/v2\/media?parent=6350"}],"wp:term":[{"taxonomy":"product_brand","embeddable":true,"href":"https:\/\/oud.sparepartsholland.com\/de\/wp-json\/wp\/v2\/product_brand?post=6350"},{"taxonomy":"product_cat","embeddable":true,"href":"https:\/\/oud.sparepartsholland.com\/de\/wp-json\/wp\/v2\/product_cat?post=6350"},{"taxonomy":"product_tag","embeddable":true,"href":"https:\/\/oud.sparepartsholland.com\/de\/wp-json\/wp\/v2\/product_tag?post=6350"}],"curies":[{"name":"wp","href":"https:\/\/api.w.org\/{rel}","templated":true}]}}