{"id":6353,"date":"2022-07-28T09:56:24","date_gmt":"2022-07-28T08:56:24","guid":{"rendered":"https:\/\/sparepartsholland.com\/product\/power-steering-cylinder-for-mf-240-253-360-362-3401553m92\/"},"modified":"2024-03-29T19:20:50","modified_gmt":"2024-03-29T18:20:50","slug":"power-steering-cylinder-for-mf-240-253-360-362-3401553m92","status":"publish","type":"product","link":"https:\/\/oud.sparepartsholland.com\/de\/produkt\/power-steering-cylinder-for-mf-240-253-360-362-3401553m92\/","title":{"rendered":"3401553M92 &#8211; Lenkzylinder f\u00fcr Massey Ferguson MF 240 (s\/n N01001-later) 253 Schlepper"},"content":{"rendered":"<p>Lenkzylinder f\u00fcr Massey Ferguson Schlepper.<\/p>\n<ul>\n<li>Passend f\u00fcr Massey Ferguson-Traktoren 240 (ab Seriennummer N01001), 253, 360, 362<\/li>\n<li>Passend f\u00fcr Massey Ferguson Construction &amp; Industrial(s) 20F, 30E, 30H, 40E<\/li>\n<li>Ersetzt Massey Ferguson OEM-Nummern 3401553M92, 3774728V91, 3774728M91, 3773716M91,<\/li>\n<\/ul>\n<p><strong>Technische Informationen:<\/strong><\/p>\n<ul>\n<li>9\/16&#8243; im Durchmesser<\/li>\n<li>Der Zylinder ist (geschlossen 9&#8243;, offen 15&#8243;, Mitte zu Mitte vom Montageloch bis zum Kugelgelenkstift)<br \/>\n5\/8&#8243;-Gewinde an der Spurstangenkopfmutter<\/li>\n<li>Das Loch f\u00fcr den Ankerstift ist 11\/16 Zoll gro\u00df.<\/li>\n<li>Durchmesser des kleinen Kegelendes: 0,715 Zoll (Bitte \u00fcberpr\u00fcfen Sie das Ende des Kegels vor der Bestellung.)<\/li>\n<\/ul>\n<p>Hinweis: Hydrostatische oder Servolenkung<\/p>\n<p>WENN IHRE AKTUELLEN ZYLINDER O-RING-ANSCHL\u00dcSSE HABEN, M\u00dcSSEN SIE NEUE SCHL\u00c4UCHE HERSTELLEN LASSEN<\/p>\n","protected":false},"excerpt":{"rendered":"<ul>\n<li><span class=\"a-list-item\">9\/16\u2033 im Durchmesser<\/span><\/li>\n<li><span class=\"a-list-item\">5\/8\u2033 Faden am Zuganker Mutternende<\/span><\/li>\n<li><span class=\"a-list-item\">11\/16\u2033 Ankerbolzenloch<\/span><\/li>\n<li><span class=\"a-list-item\">Kleines Ende des Kegeldurchmesser 0.715\u2033<\/span><\/li>\n<\/ul>\n","protected":false},"featured_media":30567,"template":"","meta":{"inline_featured_image":false},"product_brand":[],"product_cat":[652,656],"product_tag":[],"class_list":{"0":"post-6353","1":"product","2":"type-product","3":"status-publish","4":"has-post-thumbnail","6":"product_cat-servolenkung-zylinder","7":"product_cat-massey-ferguson-de-2","9":"first","10":"outofstock","11":"taxable","12":"shipping-taxable","13":"purchasable","14":"product-type-simple"},"yoast_head":"<!-- This site is optimized with the Yoast SEO plugin v25.0 - https:\/\/yoast.com\/wordpress\/plugins\/seo\/ -->\n<title>3401553M92 - Lenkzylinder f\u00fcr Massey Ferguson MF 240 (s\/n N01001-later) 253 Schlepper - Sparepartsholland<\/title>\n<meta name=\"description\" content=\"Lenkzylinder f\u00fcr Massey Ferguson Schlepper. Technische Info: 9\/16\u2033 im Durchmesser. 5\/8\u2033 Faden am Zuganker Mutternende.\" \/>\n<meta name=\"robots\" content=\"noindex, follow, max-snippet:-1, max-image-preview:large, max-video-preview:-1\" \/>\n<meta property=\"og:locale\" content=\"de_DE\" \/>\n<meta property=\"og:type\" content=\"article\" \/>\n<meta property=\"og:title\" content=\"3401553M92 - Lenkzylinder f\u00fcr Massey Ferguson MF 240 (s\/n N01001-later) 253 Schlepper - Sparepartsholland\" \/>\n<meta property=\"og:description\" content=\"Lenkzylinder f\u00fcr Massey Ferguson Schlepper. Technische Info: 9\/16\u2033 im Durchmesser. 5\/8\u2033 Faden am Zuganker Mutternende.\" \/>\n<meta property=\"og:url\" content=\"https:\/\/oud.sparepartsholland.com\/produkt\/power-steering-cylinder-for-mf-240-253-360-362-3401553m92\/\" \/>\n<meta property=\"og:site_name\" content=\"Sparepartsholland\" \/>\n<meta property=\"article:modified_time\" content=\"2024-03-29T18:20:50+00:00\" \/>\n<meta property=\"og:image\" content=\"https:\/\/oud.sparepartsholland.com\/wp-content\/uploads\/2022\/07\/2-36-scaled.jpg\" \/>\n\t<meta property=\"og:image:width\" content=\"2560\" \/>\n\t<meta property=\"og:image:height\" content=\"2560\" \/>\n\t<meta property=\"og:image:type\" content=\"image\/jpeg\" \/>\n<meta name=\"twitter:card\" content=\"summary_large_image\" \/>\n<meta name=\"twitter:label1\" content=\"Gesch\u00e4tzte Lesezeit\" \/>\n\t<meta name=\"twitter:data1\" content=\"1\u00a0Minute\" \/>\n<script type=\"application\/ld+json\" class=\"yoast-schema-graph\">{\"@context\":\"https:\/\/schema.org\",\"@graph\":[{\"@type\":[\"WebPage\",\"ItemPage\"],\"@id\":\"https:\/\/oud.sparepartsholland.com\/produkt\/power-steering-cylinder-for-mf-240-253-360-362-3401553m92\/\",\"url\":\"https:\/\/oud.sparepartsholland.com\/produkt\/power-steering-cylinder-for-mf-240-253-360-362-3401553m92\/\",\"name\":\"3401553M92 - Lenkzylinder f\u00fcr Massey Ferguson MF 240 (s\/n N01001-later) 253 Schlepper - Sparepartsholland\",\"isPartOf\":{\"@id\":\"https:\/\/oud.sparepartsholland.com\/#website\"},\"primaryImageOfPage\":{\"@id\":\"https:\/\/oud.sparepartsholland.com\/produkt\/power-steering-cylinder-for-mf-240-253-360-362-3401553m92\/#primaryimage\"},\"image\":{\"@id\":\"https:\/\/oud.sparepartsholland.com\/produkt\/power-steering-cylinder-for-mf-240-253-360-362-3401553m92\/#primaryimage\"},\"thumbnailUrl\":\"https:\/\/oud.sparepartsholland.com\/wp-content\/uploads\/2022\/07\/2-36-scaled.jpg\",\"datePublished\":\"2022-07-28T08:56:24+00:00\",\"dateModified\":\"2024-03-29T18:20:50+00:00\",\"description\":\"Lenkzylinder f\u00fcr Massey Ferguson Schlepper. Technische Info: 9\/16\u2033 im Durchmesser. 5\/8\u2033 Faden am Zuganker Mutternende.\",\"breadcrumb\":{\"@id\":\"https:\/\/oud.sparepartsholland.com\/produkt\/power-steering-cylinder-for-mf-240-253-360-362-3401553m92\/#breadcrumb\"},\"inLanguage\":\"de\",\"potentialAction\":[{\"@type\":\"ReadAction\",\"target\":[\"https:\/\/oud.sparepartsholland.com\/produkt\/power-steering-cylinder-for-mf-240-253-360-362-3401553m92\/\"]}]},{\"@type\":\"ImageObject\",\"inLanguage\":\"de\",\"@id\":\"https:\/\/oud.sparepartsholland.com\/produkt\/power-steering-cylinder-for-mf-240-253-360-362-3401553m92\/#primaryimage\",\"url\":\"https:\/\/oud.sparepartsholland.com\/wp-content\/uploads\/2022\/07\/2-36-scaled.jpg\",\"contentUrl\":\"https:\/\/oud.sparepartsholland.com\/wp-content\/uploads\/2022\/07\/2-36-scaled.jpg\",\"width\":2560,\"height\":2560},{\"@type\":\"BreadcrumbList\",\"@id\":\"https:\/\/oud.sparepartsholland.com\/produkt\/power-steering-cylinder-for-mf-240-253-360-362-3401553m92\/#breadcrumb\",\"itemListElement\":[{\"@type\":\"ListItem\",\"position\":1,\"name\":\"Home\",\"item\":\"https:\/\/oud.sparepartsholland.com\/de\/\"},{\"@type\":\"ListItem\",\"position\":2,\"name\":\"Gesch\u00e4ft\",\"item\":\"https:\/\/oud.sparepartsholland.com\/shop\/\"},{\"@type\":\"ListItem\",\"position\":3,\"name\":\"3401553M92 &#8211; Lenkzylinder f\u00fcr Massey Ferguson MF 240 (s\/n N01001-later) 253 Schlepper\"}]},{\"@type\":\"WebSite\",\"@id\":\"https:\/\/oud.sparepartsholland.com\/#website\",\"url\":\"https:\/\/oud.sparepartsholland.com\/\",\"name\":\"Sparepartsholland\",\"description\":\"\",\"publisher\":{\"@id\":\"https:\/\/oud.sparepartsholland.com\/#organization\"},\"potentialAction\":[{\"@type\":\"SearchAction\",\"target\":{\"@type\":\"EntryPoint\",\"urlTemplate\":\"https:\/\/oud.sparepartsholland.com\/?s={search_term_string}\"},\"query-input\":{\"@type\":\"PropertyValueSpecification\",\"valueRequired\":true,\"valueName\":\"search_term_string\"}}],\"inLanguage\":\"de\"},{\"@type\":\"Organization\",\"@id\":\"https:\/\/oud.sparepartsholland.com\/#organization\",\"name\":\"Spare Parts Holland\",\"url\":\"https:\/\/oud.sparepartsholland.com\/\",\"logo\":{\"@type\":\"ImageObject\",\"inLanguage\":\"de\",\"@id\":\"https:\/\/oud.sparepartsholland.com\/#\/schema\/logo\/image\/\",\"url\":\"https:\/\/oud.sparepartsholland.com\/wp-content\/uploads\/2022\/06\/spareparts-1.png\",\"contentUrl\":\"https:\/\/oud.sparepartsholland.com\/wp-content\/uploads\/2022\/06\/spareparts-1.png\",\"width\":824,\"height\":685,\"caption\":\"Spare Parts Holland\"},\"image\":{\"@id\":\"https:\/\/oud.sparepartsholland.com\/#\/schema\/logo\/image\/\"}}]}<\/script>\n<!-- \/ Yoast SEO plugin. -->","yoast_head_json":{"title":"3401553M92 - Lenkzylinder f\u00fcr Massey Ferguson MF 240 (s\/n N01001-later) 253 Schlepper - Sparepartsholland","description":"Lenkzylinder f\u00fcr Massey Ferguson Schlepper. Technische Info: 9\/16\u2033 im Durchmesser. 5\/8\u2033 Faden am Zuganker Mutternende.","robots":{"index":"noindex","follow":"follow","max-snippet":"max-snippet:-1","max-image-preview":"max-image-preview:large","max-video-preview":"max-video-preview:-1"},"og_locale":"de_DE","og_type":"article","og_title":"3401553M92 - Lenkzylinder f\u00fcr Massey Ferguson MF 240 (s\/n N01001-later) 253 Schlepper - Sparepartsholland","og_description":"Lenkzylinder f\u00fcr Massey Ferguson Schlepper. Technische Info: 9\/16\u2033 im Durchmesser. 5\/8\u2033 Faden am Zuganker Mutternende.","og_url":"https:\/\/oud.sparepartsholland.com\/produkt\/power-steering-cylinder-for-mf-240-253-360-362-3401553m92\/","og_site_name":"Sparepartsholland","article_modified_time":"2024-03-29T18:20:50+00:00","og_image":[{"width":2560,"height":2560,"url":"https:\/\/oud.sparepartsholland.com\/wp-content\/uploads\/2022\/07\/2-36-scaled.jpg","type":"image\/jpeg"}],"twitter_card":"summary_large_image","twitter_misc":{"Gesch\u00e4tzte Lesezeit":"1\u00a0Minute"},"schema":{"@context":"https:\/\/schema.org","@graph":[{"@type":["WebPage","ItemPage"],"@id":"https:\/\/oud.sparepartsholland.com\/produkt\/power-steering-cylinder-for-mf-240-253-360-362-3401553m92\/","url":"https:\/\/oud.sparepartsholland.com\/produkt\/power-steering-cylinder-for-mf-240-253-360-362-3401553m92\/","name":"3401553M92 - Lenkzylinder f\u00fcr Massey Ferguson MF 240 (s\/n N01001-later) 253 Schlepper - Sparepartsholland","isPartOf":{"@id":"https:\/\/oud.sparepartsholland.com\/#website"},"primaryImageOfPage":{"@id":"https:\/\/oud.sparepartsholland.com\/produkt\/power-steering-cylinder-for-mf-240-253-360-362-3401553m92\/#primaryimage"},"image":{"@id":"https:\/\/oud.sparepartsholland.com\/produkt\/power-steering-cylinder-for-mf-240-253-360-362-3401553m92\/#primaryimage"},"thumbnailUrl":"https:\/\/oud.sparepartsholland.com\/wp-content\/uploads\/2022\/07\/2-36-scaled.jpg","datePublished":"2022-07-28T08:56:24+00:00","dateModified":"2024-03-29T18:20:50+00:00","description":"Lenkzylinder f\u00fcr Massey Ferguson Schlepper. Technische Info: 9\/16\u2033 im Durchmesser. 5\/8\u2033 Faden am Zuganker Mutternende.","breadcrumb":{"@id":"https:\/\/oud.sparepartsholland.com\/produkt\/power-steering-cylinder-for-mf-240-253-360-362-3401553m92\/#breadcrumb"},"inLanguage":"de","potentialAction":[{"@type":"ReadAction","target":["https:\/\/oud.sparepartsholland.com\/produkt\/power-steering-cylinder-for-mf-240-253-360-362-3401553m92\/"]}]},{"@type":"ImageObject","inLanguage":"de","@id":"https:\/\/oud.sparepartsholland.com\/produkt\/power-steering-cylinder-for-mf-240-253-360-362-3401553m92\/#primaryimage","url":"https:\/\/oud.sparepartsholland.com\/wp-content\/uploads\/2022\/07\/2-36-scaled.jpg","contentUrl":"https:\/\/oud.sparepartsholland.com\/wp-content\/uploads\/2022\/07\/2-36-scaled.jpg","width":2560,"height":2560},{"@type":"BreadcrumbList","@id":"https:\/\/oud.sparepartsholland.com\/produkt\/power-steering-cylinder-for-mf-240-253-360-362-3401553m92\/#breadcrumb","itemListElement":[{"@type":"ListItem","position":1,"name":"Home","item":"https:\/\/oud.sparepartsholland.com\/de\/"},{"@type":"ListItem","position":2,"name":"Gesch\u00e4ft","item":"https:\/\/oud.sparepartsholland.com\/shop\/"},{"@type":"ListItem","position":3,"name":"3401553M92 &#8211; Lenkzylinder f\u00fcr Massey Ferguson MF 240 (s\/n N01001-later) 253 Schlepper"}]},{"@type":"WebSite","@id":"https:\/\/oud.sparepartsholland.com\/#website","url":"https:\/\/oud.sparepartsholland.com\/","name":"Sparepartsholland","description":"","publisher":{"@id":"https:\/\/oud.sparepartsholland.com\/#organization"},"potentialAction":[{"@type":"SearchAction","target":{"@type":"EntryPoint","urlTemplate":"https:\/\/oud.sparepartsholland.com\/?s={search_term_string}"},"query-input":{"@type":"PropertyValueSpecification","valueRequired":true,"valueName":"search_term_string"}}],"inLanguage":"de"},{"@type":"Organization","@id":"https:\/\/oud.sparepartsholland.com\/#organization","name":"Spare Parts Holland","url":"https:\/\/oud.sparepartsholland.com\/","logo":{"@type":"ImageObject","inLanguage":"de","@id":"https:\/\/oud.sparepartsholland.com\/#\/schema\/logo\/image\/","url":"https:\/\/oud.sparepartsholland.com\/wp-content\/uploads\/2022\/06\/spareparts-1.png","contentUrl":"https:\/\/oud.sparepartsholland.com\/wp-content\/uploads\/2022\/06\/spareparts-1.png","width":824,"height":685,"caption":"Spare Parts Holland"},"image":{"@id":"https:\/\/oud.sparepartsholland.com\/#\/schema\/logo\/image\/"}}]}},"_links":{"self":[{"href":"https:\/\/oud.sparepartsholland.com\/de\/wp-json\/wp\/v2\/product\/6353","targetHints":{"allow":["GET"]}}],"collection":[{"href":"https:\/\/oud.sparepartsholland.com\/de\/wp-json\/wp\/v2\/product"}],"about":[{"href":"https:\/\/oud.sparepartsholland.com\/de\/wp-json\/wp\/v2\/types\/product"}],"wp:featuredmedia":[{"embeddable":true,"href":"https:\/\/oud.sparepartsholland.com\/de\/wp-json\/wp\/v2\/media\/30567"}],"wp:attachment":[{"href":"https:\/\/oud.sparepartsholland.com\/de\/wp-json\/wp\/v2\/media?parent=6353"}],"wp:term":[{"taxonomy":"product_brand","embeddable":true,"href":"https:\/\/oud.sparepartsholland.com\/de\/wp-json\/wp\/v2\/product_brand?post=6353"},{"taxonomy":"product_cat","embeddable":true,"href":"https:\/\/oud.sparepartsholland.com\/de\/wp-json\/wp\/v2\/product_cat?post=6353"},{"taxonomy":"product_tag","embeddable":true,"href":"https:\/\/oud.sparepartsholland.com\/de\/wp-json\/wp\/v2\/product_tag?post=6353"}],"curies":[{"name":"wp","href":"https:\/\/api.w.org\/{rel}","templated":true}]}}