{"id":32755,"date":"2023-07-31T17:30:47","date_gmt":"2023-07-31T16:30:47","guid":{"rendered":"https:\/\/sparepartsholland.com\/?post_type=product&#038;p=32755"},"modified":"2023-09-26T08:49:06","modified_gmt":"2023-09-26T07:49:06","slug":"cilindro-de-enlace-lateral-hidraulico-con-horquilla-para-varios-tractores-min-max-19-11-16-25-5-8","status":"publish","type":"product","link":"https:\/\/oud.sparepartsholland.com\/es\/producto\/cilindro-de-enlace-lateral-hidraulico-con-horquilla-para-varios-tractores-min-max-19-11-16-25-5-8\/","title":{"rendered":"Cilindro de Enlace Lateral Hidr\u00e1ulico con Horquilla para varios Tractores ( 500 &#8211; 650 mm)"},"content":{"rendered":"<p>Incluye mangueras y acopladores r\u00e1pidos como se muestra en la imagen.<\/p>\n<ul>\n<li>Longitud de la manguera: 85 cm. Los acopladores r\u00e1pidos macho son estilo poppet de 1\/2&#8243; BSP.<\/li>\n<li>El v\u00e1stago del pist\u00f3n se puede girar seg\u00fan sea necesario.<\/li>\n<li>Este eslab\u00f3n lateral est\u00e1 equipado con un bloque de bloqueo. Con esta v\u00e1lvula, el aceite est\u00e1 encerrado en el cilindro por una v\u00e1lvula de retenci\u00f3n.<\/li>\n<li>Pintado de color negro (rara vez se pintan da\u00f1os y ara\u00f1azos durante la carga).<\/li>\n<\/ul>\n","protected":false},"excerpt":{"rendered":"<ul>\n<li>Longitud de la manguera: 85 cm. Los acopladores r\u00e1pidos macho son estilo poppet de 1\/2&#8243; BSP.<\/li>\n<li>El v\u00e1stago del pist\u00f3n se puede girar seg\u00fan sea necesario.<\/li>\n<li>Este eslab\u00f3n lateral est\u00e1 equipado con un bloque de bloqueo. Con esta v\u00e1lvula, el aceite est\u00e1 encerrado en el cilindro por una v\u00e1lvula de retenci\u00f3n.<\/li>\n<li>Pintado de color negro (rara vez se pintan da\u00f1os y ara\u00f1azos durante la carga).<\/li>\n<\/ul>\n","protected":false},"featured_media":33213,"template":"","meta":{"inline_featured_image":false},"product_brand":[],"product_cat":[2505],"product_tag":[],"class_list":{"0":"post-32755","1":"product","2":"type-product","3":"status-publish","4":"has-post-thumbnail","6":"product_cat-enlaces-laterales-hidraulicos","8":"first","9":"instock","10":"taxable","11":"shipping-taxable","12":"purchasable","13":"product-type-simple"},"yoast_head":"<!-- This site is optimized with the Yoast SEO plugin v25.0 - https:\/\/yoast.com\/wordpress\/plugins\/seo\/ -->\n<title>Cilindro de Enlace Lateral Hidr\u00e1ulico con Horquilla para varios Tractores ( 500 - 650 mm) - Sparepartsholland<\/title>\n<meta name=\"description\" content=\"Longitud de la manguera: 85 cm. Los acopladores r\u00e1pidos macho son estilo poppet de 1\/2&quot; BSP. El v\u00e1stago del pist\u00f3n se puede girar seg\u00fan sea necesario.\" \/>\n<meta name=\"robots\" content=\"noindex, follow, max-snippet:-1, max-image-preview:large, max-video-preview:-1\" \/>\n<meta property=\"og:locale\" content=\"es_ES\" \/>\n<meta property=\"og:type\" content=\"article\" \/>\n<meta property=\"og:title\" content=\"Cilindro de Enlace Lateral Hidr\u00e1ulico con Horquilla para varios Tractores ( 500 - 650 mm) - Sparepartsholland\" \/>\n<meta property=\"og:description\" content=\"Longitud de la manguera: 85 cm. Los acopladores r\u00e1pidos macho son estilo poppet de 1\/2&quot; BSP. El v\u00e1stago del pist\u00f3n se puede girar seg\u00fan sea necesario.\" \/>\n<meta property=\"og:url\" content=\"https:\/\/oud.sparepartsholland.com\/producto\/hydraulic-side-link-cylinder-500-650-with-2-x-hose\/\" \/>\n<meta property=\"og:site_name\" content=\"Sparepartsholland\" \/>\n<meta property=\"article:modified_time\" content=\"2023-09-26T07:49:06+00:00\" \/>\n<meta property=\"og:image\" content=\"https:\/\/oud.sparepartsholland.com\/wp-content\/uploads\/2023\/07\/1-3-scaled.jpg\" \/>\n\t<meta property=\"og:image:width\" content=\"2560\" \/>\n\t<meta property=\"og:image:height\" content=\"2560\" \/>\n\t<meta property=\"og:image:type\" content=\"image\/jpeg\" \/>\n<meta name=\"twitter:card\" content=\"summary_large_image\" \/>\n<meta name=\"twitter:label1\" content=\"Tiempo de lectura\" \/>\n\t<meta name=\"twitter:data1\" content=\"1 minuto\" \/>\n<script type=\"application\/ld+json\" class=\"yoast-schema-graph\">{\"@context\":\"https:\/\/schema.org\",\"@graph\":[{\"@type\":[\"WebPage\",\"ItemPage\"],\"@id\":\"https:\/\/oud.sparepartsholland.com\/producto\/hydraulic-side-link-cylinder-500-650-with-2-x-hose\/\",\"url\":\"https:\/\/oud.sparepartsholland.com\/producto\/hydraulic-side-link-cylinder-500-650-with-2-x-hose\/\",\"name\":\"Cilindro de Enlace Lateral Hidr\u00e1ulico con Horquilla para varios Tractores ( 500 - 650 mm) - Sparepartsholland\",\"isPartOf\":{\"@id\":\"https:\/\/oud.sparepartsholland.com\/#website\"},\"primaryImageOfPage\":{\"@id\":\"https:\/\/oud.sparepartsholland.com\/producto\/hydraulic-side-link-cylinder-500-650-with-2-x-hose\/#primaryimage\"},\"image\":{\"@id\":\"https:\/\/oud.sparepartsholland.com\/producto\/hydraulic-side-link-cylinder-500-650-with-2-x-hose\/#primaryimage\"},\"thumbnailUrl\":\"https:\/\/oud.sparepartsholland.com\/wp-content\/uploads\/2023\/07\/1-3-scaled.jpg\",\"datePublished\":\"2023-07-31T16:30:47+00:00\",\"dateModified\":\"2023-09-26T07:49:06+00:00\",\"description\":\"Longitud de la manguera: 85 cm. Los acopladores r\u00e1pidos macho son estilo poppet de 1\/2\\\" BSP. El v\u00e1stago del pist\u00f3n se puede girar seg\u00fan sea necesario.\",\"breadcrumb\":{\"@id\":\"https:\/\/oud.sparepartsholland.com\/producto\/hydraulic-side-link-cylinder-500-650-with-2-x-hose\/#breadcrumb\"},\"inLanguage\":\"es\",\"potentialAction\":[{\"@type\":\"ReadAction\",\"target\":[\"https:\/\/oud.sparepartsholland.com\/producto\/hydraulic-side-link-cylinder-500-650-with-2-x-hose\/\"]}]},{\"@type\":\"ImageObject\",\"inLanguage\":\"es\",\"@id\":\"https:\/\/oud.sparepartsholland.com\/producto\/hydraulic-side-link-cylinder-500-650-with-2-x-hose\/#primaryimage\",\"url\":\"https:\/\/oud.sparepartsholland.com\/wp-content\/uploads\/2023\/07\/1-3-scaled.jpg\",\"contentUrl\":\"https:\/\/oud.sparepartsholland.com\/wp-content\/uploads\/2023\/07\/1-3-scaled.jpg\",\"width\":2560,\"height\":2560},{\"@type\":\"BreadcrumbList\",\"@id\":\"https:\/\/oud.sparepartsholland.com\/producto\/hydraulic-side-link-cylinder-500-650-with-2-x-hose\/#breadcrumb\",\"itemListElement\":[{\"@type\":\"ListItem\",\"position\":1,\"name\":\"Home\",\"item\":\"https:\/\/oud.sparepartsholland.com\/es\/\"},{\"@type\":\"ListItem\",\"position\":2,\"name\":\"Comercio\",\"item\":\"https:\/\/oud.sparepartsholland.com\/shop\/\"},{\"@type\":\"ListItem\",\"position\":3,\"name\":\"Cilindro de Enlace Lateral Hidr\u00e1ulico con Horquilla para varios Tractores ( 500 &#8211; 650 mm)\"}]},{\"@type\":\"WebSite\",\"@id\":\"https:\/\/oud.sparepartsholland.com\/#website\",\"url\":\"https:\/\/oud.sparepartsholland.com\/\",\"name\":\"Sparepartsholland\",\"description\":\"\",\"publisher\":{\"@id\":\"https:\/\/oud.sparepartsholland.com\/#organization\"},\"potentialAction\":[{\"@type\":\"SearchAction\",\"target\":{\"@type\":\"EntryPoint\",\"urlTemplate\":\"https:\/\/oud.sparepartsholland.com\/?s={search_term_string}\"},\"query-input\":{\"@type\":\"PropertyValueSpecification\",\"valueRequired\":true,\"valueName\":\"search_term_string\"}}],\"inLanguage\":\"es\"},{\"@type\":\"Organization\",\"@id\":\"https:\/\/oud.sparepartsholland.com\/#organization\",\"name\":\"Spare Parts Holland\",\"url\":\"https:\/\/oud.sparepartsholland.com\/\",\"logo\":{\"@type\":\"ImageObject\",\"inLanguage\":\"es\",\"@id\":\"https:\/\/oud.sparepartsholland.com\/#\/schema\/logo\/image\/\",\"url\":\"https:\/\/oud.sparepartsholland.com\/wp-content\/uploads\/2022\/06\/spareparts-1.png\",\"contentUrl\":\"https:\/\/oud.sparepartsholland.com\/wp-content\/uploads\/2022\/06\/spareparts-1.png\",\"width\":824,\"height\":685,\"caption\":\"Spare Parts Holland\"},\"image\":{\"@id\":\"https:\/\/oud.sparepartsholland.com\/#\/schema\/logo\/image\/\"}}]}<\/script>\n<!-- \/ Yoast SEO plugin. -->","yoast_head_json":{"title":"Cilindro de Enlace Lateral Hidr\u00e1ulico con Horquilla para varios Tractores ( 500 - 650 mm) - Sparepartsholland","description":"Longitud de la manguera: 85 cm. Los acopladores r\u00e1pidos macho son estilo poppet de 1\/2\" BSP. El v\u00e1stago del pist\u00f3n se puede girar seg\u00fan sea necesario.","robots":{"index":"noindex","follow":"follow","max-snippet":"max-snippet:-1","max-image-preview":"max-image-preview:large","max-video-preview":"max-video-preview:-1"},"og_locale":"es_ES","og_type":"article","og_title":"Cilindro de Enlace Lateral Hidr\u00e1ulico con Horquilla para varios Tractores ( 500 - 650 mm) - Sparepartsholland","og_description":"Longitud de la manguera: 85 cm. Los acopladores r\u00e1pidos macho son estilo poppet de 1\/2\" BSP. El v\u00e1stago del pist\u00f3n se puede girar seg\u00fan sea necesario.","og_url":"https:\/\/oud.sparepartsholland.com\/producto\/hydraulic-side-link-cylinder-500-650-with-2-x-hose\/","og_site_name":"Sparepartsholland","article_modified_time":"2023-09-26T07:49:06+00:00","og_image":[{"width":2560,"height":2560,"url":"https:\/\/oud.sparepartsholland.com\/wp-content\/uploads\/2023\/07\/1-3-scaled.jpg","type":"image\/jpeg"}],"twitter_card":"summary_large_image","twitter_misc":{"Tiempo de lectura":"1 minuto"},"schema":{"@context":"https:\/\/schema.org","@graph":[{"@type":["WebPage","ItemPage"],"@id":"https:\/\/oud.sparepartsholland.com\/producto\/hydraulic-side-link-cylinder-500-650-with-2-x-hose\/","url":"https:\/\/oud.sparepartsholland.com\/producto\/hydraulic-side-link-cylinder-500-650-with-2-x-hose\/","name":"Cilindro de Enlace Lateral Hidr\u00e1ulico con Horquilla para varios Tractores ( 500 - 650 mm) - Sparepartsholland","isPartOf":{"@id":"https:\/\/oud.sparepartsholland.com\/#website"},"primaryImageOfPage":{"@id":"https:\/\/oud.sparepartsholland.com\/producto\/hydraulic-side-link-cylinder-500-650-with-2-x-hose\/#primaryimage"},"image":{"@id":"https:\/\/oud.sparepartsholland.com\/producto\/hydraulic-side-link-cylinder-500-650-with-2-x-hose\/#primaryimage"},"thumbnailUrl":"https:\/\/oud.sparepartsholland.com\/wp-content\/uploads\/2023\/07\/1-3-scaled.jpg","datePublished":"2023-07-31T16:30:47+00:00","dateModified":"2023-09-26T07:49:06+00:00","description":"Longitud de la manguera: 85 cm. Los acopladores r\u00e1pidos macho son estilo poppet de 1\/2\" BSP. El v\u00e1stago del pist\u00f3n se puede girar seg\u00fan sea necesario.","breadcrumb":{"@id":"https:\/\/oud.sparepartsholland.com\/producto\/hydraulic-side-link-cylinder-500-650-with-2-x-hose\/#breadcrumb"},"inLanguage":"es","potentialAction":[{"@type":"ReadAction","target":["https:\/\/oud.sparepartsholland.com\/producto\/hydraulic-side-link-cylinder-500-650-with-2-x-hose\/"]}]},{"@type":"ImageObject","inLanguage":"es","@id":"https:\/\/oud.sparepartsholland.com\/producto\/hydraulic-side-link-cylinder-500-650-with-2-x-hose\/#primaryimage","url":"https:\/\/oud.sparepartsholland.com\/wp-content\/uploads\/2023\/07\/1-3-scaled.jpg","contentUrl":"https:\/\/oud.sparepartsholland.com\/wp-content\/uploads\/2023\/07\/1-3-scaled.jpg","width":2560,"height":2560},{"@type":"BreadcrumbList","@id":"https:\/\/oud.sparepartsholland.com\/producto\/hydraulic-side-link-cylinder-500-650-with-2-x-hose\/#breadcrumb","itemListElement":[{"@type":"ListItem","position":1,"name":"Home","item":"https:\/\/oud.sparepartsholland.com\/es\/"},{"@type":"ListItem","position":2,"name":"Comercio","item":"https:\/\/oud.sparepartsholland.com\/shop\/"},{"@type":"ListItem","position":3,"name":"Cilindro de Enlace Lateral Hidr\u00e1ulico con Horquilla para varios Tractores ( 500 &#8211; 650 mm)"}]},{"@type":"WebSite","@id":"https:\/\/oud.sparepartsholland.com\/#website","url":"https:\/\/oud.sparepartsholland.com\/","name":"Sparepartsholland","description":"","publisher":{"@id":"https:\/\/oud.sparepartsholland.com\/#organization"},"potentialAction":[{"@type":"SearchAction","target":{"@type":"EntryPoint","urlTemplate":"https:\/\/oud.sparepartsholland.com\/?s={search_term_string}"},"query-input":{"@type":"PropertyValueSpecification","valueRequired":true,"valueName":"search_term_string"}}],"inLanguage":"es"},{"@type":"Organization","@id":"https:\/\/oud.sparepartsholland.com\/#organization","name":"Spare Parts Holland","url":"https:\/\/oud.sparepartsholland.com\/","logo":{"@type":"ImageObject","inLanguage":"es","@id":"https:\/\/oud.sparepartsholland.com\/#\/schema\/logo\/image\/","url":"https:\/\/oud.sparepartsholland.com\/wp-content\/uploads\/2022\/06\/spareparts-1.png","contentUrl":"https:\/\/oud.sparepartsholland.com\/wp-content\/uploads\/2022\/06\/spareparts-1.png","width":824,"height":685,"caption":"Spare Parts Holland"},"image":{"@id":"https:\/\/oud.sparepartsholland.com\/#\/schema\/logo\/image\/"}}]}},"_links":{"self":[{"href":"https:\/\/oud.sparepartsholland.com\/es\/wp-json\/wp\/v2\/product\/32755","targetHints":{"allow":["GET"]}}],"collection":[{"href":"https:\/\/oud.sparepartsholland.com\/es\/wp-json\/wp\/v2\/product"}],"about":[{"href":"https:\/\/oud.sparepartsholland.com\/es\/wp-json\/wp\/v2\/types\/product"}],"wp:featuredmedia":[{"embeddable":true,"href":"https:\/\/oud.sparepartsholland.com\/es\/wp-json\/wp\/v2\/media\/33213"}],"wp:attachment":[{"href":"https:\/\/oud.sparepartsholland.com\/es\/wp-json\/wp\/v2\/media?parent=32755"}],"wp:term":[{"taxonomy":"product_brand","embeddable":true,"href":"https:\/\/oud.sparepartsholland.com\/es\/wp-json\/wp\/v2\/product_brand?post=32755"},{"taxonomy":"product_cat","embeddable":true,"href":"https:\/\/oud.sparepartsholland.com\/es\/wp-json\/wp\/v2\/product_cat?post=32755"},{"taxonomy":"product_tag","embeddable":true,"href":"https:\/\/oud.sparepartsholland.com\/es\/wp-json\/wp\/v2\/product_tag?post=32755"}],"curies":[{"name":"wp","href":"https:\/\/api.w.org\/{rel}","templated":true}]}}