{"id":36910,"date":"2023-12-08T12:31:14","date_gmt":"2023-12-08T11:31:14","guid":{"rendered":"https:\/\/sparepartsholland.com\/?post_type=product&#038;p=36910"},"modified":"2024-06-11T15:13:54","modified_gmt":"2024-06-11T14:13:54","slug":"tercer-punto-hidraulico-cat-1-1-510-810-mm-con-bloque-de-bloqueo-que-incluye-2-mangueras","status":"publish","type":"product","link":"https:\/\/oud.sparepartsholland.com\/es\/producto\/tercer-punto-hidraulico-cat-1-1-510-810-mm-con-bloque-de-bloqueo-que-incluye-2-mangueras\/","title":{"rendered":"Tercer Punto Hidr\u00e1ulico Cat. 1-1 (510 &#8211; 810 mm) con bloque de bloqueo que incluye 2 mangueras"},"content":{"rendered":"<p>El tercer punto hidr\u00e1ulico que ofrecemos reemplaza el tercer puntio existente en el tractor y facilita su trabajo diario. Para ello es necesaria una v\u00e1lvula de control de doble efecto en el tractor: una combinaci\u00f3n inmejorable en combinaci\u00f3n con el bloque de bloqueo integrado. Al ajustar el tercer puntio hidr\u00e1ulico, es muy importante que la posici\u00f3n ajustada se mantenga incluso despu\u00e9s de un largo per\u00edodo de tiempo. Esto es pr\u00e1cticamente imposible en el caso de tercer punto hidr\u00e1ulicos sin bloque de bloqueo, ya que las unidades de control del tractor no se bloquean con tanta fuerza. Por lo tanto, este tercer punto est\u00e1 equipado con un bloque de bloqueo. Con esta v\u00e1lvula, el aceite queda encerrado en el cilindro mediante una v\u00e1lvula de retenci\u00f3n. S\u00f3lo cuando vuelve a haber presi\u00f3n de aceite del tractor se abre la v\u00e1lvula y se puede ajustar el cilindro. El tercer punto hidr\u00e1ulico est\u00e1 hecho de acero de alta calidad y cuenta con un pist\u00f3n de acero de alta resistencia, casquillo roscado con anillo de desgaste, varilla cromada pulida y extremos de base de acero soldado. Est\u00e1 dise\u00f1ado para soportar aplicaciones pesadas y condiciones clim\u00e1ticas extremas. Los sellos del pist\u00f3n y del v\u00e1stago garantizan un excelente rendimiento de sellado, evitando la evaporaci\u00f3n del aceite, las fugas de aire y el bloqueo del pist\u00f3n.<\/p>\n","protected":false},"excerpt":{"rendered":"<ul>\n<li><strong>Especificaciones t\u00e9cnicas:<\/strong> este tercer punto hidr\u00e1ulico se ajusta a la Categor\u00eda 1. Tiene una longitud total m\u00ednima de 510 mm y una longitud m\u00e1xima extendida de 810 mm. Viene con orificios de 3\/4 \u2033 en ambos extremos y una bola de 1 3\/4 \u2033 de ancho para el montaje.<\/li>\n<li><strong>Entrega r\u00e1pida y confiable:<\/strong>\u00a0Spare Parts Holland empaqueta su tercer punto hidr\u00e1ulico en cajas de alta calidad para minimizar las posibilidades de da\u00f1os. Su pedido ser\u00e1 enviado dentro de 1 d\u00eda h\u00e1bil con alta prioridad a trav\u00e9s de nuestros socios log\u00edsticos. Esto significa que, en la mayor\u00eda de los casos, recibir\u00e1 su pedido entre 1 y 3 d\u00edas h\u00e1biles.<\/li>\n<li><strong>F\u00e1cil de instalar:<\/strong>\u00a0el tercer punto hidr\u00e1ulico viene con dos mangueras hidr\u00e1ulicas hechas de caucho duradero, pernos banjo, anillos de sellado y una v\u00e1lvula de retenci\u00f3n de dos v\u00edas. Todas las piezas se entregar\u00e1n completamente ensambladas para ahorrarle tiempo.<\/li>\n<\/ul>\n","protected":false},"featured_media":38494,"template":"","meta":{"inline_featured_image":false},"product_brand":[],"product_cat":[675],"product_tag":[],"class_list":{"0":"post-36910","1":"product","2":"type-product","3":"status-publish","4":"has-post-thumbnail","6":"product_cat-cat-1-es","8":"first","9":"instock","10":"taxable","11":"shipping-taxable","12":"purchasable","13":"product-type-simple"},"yoast_head":"<!-- This site is optimized with the Yoast SEO plugin v25.0 - https:\/\/yoast.com\/wordpress\/plugins\/seo\/ -->\n<title>Tercer Punto Hidr\u00e1ulico Cat. 1-1 (510 - 810 mm) con bloque de bloqueo que incluye 2 mangueras - Sparepartsholland<\/title>\n<meta name=\"description\" content=\"El tercer punto hidr\u00e1ulico que ofrecemos reemplaza el tercer punto existente en el tractor y facilita su trabajo diario. Gran calidad.\" \/>\n<meta name=\"robots\" content=\"noindex, follow, max-snippet:-1, max-image-preview:large, max-video-preview:-1\" \/>\n<meta property=\"og:locale\" content=\"es_ES\" \/>\n<meta property=\"og:type\" content=\"article\" \/>\n<meta property=\"og:title\" content=\"Tercer Punto Hidr\u00e1ulico Cat. 1-1 (510 - 810 mm) con bloque de bloqueo que incluye 2 mangueras - Sparepartsholland\" \/>\n<meta property=\"og:description\" content=\"El tercer punto hidr\u00e1ulico que ofrecemos reemplaza el tercer punto existente en el tractor y facilita su trabajo diario. Gran calidad.\" \/>\n<meta property=\"og:url\" content=\"https:\/\/oud.sparepartsholland.com\/producto\/hydraulic-top-link-cat-1-1-with-locking-block-including-2-hoses-copy-2\/\" \/>\n<meta property=\"og:site_name\" content=\"Sparepartsholland\" \/>\n<meta property=\"article:modified_time\" content=\"2024-06-11T14:13:54+00:00\" \/>\n<meta property=\"og:image\" content=\"https:\/\/oud.sparepartsholland.com\/wp-content\/uploads\/2023\/12\/foto-1.jpg\" \/>\n\t<meta property=\"og:image:width\" content=\"1000\" \/>\n\t<meta property=\"og:image:height\" content=\"1000\" \/>\n\t<meta property=\"og:image:type\" content=\"image\/jpeg\" \/>\n<meta name=\"twitter:card\" content=\"summary_large_image\" \/>\n<meta name=\"twitter:label1\" content=\"Tiempo de lectura\" \/>\n\t<meta name=\"twitter:data1\" content=\"2 minutos\" \/>\n<script type=\"application\/ld+json\" class=\"yoast-schema-graph\">{\"@context\":\"https:\/\/schema.org\",\"@graph\":[{\"@type\":[\"WebPage\",\"ItemPage\"],\"@id\":\"https:\/\/oud.sparepartsholland.com\/producto\/hydraulic-top-link-cat-1-1-with-locking-block-including-2-hoses-copy-2\/\",\"url\":\"https:\/\/oud.sparepartsholland.com\/producto\/hydraulic-top-link-cat-1-1-with-locking-block-including-2-hoses-copy-2\/\",\"name\":\"Tercer Punto Hidr\u00e1ulico Cat. 1-1 (510 - 810 mm) con bloque de bloqueo que incluye 2 mangueras - Sparepartsholland\",\"isPartOf\":{\"@id\":\"https:\/\/oud.sparepartsholland.com\/#website\"},\"primaryImageOfPage\":{\"@id\":\"https:\/\/oud.sparepartsholland.com\/producto\/hydraulic-top-link-cat-1-1-with-locking-block-including-2-hoses-copy-2\/#primaryimage\"},\"image\":{\"@id\":\"https:\/\/oud.sparepartsholland.com\/producto\/hydraulic-top-link-cat-1-1-with-locking-block-including-2-hoses-copy-2\/#primaryimage\"},\"thumbnailUrl\":\"https:\/\/oud.sparepartsholland.com\/wp-content\/uploads\/2023\/12\/foto-1.jpg\",\"datePublished\":\"2023-12-08T11:31:14+00:00\",\"dateModified\":\"2024-06-11T14:13:54+00:00\",\"description\":\"El tercer punto hidr\u00e1ulico que ofrecemos reemplaza el tercer punto existente en el tractor y facilita su trabajo diario. Gran calidad.\",\"breadcrumb\":{\"@id\":\"https:\/\/oud.sparepartsholland.com\/producto\/hydraulic-top-link-cat-1-1-with-locking-block-including-2-hoses-copy-2\/#breadcrumb\"},\"inLanguage\":\"es\",\"potentialAction\":[{\"@type\":\"ReadAction\",\"target\":[\"https:\/\/oud.sparepartsholland.com\/producto\/hydraulic-top-link-cat-1-1-with-locking-block-including-2-hoses-copy-2\/\"]}]},{\"@type\":\"ImageObject\",\"inLanguage\":\"es\",\"@id\":\"https:\/\/oud.sparepartsholland.com\/producto\/hydraulic-top-link-cat-1-1-with-locking-block-including-2-hoses-copy-2\/#primaryimage\",\"url\":\"https:\/\/oud.sparepartsholland.com\/wp-content\/uploads\/2023\/12\/foto-1.jpg\",\"contentUrl\":\"https:\/\/oud.sparepartsholland.com\/wp-content\/uploads\/2023\/12\/foto-1.jpg\",\"width\":1000,\"height\":1000},{\"@type\":\"BreadcrumbList\",\"@id\":\"https:\/\/oud.sparepartsholland.com\/producto\/hydraulic-top-link-cat-1-1-with-locking-block-including-2-hoses-copy-2\/#breadcrumb\",\"itemListElement\":[{\"@type\":\"ListItem\",\"position\":1,\"name\":\"Home\",\"item\":\"https:\/\/oud.sparepartsholland.com\/es\/\"},{\"@type\":\"ListItem\",\"position\":2,\"name\":\"Comercio\",\"item\":\"https:\/\/oud.sparepartsholland.com\/shop\/\"},{\"@type\":\"ListItem\",\"position\":3,\"name\":\"Tercer Punto Hidr\u00e1ulico Cat. 1-1 (510 &#8211; 810 mm) con bloque de bloqueo que incluye 2 mangueras\"}]},{\"@type\":\"WebSite\",\"@id\":\"https:\/\/oud.sparepartsholland.com\/#website\",\"url\":\"https:\/\/oud.sparepartsholland.com\/\",\"name\":\"Sparepartsholland\",\"description\":\"\",\"publisher\":{\"@id\":\"https:\/\/oud.sparepartsholland.com\/#organization\"},\"potentialAction\":[{\"@type\":\"SearchAction\",\"target\":{\"@type\":\"EntryPoint\",\"urlTemplate\":\"https:\/\/oud.sparepartsholland.com\/?s={search_term_string}\"},\"query-input\":{\"@type\":\"PropertyValueSpecification\",\"valueRequired\":true,\"valueName\":\"search_term_string\"}}],\"inLanguage\":\"es\"},{\"@type\":\"Organization\",\"@id\":\"https:\/\/oud.sparepartsholland.com\/#organization\",\"name\":\"Spare Parts Holland\",\"url\":\"https:\/\/oud.sparepartsholland.com\/\",\"logo\":{\"@type\":\"ImageObject\",\"inLanguage\":\"es\",\"@id\":\"https:\/\/oud.sparepartsholland.com\/#\/schema\/logo\/image\/\",\"url\":\"https:\/\/oud.sparepartsholland.com\/wp-content\/uploads\/2022\/06\/spareparts-1.png\",\"contentUrl\":\"https:\/\/oud.sparepartsholland.com\/wp-content\/uploads\/2022\/06\/spareparts-1.png\",\"width\":824,\"height\":685,\"caption\":\"Spare Parts Holland\"},\"image\":{\"@id\":\"https:\/\/oud.sparepartsholland.com\/#\/schema\/logo\/image\/\"}}]}<\/script>\n<!-- \/ Yoast SEO plugin. -->","yoast_head_json":{"title":"Tercer Punto Hidr\u00e1ulico Cat. 1-1 (510 - 810 mm) con bloque de bloqueo que incluye 2 mangueras - Sparepartsholland","description":"El tercer punto hidr\u00e1ulico que ofrecemos reemplaza el tercer punto existente en el tractor y facilita su trabajo diario. Gran calidad.","robots":{"index":"noindex","follow":"follow","max-snippet":"max-snippet:-1","max-image-preview":"max-image-preview:large","max-video-preview":"max-video-preview:-1"},"og_locale":"es_ES","og_type":"article","og_title":"Tercer Punto Hidr\u00e1ulico Cat. 1-1 (510 - 810 mm) con bloque de bloqueo que incluye 2 mangueras - Sparepartsholland","og_description":"El tercer punto hidr\u00e1ulico que ofrecemos reemplaza el tercer punto existente en el tractor y facilita su trabajo diario. Gran calidad.","og_url":"https:\/\/oud.sparepartsholland.com\/producto\/hydraulic-top-link-cat-1-1-with-locking-block-including-2-hoses-copy-2\/","og_site_name":"Sparepartsholland","article_modified_time":"2024-06-11T14:13:54+00:00","og_image":[{"width":1000,"height":1000,"url":"https:\/\/oud.sparepartsholland.com\/wp-content\/uploads\/2023\/12\/foto-1.jpg","type":"image\/jpeg"}],"twitter_card":"summary_large_image","twitter_misc":{"Tiempo de lectura":"2 minutos"},"schema":{"@context":"https:\/\/schema.org","@graph":[{"@type":["WebPage","ItemPage"],"@id":"https:\/\/oud.sparepartsholland.com\/producto\/hydraulic-top-link-cat-1-1-with-locking-block-including-2-hoses-copy-2\/","url":"https:\/\/oud.sparepartsholland.com\/producto\/hydraulic-top-link-cat-1-1-with-locking-block-including-2-hoses-copy-2\/","name":"Tercer Punto Hidr\u00e1ulico Cat. 1-1 (510 - 810 mm) con bloque de bloqueo que incluye 2 mangueras - Sparepartsholland","isPartOf":{"@id":"https:\/\/oud.sparepartsholland.com\/#website"},"primaryImageOfPage":{"@id":"https:\/\/oud.sparepartsholland.com\/producto\/hydraulic-top-link-cat-1-1-with-locking-block-including-2-hoses-copy-2\/#primaryimage"},"image":{"@id":"https:\/\/oud.sparepartsholland.com\/producto\/hydraulic-top-link-cat-1-1-with-locking-block-including-2-hoses-copy-2\/#primaryimage"},"thumbnailUrl":"https:\/\/oud.sparepartsholland.com\/wp-content\/uploads\/2023\/12\/foto-1.jpg","datePublished":"2023-12-08T11:31:14+00:00","dateModified":"2024-06-11T14:13:54+00:00","description":"El tercer punto hidr\u00e1ulico que ofrecemos reemplaza el tercer punto existente en el tractor y facilita su trabajo diario. Gran calidad.","breadcrumb":{"@id":"https:\/\/oud.sparepartsholland.com\/producto\/hydraulic-top-link-cat-1-1-with-locking-block-including-2-hoses-copy-2\/#breadcrumb"},"inLanguage":"es","potentialAction":[{"@type":"ReadAction","target":["https:\/\/oud.sparepartsholland.com\/producto\/hydraulic-top-link-cat-1-1-with-locking-block-including-2-hoses-copy-2\/"]}]},{"@type":"ImageObject","inLanguage":"es","@id":"https:\/\/oud.sparepartsholland.com\/producto\/hydraulic-top-link-cat-1-1-with-locking-block-including-2-hoses-copy-2\/#primaryimage","url":"https:\/\/oud.sparepartsholland.com\/wp-content\/uploads\/2023\/12\/foto-1.jpg","contentUrl":"https:\/\/oud.sparepartsholland.com\/wp-content\/uploads\/2023\/12\/foto-1.jpg","width":1000,"height":1000},{"@type":"BreadcrumbList","@id":"https:\/\/oud.sparepartsholland.com\/producto\/hydraulic-top-link-cat-1-1-with-locking-block-including-2-hoses-copy-2\/#breadcrumb","itemListElement":[{"@type":"ListItem","position":1,"name":"Home","item":"https:\/\/oud.sparepartsholland.com\/es\/"},{"@type":"ListItem","position":2,"name":"Comercio","item":"https:\/\/oud.sparepartsholland.com\/shop\/"},{"@type":"ListItem","position":3,"name":"Tercer Punto Hidr\u00e1ulico Cat. 1-1 (510 &#8211; 810 mm) con bloque de bloqueo que incluye 2 mangueras"}]},{"@type":"WebSite","@id":"https:\/\/oud.sparepartsholland.com\/#website","url":"https:\/\/oud.sparepartsholland.com\/","name":"Sparepartsholland","description":"","publisher":{"@id":"https:\/\/oud.sparepartsholland.com\/#organization"},"potentialAction":[{"@type":"SearchAction","target":{"@type":"EntryPoint","urlTemplate":"https:\/\/oud.sparepartsholland.com\/?s={search_term_string}"},"query-input":{"@type":"PropertyValueSpecification","valueRequired":true,"valueName":"search_term_string"}}],"inLanguage":"es"},{"@type":"Organization","@id":"https:\/\/oud.sparepartsholland.com\/#organization","name":"Spare Parts Holland","url":"https:\/\/oud.sparepartsholland.com\/","logo":{"@type":"ImageObject","inLanguage":"es","@id":"https:\/\/oud.sparepartsholland.com\/#\/schema\/logo\/image\/","url":"https:\/\/oud.sparepartsholland.com\/wp-content\/uploads\/2022\/06\/spareparts-1.png","contentUrl":"https:\/\/oud.sparepartsholland.com\/wp-content\/uploads\/2022\/06\/spareparts-1.png","width":824,"height":685,"caption":"Spare Parts Holland"},"image":{"@id":"https:\/\/oud.sparepartsholland.com\/#\/schema\/logo\/image\/"}}]}},"_links":{"self":[{"href":"https:\/\/oud.sparepartsholland.com\/es\/wp-json\/wp\/v2\/product\/36910","targetHints":{"allow":["GET"]}}],"collection":[{"href":"https:\/\/oud.sparepartsholland.com\/es\/wp-json\/wp\/v2\/product"}],"about":[{"href":"https:\/\/oud.sparepartsholland.com\/es\/wp-json\/wp\/v2\/types\/product"}],"wp:featuredmedia":[{"embeddable":true,"href":"https:\/\/oud.sparepartsholland.com\/es\/wp-json\/wp\/v2\/media\/38494"}],"wp:attachment":[{"href":"https:\/\/oud.sparepartsholland.com\/es\/wp-json\/wp\/v2\/media?parent=36910"}],"wp:term":[{"taxonomy":"product_brand","embeddable":true,"href":"https:\/\/oud.sparepartsholland.com\/es\/wp-json\/wp\/v2\/product_brand?post=36910"},{"taxonomy":"product_cat","embeddable":true,"href":"https:\/\/oud.sparepartsholland.com\/es\/wp-json\/wp\/v2\/product_cat?post=36910"},{"taxonomy":"product_tag","embeddable":true,"href":"https:\/\/oud.sparepartsholland.com\/es\/wp-json\/wp\/v2\/product_tag?post=36910"}],"curies":[{"name":"wp","href":"https:\/\/api.w.org\/{rel}","templated":true}]}}