{"id":38247,"date":"2024-04-05T23:20:18","date_gmt":"2024-04-05T22:20:18","guid":{"rendered":"https:\/\/sparepartsholland.com\/product\/tercer-punto-hidraulico-cat-1-1-extendido-560-840-mm-con-valvula-antirretorno-y-2-mangueras\/"},"modified":"2024-04-11T09:12:24","modified_gmt":"2024-04-11T08:12:24","slug":"tercer-punto-hidraulico-cat-1-1-extendido-560-840-mm-con-valvula-antirretorno-y-2-mangueras","status":"publish","type":"product","link":"https:\/\/oud.sparepartsholland.com\/es\/producto\/tercer-punto-hidraulico-cat-1-1-extendido-560-840-mm-con-valvula-antirretorno-y-2-mangueras\/","title":{"rendered":"Tercer punto hidr\u00e1ulico cat. 1-1 &#8211; Extendido &#8211; (560 \u2013 840 mm) con v\u00e1lvula antirretorno y 2 mangueras"},"content":{"rendered":"<p>El tercer punto hidr\u00e1ulico que ofrecemos reemplaza el tercer punto existente en el tractor y facilita su trabajo diario. Esto requiere una v\u00e1lvula de control de doble efecto en el tractor: una combinaci\u00f3n inmejorable en combinaci\u00f3n con el bloque de bloqueo integrado*.<\/p>\n<p>* Al ajustar el tercer punto, es muy importante que la posici\u00f3n ajustada se mantenga incluso despu\u00e9s de un per\u00edodo de tiempo m\u00e1s largo. Esto es casi imposible en los tercer puntos sin bloque de bloqueo, porque los elementos de mando del tractor se bloquean con menos fuerza. Por lo tanto, este tercer punto est\u00e1 equipado con un bloque de bloqueo. Con esta v\u00e1lvula, el aceite del cilindro queda encerrado por una v\u00e1lvula de retenci\u00f3n. S\u00f3lo cuando regresa la presi\u00f3n del aceite del tractor se abre la v\u00e1lvula y se puede ajustar el cilindro.<\/p>\n<p>&nbsp;<\/p>\n<ul>\n<li>Gran calidad<\/li>\n<li>negro rociado<\/li>\n<li>incluido la v\u00e1lvula de retenci\u00f3n<\/li>\n<li>2 x conexi\u00f3n hidr\u00e1ulica<\/li>\n<li>Entrega completamente ensamblada<\/li>\n<\/ul>\n<p>&nbsp;<\/p>\n<p><strong>Especificaciones t\u00e9cnicas:<\/strong><\/p>\n<p>&nbsp;<\/p>\n<ul>\n<li>Presi\u00f3n hidr\u00e1ulica: m\u00e1ximo 250 bar (3600 PSI)<\/li>\n<li>Empuje: 3,6 T (7200 libras)<\/li>\n<li>Fuerza de tracci\u00f3n: 2,1 T (4600 libras)<\/li>\n<li>Peso: alrededor de 9 kg (20 libras)<\/li>\n<li>2 x manguera hidr\u00e1ulica con tap\u00f3n y tapa antipolvo<\/li>\n<li>Conexi\u00f3n: mamparo de 12 L tama\u00f1o 3 (conector de acoplamiento com\u00fan), boquilla SW22 de 18-1,5 + conector giratorio<\/li>\n<li>Designaci\u00f3n de manguera Blue Flex SAE 100 3\/8 R2AT DIN EN 853 2SN DN10 W.P.330<\/li>\n<li>Presi\u00f3n de trabajo: 330 bares<\/li>\n<li>Longitud: 75 cm (19,5 &#8220;)<\/li>\n<\/ul>\n","protected":false},"excerpt":{"rendered":"<ul>\n<li><strong>Especificaciones t\u00e9cnicas &#8211; <\/strong>este tercer punto hidr\u00e1ulico es adecuado para la categor\u00eda 1.<\/li>\n<li><strong>Inteligente y resistente &#8211; <\/strong>con una fuerza de empuje de 3000 kg y una fuerza de tracci\u00f3n de 2000 kg a 180 bar, nuestro tercer punto hidr\u00e1ulico facilita mucho su trabajo. La v\u00e1lvula de retenci\u00f3n de dos v\u00edas ayuda a mantener la posici\u00f3n deseada para un trabajo m\u00e1s inteligente.<\/li>\n<li><strong>F\u00e1cil de instalar &#8211; <\/strong>el tercer punto hidr\u00e1ulico viene con dos mangueras hidr\u00e1ulicas de goma duraderas, pernos banjo, anillos de sellado y una v\u00e1lvula de retenci\u00f3n de dos v\u00edas. Todas las piezas se entregan completamente ensambladas, lo que le permitir\u00e1 ahorrar tiempo.<\/li>\n<\/ul>\n","protected":false},"featured_media":38464,"template":"","meta":{"inline_featured_image":false},"product_brand":[],"product_cat":[675],"product_tag":[],"class_list":{"0":"post-38247","1":"product","2":"type-product","3":"status-publish","4":"has-post-thumbnail","6":"product_cat-cat-1-es","8":"first","9":"instock","10":"taxable","11":"shipping-taxable","12":"purchasable","13":"product-type-simple"},"yoast_head":"<!-- This site is optimized with the Yoast SEO plugin v25.0 - https:\/\/yoast.com\/wordpress\/plugins\/seo\/ -->\n<title>Tercer punto hidr\u00e1ulico cat. 1-1 - Extendido - (560 \u2013 840 mm) con v\u00e1lvula antirretorno y 2 mangueras - Sparepartsholland<\/title>\n<meta name=\"description\" content=\"El tercer punto hidr\u00e1ulico que ofrecemos reemplaza el tercer punto existente en el tractor y facilita su trabajo diario. Gran calidad y env\u00edo r\u00e1pido.\" \/>\n<meta name=\"robots\" content=\"noindex, follow, max-snippet:-1, max-image-preview:large, max-video-preview:-1\" \/>\n<meta property=\"og:locale\" content=\"es_ES\" \/>\n<meta property=\"og:type\" content=\"article\" \/>\n<meta property=\"og:title\" content=\"Tercer punto hidr\u00e1ulico cat. 1-1 - Extendido - (560 \u2013 840 mm) con v\u00e1lvula antirretorno y 2 mangueras - Sparepartsholland\" \/>\n<meta property=\"og:description\" content=\"El tercer punto hidr\u00e1ulico que ofrecemos reemplaza el tercer punto existente en el tractor y facilita su trabajo diario. Gran calidad y env\u00edo r\u00e1pido.\" \/>\n<meta property=\"og:url\" content=\"https:\/\/oud.sparepartsholland.com\/producto\/hydraulic-top-link-cat-1-1-extended-22-1-8-33-1-8-with-locking-block-and-2-x-hoses\/\" \/>\n<meta property=\"og:site_name\" content=\"Sparepartsholland\" \/>\n<meta property=\"article:modified_time\" content=\"2024-04-11T08:12:24+00:00\" \/>\n<meta property=\"og:image\" content=\"https:\/\/oud.sparepartsholland.com\/wp-content\/uploads\/2024\/04\/Foto-1.jpg\" \/>\n\t<meta property=\"og:image:width\" content=\"1000\" \/>\n\t<meta property=\"og:image:height\" content=\"1000\" \/>\n\t<meta property=\"og:image:type\" content=\"image\/jpeg\" \/>\n<meta name=\"twitter:card\" content=\"summary_large_image\" \/>\n<meta name=\"twitter:label1\" content=\"Tiempo de lectura\" \/>\n\t<meta name=\"twitter:data1\" content=\"2 minutos\" \/>\n<script type=\"application\/ld+json\" class=\"yoast-schema-graph\">{\"@context\":\"https:\/\/schema.org\",\"@graph\":[{\"@type\":[\"WebPage\",\"ItemPage\"],\"@id\":\"https:\/\/oud.sparepartsholland.com\/producto\/hydraulic-top-link-cat-1-1-extended-22-1-8-33-1-8-with-locking-block-and-2-x-hoses\/\",\"url\":\"https:\/\/oud.sparepartsholland.com\/producto\/hydraulic-top-link-cat-1-1-extended-22-1-8-33-1-8-with-locking-block-and-2-x-hoses\/\",\"name\":\"Tercer punto hidr\u00e1ulico cat. 1-1 - Extendido - (560 \u2013 840 mm) con v\u00e1lvula antirretorno y 2 mangueras - Sparepartsholland\",\"isPartOf\":{\"@id\":\"https:\/\/oud.sparepartsholland.com\/#website\"},\"primaryImageOfPage\":{\"@id\":\"https:\/\/oud.sparepartsholland.com\/producto\/hydraulic-top-link-cat-1-1-extended-22-1-8-33-1-8-with-locking-block-and-2-x-hoses\/#primaryimage\"},\"image\":{\"@id\":\"https:\/\/oud.sparepartsholland.com\/producto\/hydraulic-top-link-cat-1-1-extended-22-1-8-33-1-8-with-locking-block-and-2-x-hoses\/#primaryimage\"},\"thumbnailUrl\":\"https:\/\/oud.sparepartsholland.com\/wp-content\/uploads\/2024\/04\/Foto-1.jpg\",\"datePublished\":\"2024-04-05T22:20:18+00:00\",\"dateModified\":\"2024-04-11T08:12:24+00:00\",\"description\":\"El tercer punto hidr\u00e1ulico que ofrecemos reemplaza el tercer punto existente en el tractor y facilita su trabajo diario. Gran calidad y env\u00edo r\u00e1pido.\",\"breadcrumb\":{\"@id\":\"https:\/\/oud.sparepartsholland.com\/producto\/hydraulic-top-link-cat-1-1-extended-22-1-8-33-1-8-with-locking-block-and-2-x-hoses\/#breadcrumb\"},\"inLanguage\":\"es\",\"potentialAction\":[{\"@type\":\"ReadAction\",\"target\":[\"https:\/\/oud.sparepartsholland.com\/producto\/hydraulic-top-link-cat-1-1-extended-22-1-8-33-1-8-with-locking-block-and-2-x-hoses\/\"]}]},{\"@type\":\"ImageObject\",\"inLanguage\":\"es\",\"@id\":\"https:\/\/oud.sparepartsholland.com\/producto\/hydraulic-top-link-cat-1-1-extended-22-1-8-33-1-8-with-locking-block-and-2-x-hoses\/#primaryimage\",\"url\":\"https:\/\/oud.sparepartsholland.com\/wp-content\/uploads\/2024\/04\/Foto-1.jpg\",\"contentUrl\":\"https:\/\/oud.sparepartsholland.com\/wp-content\/uploads\/2024\/04\/Foto-1.jpg\",\"width\":1000,\"height\":1000},{\"@type\":\"BreadcrumbList\",\"@id\":\"https:\/\/oud.sparepartsholland.com\/producto\/hydraulic-top-link-cat-1-1-extended-22-1-8-33-1-8-with-locking-block-and-2-x-hoses\/#breadcrumb\",\"itemListElement\":[{\"@type\":\"ListItem\",\"position\":1,\"name\":\"Home\",\"item\":\"https:\/\/oud.sparepartsholland.com\/es\/\"},{\"@type\":\"ListItem\",\"position\":2,\"name\":\"Comercio\",\"item\":\"https:\/\/oud.sparepartsholland.com\/shop\/\"},{\"@type\":\"ListItem\",\"position\":3,\"name\":\"Tercer punto hidr\u00e1ulico cat. 1-1 &#8211; Extendido &#8211; (560 \u2013 840 mm) con v\u00e1lvula antirretorno y 2 mangueras\"}]},{\"@type\":\"WebSite\",\"@id\":\"https:\/\/oud.sparepartsholland.com\/#website\",\"url\":\"https:\/\/oud.sparepartsholland.com\/\",\"name\":\"Sparepartsholland\",\"description\":\"\",\"publisher\":{\"@id\":\"https:\/\/oud.sparepartsholland.com\/#organization\"},\"potentialAction\":[{\"@type\":\"SearchAction\",\"target\":{\"@type\":\"EntryPoint\",\"urlTemplate\":\"https:\/\/oud.sparepartsholland.com\/?s={search_term_string}\"},\"query-input\":{\"@type\":\"PropertyValueSpecification\",\"valueRequired\":true,\"valueName\":\"search_term_string\"}}],\"inLanguage\":\"es\"},{\"@type\":\"Organization\",\"@id\":\"https:\/\/oud.sparepartsholland.com\/#organization\",\"name\":\"Spare Parts Holland\",\"url\":\"https:\/\/oud.sparepartsholland.com\/\",\"logo\":{\"@type\":\"ImageObject\",\"inLanguage\":\"es\",\"@id\":\"https:\/\/oud.sparepartsholland.com\/#\/schema\/logo\/image\/\",\"url\":\"https:\/\/oud.sparepartsholland.com\/wp-content\/uploads\/2022\/06\/spareparts-1.png\",\"contentUrl\":\"https:\/\/oud.sparepartsholland.com\/wp-content\/uploads\/2022\/06\/spareparts-1.png\",\"width\":824,\"height\":685,\"caption\":\"Spare Parts Holland\"},\"image\":{\"@id\":\"https:\/\/oud.sparepartsholland.com\/#\/schema\/logo\/image\/\"}}]}<\/script>\n<!-- \/ Yoast SEO plugin. -->","yoast_head_json":{"title":"Tercer punto hidr\u00e1ulico cat. 1-1 - Extendido - (560 \u2013 840 mm) con v\u00e1lvula antirretorno y 2 mangueras - Sparepartsholland","description":"El tercer punto hidr\u00e1ulico que ofrecemos reemplaza el tercer punto existente en el tractor y facilita su trabajo diario. Gran calidad y env\u00edo r\u00e1pido.","robots":{"index":"noindex","follow":"follow","max-snippet":"max-snippet:-1","max-image-preview":"max-image-preview:large","max-video-preview":"max-video-preview:-1"},"og_locale":"es_ES","og_type":"article","og_title":"Tercer punto hidr\u00e1ulico cat. 1-1 - Extendido - (560 \u2013 840 mm) con v\u00e1lvula antirretorno y 2 mangueras - Sparepartsholland","og_description":"El tercer punto hidr\u00e1ulico que ofrecemos reemplaza el tercer punto existente en el tractor y facilita su trabajo diario. Gran calidad y env\u00edo r\u00e1pido.","og_url":"https:\/\/oud.sparepartsholland.com\/producto\/hydraulic-top-link-cat-1-1-extended-22-1-8-33-1-8-with-locking-block-and-2-x-hoses\/","og_site_name":"Sparepartsholland","article_modified_time":"2024-04-11T08:12:24+00:00","og_image":[{"width":1000,"height":1000,"url":"https:\/\/oud.sparepartsholland.com\/wp-content\/uploads\/2024\/04\/Foto-1.jpg","type":"image\/jpeg"}],"twitter_card":"summary_large_image","twitter_misc":{"Tiempo de lectura":"2 minutos"},"schema":{"@context":"https:\/\/schema.org","@graph":[{"@type":["WebPage","ItemPage"],"@id":"https:\/\/oud.sparepartsholland.com\/producto\/hydraulic-top-link-cat-1-1-extended-22-1-8-33-1-8-with-locking-block-and-2-x-hoses\/","url":"https:\/\/oud.sparepartsholland.com\/producto\/hydraulic-top-link-cat-1-1-extended-22-1-8-33-1-8-with-locking-block-and-2-x-hoses\/","name":"Tercer punto hidr\u00e1ulico cat. 1-1 - Extendido - (560 \u2013 840 mm) con v\u00e1lvula antirretorno y 2 mangueras - Sparepartsholland","isPartOf":{"@id":"https:\/\/oud.sparepartsholland.com\/#website"},"primaryImageOfPage":{"@id":"https:\/\/oud.sparepartsholland.com\/producto\/hydraulic-top-link-cat-1-1-extended-22-1-8-33-1-8-with-locking-block-and-2-x-hoses\/#primaryimage"},"image":{"@id":"https:\/\/oud.sparepartsholland.com\/producto\/hydraulic-top-link-cat-1-1-extended-22-1-8-33-1-8-with-locking-block-and-2-x-hoses\/#primaryimage"},"thumbnailUrl":"https:\/\/oud.sparepartsholland.com\/wp-content\/uploads\/2024\/04\/Foto-1.jpg","datePublished":"2024-04-05T22:20:18+00:00","dateModified":"2024-04-11T08:12:24+00:00","description":"El tercer punto hidr\u00e1ulico que ofrecemos reemplaza el tercer punto existente en el tractor y facilita su trabajo diario. Gran calidad y env\u00edo r\u00e1pido.","breadcrumb":{"@id":"https:\/\/oud.sparepartsholland.com\/producto\/hydraulic-top-link-cat-1-1-extended-22-1-8-33-1-8-with-locking-block-and-2-x-hoses\/#breadcrumb"},"inLanguage":"es","potentialAction":[{"@type":"ReadAction","target":["https:\/\/oud.sparepartsholland.com\/producto\/hydraulic-top-link-cat-1-1-extended-22-1-8-33-1-8-with-locking-block-and-2-x-hoses\/"]}]},{"@type":"ImageObject","inLanguage":"es","@id":"https:\/\/oud.sparepartsholland.com\/producto\/hydraulic-top-link-cat-1-1-extended-22-1-8-33-1-8-with-locking-block-and-2-x-hoses\/#primaryimage","url":"https:\/\/oud.sparepartsholland.com\/wp-content\/uploads\/2024\/04\/Foto-1.jpg","contentUrl":"https:\/\/oud.sparepartsholland.com\/wp-content\/uploads\/2024\/04\/Foto-1.jpg","width":1000,"height":1000},{"@type":"BreadcrumbList","@id":"https:\/\/oud.sparepartsholland.com\/producto\/hydraulic-top-link-cat-1-1-extended-22-1-8-33-1-8-with-locking-block-and-2-x-hoses\/#breadcrumb","itemListElement":[{"@type":"ListItem","position":1,"name":"Home","item":"https:\/\/oud.sparepartsholland.com\/es\/"},{"@type":"ListItem","position":2,"name":"Comercio","item":"https:\/\/oud.sparepartsholland.com\/shop\/"},{"@type":"ListItem","position":3,"name":"Tercer punto hidr\u00e1ulico cat. 1-1 &#8211; Extendido &#8211; (560 \u2013 840 mm) con v\u00e1lvula antirretorno y 2 mangueras"}]},{"@type":"WebSite","@id":"https:\/\/oud.sparepartsholland.com\/#website","url":"https:\/\/oud.sparepartsholland.com\/","name":"Sparepartsholland","description":"","publisher":{"@id":"https:\/\/oud.sparepartsholland.com\/#organization"},"potentialAction":[{"@type":"SearchAction","target":{"@type":"EntryPoint","urlTemplate":"https:\/\/oud.sparepartsholland.com\/?s={search_term_string}"},"query-input":{"@type":"PropertyValueSpecification","valueRequired":true,"valueName":"search_term_string"}}],"inLanguage":"es"},{"@type":"Organization","@id":"https:\/\/oud.sparepartsholland.com\/#organization","name":"Spare Parts Holland","url":"https:\/\/oud.sparepartsholland.com\/","logo":{"@type":"ImageObject","inLanguage":"es","@id":"https:\/\/oud.sparepartsholland.com\/#\/schema\/logo\/image\/","url":"https:\/\/oud.sparepartsholland.com\/wp-content\/uploads\/2022\/06\/spareparts-1.png","contentUrl":"https:\/\/oud.sparepartsholland.com\/wp-content\/uploads\/2022\/06\/spareparts-1.png","width":824,"height":685,"caption":"Spare Parts Holland"},"image":{"@id":"https:\/\/oud.sparepartsholland.com\/#\/schema\/logo\/image\/"}}]}},"_links":{"self":[{"href":"https:\/\/oud.sparepartsholland.com\/es\/wp-json\/wp\/v2\/product\/38247","targetHints":{"allow":["GET"]}}],"collection":[{"href":"https:\/\/oud.sparepartsholland.com\/es\/wp-json\/wp\/v2\/product"}],"about":[{"href":"https:\/\/oud.sparepartsholland.com\/es\/wp-json\/wp\/v2\/types\/product"}],"wp:featuredmedia":[{"embeddable":true,"href":"https:\/\/oud.sparepartsholland.com\/es\/wp-json\/wp\/v2\/media\/38464"}],"wp:attachment":[{"href":"https:\/\/oud.sparepartsholland.com\/es\/wp-json\/wp\/v2\/media?parent=38247"}],"wp:term":[{"taxonomy":"product_brand","embeddable":true,"href":"https:\/\/oud.sparepartsholland.com\/es\/wp-json\/wp\/v2\/product_brand?post=38247"},{"taxonomy":"product_cat","embeddable":true,"href":"https:\/\/oud.sparepartsholland.com\/es\/wp-json\/wp\/v2\/product_cat?post=38247"},{"taxonomy":"product_tag","embeddable":true,"href":"https:\/\/oud.sparepartsholland.com\/es\/wp-json\/wp\/v2\/product_tag?post=38247"}],"curies":[{"name":"wp","href":"https:\/\/api.w.org\/{rel}","templated":true}]}}