{"id":38830,"date":"2024-05-21T15:35:56","date_gmt":"2024-05-21T14:35:56","guid":{"rendered":"https:\/\/sparepartsholland.com\/product\/kit-de-valvula-remota-hidraulica-trasera-para-tractores-fiat-450-480-500-540-classic-3w\/"},"modified":"2024-05-31T12:40:13","modified_gmt":"2024-05-31T11:40:13","slug":"kit-de-valvula-remota-hidraulica-trasera-para-tractores-fiat-450-480-500-540-classic-3w","status":"publish","type":"product","link":"https:\/\/oud.sparepartsholland.com\/es\/producto\/kit-de-valvula-remota-hidraulica-trasera-para-tractores-fiat-450-480-500-540-classic-3w\/","title":{"rendered":"Kit de V\u00e1lvula Remota Hidr\u00e1ulica Trasera para Tractores Fiat 450 480 500 540 Classic &#8211; 3W"},"content":{"rendered":"<p>Kit de V\u00e1lvula Remota Hidr\u00e1ulica Trasera para Tractores Fiat<\/p>\n<ul>\n<li>carrete triple<\/li>\n<li>Simple\/Doble efecto con mangueras<\/li>\n<li>Acoplamientos r\u00e1pidos hembra<\/li>\n<\/ul>\n<p>Este kit de v\u00e1lvula remota hidr\u00e1ulica trasera se adapta a los modelos Fiat: 450, 480, 500, 540, 600, 640 Classic.<\/p>\n","protected":false},"excerpt":{"rendered":"<ul>\n<li>Carrete triple<\/li>\n<li>Simple\/Doble efecto con mangueras<\/li>\n<li>Acoplamientos r\u00e1pidos hembra<\/li>\n<\/ul>\n","protected":false},"featured_media":38755,"template":"","meta":{"inline_featured_image":false},"product_brand":[],"product_cat":[701],"product_tag":[],"class_list":{"0":"post-38830","1":"product","2":"type-product","3":"status-publish","4":"has-post-thumbnail","6":"product_cat-fiat-es-2","8":"first","9":"instock","10":"taxable","11":"shipping-taxable","12":"purchasable","13":"product-type-simple"},"yoast_head":"<!-- This site is optimized with the Yoast SEO plugin v25.0 - https:\/\/yoast.com\/wordpress\/plugins\/seo\/ -->\n<title>Kit de V\u00e1lvula Remota Hidr\u00e1ulica Trasera para Tractores Fiat 450 480 500 540 Classic - 3W - Sparepartsholland<\/title>\n<meta name=\"description\" content=\"Kit de V\u00e1lvula Remota Hidr\u00e1ulica Trasera para Tractores Fiat Carrete triple. Simple\/Doble efecto con mangueras. Acoplamientos r\u00e1pidos hembra. Env\u00edo r\u00e1pido.\" \/>\n<meta name=\"robots\" content=\"noindex, follow, max-snippet:-1, max-image-preview:large, max-video-preview:-1\" \/>\n<meta property=\"og:locale\" content=\"es_ES\" \/>\n<meta property=\"og:type\" content=\"article\" \/>\n<meta property=\"og:title\" content=\"Kit de V\u00e1lvula Remota Hidr\u00e1ulica Trasera para Tractores Fiat 450 480 500 540 Classic - 3W - Sparepartsholland\" \/>\n<meta property=\"og:description\" content=\"Kit de V\u00e1lvula Remota Hidr\u00e1ulica Trasera para Tractores Fiat Carrete triple. Simple\/Doble efecto con mangueras. Acoplamientos r\u00e1pidos hembra. Env\u00edo r\u00e1pido.\" \/>\n<meta property=\"og:url\" content=\"https:\/\/oud.sparepartsholland.com\/producto\/hydraulic-triple-remote-control-valve-kit-for-fiat-450-480-500-540-classic\/\" \/>\n<meta property=\"og:site_name\" content=\"Sparepartsholland\" \/>\n<meta property=\"article:modified_time\" content=\"2024-05-31T11:40:13+00:00\" \/>\n<meta property=\"og:image\" content=\"https:\/\/oud.sparepartsholland.com\/wp-content\/uploads\/2024\/05\/82249514_857404638048466_3041001424419815424_o.jpg\" \/>\n\t<meta property=\"og:image:width\" content=\"2316\" \/>\n\t<meta property=\"og:image:height\" content=\"2146\" \/>\n\t<meta property=\"og:image:type\" content=\"image\/jpeg\" \/>\n<meta name=\"twitter:card\" content=\"summary_large_image\" \/>\n<meta name=\"twitter:label1\" content=\"Tiempo de lectura\" \/>\n\t<meta name=\"twitter:data1\" content=\"1 minuto\" \/>\n<script type=\"application\/ld+json\" class=\"yoast-schema-graph\">{\"@context\":\"https:\/\/schema.org\",\"@graph\":[{\"@type\":[\"WebPage\",\"ItemPage\"],\"@id\":\"https:\/\/oud.sparepartsholland.com\/producto\/hydraulic-triple-remote-control-valve-kit-for-fiat-450-480-500-540-classic\/\",\"url\":\"https:\/\/oud.sparepartsholland.com\/producto\/hydraulic-triple-remote-control-valve-kit-for-fiat-450-480-500-540-classic\/\",\"name\":\"Kit de V\u00e1lvula Remota Hidr\u00e1ulica Trasera para Tractores Fiat 450 480 500 540 Classic - 3W - Sparepartsholland\",\"isPartOf\":{\"@id\":\"https:\/\/oud.sparepartsholland.com\/#website\"},\"primaryImageOfPage\":{\"@id\":\"https:\/\/oud.sparepartsholland.com\/producto\/hydraulic-triple-remote-control-valve-kit-for-fiat-450-480-500-540-classic\/#primaryimage\"},\"image\":{\"@id\":\"https:\/\/oud.sparepartsholland.com\/producto\/hydraulic-triple-remote-control-valve-kit-for-fiat-450-480-500-540-classic\/#primaryimage\"},\"thumbnailUrl\":\"https:\/\/oud.sparepartsholland.com\/wp-content\/uploads\/2024\/05\/82249514_857404638048466_3041001424419815424_o.jpg\",\"datePublished\":\"2024-05-21T14:35:56+00:00\",\"dateModified\":\"2024-05-31T11:40:13+00:00\",\"description\":\"Kit de V\u00e1lvula Remota Hidr\u00e1ulica Trasera para Tractores Fiat Carrete triple. Simple\/Doble efecto con mangueras. Acoplamientos r\u00e1pidos hembra. Env\u00edo r\u00e1pido.\",\"breadcrumb\":{\"@id\":\"https:\/\/oud.sparepartsholland.com\/producto\/hydraulic-triple-remote-control-valve-kit-for-fiat-450-480-500-540-classic\/#breadcrumb\"},\"inLanguage\":\"es\",\"potentialAction\":[{\"@type\":\"ReadAction\",\"target\":[\"https:\/\/oud.sparepartsholland.com\/producto\/hydraulic-triple-remote-control-valve-kit-for-fiat-450-480-500-540-classic\/\"]}]},{\"@type\":\"ImageObject\",\"inLanguage\":\"es\",\"@id\":\"https:\/\/oud.sparepartsholland.com\/producto\/hydraulic-triple-remote-control-valve-kit-for-fiat-450-480-500-540-classic\/#primaryimage\",\"url\":\"https:\/\/oud.sparepartsholland.com\/wp-content\/uploads\/2024\/05\/82249514_857404638048466_3041001424419815424_o.jpg\",\"contentUrl\":\"https:\/\/oud.sparepartsholland.com\/wp-content\/uploads\/2024\/05\/82249514_857404638048466_3041001424419815424_o.jpg\",\"width\":2316,\"height\":2146},{\"@type\":\"BreadcrumbList\",\"@id\":\"https:\/\/oud.sparepartsholland.com\/producto\/hydraulic-triple-remote-control-valve-kit-for-fiat-450-480-500-540-classic\/#breadcrumb\",\"itemListElement\":[{\"@type\":\"ListItem\",\"position\":1,\"name\":\"Home\",\"item\":\"https:\/\/oud.sparepartsholland.com\/es\/\"},{\"@type\":\"ListItem\",\"position\":2,\"name\":\"Comercio\",\"item\":\"https:\/\/oud.sparepartsholland.com\/shop\/\"},{\"@type\":\"ListItem\",\"position\":3,\"name\":\"Kit de V\u00e1lvula Remota Hidr\u00e1ulica Trasera para Tractores Fiat 450 480 500 540 Classic &#8211; 3W\"}]},{\"@type\":\"WebSite\",\"@id\":\"https:\/\/oud.sparepartsholland.com\/#website\",\"url\":\"https:\/\/oud.sparepartsholland.com\/\",\"name\":\"Sparepartsholland\",\"description\":\"\",\"publisher\":{\"@id\":\"https:\/\/oud.sparepartsholland.com\/#organization\"},\"potentialAction\":[{\"@type\":\"SearchAction\",\"target\":{\"@type\":\"EntryPoint\",\"urlTemplate\":\"https:\/\/oud.sparepartsholland.com\/?s={search_term_string}\"},\"query-input\":{\"@type\":\"PropertyValueSpecification\",\"valueRequired\":true,\"valueName\":\"search_term_string\"}}],\"inLanguage\":\"es\"},{\"@type\":\"Organization\",\"@id\":\"https:\/\/oud.sparepartsholland.com\/#organization\",\"name\":\"Spare Parts Holland\",\"url\":\"https:\/\/oud.sparepartsholland.com\/\",\"logo\":{\"@type\":\"ImageObject\",\"inLanguage\":\"es\",\"@id\":\"https:\/\/oud.sparepartsholland.com\/#\/schema\/logo\/image\/\",\"url\":\"https:\/\/oud.sparepartsholland.com\/wp-content\/uploads\/2022\/06\/spareparts-1.png\",\"contentUrl\":\"https:\/\/oud.sparepartsholland.com\/wp-content\/uploads\/2022\/06\/spareparts-1.png\",\"width\":824,\"height\":685,\"caption\":\"Spare Parts Holland\"},\"image\":{\"@id\":\"https:\/\/oud.sparepartsholland.com\/#\/schema\/logo\/image\/\"}}]}<\/script>\n<!-- \/ Yoast SEO plugin. -->","yoast_head_json":{"title":"Kit de V\u00e1lvula Remota Hidr\u00e1ulica Trasera para Tractores Fiat 450 480 500 540 Classic - 3W - Sparepartsholland","description":"Kit de V\u00e1lvula Remota Hidr\u00e1ulica Trasera para Tractores Fiat Carrete triple. Simple\/Doble efecto con mangueras. Acoplamientos r\u00e1pidos hembra. Env\u00edo r\u00e1pido.","robots":{"index":"noindex","follow":"follow","max-snippet":"max-snippet:-1","max-image-preview":"max-image-preview:large","max-video-preview":"max-video-preview:-1"},"og_locale":"es_ES","og_type":"article","og_title":"Kit de V\u00e1lvula Remota Hidr\u00e1ulica Trasera para Tractores Fiat 450 480 500 540 Classic - 3W - Sparepartsholland","og_description":"Kit de V\u00e1lvula Remota Hidr\u00e1ulica Trasera para Tractores Fiat Carrete triple. Simple\/Doble efecto con mangueras. Acoplamientos r\u00e1pidos hembra. Env\u00edo r\u00e1pido.","og_url":"https:\/\/oud.sparepartsholland.com\/producto\/hydraulic-triple-remote-control-valve-kit-for-fiat-450-480-500-540-classic\/","og_site_name":"Sparepartsholland","article_modified_time":"2024-05-31T11:40:13+00:00","og_image":[{"width":2316,"height":2146,"url":"https:\/\/oud.sparepartsholland.com\/wp-content\/uploads\/2024\/05\/82249514_857404638048466_3041001424419815424_o.jpg","type":"image\/jpeg"}],"twitter_card":"summary_large_image","twitter_misc":{"Tiempo de lectura":"1 minuto"},"schema":{"@context":"https:\/\/schema.org","@graph":[{"@type":["WebPage","ItemPage"],"@id":"https:\/\/oud.sparepartsholland.com\/producto\/hydraulic-triple-remote-control-valve-kit-for-fiat-450-480-500-540-classic\/","url":"https:\/\/oud.sparepartsholland.com\/producto\/hydraulic-triple-remote-control-valve-kit-for-fiat-450-480-500-540-classic\/","name":"Kit de V\u00e1lvula Remota Hidr\u00e1ulica Trasera para Tractores Fiat 450 480 500 540 Classic - 3W - Sparepartsholland","isPartOf":{"@id":"https:\/\/oud.sparepartsholland.com\/#website"},"primaryImageOfPage":{"@id":"https:\/\/oud.sparepartsholland.com\/producto\/hydraulic-triple-remote-control-valve-kit-for-fiat-450-480-500-540-classic\/#primaryimage"},"image":{"@id":"https:\/\/oud.sparepartsholland.com\/producto\/hydraulic-triple-remote-control-valve-kit-for-fiat-450-480-500-540-classic\/#primaryimage"},"thumbnailUrl":"https:\/\/oud.sparepartsholland.com\/wp-content\/uploads\/2024\/05\/82249514_857404638048466_3041001424419815424_o.jpg","datePublished":"2024-05-21T14:35:56+00:00","dateModified":"2024-05-31T11:40:13+00:00","description":"Kit de V\u00e1lvula Remota Hidr\u00e1ulica Trasera para Tractores Fiat Carrete triple. Simple\/Doble efecto con mangueras. Acoplamientos r\u00e1pidos hembra. Env\u00edo r\u00e1pido.","breadcrumb":{"@id":"https:\/\/oud.sparepartsholland.com\/producto\/hydraulic-triple-remote-control-valve-kit-for-fiat-450-480-500-540-classic\/#breadcrumb"},"inLanguage":"es","potentialAction":[{"@type":"ReadAction","target":["https:\/\/oud.sparepartsholland.com\/producto\/hydraulic-triple-remote-control-valve-kit-for-fiat-450-480-500-540-classic\/"]}]},{"@type":"ImageObject","inLanguage":"es","@id":"https:\/\/oud.sparepartsholland.com\/producto\/hydraulic-triple-remote-control-valve-kit-for-fiat-450-480-500-540-classic\/#primaryimage","url":"https:\/\/oud.sparepartsholland.com\/wp-content\/uploads\/2024\/05\/82249514_857404638048466_3041001424419815424_o.jpg","contentUrl":"https:\/\/oud.sparepartsholland.com\/wp-content\/uploads\/2024\/05\/82249514_857404638048466_3041001424419815424_o.jpg","width":2316,"height":2146},{"@type":"BreadcrumbList","@id":"https:\/\/oud.sparepartsholland.com\/producto\/hydraulic-triple-remote-control-valve-kit-for-fiat-450-480-500-540-classic\/#breadcrumb","itemListElement":[{"@type":"ListItem","position":1,"name":"Home","item":"https:\/\/oud.sparepartsholland.com\/es\/"},{"@type":"ListItem","position":2,"name":"Comercio","item":"https:\/\/oud.sparepartsholland.com\/shop\/"},{"@type":"ListItem","position":3,"name":"Kit de V\u00e1lvula Remota Hidr\u00e1ulica Trasera para Tractores Fiat 450 480 500 540 Classic &#8211; 3W"}]},{"@type":"WebSite","@id":"https:\/\/oud.sparepartsholland.com\/#website","url":"https:\/\/oud.sparepartsholland.com\/","name":"Sparepartsholland","description":"","publisher":{"@id":"https:\/\/oud.sparepartsholland.com\/#organization"},"potentialAction":[{"@type":"SearchAction","target":{"@type":"EntryPoint","urlTemplate":"https:\/\/oud.sparepartsholland.com\/?s={search_term_string}"},"query-input":{"@type":"PropertyValueSpecification","valueRequired":true,"valueName":"search_term_string"}}],"inLanguage":"es"},{"@type":"Organization","@id":"https:\/\/oud.sparepartsholland.com\/#organization","name":"Spare Parts Holland","url":"https:\/\/oud.sparepartsholland.com\/","logo":{"@type":"ImageObject","inLanguage":"es","@id":"https:\/\/oud.sparepartsholland.com\/#\/schema\/logo\/image\/","url":"https:\/\/oud.sparepartsholland.com\/wp-content\/uploads\/2022\/06\/spareparts-1.png","contentUrl":"https:\/\/oud.sparepartsholland.com\/wp-content\/uploads\/2022\/06\/spareparts-1.png","width":824,"height":685,"caption":"Spare Parts Holland"},"image":{"@id":"https:\/\/oud.sparepartsholland.com\/#\/schema\/logo\/image\/"}}]}},"_links":{"self":[{"href":"https:\/\/oud.sparepartsholland.com\/es\/wp-json\/wp\/v2\/product\/38830","targetHints":{"allow":["GET"]}}],"collection":[{"href":"https:\/\/oud.sparepartsholland.com\/es\/wp-json\/wp\/v2\/product"}],"about":[{"href":"https:\/\/oud.sparepartsholland.com\/es\/wp-json\/wp\/v2\/types\/product"}],"wp:featuredmedia":[{"embeddable":true,"href":"https:\/\/oud.sparepartsholland.com\/es\/wp-json\/wp\/v2\/media\/38755"}],"wp:attachment":[{"href":"https:\/\/oud.sparepartsholland.com\/es\/wp-json\/wp\/v2\/media?parent=38830"}],"wp:term":[{"taxonomy":"product_brand","embeddable":true,"href":"https:\/\/oud.sparepartsholland.com\/es\/wp-json\/wp\/v2\/product_brand?post=38830"},{"taxonomy":"product_cat","embeddable":true,"href":"https:\/\/oud.sparepartsholland.com\/es\/wp-json\/wp\/v2\/product_cat?post=38830"},{"taxonomy":"product_tag","embeddable":true,"href":"https:\/\/oud.sparepartsholland.com\/es\/wp-json\/wp\/v2\/product_tag?post=38830"}],"curies":[{"name":"wp","href":"https:\/\/api.w.org\/{rel}","templated":true}]}}