{"id":40357,"date":"2024-09-02T15:18:19","date_gmt":"2024-09-02T14:18:19","guid":{"rendered":"https:\/\/sparepartsholland.com\/?post_type=product&#038;p=40357"},"modified":"2024-10-01T12:21:09","modified_gmt":"2024-10-01T11:21:09","slug":"horquillas-soldables-para-cilindro-hidraulico-o16-o20-o25","status":"publish","type":"product","link":"https:\/\/oud.sparepartsholland.com\/es\/producto\/horquillas-soldables-para-cilindro-hidraulico-o16-o20-o25\/","title":{"rendered":"Horquillas Soldables Para Cilindro Hidr\u00e1ulico \u00d816-\u00d820-\u00d825"},"content":{"rendered":"","protected":false},"excerpt":{"rendered":"","protected":false},"featured_media":40297,"template":"","meta":{"inline_featured_image":false},"product_brand":[],"product_cat":[2189],"product_tag":[],"class_list":{"0":"post-40357","1":"product","2":"type-product","3":"status-publish","4":"has-post-thumbnail","6":"product_cat-cilindros-hidraulicos","8":"first","9":"instock","10":"taxable","11":"shipping-taxable","12":"purchasable","13":"product-type-variable"},"yoast_head":"<!-- This site is optimized with the Yoast SEO plugin v25.0 - https:\/\/yoast.com\/wordpress\/plugins\/seo\/ -->\n<title>Horquillas Soldables Para Cilindro Hidr\u00e1ulico \u00d816-\u00d820-\u00d825 - Sparepartsholland<\/title>\n<meta name=\"description\" content=\"Horquillas soldables para cilindro hidr\u00e1ulico en tres variantes: \u00d816, \u00d820 y \u00d825. Gran calidad y env\u00edo r\u00e1pido a todo el mundo.\" \/>\n<meta name=\"robots\" content=\"noindex, follow, max-snippet:-1, max-image-preview:large, max-video-preview:-1\" \/>\n<meta property=\"og:locale\" content=\"es_ES\" \/>\n<meta property=\"og:type\" content=\"article\" \/>\n<meta property=\"og:title\" content=\"Horquillas Soldables Para Cilindro Hidr\u00e1ulico \u00d816-\u00d820-\u00d825 - Sparepartsholland\" \/>\n<meta property=\"og:description\" content=\"Horquillas soldables para cilindro hidr\u00e1ulico en tres variantes: \u00d816, \u00d820 y \u00d825. Gran calidad y env\u00edo r\u00e1pido a todo el mundo.\" \/>\n<meta property=\"og:url\" content=\"https:\/\/oud.sparepartsholland.com\/producto\/weldable-forks-for-hydraulic-cylinder-o16-o20-o25\/\" \/>\n<meta property=\"og:site_name\" content=\"Sparepartsholland\" \/>\n<meta property=\"article:modified_time\" content=\"2024-10-01T11:21:09+00:00\" \/>\n<meta property=\"og:image\" content=\"https:\/\/oud.sparepartsholland.com\/wp-content\/uploads\/2024\/08\/Ekran-goruntusu-2024-08-30-143559.jpg\" \/>\n\t<meta property=\"og:image:width\" content=\"1986\" \/>\n\t<meta property=\"og:image:height\" content=\"1624\" \/>\n\t<meta property=\"og:image:type\" content=\"image\/jpeg\" \/>\n<meta name=\"twitter:card\" content=\"summary_large_image\" \/>\n<meta name=\"twitter:label1\" content=\"Tiempo de lectura\" \/>\n\t<meta name=\"twitter:data1\" content=\"1 minuto\" \/>\n<script type=\"application\/ld+json\" class=\"yoast-schema-graph\">{\"@context\":\"https:\/\/schema.org\",\"@graph\":[{\"@type\":[\"WebPage\",\"ItemPage\"],\"@id\":\"https:\/\/oud.sparepartsholland.com\/producto\/weldable-forks-for-hydraulic-cylinder-o16-o20-o25\/\",\"url\":\"https:\/\/oud.sparepartsholland.com\/producto\/weldable-forks-for-hydraulic-cylinder-o16-o20-o25\/\",\"name\":\"Horquillas Soldables Para Cilindro Hidr\u00e1ulico \u00d816-\u00d820-\u00d825 - Sparepartsholland\",\"isPartOf\":{\"@id\":\"https:\/\/oud.sparepartsholland.com\/#website\"},\"primaryImageOfPage\":{\"@id\":\"https:\/\/oud.sparepartsholland.com\/producto\/weldable-forks-for-hydraulic-cylinder-o16-o20-o25\/#primaryimage\"},\"image\":{\"@id\":\"https:\/\/oud.sparepartsholland.com\/producto\/weldable-forks-for-hydraulic-cylinder-o16-o20-o25\/#primaryimage\"},\"thumbnailUrl\":\"https:\/\/oud.sparepartsholland.com\/wp-content\/uploads\/2024\/08\/Ekran-goruntusu-2024-08-30-143559.jpg\",\"datePublished\":\"2024-09-02T14:18:19+00:00\",\"dateModified\":\"2024-10-01T11:21:09+00:00\",\"description\":\"Horquillas soldables para cilindro hidr\u00e1ulico en tres variantes: \u00d816, \u00d820 y \u00d825. Gran calidad y env\u00edo r\u00e1pido a todo el mundo.\",\"breadcrumb\":{\"@id\":\"https:\/\/oud.sparepartsholland.com\/producto\/weldable-forks-for-hydraulic-cylinder-o16-o20-o25\/#breadcrumb\"},\"inLanguage\":\"es\",\"potentialAction\":[{\"@type\":\"ReadAction\",\"target\":[\"https:\/\/oud.sparepartsholland.com\/producto\/weldable-forks-for-hydraulic-cylinder-o16-o20-o25\/\"]}]},{\"@type\":\"ImageObject\",\"inLanguage\":\"es\",\"@id\":\"https:\/\/oud.sparepartsholland.com\/producto\/weldable-forks-for-hydraulic-cylinder-o16-o20-o25\/#primaryimage\",\"url\":\"https:\/\/oud.sparepartsholland.com\/wp-content\/uploads\/2024\/08\/Ekran-goruntusu-2024-08-30-143559.jpg\",\"contentUrl\":\"https:\/\/oud.sparepartsholland.com\/wp-content\/uploads\/2024\/08\/Ekran-goruntusu-2024-08-30-143559.jpg\",\"width\":1986,\"height\":1624},{\"@type\":\"BreadcrumbList\",\"@id\":\"https:\/\/oud.sparepartsholland.com\/producto\/weldable-forks-for-hydraulic-cylinder-o16-o20-o25\/#breadcrumb\",\"itemListElement\":[{\"@type\":\"ListItem\",\"position\":1,\"name\":\"Home\",\"item\":\"https:\/\/oud.sparepartsholland.com\/es\/\"},{\"@type\":\"ListItem\",\"position\":2,\"name\":\"Comercio\",\"item\":\"https:\/\/oud.sparepartsholland.com\/shop\/\"},{\"@type\":\"ListItem\",\"position\":3,\"name\":\"Horquillas Soldables Para Cilindro Hidr\u00e1ulico \u00d816-\u00d820-\u00d825\"}]},{\"@type\":\"WebSite\",\"@id\":\"https:\/\/oud.sparepartsholland.com\/#website\",\"url\":\"https:\/\/oud.sparepartsholland.com\/\",\"name\":\"Sparepartsholland\",\"description\":\"\",\"publisher\":{\"@id\":\"https:\/\/oud.sparepartsholland.com\/#organization\"},\"potentialAction\":[{\"@type\":\"SearchAction\",\"target\":{\"@type\":\"EntryPoint\",\"urlTemplate\":\"https:\/\/oud.sparepartsholland.com\/?s={search_term_string}\"},\"query-input\":{\"@type\":\"PropertyValueSpecification\",\"valueRequired\":true,\"valueName\":\"search_term_string\"}}],\"inLanguage\":\"es\"},{\"@type\":\"Organization\",\"@id\":\"https:\/\/oud.sparepartsholland.com\/#organization\",\"name\":\"Spare Parts Holland\",\"url\":\"https:\/\/oud.sparepartsholland.com\/\",\"logo\":{\"@type\":\"ImageObject\",\"inLanguage\":\"es\",\"@id\":\"https:\/\/oud.sparepartsholland.com\/#\/schema\/logo\/image\/\",\"url\":\"https:\/\/oud.sparepartsholland.com\/wp-content\/uploads\/2022\/06\/spareparts-1.png\",\"contentUrl\":\"https:\/\/oud.sparepartsholland.com\/wp-content\/uploads\/2022\/06\/spareparts-1.png\",\"width\":824,\"height\":685,\"caption\":\"Spare Parts Holland\"},\"image\":{\"@id\":\"https:\/\/oud.sparepartsholland.com\/#\/schema\/logo\/image\/\"}}]}<\/script>\n<!-- \/ Yoast SEO plugin. -->","yoast_head_json":{"title":"Horquillas Soldables Para Cilindro Hidr\u00e1ulico \u00d816-\u00d820-\u00d825 - Sparepartsholland","description":"Horquillas soldables para cilindro hidr\u00e1ulico en tres variantes: \u00d816, \u00d820 y \u00d825. Gran calidad y env\u00edo r\u00e1pido a todo el mundo.","robots":{"index":"noindex","follow":"follow","max-snippet":"max-snippet:-1","max-image-preview":"max-image-preview:large","max-video-preview":"max-video-preview:-1"},"og_locale":"es_ES","og_type":"article","og_title":"Horquillas Soldables Para Cilindro Hidr\u00e1ulico \u00d816-\u00d820-\u00d825 - Sparepartsholland","og_description":"Horquillas soldables para cilindro hidr\u00e1ulico en tres variantes: \u00d816, \u00d820 y \u00d825. Gran calidad y env\u00edo r\u00e1pido a todo el mundo.","og_url":"https:\/\/oud.sparepartsholland.com\/producto\/weldable-forks-for-hydraulic-cylinder-o16-o20-o25\/","og_site_name":"Sparepartsholland","article_modified_time":"2024-10-01T11:21:09+00:00","og_image":[{"width":1986,"height":1624,"url":"https:\/\/oud.sparepartsholland.com\/wp-content\/uploads\/2024\/08\/Ekran-goruntusu-2024-08-30-143559.jpg","type":"image\/jpeg"}],"twitter_card":"summary_large_image","twitter_misc":{"Tiempo de lectura":"1 minuto"},"schema":{"@context":"https:\/\/schema.org","@graph":[{"@type":["WebPage","ItemPage"],"@id":"https:\/\/oud.sparepartsholland.com\/producto\/weldable-forks-for-hydraulic-cylinder-o16-o20-o25\/","url":"https:\/\/oud.sparepartsholland.com\/producto\/weldable-forks-for-hydraulic-cylinder-o16-o20-o25\/","name":"Horquillas Soldables Para Cilindro Hidr\u00e1ulico \u00d816-\u00d820-\u00d825 - Sparepartsholland","isPartOf":{"@id":"https:\/\/oud.sparepartsholland.com\/#website"},"primaryImageOfPage":{"@id":"https:\/\/oud.sparepartsholland.com\/producto\/weldable-forks-for-hydraulic-cylinder-o16-o20-o25\/#primaryimage"},"image":{"@id":"https:\/\/oud.sparepartsholland.com\/producto\/weldable-forks-for-hydraulic-cylinder-o16-o20-o25\/#primaryimage"},"thumbnailUrl":"https:\/\/oud.sparepartsholland.com\/wp-content\/uploads\/2024\/08\/Ekran-goruntusu-2024-08-30-143559.jpg","datePublished":"2024-09-02T14:18:19+00:00","dateModified":"2024-10-01T11:21:09+00:00","description":"Horquillas soldables para cilindro hidr\u00e1ulico en tres variantes: \u00d816, \u00d820 y \u00d825. Gran calidad y env\u00edo r\u00e1pido a todo el mundo.","breadcrumb":{"@id":"https:\/\/oud.sparepartsholland.com\/producto\/weldable-forks-for-hydraulic-cylinder-o16-o20-o25\/#breadcrumb"},"inLanguage":"es","potentialAction":[{"@type":"ReadAction","target":["https:\/\/oud.sparepartsholland.com\/producto\/weldable-forks-for-hydraulic-cylinder-o16-o20-o25\/"]}]},{"@type":"ImageObject","inLanguage":"es","@id":"https:\/\/oud.sparepartsholland.com\/producto\/weldable-forks-for-hydraulic-cylinder-o16-o20-o25\/#primaryimage","url":"https:\/\/oud.sparepartsholland.com\/wp-content\/uploads\/2024\/08\/Ekran-goruntusu-2024-08-30-143559.jpg","contentUrl":"https:\/\/oud.sparepartsholland.com\/wp-content\/uploads\/2024\/08\/Ekran-goruntusu-2024-08-30-143559.jpg","width":1986,"height":1624},{"@type":"BreadcrumbList","@id":"https:\/\/oud.sparepartsholland.com\/producto\/weldable-forks-for-hydraulic-cylinder-o16-o20-o25\/#breadcrumb","itemListElement":[{"@type":"ListItem","position":1,"name":"Home","item":"https:\/\/oud.sparepartsholland.com\/es\/"},{"@type":"ListItem","position":2,"name":"Comercio","item":"https:\/\/oud.sparepartsholland.com\/shop\/"},{"@type":"ListItem","position":3,"name":"Horquillas Soldables Para Cilindro Hidr\u00e1ulico \u00d816-\u00d820-\u00d825"}]},{"@type":"WebSite","@id":"https:\/\/oud.sparepartsholland.com\/#website","url":"https:\/\/oud.sparepartsholland.com\/","name":"Sparepartsholland","description":"","publisher":{"@id":"https:\/\/oud.sparepartsholland.com\/#organization"},"potentialAction":[{"@type":"SearchAction","target":{"@type":"EntryPoint","urlTemplate":"https:\/\/oud.sparepartsholland.com\/?s={search_term_string}"},"query-input":{"@type":"PropertyValueSpecification","valueRequired":true,"valueName":"search_term_string"}}],"inLanguage":"es"},{"@type":"Organization","@id":"https:\/\/oud.sparepartsholland.com\/#organization","name":"Spare Parts Holland","url":"https:\/\/oud.sparepartsholland.com\/","logo":{"@type":"ImageObject","inLanguage":"es","@id":"https:\/\/oud.sparepartsholland.com\/#\/schema\/logo\/image\/","url":"https:\/\/oud.sparepartsholland.com\/wp-content\/uploads\/2022\/06\/spareparts-1.png","contentUrl":"https:\/\/oud.sparepartsholland.com\/wp-content\/uploads\/2022\/06\/spareparts-1.png","width":824,"height":685,"caption":"Spare Parts Holland"},"image":{"@id":"https:\/\/oud.sparepartsholland.com\/#\/schema\/logo\/image\/"}}]}},"_links":{"self":[{"href":"https:\/\/oud.sparepartsholland.com\/es\/wp-json\/wp\/v2\/product\/40357","targetHints":{"allow":["GET"]}}],"collection":[{"href":"https:\/\/oud.sparepartsholland.com\/es\/wp-json\/wp\/v2\/product"}],"about":[{"href":"https:\/\/oud.sparepartsholland.com\/es\/wp-json\/wp\/v2\/types\/product"}],"wp:featuredmedia":[{"embeddable":true,"href":"https:\/\/oud.sparepartsholland.com\/es\/wp-json\/wp\/v2\/media\/40297"}],"wp:attachment":[{"href":"https:\/\/oud.sparepartsholland.com\/es\/wp-json\/wp\/v2\/media?parent=40357"}],"wp:term":[{"taxonomy":"product_brand","embeddable":true,"href":"https:\/\/oud.sparepartsholland.com\/es\/wp-json\/wp\/v2\/product_brand?post=40357"},{"taxonomy":"product_cat","embeddable":true,"href":"https:\/\/oud.sparepartsholland.com\/es\/wp-json\/wp\/v2\/product_cat?post=40357"},{"taxonomy":"product_tag","embeddable":true,"href":"https:\/\/oud.sparepartsholland.com\/es\/wp-json\/wp\/v2\/product_tag?post=40357"}],"curies":[{"name":"wp","href":"https:\/\/api.w.org\/{rel}","templated":true}]}}