{"id":40566,"date":"2024-09-18T09:33:15","date_gmt":"2024-09-18T08:33:15","guid":{"rendered":"https:\/\/sparepartsholland.com\/product\/valvula-desviadora-remota-de-6-puertos-para-tractor-extendido-manual-2-en-4-puertosincluyendo-el-soporte-y-los-pernos\/"},"modified":"2025-03-14T13:22:40","modified_gmt":"2025-03-14T12:22:40","slug":"valvula-desviadora-remota-de-6-puertos-para-tractor-extendido-manual-2-en-4-puertosincluyendo-el-soporte-y-los-pernos","status":"publish","type":"product","link":"https:\/\/oud.sparepartsholland.com\/es\/producto\/valvula-desviadora-remota-de-6-puertos-para-tractor-extendido-manual-2-en-4-puertosincluyendo-el-soporte-y-los-pernos\/","title":{"rendered":"V\u00e1lvula desviadora remota de 6 puertos para tractor extendido Manual 2 en 4 puertos"},"content":{"rendered":"<p>Agregue un conjunto adicional de conexiones en la parte trasera de los tractores para pasar f\u00e1cilmente de un circuito hidr\u00e1ulico a otro. C\u00f3mo funciona esto. Si tiene un tractor con solo un conjunto de conexiones y remolca su remolque\/funci\u00f3n con 2 funciones separadas, con el desviador de 6 puertos instalado en un conjunto de control, ahora tiene dos salidas de conexiones separadas. Puede realizar solo una u otra funci\u00f3n a la vez. Con la palanca en una direcci\u00f3n, el flujo de aceite se ajusta a su funci\u00f3n &#8220;est\u00e1ndar&#8221;. Gire la manija del desviador y fluir\u00e1 su segunda funci\u00f3n. La v\u00e1lvula de derivaci\u00f3n tiene tres pares de conexiones. El primero es para la alimentaci\u00f3n de conexi\u00f3n del tractor. Los otros dos conjuntos de acopladores son el forraje para su equipo remolcado trasero. Estos atajos son el estilo Poppet agr\u00edcola m\u00e1s com\u00fan. Serie ISO 7241-1 A. Lo que obtienes en este paquete:<\/p>\n<ul>\n<li>Desviador manual de 6 puertos de 90 Lpm<\/li>\n<li>2 acopladores de asiento macho y 4 hembra con adaptadores<\/li>\n<\/ul>\n<p>Existe la opci\u00f3n de suministrar conjuntos de manguera de dos cables estampados para permitir el montaje lejos de los acopladores. La longitud de la manguera es de 31 1\/2 pulgadas \/ 80 cm. Los puertos centrales se empujan hacia adentro del tractor, los puertos laterales son sus dos funciones. 1\/2 \u2033 tiene puerto Bspp de 90 lpm<\/p>\n","protected":false},"excerpt":{"rendered":"<ul>\n<li>Desviador manual de 6 puertos de 90 Lpm<\/li>\n<li>2 acopladores de asiento macho y 4 hembra con adaptadores<\/li>\n<\/ul>\n","protected":false},"featured_media":40471,"template":"","meta":{"inline_featured_image":false},"product_brand":[],"product_cat":[672,638,702,701],"product_tag":[],"class_list":{"0":"post-40566","1":"product","2":"type-product","3":"status-publish","4":"has-post-thumbnail","6":"product_cat-equipos-hidraulicos","7":"product_cat-massey-ferguson-es","8":"product_cat-ford-es-3","9":"product_cat-fiat-es-2","11":"first","12":"outofstock","13":"taxable","14":"shipping-taxable","15":"purchasable","16":"product-type-simple"},"yoast_head":"<!-- This site is optimized with the Yoast SEO plugin v25.0 - https:\/\/yoast.com\/wordpress\/plugins\/seo\/ -->\n<title>V\u00e1lvula desviadora remota de 6 puertos para tractor extendido Manual 2 en 4 puertos - Sparepartsholland<\/title>\n<meta name=\"description\" content=\"Agregue un conjunto adicional de conexiones en la parte trasera de los tractores para pasar f\u00e1cilmente de un circuito hidr\u00e1ulico a otro.\" \/>\n<meta name=\"robots\" content=\"noindex, follow, max-snippet:-1, max-image-preview:large, max-video-preview:-1\" \/>\n<meta property=\"og:locale\" content=\"es_ES\" \/>\n<meta property=\"og:type\" content=\"article\" \/>\n<meta property=\"og:title\" content=\"V\u00e1lvula desviadora remota de 6 puertos para tractor extendido Manual 2 en 4 puertos - Sparepartsholland\" \/>\n<meta property=\"og:description\" content=\"Agregue un conjunto adicional de conexiones en la parte trasera de los tractores para pasar f\u00e1cilmente de un circuito hidr\u00e1ulico a otro.\" \/>\n<meta property=\"og:url\" content=\"https:\/\/oud.sparepartsholland.com\/producto\/extended-tractor-remote-6-port-diverter-valve-manual-2-into-4-ports-including-the-bracket-and-bolts\/\" \/>\n<meta property=\"og:site_name\" content=\"Sparepartsholland\" \/>\n<meta property=\"article:modified_time\" content=\"2025-03-14T12:22:40+00:00\" \/>\n<meta property=\"og:image\" content=\"https:\/\/oud.sparepartsholland.com\/wp-content\/uploads\/2024\/09\/DSCF6430-copy-scaled.jpg\" \/>\n\t<meta property=\"og:image:width\" content=\"2560\" \/>\n\t<meta property=\"og:image:height\" content=\"2560\" \/>\n\t<meta property=\"og:image:type\" content=\"image\/jpeg\" \/>\n<meta name=\"twitter:card\" content=\"summary_large_image\" \/>\n<meta name=\"twitter:label1\" content=\"Tiempo de lectura\" \/>\n\t<meta name=\"twitter:data1\" content=\"2 minutos\" \/>\n<script type=\"application\/ld+json\" class=\"yoast-schema-graph\">{\"@context\":\"https:\/\/schema.org\",\"@graph\":[{\"@type\":[\"WebPage\",\"ItemPage\"],\"@id\":\"https:\/\/oud.sparepartsholland.com\/producto\/extended-tractor-remote-6-port-diverter-valve-manual-2-into-4-ports-including-the-bracket-and-bolts\/\",\"url\":\"https:\/\/oud.sparepartsholland.com\/producto\/extended-tractor-remote-6-port-diverter-valve-manual-2-into-4-ports-including-the-bracket-and-bolts\/\",\"name\":\"V\u00e1lvula desviadora remota de 6 puertos para tractor extendido Manual 2 en 4 puertos - Sparepartsholland\",\"isPartOf\":{\"@id\":\"https:\/\/oud.sparepartsholland.com\/#website\"},\"primaryImageOfPage\":{\"@id\":\"https:\/\/oud.sparepartsholland.com\/producto\/extended-tractor-remote-6-port-diverter-valve-manual-2-into-4-ports-including-the-bracket-and-bolts\/#primaryimage\"},\"image\":{\"@id\":\"https:\/\/oud.sparepartsholland.com\/producto\/extended-tractor-remote-6-port-diverter-valve-manual-2-into-4-ports-including-the-bracket-and-bolts\/#primaryimage\"},\"thumbnailUrl\":\"https:\/\/oud.sparepartsholland.com\/wp-content\/uploads\/2024\/09\/DSCF6430-copy-scaled.jpg\",\"datePublished\":\"2024-09-18T08:33:15+00:00\",\"dateModified\":\"2025-03-14T12:22:40+00:00\",\"description\":\"Agregue un conjunto adicional de conexiones en la parte trasera de los tractores para pasar f\u00e1cilmente de un circuito hidr\u00e1ulico a otro.\",\"breadcrumb\":{\"@id\":\"https:\/\/oud.sparepartsholland.com\/producto\/extended-tractor-remote-6-port-diverter-valve-manual-2-into-4-ports-including-the-bracket-and-bolts\/#breadcrumb\"},\"inLanguage\":\"es\",\"potentialAction\":[{\"@type\":\"ReadAction\",\"target\":[\"https:\/\/oud.sparepartsholland.com\/producto\/extended-tractor-remote-6-port-diverter-valve-manual-2-into-4-ports-including-the-bracket-and-bolts\/\"]}]},{\"@type\":\"ImageObject\",\"inLanguage\":\"es\",\"@id\":\"https:\/\/oud.sparepartsholland.com\/producto\/extended-tractor-remote-6-port-diverter-valve-manual-2-into-4-ports-including-the-bracket-and-bolts\/#primaryimage\",\"url\":\"https:\/\/oud.sparepartsholland.com\/wp-content\/uploads\/2024\/09\/DSCF6430-copy-scaled.jpg\",\"contentUrl\":\"https:\/\/oud.sparepartsholland.com\/wp-content\/uploads\/2024\/09\/DSCF6430-copy-scaled.jpg\",\"width\":2560,\"height\":2560},{\"@type\":\"BreadcrumbList\",\"@id\":\"https:\/\/oud.sparepartsholland.com\/producto\/extended-tractor-remote-6-port-diverter-valve-manual-2-into-4-ports-including-the-bracket-and-bolts\/#breadcrumb\",\"itemListElement\":[{\"@type\":\"ListItem\",\"position\":1,\"name\":\"Home\",\"item\":\"https:\/\/oud.sparepartsholland.com\/es\/\"},{\"@type\":\"ListItem\",\"position\":2,\"name\":\"Comercio\",\"item\":\"https:\/\/oud.sparepartsholland.com\/shop\/\"},{\"@type\":\"ListItem\",\"position\":3,\"name\":\"V\u00e1lvula desviadora remota de 6 puertos para tractor extendido Manual 2 en 4 puertos\"}]},{\"@type\":\"WebSite\",\"@id\":\"https:\/\/oud.sparepartsholland.com\/#website\",\"url\":\"https:\/\/oud.sparepartsholland.com\/\",\"name\":\"Sparepartsholland\",\"description\":\"\",\"publisher\":{\"@id\":\"https:\/\/oud.sparepartsholland.com\/#organization\"},\"potentialAction\":[{\"@type\":\"SearchAction\",\"target\":{\"@type\":\"EntryPoint\",\"urlTemplate\":\"https:\/\/oud.sparepartsholland.com\/?s={search_term_string}\"},\"query-input\":{\"@type\":\"PropertyValueSpecification\",\"valueRequired\":true,\"valueName\":\"search_term_string\"}}],\"inLanguage\":\"es\"},{\"@type\":\"Organization\",\"@id\":\"https:\/\/oud.sparepartsholland.com\/#organization\",\"name\":\"Spare Parts Holland\",\"url\":\"https:\/\/oud.sparepartsholland.com\/\",\"logo\":{\"@type\":\"ImageObject\",\"inLanguage\":\"es\",\"@id\":\"https:\/\/oud.sparepartsholland.com\/#\/schema\/logo\/image\/\",\"url\":\"https:\/\/oud.sparepartsholland.com\/wp-content\/uploads\/2022\/06\/spareparts-1.png\",\"contentUrl\":\"https:\/\/oud.sparepartsholland.com\/wp-content\/uploads\/2022\/06\/spareparts-1.png\",\"width\":824,\"height\":685,\"caption\":\"Spare Parts Holland\"},\"image\":{\"@id\":\"https:\/\/oud.sparepartsholland.com\/#\/schema\/logo\/image\/\"}}]}<\/script>\n<!-- \/ Yoast SEO plugin. -->","yoast_head_json":{"title":"V\u00e1lvula desviadora remota de 6 puertos para tractor extendido Manual 2 en 4 puertos - Sparepartsholland","description":"Agregue un conjunto adicional de conexiones en la parte trasera de los tractores para pasar f\u00e1cilmente de un circuito hidr\u00e1ulico a otro.","robots":{"index":"noindex","follow":"follow","max-snippet":"max-snippet:-1","max-image-preview":"max-image-preview:large","max-video-preview":"max-video-preview:-1"},"og_locale":"es_ES","og_type":"article","og_title":"V\u00e1lvula desviadora remota de 6 puertos para tractor extendido Manual 2 en 4 puertos - Sparepartsholland","og_description":"Agregue un conjunto adicional de conexiones en la parte trasera de los tractores para pasar f\u00e1cilmente de un circuito hidr\u00e1ulico a otro.","og_url":"https:\/\/oud.sparepartsholland.com\/producto\/extended-tractor-remote-6-port-diverter-valve-manual-2-into-4-ports-including-the-bracket-and-bolts\/","og_site_name":"Sparepartsholland","article_modified_time":"2025-03-14T12:22:40+00:00","og_image":[{"width":2560,"height":2560,"url":"https:\/\/oud.sparepartsholland.com\/wp-content\/uploads\/2024\/09\/DSCF6430-copy-scaled.jpg","type":"image\/jpeg"}],"twitter_card":"summary_large_image","twitter_misc":{"Tiempo de lectura":"2 minutos"},"schema":{"@context":"https:\/\/schema.org","@graph":[{"@type":["WebPage","ItemPage"],"@id":"https:\/\/oud.sparepartsholland.com\/producto\/extended-tractor-remote-6-port-diverter-valve-manual-2-into-4-ports-including-the-bracket-and-bolts\/","url":"https:\/\/oud.sparepartsholland.com\/producto\/extended-tractor-remote-6-port-diverter-valve-manual-2-into-4-ports-including-the-bracket-and-bolts\/","name":"V\u00e1lvula desviadora remota de 6 puertos para tractor extendido Manual 2 en 4 puertos - Sparepartsholland","isPartOf":{"@id":"https:\/\/oud.sparepartsholland.com\/#website"},"primaryImageOfPage":{"@id":"https:\/\/oud.sparepartsholland.com\/producto\/extended-tractor-remote-6-port-diverter-valve-manual-2-into-4-ports-including-the-bracket-and-bolts\/#primaryimage"},"image":{"@id":"https:\/\/oud.sparepartsholland.com\/producto\/extended-tractor-remote-6-port-diverter-valve-manual-2-into-4-ports-including-the-bracket-and-bolts\/#primaryimage"},"thumbnailUrl":"https:\/\/oud.sparepartsholland.com\/wp-content\/uploads\/2024\/09\/DSCF6430-copy-scaled.jpg","datePublished":"2024-09-18T08:33:15+00:00","dateModified":"2025-03-14T12:22:40+00:00","description":"Agregue un conjunto adicional de conexiones en la parte trasera de los tractores para pasar f\u00e1cilmente de un circuito hidr\u00e1ulico a otro.","breadcrumb":{"@id":"https:\/\/oud.sparepartsholland.com\/producto\/extended-tractor-remote-6-port-diverter-valve-manual-2-into-4-ports-including-the-bracket-and-bolts\/#breadcrumb"},"inLanguage":"es","potentialAction":[{"@type":"ReadAction","target":["https:\/\/oud.sparepartsholland.com\/producto\/extended-tractor-remote-6-port-diverter-valve-manual-2-into-4-ports-including-the-bracket-and-bolts\/"]}]},{"@type":"ImageObject","inLanguage":"es","@id":"https:\/\/oud.sparepartsholland.com\/producto\/extended-tractor-remote-6-port-diverter-valve-manual-2-into-4-ports-including-the-bracket-and-bolts\/#primaryimage","url":"https:\/\/oud.sparepartsholland.com\/wp-content\/uploads\/2024\/09\/DSCF6430-copy-scaled.jpg","contentUrl":"https:\/\/oud.sparepartsholland.com\/wp-content\/uploads\/2024\/09\/DSCF6430-copy-scaled.jpg","width":2560,"height":2560},{"@type":"BreadcrumbList","@id":"https:\/\/oud.sparepartsholland.com\/producto\/extended-tractor-remote-6-port-diverter-valve-manual-2-into-4-ports-including-the-bracket-and-bolts\/#breadcrumb","itemListElement":[{"@type":"ListItem","position":1,"name":"Home","item":"https:\/\/oud.sparepartsholland.com\/es\/"},{"@type":"ListItem","position":2,"name":"Comercio","item":"https:\/\/oud.sparepartsholland.com\/shop\/"},{"@type":"ListItem","position":3,"name":"V\u00e1lvula desviadora remota de 6 puertos para tractor extendido Manual 2 en 4 puertos"}]},{"@type":"WebSite","@id":"https:\/\/oud.sparepartsholland.com\/#website","url":"https:\/\/oud.sparepartsholland.com\/","name":"Sparepartsholland","description":"","publisher":{"@id":"https:\/\/oud.sparepartsholland.com\/#organization"},"potentialAction":[{"@type":"SearchAction","target":{"@type":"EntryPoint","urlTemplate":"https:\/\/oud.sparepartsholland.com\/?s={search_term_string}"},"query-input":{"@type":"PropertyValueSpecification","valueRequired":true,"valueName":"search_term_string"}}],"inLanguage":"es"},{"@type":"Organization","@id":"https:\/\/oud.sparepartsholland.com\/#organization","name":"Spare Parts Holland","url":"https:\/\/oud.sparepartsholland.com\/","logo":{"@type":"ImageObject","inLanguage":"es","@id":"https:\/\/oud.sparepartsholland.com\/#\/schema\/logo\/image\/","url":"https:\/\/oud.sparepartsholland.com\/wp-content\/uploads\/2022\/06\/spareparts-1.png","contentUrl":"https:\/\/oud.sparepartsholland.com\/wp-content\/uploads\/2022\/06\/spareparts-1.png","width":824,"height":685,"caption":"Spare Parts Holland"},"image":{"@id":"https:\/\/oud.sparepartsholland.com\/#\/schema\/logo\/image\/"}}]}},"_links":{"self":[{"href":"https:\/\/oud.sparepartsholland.com\/es\/wp-json\/wp\/v2\/product\/40566","targetHints":{"allow":["GET"]}}],"collection":[{"href":"https:\/\/oud.sparepartsholland.com\/es\/wp-json\/wp\/v2\/product"}],"about":[{"href":"https:\/\/oud.sparepartsholland.com\/es\/wp-json\/wp\/v2\/types\/product"}],"wp:featuredmedia":[{"embeddable":true,"href":"https:\/\/oud.sparepartsholland.com\/es\/wp-json\/wp\/v2\/media\/40471"}],"wp:attachment":[{"href":"https:\/\/oud.sparepartsholland.com\/es\/wp-json\/wp\/v2\/media?parent=40566"}],"wp:term":[{"taxonomy":"product_brand","embeddable":true,"href":"https:\/\/oud.sparepartsholland.com\/es\/wp-json\/wp\/v2\/product_brand?post=40566"},{"taxonomy":"product_cat","embeddable":true,"href":"https:\/\/oud.sparepartsholland.com\/es\/wp-json\/wp\/v2\/product_cat?post=40566"},{"taxonomy":"product_tag","embeddable":true,"href":"https:\/\/oud.sparepartsholland.com\/es\/wp-json\/wp\/v2\/product_tag?post=40566"}],"curies":[{"name":"wp","href":"https:\/\/api.w.org\/{rel}","templated":true}]}}