{"id":5960,"date":"2022-07-28T10:29:02","date_gmt":"2022-07-28T09:29:02","guid":{"rendered":"https:\/\/sparepartsholland.com\/product\/hydraulic-cylinder-double-acting-cylinder-3-8-ports\/"},"modified":"2025-05-25T20:32:40","modified_gmt":"2025-05-25T19:32:40","slug":"cilindro-hidraulico-cilindro-de-doble-accion-3-8-vias","status":"publish","type":"product","link":"https:\/\/oud.sparepartsholland.com\/es\/producto\/cilindro-hidraulico-cilindro-de-doble-accion-3-8-vias\/","title":{"rendered":"Cilindro hidr\u00e1ulico de doble efecto 25\/16 32\/20 40\/25 50\/30 60\/30 70\/40"},"content":{"rendered":"<p>Nuestros cilindros hidr\u00e1ulicos de doble efecto est\u00e1n hechos de acero de alta calidad y son una soluci\u00f3n inteligente para reemplazar cilindros defectuosos o para adaptarlos a requisitos individuales. Debido a su estructura bruta, pueden equiparse con juntas de horquilla u ojos o casquillos soldados. As\u00ed, se pueden utilizar en cualquier \u00e1mbito, desde la agricultura, hasta la construcci\u00f3n de veh\u00edculos o para la autoconstrucci\u00f3n.<\/p>\n<p>El cilindro hidr\u00e1ulico est\u00e1 hecho de un tubo de acero pulido. El tubo revestido desde el interior estaba hecho del material S235 JR. El v\u00e1stago del pist\u00f3n se ha cromado duro, al igual que las mordazas del pist\u00f3n. Este tratamiento superficial especial suaviza el acero y reduce al m\u00ednimo el desgaste de las juntas. Este tipo de cromado tambi\u00e9n aumenta significativamente la resistencia. Esto tambi\u00e9n nos permite garantizar una larga vida \u00fatil gracias a la protecci\u00f3n contra la corrosi\u00f3n. La fuerza de compresi\u00f3n y tracci\u00f3n especificada por nosotros se especifica a una presi\u00f3n de funcionamiento de 180 bar. Tambi\u00e9n puede cargarlo hasta una presi\u00f3n m\u00e1xima de 230 bar.<\/p>\n<ul>\n<li>V\u00e1stago de pist\u00f3n cromado duro<\/li>\n<li>Tubo de acero pulido<\/li>\n<li>Presi\u00f3n de trabajo 180 bares<\/li>\n<li>Painted black<\/li>\n<li>Puertos de 3\/8&#8243;<\/li>\n<\/ul>\n","protected":false},"excerpt":{"rendered":"<ul>\n<li>V\u00e1stago de pist\u00f3n cromado duro<\/li>\n<li>Tubo de acero pulido<\/li>\n<li>Presi\u00f3n de trabajo 180 bares<\/li>\n<li>Painted black<\/li>\n<li>Puertos de 3\/8&#8243;<\/li>\n<\/ul>\n","protected":false},"featured_media":33048,"template":"","meta":{"inline_featured_image":false},"product_brand":[],"product_cat":[2189],"product_tag":[],"class_list":{"0":"post-5960","1":"product","2":"type-product","3":"status-publish","4":"has-post-thumbnail","6":"product_cat-cilindros-hidraulicos","8":"first","9":"outofstock","10":"taxable","11":"shipping-taxable","12":"purchasable","13":"product-type-variable","14":"has-default-attributes"},"yoast_head":"<!-- This site is optimized with the Yoast SEO plugin v25.0 - https:\/\/yoast.com\/wordpress\/plugins\/seo\/ -->\n<title>Cilindro hidr\u00e1ulico de doble efecto 25\/16 32\/20 40\/25 50\/30 60\/30 70\/40 - Sparepartsholland<\/title>\n<meta name=\"description\" content=\"Nuestros cilindros hidr\u00e1ulicos de doble efecto est\u00e1n hechos de acero de alta calidad y son una soluci\u00f3n inteligente para reemplazar cilindros defectuosos. Alta calidad\/env\u00edo r\u00e1pido.\" \/>\n<meta name=\"robots\" content=\"noindex, follow, max-snippet:-1, max-image-preview:large, max-video-preview:-1\" \/>\n<meta property=\"og:locale\" content=\"es_ES\" \/>\n<meta property=\"og:type\" content=\"article\" \/>\n<meta property=\"og:title\" content=\"Cilindro hidr\u00e1ulico de doble efecto 25\/16 32\/20 40\/25 50\/30 60\/30 70\/40 - Sparepartsholland\" \/>\n<meta property=\"og:description\" content=\"Nuestros cilindros hidr\u00e1ulicos de doble efecto est\u00e1n hechos de acero de alta calidad y son una soluci\u00f3n inteligente para reemplazar cilindros defectuosos. Alta calidad\/env\u00edo r\u00e1pido.\" \/>\n<meta property=\"og:url\" content=\"https:\/\/oud.sparepartsholland.com\/producto\/hydraulic-cylinder-double-acting-cylinder-3-8-ports\/\" \/>\n<meta property=\"og:site_name\" content=\"Sparepartsholland\" \/>\n<meta property=\"article:modified_time\" content=\"2025-05-25T19:32:40+00:00\" \/>\n<meta property=\"og:image\" content=\"https:\/\/oud.sparepartsholland.com\/wp-content\/uploads\/2022\/07\/1-38.jpg\" \/>\n\t<meta property=\"og:image:width\" content=\"1500\" \/>\n\t<meta property=\"og:image:height\" content=\"1193\" \/>\n\t<meta property=\"og:image:type\" content=\"image\/jpeg\" \/>\n<meta name=\"twitter:card\" content=\"summary_large_image\" \/>\n<meta name=\"twitter:label1\" content=\"Tiempo de lectura\" \/>\n\t<meta name=\"twitter:data1\" content=\"1 minuto\" \/>\n<script type=\"application\/ld+json\" class=\"yoast-schema-graph\">{\"@context\":\"https:\/\/schema.org\",\"@graph\":[{\"@type\":[\"WebPage\",\"ItemPage\"],\"@id\":\"https:\/\/oud.sparepartsholland.com\/producto\/hydraulic-cylinder-double-acting-cylinder-3-8-ports\/\",\"url\":\"https:\/\/oud.sparepartsholland.com\/producto\/hydraulic-cylinder-double-acting-cylinder-3-8-ports\/\",\"name\":\"Cilindro hidr\u00e1ulico de doble efecto 25\/16 32\/20 40\/25 50\/30 60\/30 70\/40 - Sparepartsholland\",\"isPartOf\":{\"@id\":\"https:\/\/oud.sparepartsholland.com\/#website\"},\"primaryImageOfPage\":{\"@id\":\"https:\/\/oud.sparepartsholland.com\/producto\/hydraulic-cylinder-double-acting-cylinder-3-8-ports\/#primaryimage\"},\"image\":{\"@id\":\"https:\/\/oud.sparepartsholland.com\/producto\/hydraulic-cylinder-double-acting-cylinder-3-8-ports\/#primaryimage\"},\"thumbnailUrl\":\"https:\/\/oud.sparepartsholland.com\/wp-content\/uploads\/2022\/07\/1-38.jpg\",\"datePublished\":\"2022-07-28T09:29:02+00:00\",\"dateModified\":\"2025-05-25T19:32:40+00:00\",\"description\":\"Nuestros cilindros hidr\u00e1ulicos de doble efecto est\u00e1n hechos de acero de alta calidad y son una soluci\u00f3n inteligente para reemplazar cilindros defectuosos. Alta calidad\/env\u00edo r\u00e1pido.\",\"breadcrumb\":{\"@id\":\"https:\/\/oud.sparepartsholland.com\/producto\/hydraulic-cylinder-double-acting-cylinder-3-8-ports\/#breadcrumb\"},\"inLanguage\":\"es\",\"potentialAction\":[{\"@type\":\"ReadAction\",\"target\":[\"https:\/\/oud.sparepartsholland.com\/producto\/hydraulic-cylinder-double-acting-cylinder-3-8-ports\/\"]}]},{\"@type\":\"ImageObject\",\"inLanguage\":\"es\",\"@id\":\"https:\/\/oud.sparepartsholland.com\/producto\/hydraulic-cylinder-double-acting-cylinder-3-8-ports\/#primaryimage\",\"url\":\"https:\/\/oud.sparepartsholland.com\/wp-content\/uploads\/2022\/07\/1-38.jpg\",\"contentUrl\":\"https:\/\/oud.sparepartsholland.com\/wp-content\/uploads\/2022\/07\/1-38.jpg\",\"width\":1500,\"height\":1193},{\"@type\":\"BreadcrumbList\",\"@id\":\"https:\/\/oud.sparepartsholland.com\/producto\/hydraulic-cylinder-double-acting-cylinder-3-8-ports\/#breadcrumb\",\"itemListElement\":[{\"@type\":\"ListItem\",\"position\":1,\"name\":\"Home\",\"item\":\"https:\/\/oud.sparepartsholland.com\/es\/\"},{\"@type\":\"ListItem\",\"position\":2,\"name\":\"Comercio\",\"item\":\"https:\/\/oud.sparepartsholland.com\/shop\/\"},{\"@type\":\"ListItem\",\"position\":3,\"name\":\"Cilindro hidr\u00e1ulico de doble efecto 25\/16 32\/20 40\/25 50\/30 60\/30 70\/40\"}]},{\"@type\":\"WebSite\",\"@id\":\"https:\/\/oud.sparepartsholland.com\/#website\",\"url\":\"https:\/\/oud.sparepartsholland.com\/\",\"name\":\"Sparepartsholland\",\"description\":\"\",\"publisher\":{\"@id\":\"https:\/\/oud.sparepartsholland.com\/#organization\"},\"potentialAction\":[{\"@type\":\"SearchAction\",\"target\":{\"@type\":\"EntryPoint\",\"urlTemplate\":\"https:\/\/oud.sparepartsholland.com\/?s={search_term_string}\"},\"query-input\":{\"@type\":\"PropertyValueSpecification\",\"valueRequired\":true,\"valueName\":\"search_term_string\"}}],\"inLanguage\":\"es\"},{\"@type\":\"Organization\",\"@id\":\"https:\/\/oud.sparepartsholland.com\/#organization\",\"name\":\"Spare Parts Holland\",\"url\":\"https:\/\/oud.sparepartsholland.com\/\",\"logo\":{\"@type\":\"ImageObject\",\"inLanguage\":\"es\",\"@id\":\"https:\/\/oud.sparepartsholland.com\/#\/schema\/logo\/image\/\",\"url\":\"https:\/\/oud.sparepartsholland.com\/wp-content\/uploads\/2022\/06\/spareparts-1.png\",\"contentUrl\":\"https:\/\/oud.sparepartsholland.com\/wp-content\/uploads\/2022\/06\/spareparts-1.png\",\"width\":824,\"height\":685,\"caption\":\"Spare Parts Holland\"},\"image\":{\"@id\":\"https:\/\/oud.sparepartsholland.com\/#\/schema\/logo\/image\/\"}}]}<\/script>\n<!-- \/ Yoast SEO plugin. -->","yoast_head_json":{"title":"Cilindro hidr\u00e1ulico de doble efecto 25\/16 32\/20 40\/25 50\/30 60\/30 70\/40 - Sparepartsholland","description":"Nuestros cilindros hidr\u00e1ulicos de doble efecto est\u00e1n hechos de acero de alta calidad y son una soluci\u00f3n inteligente para reemplazar cilindros defectuosos. Alta calidad\/env\u00edo r\u00e1pido.","robots":{"index":"noindex","follow":"follow","max-snippet":"max-snippet:-1","max-image-preview":"max-image-preview:large","max-video-preview":"max-video-preview:-1"},"og_locale":"es_ES","og_type":"article","og_title":"Cilindro hidr\u00e1ulico de doble efecto 25\/16 32\/20 40\/25 50\/30 60\/30 70\/40 - Sparepartsholland","og_description":"Nuestros cilindros hidr\u00e1ulicos de doble efecto est\u00e1n hechos de acero de alta calidad y son una soluci\u00f3n inteligente para reemplazar cilindros defectuosos. Alta calidad\/env\u00edo r\u00e1pido.","og_url":"https:\/\/oud.sparepartsholland.com\/producto\/hydraulic-cylinder-double-acting-cylinder-3-8-ports\/","og_site_name":"Sparepartsholland","article_modified_time":"2025-05-25T19:32:40+00:00","og_image":[{"width":1500,"height":1193,"url":"https:\/\/oud.sparepartsholland.com\/wp-content\/uploads\/2022\/07\/1-38.jpg","type":"image\/jpeg"}],"twitter_card":"summary_large_image","twitter_misc":{"Tiempo de lectura":"1 minuto"},"schema":{"@context":"https:\/\/schema.org","@graph":[{"@type":["WebPage","ItemPage"],"@id":"https:\/\/oud.sparepartsholland.com\/producto\/hydraulic-cylinder-double-acting-cylinder-3-8-ports\/","url":"https:\/\/oud.sparepartsholland.com\/producto\/hydraulic-cylinder-double-acting-cylinder-3-8-ports\/","name":"Cilindro hidr\u00e1ulico de doble efecto 25\/16 32\/20 40\/25 50\/30 60\/30 70\/40 - Sparepartsholland","isPartOf":{"@id":"https:\/\/oud.sparepartsholland.com\/#website"},"primaryImageOfPage":{"@id":"https:\/\/oud.sparepartsholland.com\/producto\/hydraulic-cylinder-double-acting-cylinder-3-8-ports\/#primaryimage"},"image":{"@id":"https:\/\/oud.sparepartsholland.com\/producto\/hydraulic-cylinder-double-acting-cylinder-3-8-ports\/#primaryimage"},"thumbnailUrl":"https:\/\/oud.sparepartsholland.com\/wp-content\/uploads\/2022\/07\/1-38.jpg","datePublished":"2022-07-28T09:29:02+00:00","dateModified":"2025-05-25T19:32:40+00:00","description":"Nuestros cilindros hidr\u00e1ulicos de doble efecto est\u00e1n hechos de acero de alta calidad y son una soluci\u00f3n inteligente para reemplazar cilindros defectuosos. Alta calidad\/env\u00edo r\u00e1pido.","breadcrumb":{"@id":"https:\/\/oud.sparepartsholland.com\/producto\/hydraulic-cylinder-double-acting-cylinder-3-8-ports\/#breadcrumb"},"inLanguage":"es","potentialAction":[{"@type":"ReadAction","target":["https:\/\/oud.sparepartsholland.com\/producto\/hydraulic-cylinder-double-acting-cylinder-3-8-ports\/"]}]},{"@type":"ImageObject","inLanguage":"es","@id":"https:\/\/oud.sparepartsholland.com\/producto\/hydraulic-cylinder-double-acting-cylinder-3-8-ports\/#primaryimage","url":"https:\/\/oud.sparepartsholland.com\/wp-content\/uploads\/2022\/07\/1-38.jpg","contentUrl":"https:\/\/oud.sparepartsholland.com\/wp-content\/uploads\/2022\/07\/1-38.jpg","width":1500,"height":1193},{"@type":"BreadcrumbList","@id":"https:\/\/oud.sparepartsholland.com\/producto\/hydraulic-cylinder-double-acting-cylinder-3-8-ports\/#breadcrumb","itemListElement":[{"@type":"ListItem","position":1,"name":"Home","item":"https:\/\/oud.sparepartsholland.com\/es\/"},{"@type":"ListItem","position":2,"name":"Comercio","item":"https:\/\/oud.sparepartsholland.com\/shop\/"},{"@type":"ListItem","position":3,"name":"Cilindro hidr\u00e1ulico de doble efecto 25\/16 32\/20 40\/25 50\/30 60\/30 70\/40"}]},{"@type":"WebSite","@id":"https:\/\/oud.sparepartsholland.com\/#website","url":"https:\/\/oud.sparepartsholland.com\/","name":"Sparepartsholland","description":"","publisher":{"@id":"https:\/\/oud.sparepartsholland.com\/#organization"},"potentialAction":[{"@type":"SearchAction","target":{"@type":"EntryPoint","urlTemplate":"https:\/\/oud.sparepartsholland.com\/?s={search_term_string}"},"query-input":{"@type":"PropertyValueSpecification","valueRequired":true,"valueName":"search_term_string"}}],"inLanguage":"es"},{"@type":"Organization","@id":"https:\/\/oud.sparepartsholland.com\/#organization","name":"Spare Parts Holland","url":"https:\/\/oud.sparepartsholland.com\/","logo":{"@type":"ImageObject","inLanguage":"es","@id":"https:\/\/oud.sparepartsholland.com\/#\/schema\/logo\/image\/","url":"https:\/\/oud.sparepartsholland.com\/wp-content\/uploads\/2022\/06\/spareparts-1.png","contentUrl":"https:\/\/oud.sparepartsholland.com\/wp-content\/uploads\/2022\/06\/spareparts-1.png","width":824,"height":685,"caption":"Spare Parts Holland"},"image":{"@id":"https:\/\/oud.sparepartsholland.com\/#\/schema\/logo\/image\/"}}]}},"_links":{"self":[{"href":"https:\/\/oud.sparepartsholland.com\/es\/wp-json\/wp\/v2\/product\/5960","targetHints":{"allow":["GET"]}}],"collection":[{"href":"https:\/\/oud.sparepartsholland.com\/es\/wp-json\/wp\/v2\/product"}],"about":[{"href":"https:\/\/oud.sparepartsholland.com\/es\/wp-json\/wp\/v2\/types\/product"}],"wp:featuredmedia":[{"embeddable":true,"href":"https:\/\/oud.sparepartsholland.com\/es\/wp-json\/wp\/v2\/media\/33048"}],"wp:attachment":[{"href":"https:\/\/oud.sparepartsholland.com\/es\/wp-json\/wp\/v2\/media?parent=5960"}],"wp:term":[{"taxonomy":"product_brand","embeddable":true,"href":"https:\/\/oud.sparepartsholland.com\/es\/wp-json\/wp\/v2\/product_brand?post=5960"},{"taxonomy":"product_cat","embeddable":true,"href":"https:\/\/oud.sparepartsholland.com\/es\/wp-json\/wp\/v2\/product_cat?post=5960"},{"taxonomy":"product_tag","embeddable":true,"href":"https:\/\/oud.sparepartsholland.com\/es\/wp-json\/wp\/v2\/product_tag?post=5960"}],"curies":[{"name":"wp","href":"https:\/\/api.w.org\/{rel}","templated":true}]}}