{"id":5970,"date":"2022-07-28T10:28:15","date_gmt":"2022-07-28T09:28:15","guid":{"rendered":"https:\/\/sparepartsholland.com\/product\/power-steering-kit-ihc-ihc-case-353-423-433-453-523\/"},"modified":"2024-06-25T10:44:22","modified_gmt":"2024-06-25T09:44:22","slug":"power-steering-kit-ihc-ihc-case-353-423-433-453-523","status":"publish","type":"product","link":"https:\/\/oud.sparepartsholland.com\/es\/producto\/power-steering-kit-ihc-ihc-case-353-423-433-453-523\/","title":{"rendered":"Kit de Direcci\u00f3n Asistida para Case IH 353 423 433 453 523"},"content":{"rendered":"<p>El kit de direcci\u00f3n asistida contiene todo lo que necesita. Kit de modificaci\u00f3n de direcci\u00f3n asistida hidromec\u00e1nica para modelos de tractor IHC CASE: 353, 423, 433, 453, 483, 523, 533, 553, 633.<\/p>\n<p>Debe cambiar el soporte y el enlace de arrastre para IH 724, es posible que deba reemplazar el soporte del cilindro y la barra de tiro (barra larga). Puede ser necesario reemplazar algunas piezas si tiene un cargador frontal en el tractor.<\/p>\n","protected":false},"excerpt":{"rendered":"<p>El kit de direcci\u00f3n asistida contiene todo lo que necesita. Kit de modificaci\u00f3n de direcci\u00f3n asistida hidromec\u00e1nica para modelos de tractor IHC CASE: 353, 423, 433, 453, 483, 523, 533, 553, 633.<\/p>\n","protected":false},"featured_media":33575,"template":"","meta":{"inline_featured_image":false},"product_brand":[],"product_cat":[690,694],"product_tag":[],"class_list":{"0":"post-5970","1":"product","2":"type-product","3":"status-publish","4":"has-post-thumbnail","6":"product_cat-kit-de-direccion-asistida","7":"product_cat-case-ihc-es-2","9":"first","10":"instock","11":"taxable","12":"shipping-taxable","13":"purchasable","14":"product-type-simple"},"yoast_head":"<!-- This site is optimized with the Yoast SEO plugin v25.0 - https:\/\/yoast.com\/wordpress\/plugins\/seo\/ -->\n<title>Kit de Direcci\u00f3n Asistida para Case IH 353 423 433 453 523 - Sparepartsholland<\/title>\n<meta name=\"description\" content=\"El kit de direcci\u00f3n asistida contiene todo lo que necesita. Para modelos de tractor IHC CASE: 353, 423, 433, 453, 483, 523, 533, 553, 633.\" \/>\n<meta name=\"robots\" content=\"noindex, follow, max-snippet:-1, max-image-preview:large, max-video-preview:-1\" \/>\n<meta property=\"og:locale\" content=\"es_ES\" \/>\n<meta property=\"og:type\" content=\"article\" \/>\n<meta property=\"og:title\" content=\"Kit de Direcci\u00f3n Asistida para Case IH 353 423 433 453 523 - Sparepartsholland\" \/>\n<meta property=\"og:description\" content=\"El kit de direcci\u00f3n asistida contiene todo lo que necesita. Para modelos de tractor IHC CASE: 353, 423, 433, 453, 483, 523, 533, 553, 633.\" \/>\n<meta property=\"og:url\" content=\"https:\/\/oud.sparepartsholland.com\/producto\/power-steering-kit-ihc-ihc-case-353-423-433-453-523\/\" \/>\n<meta property=\"og:site_name\" content=\"Sparepartsholland\" \/>\n<meta property=\"article:modified_time\" content=\"2024-06-25T09:44:22+00:00\" \/>\n<meta property=\"og:image\" content=\"https:\/\/oud.sparepartsholland.com\/wp-content\/uploads\/2022\/07\/DSCF8844-kopya-scaled-e1698131177475.jpg\" \/>\n\t<meta property=\"og:image:width\" content=\"2560\" \/>\n\t<meta property=\"og:image:height\" content=\"2560\" \/>\n\t<meta property=\"og:image:type\" content=\"image\/jpeg\" \/>\n<meta name=\"twitter:card\" content=\"summary_large_image\" \/>\n<meta name=\"twitter:label1\" content=\"Tiempo de lectura\" \/>\n\t<meta name=\"twitter:data1\" content=\"1 minuto\" \/>\n<script type=\"application\/ld+json\" class=\"yoast-schema-graph\">{\"@context\":\"https:\/\/schema.org\",\"@graph\":[{\"@type\":[\"WebPage\",\"ItemPage\"],\"@id\":\"https:\/\/oud.sparepartsholland.com\/producto\/power-steering-kit-ihc-ihc-case-353-423-433-453-523\/\",\"url\":\"https:\/\/oud.sparepartsholland.com\/producto\/power-steering-kit-ihc-ihc-case-353-423-433-453-523\/\",\"name\":\"Kit de Direcci\u00f3n Asistida para Case IH 353 423 433 453 523 - Sparepartsholland\",\"isPartOf\":{\"@id\":\"https:\/\/oud.sparepartsholland.com\/#website\"},\"primaryImageOfPage\":{\"@id\":\"https:\/\/oud.sparepartsholland.com\/producto\/power-steering-kit-ihc-ihc-case-353-423-433-453-523\/#primaryimage\"},\"image\":{\"@id\":\"https:\/\/oud.sparepartsholland.com\/producto\/power-steering-kit-ihc-ihc-case-353-423-433-453-523\/#primaryimage\"},\"thumbnailUrl\":\"https:\/\/oud.sparepartsholland.com\/wp-content\/uploads\/2022\/07\/DSCF8844-kopya-scaled-e1698131177475.jpg\",\"datePublished\":\"2022-07-28T09:28:15+00:00\",\"dateModified\":\"2024-06-25T09:44:22+00:00\",\"description\":\"El kit de direcci\u00f3n asistida contiene todo lo que necesita. Para modelos de tractor IHC CASE: 353, 423, 433, 453, 483, 523, 533, 553, 633.\",\"breadcrumb\":{\"@id\":\"https:\/\/oud.sparepartsholland.com\/producto\/power-steering-kit-ihc-ihc-case-353-423-433-453-523\/#breadcrumb\"},\"inLanguage\":\"es\",\"potentialAction\":[{\"@type\":\"ReadAction\",\"target\":[\"https:\/\/oud.sparepartsholland.com\/producto\/power-steering-kit-ihc-ihc-case-353-423-433-453-523\/\"]}]},{\"@type\":\"ImageObject\",\"inLanguage\":\"es\",\"@id\":\"https:\/\/oud.sparepartsholland.com\/producto\/power-steering-kit-ihc-ihc-case-353-423-433-453-523\/#primaryimage\",\"url\":\"https:\/\/oud.sparepartsholland.com\/wp-content\/uploads\/2022\/07\/DSCF8844-kopya-scaled-e1698131177475.jpg\",\"contentUrl\":\"https:\/\/oud.sparepartsholland.com\/wp-content\/uploads\/2022\/07\/DSCF8844-kopya-scaled-e1698131177475.jpg\",\"width\":2560,\"height\":2560},{\"@type\":\"BreadcrumbList\",\"@id\":\"https:\/\/oud.sparepartsholland.com\/producto\/power-steering-kit-ihc-ihc-case-353-423-433-453-523\/#breadcrumb\",\"itemListElement\":[{\"@type\":\"ListItem\",\"position\":1,\"name\":\"Home\",\"item\":\"https:\/\/oud.sparepartsholland.com\/es\/\"},{\"@type\":\"ListItem\",\"position\":2,\"name\":\"Comercio\",\"item\":\"https:\/\/oud.sparepartsholland.com\/shop\/\"},{\"@type\":\"ListItem\",\"position\":3,\"name\":\"Kit de Direcci\u00f3n Asistida para Case IH 353 423 433 453 523\"}]},{\"@type\":\"WebSite\",\"@id\":\"https:\/\/oud.sparepartsholland.com\/#website\",\"url\":\"https:\/\/oud.sparepartsholland.com\/\",\"name\":\"Sparepartsholland\",\"description\":\"\",\"publisher\":{\"@id\":\"https:\/\/oud.sparepartsholland.com\/#organization\"},\"potentialAction\":[{\"@type\":\"SearchAction\",\"target\":{\"@type\":\"EntryPoint\",\"urlTemplate\":\"https:\/\/oud.sparepartsholland.com\/?s={search_term_string}\"},\"query-input\":{\"@type\":\"PropertyValueSpecification\",\"valueRequired\":true,\"valueName\":\"search_term_string\"}}],\"inLanguage\":\"es\"},{\"@type\":\"Organization\",\"@id\":\"https:\/\/oud.sparepartsholland.com\/#organization\",\"name\":\"Spare Parts Holland\",\"url\":\"https:\/\/oud.sparepartsholland.com\/\",\"logo\":{\"@type\":\"ImageObject\",\"inLanguage\":\"es\",\"@id\":\"https:\/\/oud.sparepartsholland.com\/#\/schema\/logo\/image\/\",\"url\":\"https:\/\/oud.sparepartsholland.com\/wp-content\/uploads\/2022\/06\/spareparts-1.png\",\"contentUrl\":\"https:\/\/oud.sparepartsholland.com\/wp-content\/uploads\/2022\/06\/spareparts-1.png\",\"width\":824,\"height\":685,\"caption\":\"Spare Parts Holland\"},\"image\":{\"@id\":\"https:\/\/oud.sparepartsholland.com\/#\/schema\/logo\/image\/\"}}]}<\/script>\n<!-- \/ Yoast SEO plugin. -->","yoast_head_json":{"title":"Kit de Direcci\u00f3n Asistida para Case IH 353 423 433 453 523 - Sparepartsholland","description":"El kit de direcci\u00f3n asistida contiene todo lo que necesita. Para modelos de tractor IHC CASE: 353, 423, 433, 453, 483, 523, 533, 553, 633.","robots":{"index":"noindex","follow":"follow","max-snippet":"max-snippet:-1","max-image-preview":"max-image-preview:large","max-video-preview":"max-video-preview:-1"},"og_locale":"es_ES","og_type":"article","og_title":"Kit de Direcci\u00f3n Asistida para Case IH 353 423 433 453 523 - Sparepartsholland","og_description":"El kit de direcci\u00f3n asistida contiene todo lo que necesita. Para modelos de tractor IHC CASE: 353, 423, 433, 453, 483, 523, 533, 553, 633.","og_url":"https:\/\/oud.sparepartsholland.com\/producto\/power-steering-kit-ihc-ihc-case-353-423-433-453-523\/","og_site_name":"Sparepartsholland","article_modified_time":"2024-06-25T09:44:22+00:00","og_image":[{"width":2560,"height":2560,"url":"https:\/\/oud.sparepartsholland.com\/wp-content\/uploads\/2022\/07\/DSCF8844-kopya-scaled-e1698131177475.jpg","type":"image\/jpeg"}],"twitter_card":"summary_large_image","twitter_misc":{"Tiempo de lectura":"1 minuto"},"schema":{"@context":"https:\/\/schema.org","@graph":[{"@type":["WebPage","ItemPage"],"@id":"https:\/\/oud.sparepartsholland.com\/producto\/power-steering-kit-ihc-ihc-case-353-423-433-453-523\/","url":"https:\/\/oud.sparepartsholland.com\/producto\/power-steering-kit-ihc-ihc-case-353-423-433-453-523\/","name":"Kit de Direcci\u00f3n Asistida para Case IH 353 423 433 453 523 - Sparepartsholland","isPartOf":{"@id":"https:\/\/oud.sparepartsholland.com\/#website"},"primaryImageOfPage":{"@id":"https:\/\/oud.sparepartsholland.com\/producto\/power-steering-kit-ihc-ihc-case-353-423-433-453-523\/#primaryimage"},"image":{"@id":"https:\/\/oud.sparepartsholland.com\/producto\/power-steering-kit-ihc-ihc-case-353-423-433-453-523\/#primaryimage"},"thumbnailUrl":"https:\/\/oud.sparepartsholland.com\/wp-content\/uploads\/2022\/07\/DSCF8844-kopya-scaled-e1698131177475.jpg","datePublished":"2022-07-28T09:28:15+00:00","dateModified":"2024-06-25T09:44:22+00:00","description":"El kit de direcci\u00f3n asistida contiene todo lo que necesita. Para modelos de tractor IHC CASE: 353, 423, 433, 453, 483, 523, 533, 553, 633.","breadcrumb":{"@id":"https:\/\/oud.sparepartsholland.com\/producto\/power-steering-kit-ihc-ihc-case-353-423-433-453-523\/#breadcrumb"},"inLanguage":"es","potentialAction":[{"@type":"ReadAction","target":["https:\/\/oud.sparepartsholland.com\/producto\/power-steering-kit-ihc-ihc-case-353-423-433-453-523\/"]}]},{"@type":"ImageObject","inLanguage":"es","@id":"https:\/\/oud.sparepartsholland.com\/producto\/power-steering-kit-ihc-ihc-case-353-423-433-453-523\/#primaryimage","url":"https:\/\/oud.sparepartsholland.com\/wp-content\/uploads\/2022\/07\/DSCF8844-kopya-scaled-e1698131177475.jpg","contentUrl":"https:\/\/oud.sparepartsholland.com\/wp-content\/uploads\/2022\/07\/DSCF8844-kopya-scaled-e1698131177475.jpg","width":2560,"height":2560},{"@type":"BreadcrumbList","@id":"https:\/\/oud.sparepartsholland.com\/producto\/power-steering-kit-ihc-ihc-case-353-423-433-453-523\/#breadcrumb","itemListElement":[{"@type":"ListItem","position":1,"name":"Home","item":"https:\/\/oud.sparepartsholland.com\/es\/"},{"@type":"ListItem","position":2,"name":"Comercio","item":"https:\/\/oud.sparepartsholland.com\/shop\/"},{"@type":"ListItem","position":3,"name":"Kit de Direcci\u00f3n Asistida para Case IH 353 423 433 453 523"}]},{"@type":"WebSite","@id":"https:\/\/oud.sparepartsholland.com\/#website","url":"https:\/\/oud.sparepartsholland.com\/","name":"Sparepartsholland","description":"","publisher":{"@id":"https:\/\/oud.sparepartsholland.com\/#organization"},"potentialAction":[{"@type":"SearchAction","target":{"@type":"EntryPoint","urlTemplate":"https:\/\/oud.sparepartsholland.com\/?s={search_term_string}"},"query-input":{"@type":"PropertyValueSpecification","valueRequired":true,"valueName":"search_term_string"}}],"inLanguage":"es"},{"@type":"Organization","@id":"https:\/\/oud.sparepartsholland.com\/#organization","name":"Spare Parts Holland","url":"https:\/\/oud.sparepartsholland.com\/","logo":{"@type":"ImageObject","inLanguage":"es","@id":"https:\/\/oud.sparepartsholland.com\/#\/schema\/logo\/image\/","url":"https:\/\/oud.sparepartsholland.com\/wp-content\/uploads\/2022\/06\/spareparts-1.png","contentUrl":"https:\/\/oud.sparepartsholland.com\/wp-content\/uploads\/2022\/06\/spareparts-1.png","width":824,"height":685,"caption":"Spare Parts Holland"},"image":{"@id":"https:\/\/oud.sparepartsholland.com\/#\/schema\/logo\/image\/"}}]}},"_links":{"self":[{"href":"https:\/\/oud.sparepartsholland.com\/es\/wp-json\/wp\/v2\/product\/5970","targetHints":{"allow":["GET"]}}],"collection":[{"href":"https:\/\/oud.sparepartsholland.com\/es\/wp-json\/wp\/v2\/product"}],"about":[{"href":"https:\/\/oud.sparepartsholland.com\/es\/wp-json\/wp\/v2\/types\/product"}],"wp:featuredmedia":[{"embeddable":true,"href":"https:\/\/oud.sparepartsholland.com\/es\/wp-json\/wp\/v2\/media\/33575"}],"wp:attachment":[{"href":"https:\/\/oud.sparepartsholland.com\/es\/wp-json\/wp\/v2\/media?parent=5970"}],"wp:term":[{"taxonomy":"product_brand","embeddable":true,"href":"https:\/\/oud.sparepartsholland.com\/es\/wp-json\/wp\/v2\/product_brand?post=5970"},{"taxonomy":"product_cat","embeddable":true,"href":"https:\/\/oud.sparepartsholland.com\/es\/wp-json\/wp\/v2\/product_cat?post=5970"},{"taxonomy":"product_tag","embeddable":true,"href":"https:\/\/oud.sparepartsholland.com\/es\/wp-json\/wp\/v2\/product_tag?post=5970"}],"curies":[{"name":"wp","href":"https:\/\/api.w.org\/{rel}","templated":true}]}}