{"id":5997,"date":"2022-07-28T10:22:54","date_gmt":"2022-07-28T09:22:54","guid":{"rendered":"https:\/\/sparepartsholland.com\/product\/hydraulic-toplink-cat-2-2-620%e2%86%92920mm-300mm-stroke\/"},"modified":"2024-11-20T15:41:59","modified_gmt":"2024-11-20T14:41:59","slug":"hydraulic-toplink-cat-2-2-620%e2%86%92920mm-300mm-stroke","status":"publish","type":"product","link":"https:\/\/oud.sparepartsholland.com\/es\/producto\/hydraulic-toplink-cat-2-2-620%e2%86%92920mm-300mm-stroke\/","title":{"rendered":"Tercer Punto Hidr\u00e1ulico Cat  2 (620 &#8211; 920 mm) con Engache R\u00e1pido, Bloque de Bloqueo y 2 Mangueras"},"content":{"rendered":"<p>Tercer punto hidr\u00e1ulico Cat. 2 con enganche r\u00e1pido, bloque de bloqueo y 2 mangueras.<\/p>\n<p>El tercer punto hidr\u00e1ulico que ofrecemos reemplaza el tercer punto hidr\u00e1ulico existente en el tractor y facilita su trabajo diario. Para ello es necesaria una v\u00e1lvula de control de doble efecto en el tractor: una combinaci\u00f3n imbatible en combinaci\u00f3n con el bloque de bloqueo integrado *.<\/p>\n<p>* Al ajustar el tercer punto hidr\u00e1ulico, es muy importante que la posici\u00f3n ajustada se mantenga incluso despu\u00e9s de un largo per\u00edodo de tiempo. Esto es dif\u00edcilmente posible con los tercer punto hidr\u00e1ulicos sin bloque de bloqueo, ya que las unidades de control del tractor no se bloquean con tanta fuerza. Por lo tanto, este tercer punto hidr\u00e1ulico est\u00e1 equipado con un bloque de bloqueo. Con esta v\u00e1lvula, el aceite est\u00e1 encerrado en el cilindro por una v\u00e1lvula de retenci\u00f3n. Solo cuando vuelve a haber presi\u00f3n de aceite en el tractor, se abre la v\u00e1lvula y se puede ajustar el cilindro.<\/p>\n<ul>\n<li>Alta calidad y acabado y pintado de negro<\/li>\n<li>Incluido. bloque de bloqueo<\/li>\n<li>Tercer punto hidr\u00e1ulico Cat. 2<\/li>\n<li>2 conexiones hidr\u00e1ulicas<\/li>\n<li>La entrega est\u00e1 completamente ensamblada<\/li>\n<\/ul>\n<p>Especificaciones t\u00e9cnicas:<\/p>\n<ul>\n<li>Conexi\u00f3n hidr\u00e1ulica: 3\/8&#8243;<\/li>\n<li>E: 620-920mm<\/li>\n<li>A: 63mm<\/li>\n<li>W: 75mm<\/li>\n<li>C: 35mm<\/li>\n<li>M: 75mm<\/li>\n<li>L: 25.4mm<\/li>\n<li>N: 51mm<\/li>\n<li>F: 65mm<\/li>\n<li>D: 300 mm (carrera)<\/li>\n<li>Presi\u00f3n hidr\u00e1ulica m\u00e1x. 200 bares<\/li>\n<li>Empuje: 6850 kg<\/li>\n<li>Fuerza de tracci\u00f3n: 3950 kg<\/li>\n<li>Peso: alrededor de 16 kg.<\/li>\n<\/ul>\n<p>2 mangueras hidr\u00e1ulicas con acoplamiento r\u00e1pido de 1\/2&#8243; y tapa antipolvo<\/p>\n<ul>\n<li>Conexi\u00f3n: 12-L mamparo tama\u00f1o 3 (conector de acoplamiento com\u00fan), boquilla 18-1.5 SW22 + uni\u00f3n<\/li>\n<li>Denominaci\u00f3n de la manguera Blue Flex SAE 100 3\/8 R2AT DIN EN 853 2SN DN10 W.P.330<\/li>\n<li>Presi\u00f3n de trabajo: 180 bar<\/li>\n<li>Longitud: 75cm<\/li>\n<\/ul>\n","protected":false},"excerpt":{"rendered":"<ul>\n<li>Alta calidad y acabado y pintado de negro<\/li>\n<li>Incluido. bloque de bloqueo<\/li>\n<li>Tercer punto hidr\u00e1ulico Cat. 2<\/li>\n<li>2 conexiones hidr\u00e1ulicas<\/li>\n<li>La entrega est\u00e1 completamente ensamblada<\/li>\n<\/ul>\n","protected":false},"featured_media":28823,"template":"","meta":{"inline_featured_image":false},"product_brand":[],"product_cat":[674,678],"product_tag":[],"class_list":{"0":"post-5997","1":"product","2":"type-product","3":"status-publish","4":"has-post-thumbnail","6":"product_cat-tercer-punto-hidraulico","7":"product_cat-engache-cat-2","9":"first","10":"instock","11":"taxable","12":"shipping-taxable","13":"purchasable","14":"product-type-simple"},"yoast_head":"<!-- This site is optimized with the Yoast SEO plugin v25.0 - https:\/\/yoast.com\/wordpress\/plugins\/seo\/ -->\n<title>Tercer Punto Hidr\u00e1ulico Cat 2 (620 - 920 mm) con Engache R\u00e1pido, Bloque de Bloqueo y 2 Mangueras - Sparepartsholland<\/title>\n<meta name=\"description\" content=\"El tercer punto hidr\u00e1ulico que ofrecemos reemplaza el enlace superior existente en el tractor y facilita su trabajo diario.\" \/>\n<meta name=\"robots\" content=\"noindex, follow, max-snippet:-1, max-image-preview:large, max-video-preview:-1\" \/>\n<meta property=\"og:locale\" content=\"es_ES\" \/>\n<meta property=\"og:type\" content=\"article\" \/>\n<meta property=\"og:title\" content=\"Tercer Punto Hidr\u00e1ulico Cat 2 (620 - 920 mm) con Engache R\u00e1pido, Bloque de Bloqueo y 2 Mangueras - Sparepartsholland\" \/>\n<meta property=\"og:description\" content=\"El tercer punto hidr\u00e1ulico que ofrecemos reemplaza el enlace superior existente en el tractor y facilita su trabajo diario.\" \/>\n<meta property=\"og:url\" content=\"https:\/\/oud.sparepartsholland.com\/producto\/hydraulic-toplink-cat-2-2-catch-hook-24-13-32\/\" \/>\n<meta property=\"og:site_name\" content=\"Sparepartsholland\" \/>\n<meta property=\"article:modified_time\" content=\"2024-11-20T14:41:59+00:00\" \/>\n<meta property=\"og:image\" content=\"https:\/\/oud.sparepartsholland.com\/wp-content\/uploads\/2022\/07\/2-7-scaled.jpg\" \/>\n\t<meta property=\"og:image:width\" content=\"2560\" \/>\n\t<meta property=\"og:image:height\" content=\"2560\" \/>\n\t<meta property=\"og:image:type\" content=\"image\/jpeg\" \/>\n<meta name=\"twitter:card\" content=\"summary_large_image\" \/>\n<meta name=\"twitter:label1\" content=\"Tiempo de lectura\" \/>\n\t<meta name=\"twitter:data1\" content=\"2 minutos\" \/>\n<script type=\"application\/ld+json\" class=\"yoast-schema-graph\">{\"@context\":\"https:\/\/schema.org\",\"@graph\":[{\"@type\":[\"WebPage\",\"ItemPage\"],\"@id\":\"https:\/\/oud.sparepartsholland.com\/producto\/hydraulic-toplink-cat-2-2-catch-hook-24-13-32\/\",\"url\":\"https:\/\/oud.sparepartsholland.com\/producto\/hydraulic-toplink-cat-2-2-catch-hook-24-13-32\/\",\"name\":\"Tercer Punto Hidr\u00e1ulico Cat 2 (620 - 920 mm) con Engache R\u00e1pido, Bloque de Bloqueo y 2 Mangueras - Sparepartsholland\",\"isPartOf\":{\"@id\":\"https:\/\/oud.sparepartsholland.com\/#website\"},\"primaryImageOfPage\":{\"@id\":\"https:\/\/oud.sparepartsholland.com\/producto\/hydraulic-toplink-cat-2-2-catch-hook-24-13-32\/#primaryimage\"},\"image\":{\"@id\":\"https:\/\/oud.sparepartsholland.com\/producto\/hydraulic-toplink-cat-2-2-catch-hook-24-13-32\/#primaryimage\"},\"thumbnailUrl\":\"https:\/\/oud.sparepartsholland.com\/wp-content\/uploads\/2022\/07\/2-7-scaled.jpg\",\"datePublished\":\"2022-07-28T09:22:54+00:00\",\"dateModified\":\"2024-11-20T14:41:59+00:00\",\"description\":\"El tercer punto hidr\u00e1ulico que ofrecemos reemplaza el enlace superior existente en el tractor y facilita su trabajo diario.\",\"breadcrumb\":{\"@id\":\"https:\/\/oud.sparepartsholland.com\/producto\/hydraulic-toplink-cat-2-2-catch-hook-24-13-32\/#breadcrumb\"},\"inLanguage\":\"es\",\"potentialAction\":[{\"@type\":\"ReadAction\",\"target\":[\"https:\/\/oud.sparepartsholland.com\/producto\/hydraulic-toplink-cat-2-2-catch-hook-24-13-32\/\"]}]},{\"@type\":\"ImageObject\",\"inLanguage\":\"es\",\"@id\":\"https:\/\/oud.sparepartsholland.com\/producto\/hydraulic-toplink-cat-2-2-catch-hook-24-13-32\/#primaryimage\",\"url\":\"https:\/\/oud.sparepartsholland.com\/wp-content\/uploads\/2022\/07\/2-7-scaled.jpg\",\"contentUrl\":\"https:\/\/oud.sparepartsholland.com\/wp-content\/uploads\/2022\/07\/2-7-scaled.jpg\",\"width\":2560,\"height\":2560},{\"@type\":\"BreadcrumbList\",\"@id\":\"https:\/\/oud.sparepartsholland.com\/producto\/hydraulic-toplink-cat-2-2-catch-hook-24-13-32\/#breadcrumb\",\"itemListElement\":[{\"@type\":\"ListItem\",\"position\":1,\"name\":\"Home\",\"item\":\"https:\/\/oud.sparepartsholland.com\/es\/\"},{\"@type\":\"ListItem\",\"position\":2,\"name\":\"Comercio\",\"item\":\"https:\/\/oud.sparepartsholland.com\/shop\/\"},{\"@type\":\"ListItem\",\"position\":3,\"name\":\"Tercer Punto Hidr\u00e1ulico Cat 2 (620 &#8211; 920 mm) con Engache R\u00e1pido, Bloque de Bloqueo y 2 Mangueras\"}]},{\"@type\":\"WebSite\",\"@id\":\"https:\/\/oud.sparepartsholland.com\/#website\",\"url\":\"https:\/\/oud.sparepartsholland.com\/\",\"name\":\"Sparepartsholland\",\"description\":\"\",\"publisher\":{\"@id\":\"https:\/\/oud.sparepartsholland.com\/#organization\"},\"potentialAction\":[{\"@type\":\"SearchAction\",\"target\":{\"@type\":\"EntryPoint\",\"urlTemplate\":\"https:\/\/oud.sparepartsholland.com\/?s={search_term_string}\"},\"query-input\":{\"@type\":\"PropertyValueSpecification\",\"valueRequired\":true,\"valueName\":\"search_term_string\"}}],\"inLanguage\":\"es\"},{\"@type\":\"Organization\",\"@id\":\"https:\/\/oud.sparepartsholland.com\/#organization\",\"name\":\"Spare Parts Holland\",\"url\":\"https:\/\/oud.sparepartsholland.com\/\",\"logo\":{\"@type\":\"ImageObject\",\"inLanguage\":\"es\",\"@id\":\"https:\/\/oud.sparepartsholland.com\/#\/schema\/logo\/image\/\",\"url\":\"https:\/\/oud.sparepartsholland.com\/wp-content\/uploads\/2022\/06\/spareparts-1.png\",\"contentUrl\":\"https:\/\/oud.sparepartsholland.com\/wp-content\/uploads\/2022\/06\/spareparts-1.png\",\"width\":824,\"height\":685,\"caption\":\"Spare Parts Holland\"},\"image\":{\"@id\":\"https:\/\/oud.sparepartsholland.com\/#\/schema\/logo\/image\/\"}}]}<\/script>\n<!-- \/ Yoast SEO plugin. -->","yoast_head_json":{"title":"Tercer Punto Hidr\u00e1ulico Cat 2 (620 - 920 mm) con Engache R\u00e1pido, Bloque de Bloqueo y 2 Mangueras - Sparepartsholland","description":"El tercer punto hidr\u00e1ulico que ofrecemos reemplaza el enlace superior existente en el tractor y facilita su trabajo diario.","robots":{"index":"noindex","follow":"follow","max-snippet":"max-snippet:-1","max-image-preview":"max-image-preview:large","max-video-preview":"max-video-preview:-1"},"og_locale":"es_ES","og_type":"article","og_title":"Tercer Punto Hidr\u00e1ulico Cat 2 (620 - 920 mm) con Engache R\u00e1pido, Bloque de Bloqueo y 2 Mangueras - Sparepartsholland","og_description":"El tercer punto hidr\u00e1ulico que ofrecemos reemplaza el enlace superior existente en el tractor y facilita su trabajo diario.","og_url":"https:\/\/oud.sparepartsholland.com\/producto\/hydraulic-toplink-cat-2-2-catch-hook-24-13-32\/","og_site_name":"Sparepartsholland","article_modified_time":"2024-11-20T14:41:59+00:00","og_image":[{"width":2560,"height":2560,"url":"https:\/\/oud.sparepartsholland.com\/wp-content\/uploads\/2022\/07\/2-7-scaled.jpg","type":"image\/jpeg"}],"twitter_card":"summary_large_image","twitter_misc":{"Tiempo de lectura":"2 minutos"},"schema":{"@context":"https:\/\/schema.org","@graph":[{"@type":["WebPage","ItemPage"],"@id":"https:\/\/oud.sparepartsholland.com\/producto\/hydraulic-toplink-cat-2-2-catch-hook-24-13-32\/","url":"https:\/\/oud.sparepartsholland.com\/producto\/hydraulic-toplink-cat-2-2-catch-hook-24-13-32\/","name":"Tercer Punto Hidr\u00e1ulico Cat 2 (620 - 920 mm) con Engache R\u00e1pido, Bloque de Bloqueo y 2 Mangueras - Sparepartsholland","isPartOf":{"@id":"https:\/\/oud.sparepartsholland.com\/#website"},"primaryImageOfPage":{"@id":"https:\/\/oud.sparepartsholland.com\/producto\/hydraulic-toplink-cat-2-2-catch-hook-24-13-32\/#primaryimage"},"image":{"@id":"https:\/\/oud.sparepartsholland.com\/producto\/hydraulic-toplink-cat-2-2-catch-hook-24-13-32\/#primaryimage"},"thumbnailUrl":"https:\/\/oud.sparepartsholland.com\/wp-content\/uploads\/2022\/07\/2-7-scaled.jpg","datePublished":"2022-07-28T09:22:54+00:00","dateModified":"2024-11-20T14:41:59+00:00","description":"El tercer punto hidr\u00e1ulico que ofrecemos reemplaza el enlace superior existente en el tractor y facilita su trabajo diario.","breadcrumb":{"@id":"https:\/\/oud.sparepartsholland.com\/producto\/hydraulic-toplink-cat-2-2-catch-hook-24-13-32\/#breadcrumb"},"inLanguage":"es","potentialAction":[{"@type":"ReadAction","target":["https:\/\/oud.sparepartsholland.com\/producto\/hydraulic-toplink-cat-2-2-catch-hook-24-13-32\/"]}]},{"@type":"ImageObject","inLanguage":"es","@id":"https:\/\/oud.sparepartsholland.com\/producto\/hydraulic-toplink-cat-2-2-catch-hook-24-13-32\/#primaryimage","url":"https:\/\/oud.sparepartsholland.com\/wp-content\/uploads\/2022\/07\/2-7-scaled.jpg","contentUrl":"https:\/\/oud.sparepartsholland.com\/wp-content\/uploads\/2022\/07\/2-7-scaled.jpg","width":2560,"height":2560},{"@type":"BreadcrumbList","@id":"https:\/\/oud.sparepartsholland.com\/producto\/hydraulic-toplink-cat-2-2-catch-hook-24-13-32\/#breadcrumb","itemListElement":[{"@type":"ListItem","position":1,"name":"Home","item":"https:\/\/oud.sparepartsholland.com\/es\/"},{"@type":"ListItem","position":2,"name":"Comercio","item":"https:\/\/oud.sparepartsholland.com\/shop\/"},{"@type":"ListItem","position":3,"name":"Tercer Punto Hidr\u00e1ulico Cat 2 (620 &#8211; 920 mm) con Engache R\u00e1pido, Bloque de Bloqueo y 2 Mangueras"}]},{"@type":"WebSite","@id":"https:\/\/oud.sparepartsholland.com\/#website","url":"https:\/\/oud.sparepartsholland.com\/","name":"Sparepartsholland","description":"","publisher":{"@id":"https:\/\/oud.sparepartsholland.com\/#organization"},"potentialAction":[{"@type":"SearchAction","target":{"@type":"EntryPoint","urlTemplate":"https:\/\/oud.sparepartsholland.com\/?s={search_term_string}"},"query-input":{"@type":"PropertyValueSpecification","valueRequired":true,"valueName":"search_term_string"}}],"inLanguage":"es"},{"@type":"Organization","@id":"https:\/\/oud.sparepartsholland.com\/#organization","name":"Spare Parts Holland","url":"https:\/\/oud.sparepartsholland.com\/","logo":{"@type":"ImageObject","inLanguage":"es","@id":"https:\/\/oud.sparepartsholland.com\/#\/schema\/logo\/image\/","url":"https:\/\/oud.sparepartsholland.com\/wp-content\/uploads\/2022\/06\/spareparts-1.png","contentUrl":"https:\/\/oud.sparepartsholland.com\/wp-content\/uploads\/2022\/06\/spareparts-1.png","width":824,"height":685,"caption":"Spare Parts Holland"},"image":{"@id":"https:\/\/oud.sparepartsholland.com\/#\/schema\/logo\/image\/"}}]}},"_links":{"self":[{"href":"https:\/\/oud.sparepartsholland.com\/es\/wp-json\/wp\/v2\/product\/5997","targetHints":{"allow":["GET"]}}],"collection":[{"href":"https:\/\/oud.sparepartsholland.com\/es\/wp-json\/wp\/v2\/product"}],"about":[{"href":"https:\/\/oud.sparepartsholland.com\/es\/wp-json\/wp\/v2\/types\/product"}],"wp:featuredmedia":[{"embeddable":true,"href":"https:\/\/oud.sparepartsholland.com\/es\/wp-json\/wp\/v2\/media\/28823"}],"wp:attachment":[{"href":"https:\/\/oud.sparepartsholland.com\/es\/wp-json\/wp\/v2\/media?parent=5997"}],"wp:term":[{"taxonomy":"product_brand","embeddable":true,"href":"https:\/\/oud.sparepartsholland.com\/es\/wp-json\/wp\/v2\/product_brand?post=5997"},{"taxonomy":"product_cat","embeddable":true,"href":"https:\/\/oud.sparepartsholland.com\/es\/wp-json\/wp\/v2\/product_cat?post=5997"},{"taxonomy":"product_tag","embeddable":true,"href":"https:\/\/oud.sparepartsholland.com\/es\/wp-json\/wp\/v2\/product_tag?post=5997"}],"curies":[{"name":"wp","href":"https:\/\/api.w.org\/{rel}","templated":true}]}}