{"id":6114,"date":"2022-07-28T10:10:23","date_gmt":"2022-07-28T09:10:23","guid":{"rendered":"https:\/\/sparepartsholland.com\/product\/hydraulic-toplink-cat-1-1505%e2%86%92715mm-210mm-stroke\/"},"modified":"2023-08-23T16:17:36","modified_gmt":"2023-08-23T15:17:36","slug":"hydraulic-toplink-cat-1-1505%e2%86%92715mm-210mm-stroke","status":"publish","type":"product","link":"https:\/\/oud.sparepartsholland.com\/es\/producto\/hydraulic-toplink-cat-1-1505%e2%86%92715mm-210mm-stroke\/","title":{"rendered":"Tercer Punto Hidr\u00e1ulico Cat 1-1 (505 &#8211; 715 mm) con Engache R\u00e1pido, Bloque de Bloqueo y 2 Mangueras"},"content":{"rendered":"<p>El tercer punto hidr\u00e1ulico que ofrecemos reemplaza el tercer punto hidr\u00e1ulico existente en el tractor y facilita su trabajo diario. Esto requiere una v\u00e1lvula de control de doble efecto en el tractor, una combinaci\u00f3n imbatible en combinaci\u00f3n con el bloque de bloqueo integrado *.<\/p>\n<p>* Al ajustar el tercer punto hidr\u00e1ulico v\u00e1lvula, es muy importante que la posici\u00f3n ajustada se mantenga incluso despu\u00e9s de un largo per\u00edodo de tiempo. Esto es dif\u00edcilmente posible con acoplamientos superiores sin bloque de bloqueo, porque las unidades de control del tractor no se bloquean con tanta fuerza. Por lo tanto, este tercer punto hidr\u00e1ulico v\u00e1lvula est\u00e1 equipado con un bloque de bloqueo. Con esta v\u00e1lvula, el aceite del cilindro est\u00e1 encerrado por una v\u00e1lvula de retenci\u00f3n. Solo cuando la presi\u00f3n de aceite regresa del tractor, la v\u00e1lvula se abre y el cilindro se puede ajustar.<\/p>\n<ul>\n<li>Excelente calidad y acabado y pintado de negro<\/li>\n<li>Incluido bloque de bloqueo<\/li>\n<li>2 conexiones hidr\u00e1ulicas<\/li>\n<li>La entrega est\u00e1 completamente ensamblada<\/li>\n<\/ul>\n<div>\n<p>Especificaciones t\u00e9cnicas:<\/p>\n<\/div>\n<ul>\n<li>Conexi\u00f3n hidr\u00e1ulica: 3\/8&#8243;<\/li>\n<li>E: 505-715 mm<\/li>\n<li>A: 50mm<\/li>\n<li>A: 60 mm<\/li>\n<li>C: 30mm<\/li>\n<li>M: 62 mm<\/li>\n<li>L: 19,2 mm<\/li>\n<li>N: 44 mm<\/li>\n<li>F: 62 mm<\/li>\n<li>D: 210 mm (carrera)<\/li>\n<li>Presi\u00f3n hidr\u00e1ulica m\u00e1x.: 200 bares<\/li>\n<li>Empuje: 3500 kg<\/li>\n<li>Fuerza de tracci\u00f3n: 2300 kg<\/li>\n<li>Peso alrededor de 11,20 kg.<\/li>\n<\/ul>\n<div>\n<p>2 mangueras hidr\u00e1ulicas con tap\u00f3n y cubierta antipolvo<\/p>\n<ul>\n<li>Conexi\u00f3n: 12-L mampara talla 3 (conector de acoplamiento habitual), racor 18-1,5 SW22 + racor<\/li>\n<li>Denominaci\u00f3n de la manguera Blue Flex SAE 100 3\/8 R2AT DIN EN 853 2SN DN10 W.P.330<\/li>\n<li>Presi\u00f3n de funcionamiento: 330 bar<\/li>\n<li>Longitud: 75cm<\/li>\n<\/ul>\n<\/div>\n","protected":false},"excerpt":{"rendered":"<ul>\n<li>Excelente calidad y acabado y pintado de negro<\/li>\n<li>Incluido bloque de bloqueo<\/li>\n<li>2 conexiones hidr\u00e1ulicas<\/li>\n<li>La entrega est\u00e1 completamente ensamblada<\/li>\n<\/ul>\n","protected":false},"featured_media":28763,"template":"","meta":{"inline_featured_image":false},"product_brand":[],"product_cat":[674,677],"product_tag":[],"class_list":{"0":"post-6114","1":"product","2":"type-product","3":"status-publish","4":"has-post-thumbnail","6":"product_cat-tercer-punto-hidraulico","7":"product_cat-engache-rapido-cat-1","9":"first","10":"instock","11":"taxable","12":"shipping-taxable","13":"purchasable","14":"product-type-simple"},"yoast_head":"<!-- This site is optimized with the Yoast SEO plugin v25.0 - https:\/\/yoast.com\/wordpress\/plugins\/seo\/ -->\n<title>Tercer Punto Hidr\u00e1ulico Cat 1-1 (505 - 715 mm) con Engache R\u00e1pido, Bloque de Bloqueo y 2 Mangueras - Sparepartsholland<\/title>\n<meta name=\"description\" content=\"El tercer punto hidr\u00e1ulico que ofrecemos reemplaza el tercer punto hidr\u00e1ulico existente en el tractor y facilita su trabajo diario.\" \/>\n<meta name=\"robots\" content=\"noindex, follow, max-snippet:-1, max-image-preview:large, max-video-preview:-1\" \/>\n<meta property=\"og:locale\" content=\"es_ES\" \/>\n<meta property=\"og:type\" content=\"article\" \/>\n<meta property=\"og:title\" content=\"Tercer Punto Hidr\u00e1ulico Cat 1-1 (505 - 715 mm) con Engache R\u00e1pido, Bloque de Bloqueo y 2 Mangueras - Sparepartsholland\" \/>\n<meta property=\"og:description\" content=\"El tercer punto hidr\u00e1ulico que ofrecemos reemplaza el tercer punto hidr\u00e1ulico existente en el tractor y facilita su trabajo diario.\" \/>\n<meta property=\"og:url\" content=\"https:\/\/oud.sparepartsholland.com\/producto\/hydraulic-toplink-cat-1-1505\u2192715mm-210mm-stroke\/\" \/>\n<meta property=\"og:site_name\" content=\"Sparepartsholland\" \/>\n<meta property=\"article:modified_time\" content=\"2023-08-23T15:17:36+00:00\" \/>\n<meta property=\"og:image\" content=\"https:\/\/oud.sparepartsholland.com\/wp-content\/uploads\/2022\/07\/1-5-scaled.jpg\" \/>\n\t<meta property=\"og:image:width\" content=\"2560\" \/>\n\t<meta property=\"og:image:height\" content=\"2560\" \/>\n\t<meta property=\"og:image:type\" content=\"image\/jpeg\" \/>\n<meta name=\"twitter:card\" content=\"summary_large_image\" \/>\n<meta name=\"twitter:label1\" content=\"Tiempo de lectura\" \/>\n\t<meta name=\"twitter:data1\" content=\"2 minutos\" \/>\n<script type=\"application\/ld+json\" class=\"yoast-schema-graph\">{\"@context\":\"https:\/\/schema.org\",\"@graph\":[{\"@type\":[\"WebPage\",\"ItemPage\"],\"@id\":\"https:\/\/oud.sparepartsholland.com\/producto\/hydraulic-toplink-cat-1-1505%e2%86%92715mm-210mm-stroke\/\",\"url\":\"https:\/\/oud.sparepartsholland.com\/producto\/hydraulic-toplink-cat-1-1505%e2%86%92715mm-210mm-stroke\/\",\"name\":\"Tercer Punto Hidr\u00e1ulico Cat 1-1 (505 - 715 mm) con Engache R\u00e1pido, Bloque de Bloqueo y 2 Mangueras - Sparepartsholland\",\"isPartOf\":{\"@id\":\"https:\/\/oud.sparepartsholland.com\/#website\"},\"primaryImageOfPage\":{\"@id\":\"https:\/\/oud.sparepartsholland.com\/producto\/hydraulic-toplink-cat-1-1505%e2%86%92715mm-210mm-stroke\/#primaryimage\"},\"image\":{\"@id\":\"https:\/\/oud.sparepartsholland.com\/producto\/hydraulic-toplink-cat-1-1505%e2%86%92715mm-210mm-stroke\/#primaryimage\"},\"thumbnailUrl\":\"https:\/\/oud.sparepartsholland.com\/wp-content\/uploads\/2022\/07\/1-5-scaled.jpg\",\"datePublished\":\"2022-07-28T09:10:23+00:00\",\"dateModified\":\"2023-08-23T15:17:36+00:00\",\"description\":\"El tercer punto hidr\u00e1ulico que ofrecemos reemplaza el tercer punto hidr\u00e1ulico existente en el tractor y facilita su trabajo diario.\",\"breadcrumb\":{\"@id\":\"https:\/\/oud.sparepartsholland.com\/producto\/hydraulic-toplink-cat-1-1505%e2%86%92715mm-210mm-stroke\/#breadcrumb\"},\"inLanguage\":\"es\",\"potentialAction\":[{\"@type\":\"ReadAction\",\"target\":[\"https:\/\/oud.sparepartsholland.com\/producto\/hydraulic-toplink-cat-1-1505%e2%86%92715mm-210mm-stroke\/\"]}]},{\"@type\":\"ImageObject\",\"inLanguage\":\"es\",\"@id\":\"https:\/\/oud.sparepartsholland.com\/producto\/hydraulic-toplink-cat-1-1505%e2%86%92715mm-210mm-stroke\/#primaryimage\",\"url\":\"https:\/\/oud.sparepartsholland.com\/wp-content\/uploads\/2022\/07\/1-5-scaled.jpg\",\"contentUrl\":\"https:\/\/oud.sparepartsholland.com\/wp-content\/uploads\/2022\/07\/1-5-scaled.jpg\",\"width\":2560,\"height\":2560},{\"@type\":\"BreadcrumbList\",\"@id\":\"https:\/\/oud.sparepartsholland.com\/producto\/hydraulic-toplink-cat-1-1505%e2%86%92715mm-210mm-stroke\/#breadcrumb\",\"itemListElement\":[{\"@type\":\"ListItem\",\"position\":1,\"name\":\"Home\",\"item\":\"https:\/\/oud.sparepartsholland.com\/es\/\"},{\"@type\":\"ListItem\",\"position\":2,\"name\":\"Comercio\",\"item\":\"https:\/\/oud.sparepartsholland.com\/shop\/\"},{\"@type\":\"ListItem\",\"position\":3,\"name\":\"Tercer Punto Hidr\u00e1ulico Cat 1-1 (505 &#8211; 715 mm) con Engache R\u00e1pido, Bloque de Bloqueo y 2 Mangueras\"}]},{\"@type\":\"WebSite\",\"@id\":\"https:\/\/oud.sparepartsholland.com\/#website\",\"url\":\"https:\/\/oud.sparepartsholland.com\/\",\"name\":\"Sparepartsholland\",\"description\":\"\",\"publisher\":{\"@id\":\"https:\/\/oud.sparepartsholland.com\/#organization\"},\"potentialAction\":[{\"@type\":\"SearchAction\",\"target\":{\"@type\":\"EntryPoint\",\"urlTemplate\":\"https:\/\/oud.sparepartsholland.com\/?s={search_term_string}\"},\"query-input\":{\"@type\":\"PropertyValueSpecification\",\"valueRequired\":true,\"valueName\":\"search_term_string\"}}],\"inLanguage\":\"es\"},{\"@type\":\"Organization\",\"@id\":\"https:\/\/oud.sparepartsholland.com\/#organization\",\"name\":\"Spare Parts Holland\",\"url\":\"https:\/\/oud.sparepartsholland.com\/\",\"logo\":{\"@type\":\"ImageObject\",\"inLanguage\":\"es\",\"@id\":\"https:\/\/oud.sparepartsholland.com\/#\/schema\/logo\/image\/\",\"url\":\"https:\/\/oud.sparepartsholland.com\/wp-content\/uploads\/2022\/06\/spareparts-1.png\",\"contentUrl\":\"https:\/\/oud.sparepartsholland.com\/wp-content\/uploads\/2022\/06\/spareparts-1.png\",\"width\":824,\"height\":685,\"caption\":\"Spare Parts Holland\"},\"image\":{\"@id\":\"https:\/\/oud.sparepartsholland.com\/#\/schema\/logo\/image\/\"}}]}<\/script>\n<!-- \/ Yoast SEO plugin. -->","yoast_head_json":{"title":"Tercer Punto Hidr\u00e1ulico Cat 1-1 (505 - 715 mm) con Engache R\u00e1pido, Bloque de Bloqueo y 2 Mangueras - Sparepartsholland","description":"El tercer punto hidr\u00e1ulico que ofrecemos reemplaza el tercer punto hidr\u00e1ulico existente en el tractor y facilita su trabajo diario.","robots":{"index":"noindex","follow":"follow","max-snippet":"max-snippet:-1","max-image-preview":"max-image-preview:large","max-video-preview":"max-video-preview:-1"},"og_locale":"es_ES","og_type":"article","og_title":"Tercer Punto Hidr\u00e1ulico Cat 1-1 (505 - 715 mm) con Engache R\u00e1pido, Bloque de Bloqueo y 2 Mangueras - Sparepartsholland","og_description":"El tercer punto hidr\u00e1ulico que ofrecemos reemplaza el tercer punto hidr\u00e1ulico existente en el tractor y facilita su trabajo diario.","og_url":"https:\/\/oud.sparepartsholland.com\/producto\/hydraulic-toplink-cat-1-1505\u2192715mm-210mm-stroke\/","og_site_name":"Sparepartsholland","article_modified_time":"2023-08-23T15:17:36+00:00","og_image":[{"width":2560,"height":2560,"url":"https:\/\/oud.sparepartsholland.com\/wp-content\/uploads\/2022\/07\/1-5-scaled.jpg","type":"image\/jpeg"}],"twitter_card":"summary_large_image","twitter_misc":{"Tiempo de lectura":"2 minutos"},"schema":{"@context":"https:\/\/schema.org","@graph":[{"@type":["WebPage","ItemPage"],"@id":"https:\/\/oud.sparepartsholland.com\/producto\/hydraulic-toplink-cat-1-1505%e2%86%92715mm-210mm-stroke\/","url":"https:\/\/oud.sparepartsholland.com\/producto\/hydraulic-toplink-cat-1-1505%e2%86%92715mm-210mm-stroke\/","name":"Tercer Punto Hidr\u00e1ulico Cat 1-1 (505 - 715 mm) con Engache R\u00e1pido, Bloque de Bloqueo y 2 Mangueras - Sparepartsholland","isPartOf":{"@id":"https:\/\/oud.sparepartsholland.com\/#website"},"primaryImageOfPage":{"@id":"https:\/\/oud.sparepartsholland.com\/producto\/hydraulic-toplink-cat-1-1505%e2%86%92715mm-210mm-stroke\/#primaryimage"},"image":{"@id":"https:\/\/oud.sparepartsholland.com\/producto\/hydraulic-toplink-cat-1-1505%e2%86%92715mm-210mm-stroke\/#primaryimage"},"thumbnailUrl":"https:\/\/oud.sparepartsholland.com\/wp-content\/uploads\/2022\/07\/1-5-scaled.jpg","datePublished":"2022-07-28T09:10:23+00:00","dateModified":"2023-08-23T15:17:36+00:00","description":"El tercer punto hidr\u00e1ulico que ofrecemos reemplaza el tercer punto hidr\u00e1ulico existente en el tractor y facilita su trabajo diario.","breadcrumb":{"@id":"https:\/\/oud.sparepartsholland.com\/producto\/hydraulic-toplink-cat-1-1505%e2%86%92715mm-210mm-stroke\/#breadcrumb"},"inLanguage":"es","potentialAction":[{"@type":"ReadAction","target":["https:\/\/oud.sparepartsholland.com\/producto\/hydraulic-toplink-cat-1-1505%e2%86%92715mm-210mm-stroke\/"]}]},{"@type":"ImageObject","inLanguage":"es","@id":"https:\/\/oud.sparepartsholland.com\/producto\/hydraulic-toplink-cat-1-1505%e2%86%92715mm-210mm-stroke\/#primaryimage","url":"https:\/\/oud.sparepartsholland.com\/wp-content\/uploads\/2022\/07\/1-5-scaled.jpg","contentUrl":"https:\/\/oud.sparepartsholland.com\/wp-content\/uploads\/2022\/07\/1-5-scaled.jpg","width":2560,"height":2560},{"@type":"BreadcrumbList","@id":"https:\/\/oud.sparepartsholland.com\/producto\/hydraulic-toplink-cat-1-1505%e2%86%92715mm-210mm-stroke\/#breadcrumb","itemListElement":[{"@type":"ListItem","position":1,"name":"Home","item":"https:\/\/oud.sparepartsholland.com\/es\/"},{"@type":"ListItem","position":2,"name":"Comercio","item":"https:\/\/oud.sparepartsholland.com\/shop\/"},{"@type":"ListItem","position":3,"name":"Tercer Punto Hidr\u00e1ulico Cat 1-1 (505 &#8211; 715 mm) con Engache R\u00e1pido, Bloque de Bloqueo y 2 Mangueras"}]},{"@type":"WebSite","@id":"https:\/\/oud.sparepartsholland.com\/#website","url":"https:\/\/oud.sparepartsholland.com\/","name":"Sparepartsholland","description":"","publisher":{"@id":"https:\/\/oud.sparepartsholland.com\/#organization"},"potentialAction":[{"@type":"SearchAction","target":{"@type":"EntryPoint","urlTemplate":"https:\/\/oud.sparepartsholland.com\/?s={search_term_string}"},"query-input":{"@type":"PropertyValueSpecification","valueRequired":true,"valueName":"search_term_string"}}],"inLanguage":"es"},{"@type":"Organization","@id":"https:\/\/oud.sparepartsholland.com\/#organization","name":"Spare Parts Holland","url":"https:\/\/oud.sparepartsholland.com\/","logo":{"@type":"ImageObject","inLanguage":"es","@id":"https:\/\/oud.sparepartsholland.com\/#\/schema\/logo\/image\/","url":"https:\/\/oud.sparepartsholland.com\/wp-content\/uploads\/2022\/06\/spareparts-1.png","contentUrl":"https:\/\/oud.sparepartsholland.com\/wp-content\/uploads\/2022\/06\/spareparts-1.png","width":824,"height":685,"caption":"Spare Parts Holland"},"image":{"@id":"https:\/\/oud.sparepartsholland.com\/#\/schema\/logo\/image\/"}}]}},"_links":{"self":[{"href":"https:\/\/oud.sparepartsholland.com\/es\/wp-json\/wp\/v2\/product\/6114","targetHints":{"allow":["GET"]}}],"collection":[{"href":"https:\/\/oud.sparepartsholland.com\/es\/wp-json\/wp\/v2\/product"}],"about":[{"href":"https:\/\/oud.sparepartsholland.com\/es\/wp-json\/wp\/v2\/types\/product"}],"wp:featuredmedia":[{"embeddable":true,"href":"https:\/\/oud.sparepartsholland.com\/es\/wp-json\/wp\/v2\/media\/28763"}],"wp:attachment":[{"href":"https:\/\/oud.sparepartsholland.com\/es\/wp-json\/wp\/v2\/media?parent=6114"}],"wp:term":[{"taxonomy":"product_brand","embeddable":true,"href":"https:\/\/oud.sparepartsholland.com\/es\/wp-json\/wp\/v2\/product_brand?post=6114"},{"taxonomy":"product_cat","embeddable":true,"href":"https:\/\/oud.sparepartsholland.com\/es\/wp-json\/wp\/v2\/product_cat?post=6114"},{"taxonomy":"product_tag","embeddable":true,"href":"https:\/\/oud.sparepartsholland.com\/es\/wp-json\/wp\/v2\/product_tag?post=6114"}],"curies":[{"name":"wp","href":"https:\/\/api.w.org\/{rel}","templated":true}]}}