{"id":6225,"date":"2022-07-28T09:59:58","date_gmt":"2022-07-28T08:59:58","guid":{"rendered":"https:\/\/sparepartsholland.com\/product\/fiat-tractor-new-hydraulic-remote-control-valve-kit-450-480-500-540-640-classic\/"},"modified":"2023-03-13T15:22:20","modified_gmt":"2023-03-13T14:22:20","slug":"fiat-tractor-new-hydraulic-remote-control-valve-kit-450-480-500-540-640-classic","status":"publish","type":"product","link":"https:\/\/oud.sparepartsholland.com\/es\/producto\/fiat-tractor-new-hydraulic-remote-control-valve-kit-450-480-500-540-640-classic\/","title":{"rendered":"Kit de V\u00e1lvula Remota Hidr\u00e1ulica Trasera para Fiat 450 480 500 540 640 Classic &#8211; 1x DW"},"content":{"rendered":"<p>Kit de v\u00e1lvula remota hidr\u00e1ulica trasera de carrete \u00fanico para Fiat 450, 480, 500, 540, 600, 640 Classic.<\/p>\n<ul>\n<li>Carrete simple<\/li>\n<li>Acci\u00f3n simple\/doble con mangueras<\/li>\n<li>Acoples r\u00e1pidos hembra<\/li>\n<\/ul>\n","protected":false},"excerpt":{"rendered":"<ul>\n<li>Carrete simple<\/li>\n<li>Acci\u00f3n simple\/doble con mangueras<\/li>\n<li>Acoples r\u00e1pidos hembra<\/li>\n<\/ul>\n","protected":false},"featured_media":29401,"template":"","meta":{"inline_featured_image":false},"product_brand":[],"product_cat":[636],"product_tag":[],"class_list":{"0":"post-6225","1":"product","2":"type-product","3":"status-publish","4":"has-post-thumbnail","6":"product_cat-sin-categorizar","8":"first","9":"instock","10":"taxable","11":"shipping-taxable","12":"purchasable","13":"product-type-simple"},"yoast_head":"<!-- This site is optimized with the Yoast SEO plugin v25.0 - https:\/\/yoast.com\/wordpress\/plugins\/seo\/ -->\n<title>Kit de V\u00e1lvula Remota Hidr\u00e1ulica Trasera para Fiat 450 480 500 540 640 Classic - 1x DW - Sparepartsholland<\/title>\n<meta name=\"description\" content=\"Kit de v\u00e1lvula remota hidr\u00e1ulica trasera de carrete \u00fanico para Fiat 450, 480, 500, 540, 600, 640 Classic. Acci\u00f3n simple\/doble con mangueras.\" \/>\n<meta name=\"robots\" content=\"noindex, follow, max-snippet:-1, max-image-preview:large, max-video-preview:-1\" \/>\n<meta property=\"og:locale\" content=\"es_ES\" \/>\n<meta property=\"og:type\" content=\"article\" \/>\n<meta property=\"og:title\" content=\"Kit de V\u00e1lvula Remota Hidr\u00e1ulica Trasera para Fiat 450 480 500 540 640 Classic - 1x DW - Sparepartsholland\" \/>\n<meta property=\"og:description\" content=\"Kit de v\u00e1lvula remota hidr\u00e1ulica trasera de carrete \u00fanico para Fiat 450, 480, 500, 540, 600, 640 Classic. Acci\u00f3n simple\/doble con mangueras.\" \/>\n<meta property=\"og:url\" content=\"https:\/\/oud.sparepartsholland.com\/es\/producto\/fiat-tractor-new-hydraulic-remote-control-valve-kit-450-480-500-540-640-classic\/\" \/>\n<meta property=\"og:site_name\" content=\"Sparepartsholland\" \/>\n<meta property=\"article:modified_time\" content=\"2023-03-13T14:22:20+00:00\" \/>\n<meta property=\"og:image\" content=\"https:\/\/oud.sparepartsholland.com\/wp-content\/uploads\/2022\/07\/1-26-scaled.jpg\" \/>\n\t<meta property=\"og:image:width\" content=\"2560\" \/>\n\t<meta property=\"og:image:height\" content=\"2560\" \/>\n\t<meta property=\"og:image:type\" content=\"image\/jpeg\" \/>\n<meta name=\"twitter:card\" content=\"summary_large_image\" \/>\n<meta name=\"twitter:label1\" content=\"Tiempo de lectura\" \/>\n\t<meta name=\"twitter:data1\" content=\"1 minuto\" \/>\n<script type=\"application\/ld+json\" class=\"yoast-schema-graph\">{\"@context\":\"https:\/\/schema.org\",\"@graph\":[{\"@type\":[\"WebPage\",\"ItemPage\"],\"@id\":\"https:\/\/oud.sparepartsholland.com\/es\/producto\/fiat-tractor-new-hydraulic-remote-control-valve-kit-450-480-500-540-640-classic\/\",\"url\":\"https:\/\/oud.sparepartsholland.com\/es\/producto\/fiat-tractor-new-hydraulic-remote-control-valve-kit-450-480-500-540-640-classic\/\",\"name\":\"Kit de V\u00e1lvula Remota Hidr\u00e1ulica Trasera para Fiat 450 480 500 540 640 Classic - 1x DW - Sparepartsholland\",\"isPartOf\":{\"@id\":\"https:\/\/oud.sparepartsholland.com\/#website\"},\"primaryImageOfPage\":{\"@id\":\"https:\/\/oud.sparepartsholland.com\/es\/producto\/fiat-tractor-new-hydraulic-remote-control-valve-kit-450-480-500-540-640-classic\/#primaryimage\"},\"image\":{\"@id\":\"https:\/\/oud.sparepartsholland.com\/es\/producto\/fiat-tractor-new-hydraulic-remote-control-valve-kit-450-480-500-540-640-classic\/#primaryimage\"},\"thumbnailUrl\":\"https:\/\/oud.sparepartsholland.com\/wp-content\/uploads\/2022\/07\/1-26-scaled.jpg\",\"datePublished\":\"2022-07-28T08:59:58+00:00\",\"dateModified\":\"2023-03-13T14:22:20+00:00\",\"description\":\"Kit de v\u00e1lvula remota hidr\u00e1ulica trasera de carrete \u00fanico para Fiat 450, 480, 500, 540, 600, 640 Classic. Acci\u00f3n simple\/doble con mangueras.\",\"breadcrumb\":{\"@id\":\"https:\/\/oud.sparepartsholland.com\/es\/producto\/fiat-tractor-new-hydraulic-remote-control-valve-kit-450-480-500-540-640-classic\/#breadcrumb\"},\"inLanguage\":\"es\",\"potentialAction\":[{\"@type\":\"ReadAction\",\"target\":[\"https:\/\/oud.sparepartsholland.com\/es\/producto\/fiat-tractor-new-hydraulic-remote-control-valve-kit-450-480-500-540-640-classic\/\"]}]},{\"@type\":\"ImageObject\",\"inLanguage\":\"es\",\"@id\":\"https:\/\/oud.sparepartsholland.com\/es\/producto\/fiat-tractor-new-hydraulic-remote-control-valve-kit-450-480-500-540-640-classic\/#primaryimage\",\"url\":\"https:\/\/oud.sparepartsholland.com\/wp-content\/uploads\/2022\/07\/1-26-scaled.jpg\",\"contentUrl\":\"https:\/\/oud.sparepartsholland.com\/wp-content\/uploads\/2022\/07\/1-26-scaled.jpg\",\"width\":2560,\"height\":2560},{\"@type\":\"BreadcrumbList\",\"@id\":\"https:\/\/oud.sparepartsholland.com\/es\/producto\/fiat-tractor-new-hydraulic-remote-control-valve-kit-450-480-500-540-640-classic\/#breadcrumb\",\"itemListElement\":[{\"@type\":\"ListItem\",\"position\":1,\"name\":\"Home\",\"item\":\"https:\/\/oud.sparepartsholland.com\/es\/\"},{\"@type\":\"ListItem\",\"position\":2,\"name\":\"Comercio\",\"item\":\"https:\/\/oud.sparepartsholland.com\/shop\/\"},{\"@type\":\"ListItem\",\"position\":3,\"name\":\"Kit de V\u00e1lvula Remota Hidr\u00e1ulica Trasera para Fiat 450 480 500 540 640 Classic &#8211; 1x DW\"}]},{\"@type\":\"WebSite\",\"@id\":\"https:\/\/oud.sparepartsholland.com\/#website\",\"url\":\"https:\/\/oud.sparepartsholland.com\/\",\"name\":\"Sparepartsholland\",\"description\":\"\",\"publisher\":{\"@id\":\"https:\/\/oud.sparepartsholland.com\/#organization\"},\"potentialAction\":[{\"@type\":\"SearchAction\",\"target\":{\"@type\":\"EntryPoint\",\"urlTemplate\":\"https:\/\/oud.sparepartsholland.com\/?s={search_term_string}\"},\"query-input\":{\"@type\":\"PropertyValueSpecification\",\"valueRequired\":true,\"valueName\":\"search_term_string\"}}],\"inLanguage\":\"es\"},{\"@type\":\"Organization\",\"@id\":\"https:\/\/oud.sparepartsholland.com\/#organization\",\"name\":\"Spare Parts Holland\",\"url\":\"https:\/\/oud.sparepartsholland.com\/\",\"logo\":{\"@type\":\"ImageObject\",\"inLanguage\":\"es\",\"@id\":\"https:\/\/oud.sparepartsholland.com\/#\/schema\/logo\/image\/\",\"url\":\"https:\/\/oud.sparepartsholland.com\/wp-content\/uploads\/2022\/06\/spareparts-1.png\",\"contentUrl\":\"https:\/\/oud.sparepartsholland.com\/wp-content\/uploads\/2022\/06\/spareparts-1.png\",\"width\":824,\"height\":685,\"caption\":\"Spare Parts Holland\"},\"image\":{\"@id\":\"https:\/\/oud.sparepartsholland.com\/#\/schema\/logo\/image\/\"}}]}<\/script>\n<!-- \/ Yoast SEO plugin. -->","yoast_head_json":{"title":"Kit de V\u00e1lvula Remota Hidr\u00e1ulica Trasera para Fiat 450 480 500 540 640 Classic - 1x DW - Sparepartsholland","description":"Kit de v\u00e1lvula remota hidr\u00e1ulica trasera de carrete \u00fanico para Fiat 450, 480, 500, 540, 600, 640 Classic. Acci\u00f3n simple\/doble con mangueras.","robots":{"index":"noindex","follow":"follow","max-snippet":"max-snippet:-1","max-image-preview":"max-image-preview:large","max-video-preview":"max-video-preview:-1"},"og_locale":"es_ES","og_type":"article","og_title":"Kit de V\u00e1lvula Remota Hidr\u00e1ulica Trasera para Fiat 450 480 500 540 640 Classic - 1x DW - Sparepartsholland","og_description":"Kit de v\u00e1lvula remota hidr\u00e1ulica trasera de carrete \u00fanico para Fiat 450, 480, 500, 540, 600, 640 Classic. Acci\u00f3n simple\/doble con mangueras.","og_url":"https:\/\/oud.sparepartsholland.com\/es\/producto\/fiat-tractor-new-hydraulic-remote-control-valve-kit-450-480-500-540-640-classic\/","og_site_name":"Sparepartsholland","article_modified_time":"2023-03-13T14:22:20+00:00","og_image":[{"width":2560,"height":2560,"url":"https:\/\/oud.sparepartsholland.com\/wp-content\/uploads\/2022\/07\/1-26-scaled.jpg","type":"image\/jpeg"}],"twitter_card":"summary_large_image","twitter_misc":{"Tiempo de lectura":"1 minuto"},"schema":{"@context":"https:\/\/schema.org","@graph":[{"@type":["WebPage","ItemPage"],"@id":"https:\/\/oud.sparepartsholland.com\/es\/producto\/fiat-tractor-new-hydraulic-remote-control-valve-kit-450-480-500-540-640-classic\/","url":"https:\/\/oud.sparepartsholland.com\/es\/producto\/fiat-tractor-new-hydraulic-remote-control-valve-kit-450-480-500-540-640-classic\/","name":"Kit de V\u00e1lvula Remota Hidr\u00e1ulica Trasera para Fiat 450 480 500 540 640 Classic - 1x DW - Sparepartsholland","isPartOf":{"@id":"https:\/\/oud.sparepartsholland.com\/#website"},"primaryImageOfPage":{"@id":"https:\/\/oud.sparepartsholland.com\/es\/producto\/fiat-tractor-new-hydraulic-remote-control-valve-kit-450-480-500-540-640-classic\/#primaryimage"},"image":{"@id":"https:\/\/oud.sparepartsholland.com\/es\/producto\/fiat-tractor-new-hydraulic-remote-control-valve-kit-450-480-500-540-640-classic\/#primaryimage"},"thumbnailUrl":"https:\/\/oud.sparepartsholland.com\/wp-content\/uploads\/2022\/07\/1-26-scaled.jpg","datePublished":"2022-07-28T08:59:58+00:00","dateModified":"2023-03-13T14:22:20+00:00","description":"Kit de v\u00e1lvula remota hidr\u00e1ulica trasera de carrete \u00fanico para Fiat 450, 480, 500, 540, 600, 640 Classic. Acci\u00f3n simple\/doble con mangueras.","breadcrumb":{"@id":"https:\/\/oud.sparepartsholland.com\/es\/producto\/fiat-tractor-new-hydraulic-remote-control-valve-kit-450-480-500-540-640-classic\/#breadcrumb"},"inLanguage":"es","potentialAction":[{"@type":"ReadAction","target":["https:\/\/oud.sparepartsholland.com\/es\/producto\/fiat-tractor-new-hydraulic-remote-control-valve-kit-450-480-500-540-640-classic\/"]}]},{"@type":"ImageObject","inLanguage":"es","@id":"https:\/\/oud.sparepartsholland.com\/es\/producto\/fiat-tractor-new-hydraulic-remote-control-valve-kit-450-480-500-540-640-classic\/#primaryimage","url":"https:\/\/oud.sparepartsholland.com\/wp-content\/uploads\/2022\/07\/1-26-scaled.jpg","contentUrl":"https:\/\/oud.sparepartsholland.com\/wp-content\/uploads\/2022\/07\/1-26-scaled.jpg","width":2560,"height":2560},{"@type":"BreadcrumbList","@id":"https:\/\/oud.sparepartsholland.com\/es\/producto\/fiat-tractor-new-hydraulic-remote-control-valve-kit-450-480-500-540-640-classic\/#breadcrumb","itemListElement":[{"@type":"ListItem","position":1,"name":"Home","item":"https:\/\/oud.sparepartsholland.com\/es\/"},{"@type":"ListItem","position":2,"name":"Comercio","item":"https:\/\/oud.sparepartsholland.com\/shop\/"},{"@type":"ListItem","position":3,"name":"Kit de V\u00e1lvula Remota Hidr\u00e1ulica Trasera para Fiat 450 480 500 540 640 Classic &#8211; 1x DW"}]},{"@type":"WebSite","@id":"https:\/\/oud.sparepartsholland.com\/#website","url":"https:\/\/oud.sparepartsholland.com\/","name":"Sparepartsholland","description":"","publisher":{"@id":"https:\/\/oud.sparepartsholland.com\/#organization"},"potentialAction":[{"@type":"SearchAction","target":{"@type":"EntryPoint","urlTemplate":"https:\/\/oud.sparepartsholland.com\/?s={search_term_string}"},"query-input":{"@type":"PropertyValueSpecification","valueRequired":true,"valueName":"search_term_string"}}],"inLanguage":"es"},{"@type":"Organization","@id":"https:\/\/oud.sparepartsholland.com\/#organization","name":"Spare Parts Holland","url":"https:\/\/oud.sparepartsholland.com\/","logo":{"@type":"ImageObject","inLanguage":"es","@id":"https:\/\/oud.sparepartsholland.com\/#\/schema\/logo\/image\/","url":"https:\/\/oud.sparepartsholland.com\/wp-content\/uploads\/2022\/06\/spareparts-1.png","contentUrl":"https:\/\/oud.sparepartsholland.com\/wp-content\/uploads\/2022\/06\/spareparts-1.png","width":824,"height":685,"caption":"Spare Parts Holland"},"image":{"@id":"https:\/\/oud.sparepartsholland.com\/#\/schema\/logo\/image\/"}}]}},"_links":{"self":[{"href":"https:\/\/oud.sparepartsholland.com\/es\/wp-json\/wp\/v2\/product\/6225","targetHints":{"allow":["GET"]}}],"collection":[{"href":"https:\/\/oud.sparepartsholland.com\/es\/wp-json\/wp\/v2\/product"}],"about":[{"href":"https:\/\/oud.sparepartsholland.com\/es\/wp-json\/wp\/v2\/types\/product"}],"wp:featuredmedia":[{"embeddable":true,"href":"https:\/\/oud.sparepartsholland.com\/es\/wp-json\/wp\/v2\/media\/29401"}],"wp:attachment":[{"href":"https:\/\/oud.sparepartsholland.com\/es\/wp-json\/wp\/v2\/media?parent=6225"}],"wp:term":[{"taxonomy":"product_brand","embeddable":true,"href":"https:\/\/oud.sparepartsholland.com\/es\/wp-json\/wp\/v2\/product_brand?post=6225"},{"taxonomy":"product_cat","embeddable":true,"href":"https:\/\/oud.sparepartsholland.com\/es\/wp-json\/wp\/v2\/product_cat?post=6225"},{"taxonomy":"product_tag","embeddable":true,"href":"https:\/\/oud.sparepartsholland.com\/es\/wp-json\/wp\/v2\/product_tag?post=6225"}],"curies":[{"name":"wp","href":"https:\/\/api.w.org\/{rel}","templated":true}]}}