{"id":6334,"date":"2022-07-28T09:56:26","date_gmt":"2022-07-28T08:56:26","guid":{"rendered":"https:\/\/sparepartsholland.com\/product\/single-hydraulic-remote-kit-massey-ferguson-35-50-65-135-150-2\/"},"modified":"2024-01-30T11:37:12","modified_gmt":"2024-01-30T10:37:12","slug":"single-hydraulic-remote-kit-massey-ferguson-35-50-65-135-150-2","status":"publish","type":"product","link":"https:\/\/oud.sparepartsholland.com\/es\/producto\/single-hydraulic-remote-kit-massey-ferguson-35-50-65-135-150-2\/","title":{"rendered":"Kit de V\u00e1lvula Remota Hidr\u00e1ulica Trasera para Massey Ferguson Tractor MF 35 50 65 135 150 &#8211; 1 x DW &#8211; Negro"},"content":{"rendered":"<p>Kit de v\u00e1lvula remota hidr\u00e1ulica trasera que incluye:<\/p>\n<ul>\n<li>2 mangueras hidr\u00e1ulicas<\/li>\n<li>Atajos<\/li>\n<li>Abrazadera<\/li>\n<\/ul>\n<p>Este kit de v\u00e1lvula remota hidr\u00e1ulica es adecuado para los modelos de tractores Massey Ferguson:<\/p>\n<p>TRACTOR MASSEY FERGUSON<\/p>\n<p>135, 150, 165, 175, 180, 230, 231, 235, 240, 245, 250, 253, 255, 265, 270, 275, 282, 283, 290, 350, 383, 390, 398, 399, 50, 65, 85<\/p>\n<p>MASSEY FERGUSON INDUSTRIAL \/ CONSTRUCCI\u00d3N<\/p>\n<p>20, 202, 203, 204, 205, 20C, 20D, 20F, 2135, 30, 302, 304, 30B, 30D, 30E, 31, 40, 40B, 40E, 50C, 50D, 50E<\/p>\n<p>Ferguson<\/p>\n<p>TO35,\u00a040,\u00a0Ag e Ind. 40, 50<\/p>\n<p>MASSEY HARRIS 50<\/p>\n<p>Este kit de v\u00e1lvula remota hidr\u00e1ulica no encajar\u00e1 al ras en los modelos de tractores MF240 de 1986; si est\u00e1 dispuesto a modificar su freno de mano, es posible que pueda hacerlo encajar.<\/p>\n","protected":false},"excerpt":{"rendered":"<ul>\n<li>2 mangueras hidr\u00e1ulicas<\/li>\n<li>Atajos<\/li>\n<li>Abrazadera<\/li>\n<\/ul>\n","protected":false},"featured_media":29141,"template":"","meta":{"inline_featured_image":false},"product_brand":[],"product_cat":[700,638],"product_tag":[],"class_list":{"0":"post-6334","1":"product","2":"type-product","3":"status-publish","4":"has-post-thumbnail","6":"product_cat-kit-de-valvula-remota-hidraulica-trasera","7":"product_cat-massey-ferguson-es","9":"first","10":"instock","11":"taxable","12":"shipping-taxable","13":"purchasable","14":"product-type-simple"},"yoast_head":"<!-- This site is optimized with the Yoast SEO plugin v25.0 - https:\/\/yoast.com\/wordpress\/plugins\/seo\/ -->\n<title>Kit de V\u00e1lvula Remota Hidr\u00e1ulica Trasera para Massey Ferguson Tractor MF 35 50 65 135 150 - 1 x DW - Negro - Sparepartsholland<\/title>\n<meta name=\"description\" content=\"Este kit de v\u00e1lvula remota hidr\u00e1ulica es adecuado para de tractores Massey Ferguson. Incluye:2 mangueras hidr\u00e1ulicas, atajos y abrazadera.\" \/>\n<meta name=\"robots\" content=\"noindex, follow, max-snippet:-1, max-image-preview:large, max-video-preview:-1\" \/>\n<meta property=\"og:locale\" content=\"es_ES\" \/>\n<meta property=\"og:type\" content=\"article\" \/>\n<meta property=\"og:title\" content=\"Kit de V\u00e1lvula Remota Hidr\u00e1ulica Trasera para Massey Ferguson Tractor MF 35 50 65 135 150 - 1 x DW - Negro - Sparepartsholland\" \/>\n<meta property=\"og:description\" content=\"Este kit de v\u00e1lvula remota hidr\u00e1ulica es adecuado para de tractores Massey Ferguson. Incluye:2 mangueras hidr\u00e1ulicas, atajos y abrazadera.\" \/>\n<meta property=\"og:url\" content=\"https:\/\/oud.sparepartsholland.com\/producto\/single-hydraulic-remote-kit-massey-ferguson-35-50-65-135-150-2\/\" \/>\n<meta property=\"og:site_name\" content=\"Sparepartsholland\" \/>\n<meta property=\"article:modified_time\" content=\"2024-01-30T10:37:12+00:00\" \/>\n<meta property=\"og:image\" content=\"https:\/\/oud.sparepartsholland.com\/wp-content\/uploads\/2022\/07\/mf2.jpg\" \/>\n\t<meta property=\"og:image:width\" content=\"2047\" \/>\n\t<meta property=\"og:image:height\" content=\"1547\" \/>\n\t<meta property=\"og:image:type\" content=\"image\/jpeg\" \/>\n<meta name=\"twitter:card\" content=\"summary_large_image\" \/>\n<meta name=\"twitter:label1\" content=\"Tiempo de lectura\" \/>\n\t<meta name=\"twitter:data1\" content=\"1 minuto\" \/>\n<script type=\"application\/ld+json\" class=\"yoast-schema-graph\">{\"@context\":\"https:\/\/schema.org\",\"@graph\":[{\"@type\":[\"WebPage\",\"ItemPage\"],\"@id\":\"https:\/\/oud.sparepartsholland.com\/producto\/single-hydraulic-remote-kit-massey-ferguson-35-50-65-135-150-2\/\",\"url\":\"https:\/\/oud.sparepartsholland.com\/producto\/single-hydraulic-remote-kit-massey-ferguson-35-50-65-135-150-2\/\",\"name\":\"Kit de V\u00e1lvula Remota Hidr\u00e1ulica Trasera para Massey Ferguson Tractor MF 35 50 65 135 150 - 1 x DW - Negro - Sparepartsholland\",\"isPartOf\":{\"@id\":\"https:\/\/oud.sparepartsholland.com\/#website\"},\"primaryImageOfPage\":{\"@id\":\"https:\/\/oud.sparepartsholland.com\/producto\/single-hydraulic-remote-kit-massey-ferguson-35-50-65-135-150-2\/#primaryimage\"},\"image\":{\"@id\":\"https:\/\/oud.sparepartsholland.com\/producto\/single-hydraulic-remote-kit-massey-ferguson-35-50-65-135-150-2\/#primaryimage\"},\"thumbnailUrl\":\"https:\/\/oud.sparepartsholland.com\/wp-content\/uploads\/2022\/07\/mf2.jpg\",\"datePublished\":\"2022-07-28T08:56:26+00:00\",\"dateModified\":\"2024-01-30T10:37:12+00:00\",\"description\":\"Este kit de v\u00e1lvula remota hidr\u00e1ulica es adecuado para de tractores Massey Ferguson. Incluye:2 mangueras hidr\u00e1ulicas, atajos y abrazadera.\",\"breadcrumb\":{\"@id\":\"https:\/\/oud.sparepartsholland.com\/producto\/single-hydraulic-remote-kit-massey-ferguson-35-50-65-135-150-2\/#breadcrumb\"},\"inLanguage\":\"es\",\"potentialAction\":[{\"@type\":\"ReadAction\",\"target\":[\"https:\/\/oud.sparepartsholland.com\/producto\/single-hydraulic-remote-kit-massey-ferguson-35-50-65-135-150-2\/\"]}]},{\"@type\":\"ImageObject\",\"inLanguage\":\"es\",\"@id\":\"https:\/\/oud.sparepartsholland.com\/producto\/single-hydraulic-remote-kit-massey-ferguson-35-50-65-135-150-2\/#primaryimage\",\"url\":\"https:\/\/oud.sparepartsholland.com\/wp-content\/uploads\/2022\/07\/mf2.jpg\",\"contentUrl\":\"https:\/\/oud.sparepartsholland.com\/wp-content\/uploads\/2022\/07\/mf2.jpg\",\"width\":2047,\"height\":1547},{\"@type\":\"BreadcrumbList\",\"@id\":\"https:\/\/oud.sparepartsholland.com\/producto\/single-hydraulic-remote-kit-massey-ferguson-35-50-65-135-150-2\/#breadcrumb\",\"itemListElement\":[{\"@type\":\"ListItem\",\"position\":1,\"name\":\"Home\",\"item\":\"https:\/\/oud.sparepartsholland.com\/es\/\"},{\"@type\":\"ListItem\",\"position\":2,\"name\":\"Comercio\",\"item\":\"https:\/\/oud.sparepartsholland.com\/shop\/\"},{\"@type\":\"ListItem\",\"position\":3,\"name\":\"Kit de V\u00e1lvula Remota Hidr\u00e1ulica Trasera para Massey Ferguson Tractor MF 35 50 65 135 150 &#8211; 1 x DW &#8211; Negro\"}]},{\"@type\":\"WebSite\",\"@id\":\"https:\/\/oud.sparepartsholland.com\/#website\",\"url\":\"https:\/\/oud.sparepartsholland.com\/\",\"name\":\"Sparepartsholland\",\"description\":\"\",\"publisher\":{\"@id\":\"https:\/\/oud.sparepartsholland.com\/#organization\"},\"potentialAction\":[{\"@type\":\"SearchAction\",\"target\":{\"@type\":\"EntryPoint\",\"urlTemplate\":\"https:\/\/oud.sparepartsholland.com\/?s={search_term_string}\"},\"query-input\":{\"@type\":\"PropertyValueSpecification\",\"valueRequired\":true,\"valueName\":\"search_term_string\"}}],\"inLanguage\":\"es\"},{\"@type\":\"Organization\",\"@id\":\"https:\/\/oud.sparepartsholland.com\/#organization\",\"name\":\"Spare Parts Holland\",\"url\":\"https:\/\/oud.sparepartsholland.com\/\",\"logo\":{\"@type\":\"ImageObject\",\"inLanguage\":\"es\",\"@id\":\"https:\/\/oud.sparepartsholland.com\/#\/schema\/logo\/image\/\",\"url\":\"https:\/\/oud.sparepartsholland.com\/wp-content\/uploads\/2022\/06\/spareparts-1.png\",\"contentUrl\":\"https:\/\/oud.sparepartsholland.com\/wp-content\/uploads\/2022\/06\/spareparts-1.png\",\"width\":824,\"height\":685,\"caption\":\"Spare Parts Holland\"},\"image\":{\"@id\":\"https:\/\/oud.sparepartsholland.com\/#\/schema\/logo\/image\/\"}}]}<\/script>\n<!-- \/ Yoast SEO plugin. -->","yoast_head_json":{"title":"Kit de V\u00e1lvula Remota Hidr\u00e1ulica Trasera para Massey Ferguson Tractor MF 35 50 65 135 150 - 1 x DW - Negro - Sparepartsholland","description":"Este kit de v\u00e1lvula remota hidr\u00e1ulica es adecuado para de tractores Massey Ferguson. Incluye:2 mangueras hidr\u00e1ulicas, atajos y abrazadera.","robots":{"index":"noindex","follow":"follow","max-snippet":"max-snippet:-1","max-image-preview":"max-image-preview:large","max-video-preview":"max-video-preview:-1"},"og_locale":"es_ES","og_type":"article","og_title":"Kit de V\u00e1lvula Remota Hidr\u00e1ulica Trasera para Massey Ferguson Tractor MF 35 50 65 135 150 - 1 x DW - Negro - Sparepartsholland","og_description":"Este kit de v\u00e1lvula remota hidr\u00e1ulica es adecuado para de tractores Massey Ferguson. Incluye:2 mangueras hidr\u00e1ulicas, atajos y abrazadera.","og_url":"https:\/\/oud.sparepartsholland.com\/producto\/single-hydraulic-remote-kit-massey-ferguson-35-50-65-135-150-2\/","og_site_name":"Sparepartsholland","article_modified_time":"2024-01-30T10:37:12+00:00","og_image":[{"width":2047,"height":1547,"url":"https:\/\/oud.sparepartsholland.com\/wp-content\/uploads\/2022\/07\/mf2.jpg","type":"image\/jpeg"}],"twitter_card":"summary_large_image","twitter_misc":{"Tiempo de lectura":"1 minuto"},"schema":{"@context":"https:\/\/schema.org","@graph":[{"@type":["WebPage","ItemPage"],"@id":"https:\/\/oud.sparepartsholland.com\/producto\/single-hydraulic-remote-kit-massey-ferguson-35-50-65-135-150-2\/","url":"https:\/\/oud.sparepartsholland.com\/producto\/single-hydraulic-remote-kit-massey-ferguson-35-50-65-135-150-2\/","name":"Kit de V\u00e1lvula Remota Hidr\u00e1ulica Trasera para Massey Ferguson Tractor MF 35 50 65 135 150 - 1 x DW - Negro - Sparepartsholland","isPartOf":{"@id":"https:\/\/oud.sparepartsholland.com\/#website"},"primaryImageOfPage":{"@id":"https:\/\/oud.sparepartsholland.com\/producto\/single-hydraulic-remote-kit-massey-ferguson-35-50-65-135-150-2\/#primaryimage"},"image":{"@id":"https:\/\/oud.sparepartsholland.com\/producto\/single-hydraulic-remote-kit-massey-ferguson-35-50-65-135-150-2\/#primaryimage"},"thumbnailUrl":"https:\/\/oud.sparepartsholland.com\/wp-content\/uploads\/2022\/07\/mf2.jpg","datePublished":"2022-07-28T08:56:26+00:00","dateModified":"2024-01-30T10:37:12+00:00","description":"Este kit de v\u00e1lvula remota hidr\u00e1ulica es adecuado para de tractores Massey Ferguson. Incluye:2 mangueras hidr\u00e1ulicas, atajos y abrazadera.","breadcrumb":{"@id":"https:\/\/oud.sparepartsholland.com\/producto\/single-hydraulic-remote-kit-massey-ferguson-35-50-65-135-150-2\/#breadcrumb"},"inLanguage":"es","potentialAction":[{"@type":"ReadAction","target":["https:\/\/oud.sparepartsholland.com\/producto\/single-hydraulic-remote-kit-massey-ferguson-35-50-65-135-150-2\/"]}]},{"@type":"ImageObject","inLanguage":"es","@id":"https:\/\/oud.sparepartsholland.com\/producto\/single-hydraulic-remote-kit-massey-ferguson-35-50-65-135-150-2\/#primaryimage","url":"https:\/\/oud.sparepartsholland.com\/wp-content\/uploads\/2022\/07\/mf2.jpg","contentUrl":"https:\/\/oud.sparepartsholland.com\/wp-content\/uploads\/2022\/07\/mf2.jpg","width":2047,"height":1547},{"@type":"BreadcrumbList","@id":"https:\/\/oud.sparepartsholland.com\/producto\/single-hydraulic-remote-kit-massey-ferguson-35-50-65-135-150-2\/#breadcrumb","itemListElement":[{"@type":"ListItem","position":1,"name":"Home","item":"https:\/\/oud.sparepartsholland.com\/es\/"},{"@type":"ListItem","position":2,"name":"Comercio","item":"https:\/\/oud.sparepartsholland.com\/shop\/"},{"@type":"ListItem","position":3,"name":"Kit de V\u00e1lvula Remota Hidr\u00e1ulica Trasera para Massey Ferguson Tractor MF 35 50 65 135 150 &#8211; 1 x DW &#8211; Negro"}]},{"@type":"WebSite","@id":"https:\/\/oud.sparepartsholland.com\/#website","url":"https:\/\/oud.sparepartsholland.com\/","name":"Sparepartsholland","description":"","publisher":{"@id":"https:\/\/oud.sparepartsholland.com\/#organization"},"potentialAction":[{"@type":"SearchAction","target":{"@type":"EntryPoint","urlTemplate":"https:\/\/oud.sparepartsholland.com\/?s={search_term_string}"},"query-input":{"@type":"PropertyValueSpecification","valueRequired":true,"valueName":"search_term_string"}}],"inLanguage":"es"},{"@type":"Organization","@id":"https:\/\/oud.sparepartsholland.com\/#organization","name":"Spare Parts Holland","url":"https:\/\/oud.sparepartsholland.com\/","logo":{"@type":"ImageObject","inLanguage":"es","@id":"https:\/\/oud.sparepartsholland.com\/#\/schema\/logo\/image\/","url":"https:\/\/oud.sparepartsholland.com\/wp-content\/uploads\/2022\/06\/spareparts-1.png","contentUrl":"https:\/\/oud.sparepartsholland.com\/wp-content\/uploads\/2022\/06\/spareparts-1.png","width":824,"height":685,"caption":"Spare Parts Holland"},"image":{"@id":"https:\/\/oud.sparepartsholland.com\/#\/schema\/logo\/image\/"}}]}},"_links":{"self":[{"href":"https:\/\/oud.sparepartsholland.com\/es\/wp-json\/wp\/v2\/product\/6334","targetHints":{"allow":["GET"]}}],"collection":[{"href":"https:\/\/oud.sparepartsholland.com\/es\/wp-json\/wp\/v2\/product"}],"about":[{"href":"https:\/\/oud.sparepartsholland.com\/es\/wp-json\/wp\/v2\/types\/product"}],"wp:featuredmedia":[{"embeddable":true,"href":"https:\/\/oud.sparepartsholland.com\/es\/wp-json\/wp\/v2\/media\/29141"}],"wp:attachment":[{"href":"https:\/\/oud.sparepartsholland.com\/es\/wp-json\/wp\/v2\/media?parent=6334"}],"wp:term":[{"taxonomy":"product_brand","embeddable":true,"href":"https:\/\/oud.sparepartsholland.com\/es\/wp-json\/wp\/v2\/product_brand?post=6334"},{"taxonomy":"product_cat","embeddable":true,"href":"https:\/\/oud.sparepartsholland.com\/es\/wp-json\/wp\/v2\/product_cat?post=6334"},{"taxonomy":"product_tag","embeddable":true,"href":"https:\/\/oud.sparepartsholland.com\/es\/wp-json\/wp\/v2\/product_tag?post=6334"}],"curies":[{"name":"wp","href":"https:\/\/api.w.org\/{rel}","templated":true}]}}