{"id":32745,"date":"2023-07-31T17:28:40","date_gmt":"2023-07-31T16:28:40","guid":{"rendered":"https:\/\/sparepartsholland.com\/?post_type=product&#038;p=32745"},"modified":"2023-09-26T08:43:49","modified_gmt":"2023-09-26T07:43:49","slug":"le-verin-hydraulique-a-liaison-laterale-sadapte-a-plusieurs-tracteurs-min-max-21-5-8-29-9-16","status":"publish","type":"product","link":"https:\/\/oud.sparepartsholland.com\/fr\/produit\/le-verin-hydraulique-a-liaison-laterale-sadapte-a-plusieurs-tracteurs-min-max-21-5-8-29-9-16\/","title":{"rendered":"Chandelle de Relevage Hydraulique s&#8217;adapte \u00e0 plusieurs   550 &#8211; 750 mm)"},"content":{"rendered":"<p>Y compris les tuyaux et les raccords rapides comme illustr\u00e9.<\/p>\n<ul>\n<li>Longueur du tuyau : 85 cm. Les raccords rapides m\u00e2les sont de style Poppet BSP 1\/2&#8243;.<\/li>\n<li>La tige de piston peut \u00eatre tourn\u00e9e selon les besoins.<\/li>\n<li>Ce lien lat\u00e9ral est \u00e9quip\u00e9 d&#8217;un bloc de verrouillage. Avec cette vanne, l&#8217;huile est enferm\u00e9e dans le cylindre par un clapet anti-retour.<\/li>\n<li>Couleur noire peinte (rarement des dommages de peinture et des rayures pendant la cargaison).<\/li>\n<\/ul>\n","protected":false},"excerpt":{"rendered":"<ul>\n<li>Longueur du tuyau : 85 cm. Les raccords rapides m\u00e2les sont de style Poppet BSP 1\/2&#8243;.<\/li>\n<li>La tige de piston peut \u00eatre tourn\u00e9e selon les besoins.<\/li>\n<li>Ce lien lat\u00e9ral est \u00e9quip\u00e9 d&#8217;un bloc de verrouillage. Avec cette vanne, l&#8217;huile est enferm\u00e9e dans le cylindre par un clapet anti-retour.<\/li>\n<li>Couleur noire peinte (rarement des dommages de peinture et des rayures pendant la cargaison).<\/li>\n<\/ul>\n","protected":false},"featured_media":33189,"template":"","meta":{"inline_featured_image":false},"product_brand":[],"product_cat":[2502],"product_tag":[],"class_list":{"0":"post-32745","1":"product","2":"type-product","3":"status-publish","4":"has-post-thumbnail","6":"product_cat-chandelle-de-relevage-hydraulique","8":"first","9":"instock","10":"taxable","11":"shipping-taxable","12":"purchasable","13":"product-type-simple"},"yoast_head":"<!-- This site is optimized with the Yoast SEO plugin v25.0 - https:\/\/yoast.com\/wordpress\/plugins\/seo\/ -->\n<title>Chandelle de Relevage Hydraulique s&#039;adapte \u00e0 plusieurs  550 - 750 mm) - Sparepartsholland<\/title>\n<meta name=\"description\" content=\"Y compris les tuyaux et les raccords rapides comme illustr\u00e9.Longueur du tuyau : 89,9 cm. Les raccords rapides m\u00e2les sont de style Poppet BSP 1\/2&quot;.\" \/>\n<meta name=\"robots\" content=\"noindex, follow, max-snippet:-1, max-image-preview:large, max-video-preview:-1\" \/>\n<meta property=\"og:locale\" content=\"fr_FR\" \/>\n<meta property=\"og:type\" content=\"article\" \/>\n<meta property=\"og:title\" content=\"Chandelle de Relevage Hydraulique s&#039;adapte \u00e0 plusieurs  550 - 750 mm) - Sparepartsholland\" \/>\n<meta property=\"og:description\" content=\"Y compris les tuyaux et les raccords rapides comme illustr\u00e9.Longueur du tuyau : 89,9 cm. Les raccords rapides m\u00e2les sont de style Poppet BSP 1\/2&quot;.\" \/>\n<meta property=\"og:url\" content=\"https:\/\/oud.sparepartsholland.com\/produit\/hydraulic-side-link-cylinder-550-750-with-2-x-hose\/\" \/>\n<meta property=\"og:site_name\" content=\"Sparepartsholland\" \/>\n<meta property=\"article:modified_time\" content=\"2023-09-26T07:43:49+00:00\" \/>\n<meta property=\"og:image\" content=\"https:\/\/oud.sparepartsholland.com\/wp-content\/uploads\/2023\/07\/2-4-scaled.jpg\" \/>\n\t<meta property=\"og:image:width\" content=\"2560\" \/>\n\t<meta property=\"og:image:height\" content=\"2560\" \/>\n\t<meta property=\"og:image:type\" content=\"image\/jpeg\" \/>\n<meta name=\"twitter:card\" content=\"summary_large_image\" \/>\n<meta name=\"twitter:label1\" content=\"Dur\u00e9e de lecture estim\u00e9e\" \/>\n\t<meta name=\"twitter:data1\" content=\"1 minute\" \/>\n<script type=\"application\/ld+json\" class=\"yoast-schema-graph\">{\"@context\":\"https:\/\/schema.org\",\"@graph\":[{\"@type\":[\"WebPage\",\"ItemPage\"],\"@id\":\"https:\/\/oud.sparepartsholland.com\/produit\/hydraulic-side-link-cylinder-550-750-with-2-x-hose\/\",\"url\":\"https:\/\/oud.sparepartsholland.com\/produit\/hydraulic-side-link-cylinder-550-750-with-2-x-hose\/\",\"name\":\"Chandelle de Relevage Hydraulique s'adapte \u00e0 plusieurs 550 - 750 mm) - Sparepartsholland\",\"isPartOf\":{\"@id\":\"https:\/\/oud.sparepartsholland.com\/#website\"},\"primaryImageOfPage\":{\"@id\":\"https:\/\/oud.sparepartsholland.com\/produit\/hydraulic-side-link-cylinder-550-750-with-2-x-hose\/#primaryimage\"},\"image\":{\"@id\":\"https:\/\/oud.sparepartsholland.com\/produit\/hydraulic-side-link-cylinder-550-750-with-2-x-hose\/#primaryimage\"},\"thumbnailUrl\":\"https:\/\/oud.sparepartsholland.com\/wp-content\/uploads\/2023\/07\/2-4-scaled.jpg\",\"datePublished\":\"2023-07-31T16:28:40+00:00\",\"dateModified\":\"2023-09-26T07:43:49+00:00\",\"description\":\"Y compris les tuyaux et les raccords rapides comme illustr\u00e9.Longueur du tuyau : 89,9 cm. Les raccords rapides m\u00e2les sont de style Poppet BSP 1\/2\\\".\",\"breadcrumb\":{\"@id\":\"https:\/\/oud.sparepartsholland.com\/produit\/hydraulic-side-link-cylinder-550-750-with-2-x-hose\/#breadcrumb\"},\"inLanguage\":\"fr-FR\",\"potentialAction\":[{\"@type\":\"ReadAction\",\"target\":[\"https:\/\/oud.sparepartsholland.com\/produit\/hydraulic-side-link-cylinder-550-750-with-2-x-hose\/\"]}]},{\"@type\":\"ImageObject\",\"inLanguage\":\"fr-FR\",\"@id\":\"https:\/\/oud.sparepartsholland.com\/produit\/hydraulic-side-link-cylinder-550-750-with-2-x-hose\/#primaryimage\",\"url\":\"https:\/\/oud.sparepartsholland.com\/wp-content\/uploads\/2023\/07\/2-4-scaled.jpg\",\"contentUrl\":\"https:\/\/oud.sparepartsholland.com\/wp-content\/uploads\/2023\/07\/2-4-scaled.jpg\",\"width\":2560,\"height\":2560},{\"@type\":\"BreadcrumbList\",\"@id\":\"https:\/\/oud.sparepartsholland.com\/produit\/hydraulic-side-link-cylinder-550-750-with-2-x-hose\/#breadcrumb\",\"itemListElement\":[{\"@type\":\"ListItem\",\"position\":1,\"name\":\"Home\",\"item\":\"https:\/\/oud.sparepartsholland.com\/fr\/\"},{\"@type\":\"ListItem\",\"position\":2,\"name\":\"Boutique\",\"item\":\"https:\/\/oud.sparepartsholland.com\/shop\/\"},{\"@type\":\"ListItem\",\"position\":3,\"name\":\"Chandelle de Relevage Hydraulique s&#8217;adapte \u00e0 plusieurs 550 &#8211; 750 mm)\"}]},{\"@type\":\"WebSite\",\"@id\":\"https:\/\/oud.sparepartsholland.com\/#website\",\"url\":\"https:\/\/oud.sparepartsholland.com\/\",\"name\":\"Sparepartsholland\",\"description\":\"\",\"publisher\":{\"@id\":\"https:\/\/oud.sparepartsholland.com\/#organization\"},\"potentialAction\":[{\"@type\":\"SearchAction\",\"target\":{\"@type\":\"EntryPoint\",\"urlTemplate\":\"https:\/\/oud.sparepartsholland.com\/?s={search_term_string}\"},\"query-input\":{\"@type\":\"PropertyValueSpecification\",\"valueRequired\":true,\"valueName\":\"search_term_string\"}}],\"inLanguage\":\"fr-FR\"},{\"@type\":\"Organization\",\"@id\":\"https:\/\/oud.sparepartsholland.com\/#organization\",\"name\":\"Spare Parts Holland\",\"url\":\"https:\/\/oud.sparepartsholland.com\/\",\"logo\":{\"@type\":\"ImageObject\",\"inLanguage\":\"fr-FR\",\"@id\":\"https:\/\/oud.sparepartsholland.com\/#\/schema\/logo\/image\/\",\"url\":\"https:\/\/oud.sparepartsholland.com\/wp-content\/uploads\/2022\/06\/spareparts-1.png\",\"contentUrl\":\"https:\/\/oud.sparepartsholland.com\/wp-content\/uploads\/2022\/06\/spareparts-1.png\",\"width\":824,\"height\":685,\"caption\":\"Spare Parts Holland\"},\"image\":{\"@id\":\"https:\/\/oud.sparepartsholland.com\/#\/schema\/logo\/image\/\"}}]}<\/script>\n<!-- \/ Yoast SEO plugin. -->","yoast_head_json":{"title":"Chandelle de Relevage Hydraulique s'adapte \u00e0 plusieurs  550 - 750 mm) - Sparepartsholland","description":"Y compris les tuyaux et les raccords rapides comme illustr\u00e9.Longueur du tuyau : 89,9 cm. Les raccords rapides m\u00e2les sont de style Poppet BSP 1\/2\".","robots":{"index":"noindex","follow":"follow","max-snippet":"max-snippet:-1","max-image-preview":"max-image-preview:large","max-video-preview":"max-video-preview:-1"},"og_locale":"fr_FR","og_type":"article","og_title":"Chandelle de Relevage Hydraulique s'adapte \u00e0 plusieurs  550 - 750 mm) - Sparepartsholland","og_description":"Y compris les tuyaux et les raccords rapides comme illustr\u00e9.Longueur du tuyau : 89,9 cm. Les raccords rapides m\u00e2les sont de style Poppet BSP 1\/2\".","og_url":"https:\/\/oud.sparepartsholland.com\/produit\/hydraulic-side-link-cylinder-550-750-with-2-x-hose\/","og_site_name":"Sparepartsholland","article_modified_time":"2023-09-26T07:43:49+00:00","og_image":[{"width":2560,"height":2560,"url":"https:\/\/oud.sparepartsholland.com\/wp-content\/uploads\/2023\/07\/2-4-scaled.jpg","type":"image\/jpeg"}],"twitter_card":"summary_large_image","twitter_misc":{"Dur\u00e9e de lecture estim\u00e9e":"1 minute"},"schema":{"@context":"https:\/\/schema.org","@graph":[{"@type":["WebPage","ItemPage"],"@id":"https:\/\/oud.sparepartsholland.com\/produit\/hydraulic-side-link-cylinder-550-750-with-2-x-hose\/","url":"https:\/\/oud.sparepartsholland.com\/produit\/hydraulic-side-link-cylinder-550-750-with-2-x-hose\/","name":"Chandelle de Relevage Hydraulique s'adapte \u00e0 plusieurs 550 - 750 mm) - Sparepartsholland","isPartOf":{"@id":"https:\/\/oud.sparepartsholland.com\/#website"},"primaryImageOfPage":{"@id":"https:\/\/oud.sparepartsholland.com\/produit\/hydraulic-side-link-cylinder-550-750-with-2-x-hose\/#primaryimage"},"image":{"@id":"https:\/\/oud.sparepartsholland.com\/produit\/hydraulic-side-link-cylinder-550-750-with-2-x-hose\/#primaryimage"},"thumbnailUrl":"https:\/\/oud.sparepartsholland.com\/wp-content\/uploads\/2023\/07\/2-4-scaled.jpg","datePublished":"2023-07-31T16:28:40+00:00","dateModified":"2023-09-26T07:43:49+00:00","description":"Y compris les tuyaux et les raccords rapides comme illustr\u00e9.Longueur du tuyau : 89,9 cm. Les raccords rapides m\u00e2les sont de style Poppet BSP 1\/2\".","breadcrumb":{"@id":"https:\/\/oud.sparepartsholland.com\/produit\/hydraulic-side-link-cylinder-550-750-with-2-x-hose\/#breadcrumb"},"inLanguage":"fr-FR","potentialAction":[{"@type":"ReadAction","target":["https:\/\/oud.sparepartsholland.com\/produit\/hydraulic-side-link-cylinder-550-750-with-2-x-hose\/"]}]},{"@type":"ImageObject","inLanguage":"fr-FR","@id":"https:\/\/oud.sparepartsholland.com\/produit\/hydraulic-side-link-cylinder-550-750-with-2-x-hose\/#primaryimage","url":"https:\/\/oud.sparepartsholland.com\/wp-content\/uploads\/2023\/07\/2-4-scaled.jpg","contentUrl":"https:\/\/oud.sparepartsholland.com\/wp-content\/uploads\/2023\/07\/2-4-scaled.jpg","width":2560,"height":2560},{"@type":"BreadcrumbList","@id":"https:\/\/oud.sparepartsholland.com\/produit\/hydraulic-side-link-cylinder-550-750-with-2-x-hose\/#breadcrumb","itemListElement":[{"@type":"ListItem","position":1,"name":"Home","item":"https:\/\/oud.sparepartsholland.com\/fr\/"},{"@type":"ListItem","position":2,"name":"Boutique","item":"https:\/\/oud.sparepartsholland.com\/shop\/"},{"@type":"ListItem","position":3,"name":"Chandelle de Relevage Hydraulique s&#8217;adapte \u00e0 plusieurs 550 &#8211; 750 mm)"}]},{"@type":"WebSite","@id":"https:\/\/oud.sparepartsholland.com\/#website","url":"https:\/\/oud.sparepartsholland.com\/","name":"Sparepartsholland","description":"","publisher":{"@id":"https:\/\/oud.sparepartsholland.com\/#organization"},"potentialAction":[{"@type":"SearchAction","target":{"@type":"EntryPoint","urlTemplate":"https:\/\/oud.sparepartsholland.com\/?s={search_term_string}"},"query-input":{"@type":"PropertyValueSpecification","valueRequired":true,"valueName":"search_term_string"}}],"inLanguage":"fr-FR"},{"@type":"Organization","@id":"https:\/\/oud.sparepartsholland.com\/#organization","name":"Spare Parts Holland","url":"https:\/\/oud.sparepartsholland.com\/","logo":{"@type":"ImageObject","inLanguage":"fr-FR","@id":"https:\/\/oud.sparepartsholland.com\/#\/schema\/logo\/image\/","url":"https:\/\/oud.sparepartsholland.com\/wp-content\/uploads\/2022\/06\/spareparts-1.png","contentUrl":"https:\/\/oud.sparepartsholland.com\/wp-content\/uploads\/2022\/06\/spareparts-1.png","width":824,"height":685,"caption":"Spare Parts Holland"},"image":{"@id":"https:\/\/oud.sparepartsholland.com\/#\/schema\/logo\/image\/"}}]}},"_links":{"self":[{"href":"https:\/\/oud.sparepartsholland.com\/fr\/wp-json\/wp\/v2\/product\/32745","targetHints":{"allow":["GET"]}}],"collection":[{"href":"https:\/\/oud.sparepartsholland.com\/fr\/wp-json\/wp\/v2\/product"}],"about":[{"href":"https:\/\/oud.sparepartsholland.com\/fr\/wp-json\/wp\/v2\/types\/product"}],"wp:featuredmedia":[{"embeddable":true,"href":"https:\/\/oud.sparepartsholland.com\/fr\/wp-json\/wp\/v2\/media\/33189"}],"wp:attachment":[{"href":"https:\/\/oud.sparepartsholland.com\/fr\/wp-json\/wp\/v2\/media?parent=32745"}],"wp:term":[{"taxonomy":"product_brand","embeddable":true,"href":"https:\/\/oud.sparepartsholland.com\/fr\/wp-json\/wp\/v2\/product_brand?post=32745"},{"taxonomy":"product_cat","embeddable":true,"href":"https:\/\/oud.sparepartsholland.com\/fr\/wp-json\/wp\/v2\/product_cat?post=32745"},{"taxonomy":"product_tag","embeddable":true,"href":"https:\/\/oud.sparepartsholland.com\/fr\/wp-json\/wp\/v2\/product_tag?post=32745"}],"curies":[{"name":"wp","href":"https:\/\/api.w.org\/{rel}","templated":true}]}}