{"id":32843,"date":"2023-08-17T13:42:43","date_gmt":"2023-08-17T12:42:43","guid":{"rendered":"https:\/\/sparepartsholland.com\/?post_type=product&#038;p=32843"},"modified":"2023-08-17T14:02:07","modified_gmt":"2023-08-17T13:02:07","slug":"support-anti-rotation-de-remorquage-pour-tracteurs","status":"publish","type":"product","link":"https:\/\/oud.sparepartsholland.com\/fr\/produit\/support-anti-rotation-de-remorquage-pour-tracteurs\/","title":{"rendered":"Support Anti-rotation de Remorquage pour Tracteurs"},"content":{"rendered":"<p>Support de dispositif anti-rotation pour semi-remorques avec troisi\u00e8me point r\u00e9glable. Ce support de dispositif anti-rotation convient aux remorques de tracteur. Le support emp\u00eache le timon de tourner lors de la traction et du levage. Le troisi\u00e8me point est r\u00e9glable par une vis.<\/p>\n","protected":false},"excerpt":{"rendered":"<p>Le support emp\u00eache le timon de tourner lors de la traction et du levage. Le troisi\u00e8me point est r\u00e9glable par une vis.<\/p>\n","protected":false},"featured_media":32800,"template":"","meta":{"inline_featured_image":false},"product_brand":[],"product_cat":[611,610,612,613,495],"product_tag":[],"class_list":{"0":"post-32843","1":"product","2":"type-product","3":"status-publish","4":"has-post-thumbnail","6":"product_cat-deutz-fr","7":"product_cat-case-fr-2","8":"product_cat-ford-fr","9":"product_cat-john-deere-fr","10":"product_cat-pieces-de-chassis","12":"first","13":"instock","14":"taxable","15":"shipping-taxable","16":"purchasable","17":"product-type-simple"},"yoast_head":"<!-- This site is optimized with the Yoast SEO plugin v25.0 - https:\/\/yoast.com\/wordpress\/plugins\/seo\/ -->\n<title>Support Anti-rotation de Remorquage pour Tracteurs - Sparepartsholland<\/title>\n<meta name=\"description\" content=\"Le support emp\u00eache le timon de tourner lors de la traction et du levage. Le troisi\u00e8me point est r\u00e9glable par une vis. Livraison rapide.\" \/>\n<meta name=\"robots\" content=\"noindex, follow, max-snippet:-1, max-image-preview:large, max-video-preview:-1\" \/>\n<meta property=\"og:locale\" content=\"fr_FR\" \/>\n<meta property=\"og:type\" content=\"article\" \/>\n<meta property=\"og:title\" content=\"Support Anti-rotation de Remorquage pour Tracteurs - Sparepartsholland\" \/>\n<meta property=\"og:description\" content=\"Le support emp\u00eache le timon de tourner lors de la traction et du levage. Le troisi\u00e8me point est r\u00e9glable par une vis. Livraison rapide.\" \/>\n<meta property=\"og:url\" content=\"https:\/\/oud.sparepartsholland.com\/produit\/drawbar-limit-anti-rotation\/\" \/>\n<meta property=\"og:site_name\" content=\"Sparepartsholland\" \/>\n<meta property=\"article:modified_time\" content=\"2023-08-17T13:02:07+00:00\" \/>\n<meta property=\"og:image\" content=\"https:\/\/oud.sparepartsholland.com\/wp-content\/uploads\/2023\/08\/s-l1600-1.jpg\" \/>\n\t<meta property=\"og:image:width\" content=\"1600\" \/>\n\t<meta property=\"og:image:height\" content=\"1600\" \/>\n\t<meta property=\"og:image:type\" content=\"image\/jpeg\" \/>\n<meta name=\"twitter:card\" content=\"summary_large_image\" \/>\n<meta name=\"twitter:label1\" content=\"Dur\u00e9e de lecture estim\u00e9e\" \/>\n\t<meta name=\"twitter:data1\" content=\"1 minute\" \/>\n<script type=\"application\/ld+json\" class=\"yoast-schema-graph\">{\"@context\":\"https:\/\/schema.org\",\"@graph\":[{\"@type\":[\"WebPage\",\"ItemPage\"],\"@id\":\"https:\/\/oud.sparepartsholland.com\/produit\/drawbar-limit-anti-rotation\/\",\"url\":\"https:\/\/oud.sparepartsholland.com\/produit\/drawbar-limit-anti-rotation\/\",\"name\":\"Support Anti-rotation de Remorquage pour Tracteurs - Sparepartsholland\",\"isPartOf\":{\"@id\":\"https:\/\/oud.sparepartsholland.com\/#website\"},\"primaryImageOfPage\":{\"@id\":\"https:\/\/oud.sparepartsholland.com\/produit\/drawbar-limit-anti-rotation\/#primaryimage\"},\"image\":{\"@id\":\"https:\/\/oud.sparepartsholland.com\/produit\/drawbar-limit-anti-rotation\/#primaryimage\"},\"thumbnailUrl\":\"https:\/\/oud.sparepartsholland.com\/wp-content\/uploads\/2023\/08\/s-l1600-1.jpg\",\"datePublished\":\"2023-08-17T12:42:43+00:00\",\"dateModified\":\"2023-08-17T13:02:07+00:00\",\"description\":\"Le support emp\u00eache le timon de tourner lors de la traction et du levage. Le troisi\u00e8me point est r\u00e9glable par une vis. Livraison rapide.\",\"breadcrumb\":{\"@id\":\"https:\/\/oud.sparepartsholland.com\/produit\/drawbar-limit-anti-rotation\/#breadcrumb\"},\"inLanguage\":\"fr-FR\",\"potentialAction\":[{\"@type\":\"ReadAction\",\"target\":[\"https:\/\/oud.sparepartsholland.com\/produit\/drawbar-limit-anti-rotation\/\"]}]},{\"@type\":\"ImageObject\",\"inLanguage\":\"fr-FR\",\"@id\":\"https:\/\/oud.sparepartsholland.com\/produit\/drawbar-limit-anti-rotation\/#primaryimage\",\"url\":\"https:\/\/oud.sparepartsholland.com\/wp-content\/uploads\/2023\/08\/s-l1600-1.jpg\",\"contentUrl\":\"https:\/\/oud.sparepartsholland.com\/wp-content\/uploads\/2023\/08\/s-l1600-1.jpg\",\"width\":1600,\"height\":1600},{\"@type\":\"BreadcrumbList\",\"@id\":\"https:\/\/oud.sparepartsholland.com\/produit\/drawbar-limit-anti-rotation\/#breadcrumb\",\"itemListElement\":[{\"@type\":\"ListItem\",\"position\":1,\"name\":\"Home\",\"item\":\"https:\/\/oud.sparepartsholland.com\/fr\/\"},{\"@type\":\"ListItem\",\"position\":2,\"name\":\"Boutique\",\"item\":\"https:\/\/oud.sparepartsholland.com\/shop\/\"},{\"@type\":\"ListItem\",\"position\":3,\"name\":\"Support Anti-rotation de Remorquage pour Tracteurs\"}]},{\"@type\":\"WebSite\",\"@id\":\"https:\/\/oud.sparepartsholland.com\/#website\",\"url\":\"https:\/\/oud.sparepartsholland.com\/\",\"name\":\"Sparepartsholland\",\"description\":\"\",\"publisher\":{\"@id\":\"https:\/\/oud.sparepartsholland.com\/#organization\"},\"potentialAction\":[{\"@type\":\"SearchAction\",\"target\":{\"@type\":\"EntryPoint\",\"urlTemplate\":\"https:\/\/oud.sparepartsholland.com\/?s={search_term_string}\"},\"query-input\":{\"@type\":\"PropertyValueSpecification\",\"valueRequired\":true,\"valueName\":\"search_term_string\"}}],\"inLanguage\":\"fr-FR\"},{\"@type\":\"Organization\",\"@id\":\"https:\/\/oud.sparepartsholland.com\/#organization\",\"name\":\"Spare Parts Holland\",\"url\":\"https:\/\/oud.sparepartsholland.com\/\",\"logo\":{\"@type\":\"ImageObject\",\"inLanguage\":\"fr-FR\",\"@id\":\"https:\/\/oud.sparepartsholland.com\/#\/schema\/logo\/image\/\",\"url\":\"https:\/\/oud.sparepartsholland.com\/wp-content\/uploads\/2022\/06\/spareparts-1.png\",\"contentUrl\":\"https:\/\/oud.sparepartsholland.com\/wp-content\/uploads\/2022\/06\/spareparts-1.png\",\"width\":824,\"height\":685,\"caption\":\"Spare Parts Holland\"},\"image\":{\"@id\":\"https:\/\/oud.sparepartsholland.com\/#\/schema\/logo\/image\/\"}}]}<\/script>\n<!-- \/ Yoast SEO plugin. -->","yoast_head_json":{"title":"Support Anti-rotation de Remorquage pour Tracteurs - Sparepartsholland","description":"Le support emp\u00eache le timon de tourner lors de la traction et du levage. Le troisi\u00e8me point est r\u00e9glable par une vis. Livraison rapide.","robots":{"index":"noindex","follow":"follow","max-snippet":"max-snippet:-1","max-image-preview":"max-image-preview:large","max-video-preview":"max-video-preview:-1"},"og_locale":"fr_FR","og_type":"article","og_title":"Support Anti-rotation de Remorquage pour Tracteurs - Sparepartsholland","og_description":"Le support emp\u00eache le timon de tourner lors de la traction et du levage. Le troisi\u00e8me point est r\u00e9glable par une vis. Livraison rapide.","og_url":"https:\/\/oud.sparepartsholland.com\/produit\/drawbar-limit-anti-rotation\/","og_site_name":"Sparepartsholland","article_modified_time":"2023-08-17T13:02:07+00:00","og_image":[{"width":1600,"height":1600,"url":"https:\/\/oud.sparepartsholland.com\/wp-content\/uploads\/2023\/08\/s-l1600-1.jpg","type":"image\/jpeg"}],"twitter_card":"summary_large_image","twitter_misc":{"Dur\u00e9e de lecture estim\u00e9e":"1 minute"},"schema":{"@context":"https:\/\/schema.org","@graph":[{"@type":["WebPage","ItemPage"],"@id":"https:\/\/oud.sparepartsholland.com\/produit\/drawbar-limit-anti-rotation\/","url":"https:\/\/oud.sparepartsholland.com\/produit\/drawbar-limit-anti-rotation\/","name":"Support Anti-rotation de Remorquage pour Tracteurs - Sparepartsholland","isPartOf":{"@id":"https:\/\/oud.sparepartsholland.com\/#website"},"primaryImageOfPage":{"@id":"https:\/\/oud.sparepartsholland.com\/produit\/drawbar-limit-anti-rotation\/#primaryimage"},"image":{"@id":"https:\/\/oud.sparepartsholland.com\/produit\/drawbar-limit-anti-rotation\/#primaryimage"},"thumbnailUrl":"https:\/\/oud.sparepartsholland.com\/wp-content\/uploads\/2023\/08\/s-l1600-1.jpg","datePublished":"2023-08-17T12:42:43+00:00","dateModified":"2023-08-17T13:02:07+00:00","description":"Le support emp\u00eache le timon de tourner lors de la traction et du levage. Le troisi\u00e8me point est r\u00e9glable par une vis. Livraison rapide.","breadcrumb":{"@id":"https:\/\/oud.sparepartsholland.com\/produit\/drawbar-limit-anti-rotation\/#breadcrumb"},"inLanguage":"fr-FR","potentialAction":[{"@type":"ReadAction","target":["https:\/\/oud.sparepartsholland.com\/produit\/drawbar-limit-anti-rotation\/"]}]},{"@type":"ImageObject","inLanguage":"fr-FR","@id":"https:\/\/oud.sparepartsholland.com\/produit\/drawbar-limit-anti-rotation\/#primaryimage","url":"https:\/\/oud.sparepartsholland.com\/wp-content\/uploads\/2023\/08\/s-l1600-1.jpg","contentUrl":"https:\/\/oud.sparepartsholland.com\/wp-content\/uploads\/2023\/08\/s-l1600-1.jpg","width":1600,"height":1600},{"@type":"BreadcrumbList","@id":"https:\/\/oud.sparepartsholland.com\/produit\/drawbar-limit-anti-rotation\/#breadcrumb","itemListElement":[{"@type":"ListItem","position":1,"name":"Home","item":"https:\/\/oud.sparepartsholland.com\/fr\/"},{"@type":"ListItem","position":2,"name":"Boutique","item":"https:\/\/oud.sparepartsholland.com\/shop\/"},{"@type":"ListItem","position":3,"name":"Support Anti-rotation de Remorquage pour Tracteurs"}]},{"@type":"WebSite","@id":"https:\/\/oud.sparepartsholland.com\/#website","url":"https:\/\/oud.sparepartsholland.com\/","name":"Sparepartsholland","description":"","publisher":{"@id":"https:\/\/oud.sparepartsholland.com\/#organization"},"potentialAction":[{"@type":"SearchAction","target":{"@type":"EntryPoint","urlTemplate":"https:\/\/oud.sparepartsholland.com\/?s={search_term_string}"},"query-input":{"@type":"PropertyValueSpecification","valueRequired":true,"valueName":"search_term_string"}}],"inLanguage":"fr-FR"},{"@type":"Organization","@id":"https:\/\/oud.sparepartsholland.com\/#organization","name":"Spare Parts Holland","url":"https:\/\/oud.sparepartsholland.com\/","logo":{"@type":"ImageObject","inLanguage":"fr-FR","@id":"https:\/\/oud.sparepartsholland.com\/#\/schema\/logo\/image\/","url":"https:\/\/oud.sparepartsholland.com\/wp-content\/uploads\/2022\/06\/spareparts-1.png","contentUrl":"https:\/\/oud.sparepartsholland.com\/wp-content\/uploads\/2022\/06\/spareparts-1.png","width":824,"height":685,"caption":"Spare Parts Holland"},"image":{"@id":"https:\/\/oud.sparepartsholland.com\/#\/schema\/logo\/image\/"}}]}},"_links":{"self":[{"href":"https:\/\/oud.sparepartsholland.com\/fr\/wp-json\/wp\/v2\/product\/32843","targetHints":{"allow":["GET"]}}],"collection":[{"href":"https:\/\/oud.sparepartsholland.com\/fr\/wp-json\/wp\/v2\/product"}],"about":[{"href":"https:\/\/oud.sparepartsholland.com\/fr\/wp-json\/wp\/v2\/types\/product"}],"wp:featuredmedia":[{"embeddable":true,"href":"https:\/\/oud.sparepartsholland.com\/fr\/wp-json\/wp\/v2\/media\/32800"}],"wp:attachment":[{"href":"https:\/\/oud.sparepartsholland.com\/fr\/wp-json\/wp\/v2\/media?parent=32843"}],"wp:term":[{"taxonomy":"product_brand","embeddable":true,"href":"https:\/\/oud.sparepartsholland.com\/fr\/wp-json\/wp\/v2\/product_brand?post=32843"},{"taxonomy":"product_cat","embeddable":true,"href":"https:\/\/oud.sparepartsholland.com\/fr\/wp-json\/wp\/v2\/product_cat?post=32843"},{"taxonomy":"product_tag","embeddable":true,"href":"https:\/\/oud.sparepartsholland.com\/fr\/wp-json\/wp\/v2\/product_tag?post=32843"}],"curies":[{"name":"wp","href":"https:\/\/api.w.org\/{rel}","templated":true}]}}