{"id":35305,"date":"2023-10-26T12:37:01","date_gmt":"2023-10-26T11:37:01","guid":{"rendered":"https:\/\/sparepartsholland.com\/?post_type=product&#038;p=35305"},"modified":"2023-10-26T12:01:58","modified_gmt":"2023-10-26T11:01:58","slug":"barre-de-poussee-hydraulique-cat-3-o254-645-925-mm-avec-crochet-clapet-anti-retour-et-2-flexibles-hydrauliques","status":"publish","type":"product","link":"https:\/\/oud.sparepartsholland.com\/fr\/produit\/barre-de-poussee-hydraulique-cat-3-o254-645-925-mm-avec-crochet-clapet-anti-retour-et-2-flexibles-hydrauliques\/","title":{"rendered":"Barre de Pouss\u00e9e Hydraulique Cat 3 &#8211; \u00d825,4 (645 &#8211; 925 mm) avec Crochet, Clapet Anti-retour et 2 Flexibles Hydrauliques"},"content":{"rendered":"<p>Barre de pouss\u00e9e hydraulique Cat. 3 avec clapet anti-retour, 645 &#8211; 925 mm, y compris 2 flexibles hydrauliques.<\/p>\n<p>La barre de pouss\u00e9e hydraulique que nous proposons remplace la barre de pouss\u00e9e existante sur le tracteur et facilite votre travail quotidien. Cela n\u00e9cessite une soupape de commande \u00e0 double effet sur le tracteur &#8211; une combinaison imbattable en combinaison avec le clapet anti-retour int\u00e9gr\u00e9 *.<\/p>\n<p>* Lors du r\u00e9glage du barre de pouss\u00e9e hydraulique, il est tr\u00e8s important que la position r\u00e9gl\u00e9e soit maintenue m\u00eame apr\u00e8s une longue p\u00e9riode de temps. Cela n&#8217;est gu\u00e8re possible barres de pouss\u00e9e hydrauliques sans clapet anti-retour, car les unit\u00e9s de commande du tracteur ne se verrouillent pas aussi fermement. Ce barre de pouss\u00e9e hydraulique est donc \u00e9quip\u00e9 d&#8217;un clapet anti-retour. Avec cette soupape, l&#8217;huile dans le cylindre est enferm\u00e9e par un clapet anti-retour. Ce n&#8217;est que lorsque la pression d&#8217;huile revient du tracteur que la vanne s&#8217;ouvre et que le v\u00e9rin peut \u00eatre r\u00e9gl\u00e9.<\/p>\n<ul>\n<li>Finition de haute qualit\u00e9 et peinture noire<\/li>\n<li>Comprend un clapet anti-retour<\/li>\n<li>Barre de pouss\u00e9e Cat 3<\/li>\n<li>2 x raccords hydrauliques<\/li>\n<li>La livraison est enti\u00e8rement assembl\u00e9e<\/li>\n<\/ul>\n<p><strong>Sp\u00e9cifications techniques:<\/strong><\/p>\n<ul>\n<li>Cat\u00e9gorie : 3<\/li>\n<li>Trou d&#8217;\u00e9pingle : 25,4<\/li>\n<li>Al\u00e9sage du cylindre : 80X90<\/li>\n<li>Diam\u00e8tre de la tige : 40 mm<\/li>\n<li>Pression hydraulique max. 250 barres<\/li>\n<li>Pouss\u00e9e : 12 tonnes<\/li>\n<\/ul>\n<p>2 x flexibles hydraulique avec bouchon et capuchon anti-poussi\u00e8re<\/p>\n<ul>\n<li>Connexion : passe-cloison 12-L taille 3 (connecteur de couplage commun), t\u00e9ton 18-1,5 SW22 + union<\/li>\n<li>D\u00e9signation flexible Blue Flex SAE 100 3\/8 R2AT DIN EN 853 2SN DN10 W.P.330<\/li>\n<li>Pression de travail : 180 bars<\/li>\n<\/ul>\n","protected":false},"excerpt":{"rendered":"<ul>\n<li>Finition de haute qualit\u00e9 et peinture noire<\/li>\n<li>Comprend un clapet anti-retour<\/li>\n<li>2 x raccords hydrauliques<\/li>\n<li>La livraison est enti\u00e8rement assembl\u00e9e<\/li>\n<\/ul>\n","protected":false},"featured_media":34898,"template":"","meta":{"inline_featured_image":false},"product_brand":[],"product_cat":[2627],"product_tag":[],"class_list":{"0":"post-35305","1":"product","2":"type-product","3":"status-publish","4":"has-post-thumbnail","6":"product_cat-crochet-cat-3","8":"first","9":"instock","10":"taxable","11":"shipping-taxable","12":"purchasable","13":"product-type-simple"},"yoast_head":"<!-- This site is optimized with the Yoast SEO plugin v25.0 - https:\/\/yoast.com\/wordpress\/plugins\/seo\/ -->\n<title>Barre de Pouss\u00e9e Hydraulique Cat 3 - \u00d825,4 (645 - 925 mm) avec Crochet, Clapet Anti-retour et 2 Flexibles Hydrauliques - Sparepartsholland<\/title>\n<meta name=\"description\" content=\"La barre de pouss\u00e9e hydraulique que nous proposons remplace la barre de pouss\u00e9e existante sur le tracteur et facilite votre travail quotidien.\" \/>\n<meta name=\"robots\" content=\"noindex, follow, max-snippet:-1, max-image-preview:large, max-video-preview:-1\" \/>\n<meta property=\"og:locale\" content=\"fr_FR\" \/>\n<meta property=\"og:type\" content=\"article\" \/>\n<meta property=\"og:title\" content=\"Barre de Pouss\u00e9e Hydraulique Cat 3 - \u00d825,4 (645 - 925 mm) avec Crochet, Clapet Anti-retour et 2 Flexibles Hydrauliques - Sparepartsholland\" \/>\n<meta property=\"og:description\" content=\"La barre de pouss\u00e9e hydraulique que nous proposons remplace la barre de pouss\u00e9e existante sur le tracteur et facilite votre travail quotidien.\" \/>\n<meta property=\"og:url\" content=\"https:\/\/oud.sparepartsholland.com\/produit\/hydraulic-top-link-cat-3-hole-o254-645-925-with-hook-locking-block-and-2-x-hoses\/\" \/>\n<meta property=\"og:site_name\" content=\"Sparepartsholland\" \/>\n<meta property=\"og:image\" content=\"https:\/\/oud.sparepartsholland.com\/wp-content\/uploads\/2023\/10\/2-scaled.jpg\" \/>\n\t<meta property=\"og:image:width\" content=\"2560\" \/>\n\t<meta property=\"og:image:height\" content=\"2560\" \/>\n\t<meta property=\"og:image:type\" content=\"image\/jpeg\" \/>\n<meta name=\"twitter:card\" content=\"summary_large_image\" \/>\n<meta name=\"twitter:label1\" content=\"Dur\u00e9e de lecture estim\u00e9e\" \/>\n\t<meta name=\"twitter:data1\" content=\"2 minutes\" \/>\n<script type=\"application\/ld+json\" class=\"yoast-schema-graph\">{\"@context\":\"https:\/\/schema.org\",\"@graph\":[{\"@type\":[\"WebPage\",\"ItemPage\"],\"@id\":\"https:\/\/oud.sparepartsholland.com\/produit\/hydraulic-top-link-cat-3-hole-o254-645-925-with-hook-locking-block-and-2-x-hoses\/\",\"url\":\"https:\/\/oud.sparepartsholland.com\/produit\/hydraulic-top-link-cat-3-hole-o254-645-925-with-hook-locking-block-and-2-x-hoses\/\",\"name\":\"Barre de Pouss\u00e9e Hydraulique Cat 3 - \u00d825,4 (645 - 925 mm) avec Crochet, Clapet Anti-retour et 2 Flexibles Hydrauliques - Sparepartsholland\",\"isPartOf\":{\"@id\":\"https:\/\/oud.sparepartsholland.com\/#website\"},\"primaryImageOfPage\":{\"@id\":\"https:\/\/oud.sparepartsholland.com\/produit\/hydraulic-top-link-cat-3-hole-o254-645-925-with-hook-locking-block-and-2-x-hoses\/#primaryimage\"},\"image\":{\"@id\":\"https:\/\/oud.sparepartsholland.com\/produit\/hydraulic-top-link-cat-3-hole-o254-645-925-with-hook-locking-block-and-2-x-hoses\/#primaryimage\"},\"thumbnailUrl\":\"https:\/\/oud.sparepartsholland.com\/wp-content\/uploads\/2023\/10\/2-scaled.jpg\",\"datePublished\":\"2023-10-26T11:37:01+00:00\",\"description\":\"La barre de pouss\u00e9e hydraulique que nous proposons remplace la barre de pouss\u00e9e existante sur le tracteur et facilite votre travail quotidien.\",\"breadcrumb\":{\"@id\":\"https:\/\/oud.sparepartsholland.com\/produit\/hydraulic-top-link-cat-3-hole-o254-645-925-with-hook-locking-block-and-2-x-hoses\/#breadcrumb\"},\"inLanguage\":\"fr-FR\",\"potentialAction\":[{\"@type\":\"ReadAction\",\"target\":[\"https:\/\/oud.sparepartsholland.com\/produit\/hydraulic-top-link-cat-3-hole-o254-645-925-with-hook-locking-block-and-2-x-hoses\/\"]}]},{\"@type\":\"ImageObject\",\"inLanguage\":\"fr-FR\",\"@id\":\"https:\/\/oud.sparepartsholland.com\/produit\/hydraulic-top-link-cat-3-hole-o254-645-925-with-hook-locking-block-and-2-x-hoses\/#primaryimage\",\"url\":\"https:\/\/oud.sparepartsholland.com\/wp-content\/uploads\/2023\/10\/2-scaled.jpg\",\"contentUrl\":\"https:\/\/oud.sparepartsholland.com\/wp-content\/uploads\/2023\/10\/2-scaled.jpg\",\"width\":2560,\"height\":2560},{\"@type\":\"BreadcrumbList\",\"@id\":\"https:\/\/oud.sparepartsholland.com\/produit\/hydraulic-top-link-cat-3-hole-o254-645-925-with-hook-locking-block-and-2-x-hoses\/#breadcrumb\",\"itemListElement\":[{\"@type\":\"ListItem\",\"position\":1,\"name\":\"Home\",\"item\":\"https:\/\/oud.sparepartsholland.com\/fr\/\"},{\"@type\":\"ListItem\",\"position\":2,\"name\":\"Boutique\",\"item\":\"https:\/\/oud.sparepartsholland.com\/shop\/\"},{\"@type\":\"ListItem\",\"position\":3,\"name\":\"Barre de Pouss\u00e9e Hydraulique Cat 3 &#8211; \u00d825,4 (645 &#8211; 925 mm) avec Crochet, Clapet Anti-retour et 2 Flexibles Hydrauliques\"}]},{\"@type\":\"WebSite\",\"@id\":\"https:\/\/oud.sparepartsholland.com\/#website\",\"url\":\"https:\/\/oud.sparepartsholland.com\/\",\"name\":\"Sparepartsholland\",\"description\":\"\",\"publisher\":{\"@id\":\"https:\/\/oud.sparepartsholland.com\/#organization\"},\"potentialAction\":[{\"@type\":\"SearchAction\",\"target\":{\"@type\":\"EntryPoint\",\"urlTemplate\":\"https:\/\/oud.sparepartsholland.com\/?s={search_term_string}\"},\"query-input\":{\"@type\":\"PropertyValueSpecification\",\"valueRequired\":true,\"valueName\":\"search_term_string\"}}],\"inLanguage\":\"fr-FR\"},{\"@type\":\"Organization\",\"@id\":\"https:\/\/oud.sparepartsholland.com\/#organization\",\"name\":\"Spare Parts Holland\",\"url\":\"https:\/\/oud.sparepartsholland.com\/\",\"logo\":{\"@type\":\"ImageObject\",\"inLanguage\":\"fr-FR\",\"@id\":\"https:\/\/oud.sparepartsholland.com\/#\/schema\/logo\/image\/\",\"url\":\"https:\/\/oud.sparepartsholland.com\/wp-content\/uploads\/2022\/06\/spareparts-1.png\",\"contentUrl\":\"https:\/\/oud.sparepartsholland.com\/wp-content\/uploads\/2022\/06\/spareparts-1.png\",\"width\":824,\"height\":685,\"caption\":\"Spare Parts Holland\"},\"image\":{\"@id\":\"https:\/\/oud.sparepartsholland.com\/#\/schema\/logo\/image\/\"}}]}<\/script>\n<!-- \/ Yoast SEO plugin. -->","yoast_head_json":{"title":"Barre de Pouss\u00e9e Hydraulique Cat 3 - \u00d825,4 (645 - 925 mm) avec Crochet, Clapet Anti-retour et 2 Flexibles Hydrauliques - Sparepartsholland","description":"La barre de pouss\u00e9e hydraulique que nous proposons remplace la barre de pouss\u00e9e existante sur le tracteur et facilite votre travail quotidien.","robots":{"index":"noindex","follow":"follow","max-snippet":"max-snippet:-1","max-image-preview":"max-image-preview:large","max-video-preview":"max-video-preview:-1"},"og_locale":"fr_FR","og_type":"article","og_title":"Barre de Pouss\u00e9e Hydraulique Cat 3 - \u00d825,4 (645 - 925 mm) avec Crochet, Clapet Anti-retour et 2 Flexibles Hydrauliques - Sparepartsholland","og_description":"La barre de pouss\u00e9e hydraulique que nous proposons remplace la barre de pouss\u00e9e existante sur le tracteur et facilite votre travail quotidien.","og_url":"https:\/\/oud.sparepartsholland.com\/produit\/hydraulic-top-link-cat-3-hole-o254-645-925-with-hook-locking-block-and-2-x-hoses\/","og_site_name":"Sparepartsholland","og_image":[{"width":2560,"height":2560,"url":"https:\/\/oud.sparepartsholland.com\/wp-content\/uploads\/2023\/10\/2-scaled.jpg","type":"image\/jpeg"}],"twitter_card":"summary_large_image","twitter_misc":{"Dur\u00e9e de lecture estim\u00e9e":"2 minutes"},"schema":{"@context":"https:\/\/schema.org","@graph":[{"@type":["WebPage","ItemPage"],"@id":"https:\/\/oud.sparepartsholland.com\/produit\/hydraulic-top-link-cat-3-hole-o254-645-925-with-hook-locking-block-and-2-x-hoses\/","url":"https:\/\/oud.sparepartsholland.com\/produit\/hydraulic-top-link-cat-3-hole-o254-645-925-with-hook-locking-block-and-2-x-hoses\/","name":"Barre de Pouss\u00e9e Hydraulique Cat 3 - \u00d825,4 (645 - 925 mm) avec Crochet, Clapet Anti-retour et 2 Flexibles Hydrauliques - Sparepartsholland","isPartOf":{"@id":"https:\/\/oud.sparepartsholland.com\/#website"},"primaryImageOfPage":{"@id":"https:\/\/oud.sparepartsholland.com\/produit\/hydraulic-top-link-cat-3-hole-o254-645-925-with-hook-locking-block-and-2-x-hoses\/#primaryimage"},"image":{"@id":"https:\/\/oud.sparepartsholland.com\/produit\/hydraulic-top-link-cat-3-hole-o254-645-925-with-hook-locking-block-and-2-x-hoses\/#primaryimage"},"thumbnailUrl":"https:\/\/oud.sparepartsholland.com\/wp-content\/uploads\/2023\/10\/2-scaled.jpg","datePublished":"2023-10-26T11:37:01+00:00","description":"La barre de pouss\u00e9e hydraulique que nous proposons remplace la barre de pouss\u00e9e existante sur le tracteur et facilite votre travail quotidien.","breadcrumb":{"@id":"https:\/\/oud.sparepartsholland.com\/produit\/hydraulic-top-link-cat-3-hole-o254-645-925-with-hook-locking-block-and-2-x-hoses\/#breadcrumb"},"inLanguage":"fr-FR","potentialAction":[{"@type":"ReadAction","target":["https:\/\/oud.sparepartsholland.com\/produit\/hydraulic-top-link-cat-3-hole-o254-645-925-with-hook-locking-block-and-2-x-hoses\/"]}]},{"@type":"ImageObject","inLanguage":"fr-FR","@id":"https:\/\/oud.sparepartsholland.com\/produit\/hydraulic-top-link-cat-3-hole-o254-645-925-with-hook-locking-block-and-2-x-hoses\/#primaryimage","url":"https:\/\/oud.sparepartsholland.com\/wp-content\/uploads\/2023\/10\/2-scaled.jpg","contentUrl":"https:\/\/oud.sparepartsholland.com\/wp-content\/uploads\/2023\/10\/2-scaled.jpg","width":2560,"height":2560},{"@type":"BreadcrumbList","@id":"https:\/\/oud.sparepartsholland.com\/produit\/hydraulic-top-link-cat-3-hole-o254-645-925-with-hook-locking-block-and-2-x-hoses\/#breadcrumb","itemListElement":[{"@type":"ListItem","position":1,"name":"Home","item":"https:\/\/oud.sparepartsholland.com\/fr\/"},{"@type":"ListItem","position":2,"name":"Boutique","item":"https:\/\/oud.sparepartsholland.com\/shop\/"},{"@type":"ListItem","position":3,"name":"Barre de Pouss\u00e9e Hydraulique Cat 3 &#8211; \u00d825,4 (645 &#8211; 925 mm) avec Crochet, Clapet Anti-retour et 2 Flexibles Hydrauliques"}]},{"@type":"WebSite","@id":"https:\/\/oud.sparepartsholland.com\/#website","url":"https:\/\/oud.sparepartsholland.com\/","name":"Sparepartsholland","description":"","publisher":{"@id":"https:\/\/oud.sparepartsholland.com\/#organization"},"potentialAction":[{"@type":"SearchAction","target":{"@type":"EntryPoint","urlTemplate":"https:\/\/oud.sparepartsholland.com\/?s={search_term_string}"},"query-input":{"@type":"PropertyValueSpecification","valueRequired":true,"valueName":"search_term_string"}}],"inLanguage":"fr-FR"},{"@type":"Organization","@id":"https:\/\/oud.sparepartsholland.com\/#organization","name":"Spare Parts Holland","url":"https:\/\/oud.sparepartsholland.com\/","logo":{"@type":"ImageObject","inLanguage":"fr-FR","@id":"https:\/\/oud.sparepartsholland.com\/#\/schema\/logo\/image\/","url":"https:\/\/oud.sparepartsholland.com\/wp-content\/uploads\/2022\/06\/spareparts-1.png","contentUrl":"https:\/\/oud.sparepartsholland.com\/wp-content\/uploads\/2022\/06\/spareparts-1.png","width":824,"height":685,"caption":"Spare Parts Holland"},"image":{"@id":"https:\/\/oud.sparepartsholland.com\/#\/schema\/logo\/image\/"}}]}},"_links":{"self":[{"href":"https:\/\/oud.sparepartsholland.com\/fr\/wp-json\/wp\/v2\/product\/35305","targetHints":{"allow":["GET"]}}],"collection":[{"href":"https:\/\/oud.sparepartsholland.com\/fr\/wp-json\/wp\/v2\/product"}],"about":[{"href":"https:\/\/oud.sparepartsholland.com\/fr\/wp-json\/wp\/v2\/types\/product"}],"wp:featuredmedia":[{"embeddable":true,"href":"https:\/\/oud.sparepartsholland.com\/fr\/wp-json\/wp\/v2\/media\/34898"}],"wp:attachment":[{"href":"https:\/\/oud.sparepartsholland.com\/fr\/wp-json\/wp\/v2\/media?parent=35305"}],"wp:term":[{"taxonomy":"product_brand","embeddable":true,"href":"https:\/\/oud.sparepartsholland.com\/fr\/wp-json\/wp\/v2\/product_brand?post=35305"},{"taxonomy":"product_cat","embeddable":true,"href":"https:\/\/oud.sparepartsholland.com\/fr\/wp-json\/wp\/v2\/product_cat?post=35305"},{"taxonomy":"product_tag","embeddable":true,"href":"https:\/\/oud.sparepartsholland.com\/fr\/wp-json\/wp\/v2\/product_tag?post=35305"}],"curies":[{"name":"wp","href":"https:\/\/api.w.org\/{rel}","templated":true}]}}