{"id":36796,"date":"2023-12-04T17:37:22","date_gmt":"2023-12-04T16:37:22","guid":{"rendered":"https:\/\/sparepartsholland.com\/?post_type=product&#038;p=36796"},"modified":"2025-05-11T18:25:40","modified_gmt":"2025-05-11T17:25:40","slug":"5126941-cylindre-de-direction-assistee-pour-fiat-new-holland","status":"publish","type":"product","link":"https:\/\/oud.sparepartsholland.com\/fr\/produit\/5126941-cylindre-de-direction-assistee-pour-fiat-new-holland\/","title":{"rendered":"5126941 V\u00e9rin de direction assist\u00e9e pour Fiat-New Holland"},"content":{"rendered":"<p>Ce v\u00e8rin de direction assist\u00e9e remplace les num\u00e9ros OEM : 5126941, 5131098, 5137121, 5140208, 380041.<\/p>\n<p>FIAT \u2013 NEW HOLLAND<br \/>\n446, 466, 566, 666, 766, 580, 680,<br \/>\n780, 880, 880\/5, 980, 55\/46, 55\/66, 60\/66, 65\/46,<br \/>\n65\/66, 70\/66, 80\/66, 55\/90, 60\/90, 65\/90, 70\/90,<br \/>\n80\/90, 85\/90, 60\/93, 60\/94, 62\/93, 62\/94, 90\/90,<br \/>\n100\/90, 110\/90<\/p>\n","protected":false},"excerpt":{"rendered":"<ul>\n<li>Ce v\u00e9rin de direction assist\u00e9e remplace les num\u00e9ros OEM : 5126941, 5131098, 5137121, 5140208, 380041<\/li>\n<\/ul>\n","protected":false},"featured_media":36400,"template":"","meta":{"inline_featured_image":false},"product_brand":[],"product_cat":[2550],"product_tag":[],"class_list":{"0":"post-36796","1":"product","2":"type-product","3":"status-publish","4":"has-post-thumbnail","6":"product_cat-fiat-new-holland-fr","8":"first","9":"instock","10":"taxable","11":"shipping-taxable","12":"purchasable","13":"product-type-simple"},"yoast_head":"<!-- This site is optimized with the Yoast SEO plugin v25.0 - https:\/\/yoast.com\/wordpress\/plugins\/seo\/ -->\n<title>5126941 V\u00e9rin de direction assist\u00e9e pour Fiat-New Holland - Sparepartsholland<\/title>\n<meta name=\"description\" content=\"Ce v\u00e8rin de direction assist\u00e9e remplace les num\u00e9ros OEM : 5126941, 5131098, 5137121, 5140208, 380041. Livraison rapide dans le monde entier.\" \/>\n<meta name=\"robots\" content=\"noindex, follow, max-snippet:-1, max-image-preview:large, max-video-preview:-1\" \/>\n<meta property=\"og:locale\" content=\"fr_FR\" \/>\n<meta property=\"og:type\" content=\"article\" \/>\n<meta property=\"og:title\" content=\"5126941 V\u00e9rin de direction assist\u00e9e pour Fiat-New Holland - Sparepartsholland\" \/>\n<meta property=\"og:description\" content=\"Ce v\u00e8rin de direction assist\u00e9e remplace les num\u00e9ros OEM : 5126941, 5131098, 5137121, 5140208, 380041. Livraison rapide dans le monde entier.\" \/>\n<meta property=\"og:url\" content=\"https:\/\/oud.sparepartsholland.com\/fr\/produit\/5126941-cylindre-de-direction-assistee-pour-fiat-new-holland\/\" \/>\n<meta property=\"og:site_name\" content=\"Sparepartsholland\" \/>\n<meta property=\"article:modified_time\" content=\"2025-05-11T17:25:40+00:00\" \/>\n<meta property=\"og:image\" content=\"https:\/\/oud.sparepartsholland.com\/wp-content\/uploads\/2023\/12\/DSCF8164-kopya-scaled.jpg\" \/>\n\t<meta property=\"og:image:width\" content=\"2560\" \/>\n\t<meta property=\"og:image:height\" content=\"2142\" \/>\n\t<meta property=\"og:image:type\" content=\"image\/jpeg\" \/>\n<meta name=\"twitter:card\" content=\"summary_large_image\" \/>\n<meta name=\"twitter:label1\" content=\"Dur\u00e9e de lecture estim\u00e9e\" \/>\n\t<meta name=\"twitter:data1\" content=\"1 minute\" \/>\n<script type=\"application\/ld+json\" class=\"yoast-schema-graph\">{\"@context\":\"https:\/\/schema.org\",\"@graph\":[{\"@type\":[\"WebPage\",\"ItemPage\"],\"@id\":\"https:\/\/oud.sparepartsholland.com\/fr\/produit\/5126941-cylindre-de-direction-assistee-pour-fiat-new-holland\/\",\"url\":\"https:\/\/oud.sparepartsholland.com\/fr\/produit\/5126941-cylindre-de-direction-assistee-pour-fiat-new-holland\/\",\"name\":\"5126941 V\u00e9rin de direction assist\u00e9e pour Fiat-New Holland - Sparepartsholland\",\"isPartOf\":{\"@id\":\"https:\/\/oud.sparepartsholland.com\/#website\"},\"primaryImageOfPage\":{\"@id\":\"https:\/\/oud.sparepartsholland.com\/fr\/produit\/5126941-cylindre-de-direction-assistee-pour-fiat-new-holland\/#primaryimage\"},\"image\":{\"@id\":\"https:\/\/oud.sparepartsholland.com\/fr\/produit\/5126941-cylindre-de-direction-assistee-pour-fiat-new-holland\/#primaryimage\"},\"thumbnailUrl\":\"https:\/\/oud.sparepartsholland.com\/wp-content\/uploads\/2023\/12\/DSCF8164-kopya-scaled.jpg\",\"datePublished\":\"2023-12-04T16:37:22+00:00\",\"dateModified\":\"2025-05-11T17:25:40+00:00\",\"description\":\"Ce v\u00e8rin de direction assist\u00e9e remplace les num\u00e9ros OEM : 5126941, 5131098, 5137121, 5140208, 380041. Livraison rapide dans le monde entier.\",\"breadcrumb\":{\"@id\":\"https:\/\/oud.sparepartsholland.com\/fr\/produit\/5126941-cylindre-de-direction-assistee-pour-fiat-new-holland\/#breadcrumb\"},\"inLanguage\":\"fr-FR\",\"potentialAction\":[{\"@type\":\"ReadAction\",\"target\":[\"https:\/\/oud.sparepartsholland.com\/fr\/produit\/5126941-cylindre-de-direction-assistee-pour-fiat-new-holland\/\"]}]},{\"@type\":\"ImageObject\",\"inLanguage\":\"fr-FR\",\"@id\":\"https:\/\/oud.sparepartsholland.com\/fr\/produit\/5126941-cylindre-de-direction-assistee-pour-fiat-new-holland\/#primaryimage\",\"url\":\"https:\/\/oud.sparepartsholland.com\/wp-content\/uploads\/2023\/12\/DSCF8164-kopya-scaled.jpg\",\"contentUrl\":\"https:\/\/oud.sparepartsholland.com\/wp-content\/uploads\/2023\/12\/DSCF8164-kopya-scaled.jpg\",\"width\":2560,\"height\":2142},{\"@type\":\"BreadcrumbList\",\"@id\":\"https:\/\/oud.sparepartsholland.com\/fr\/produit\/5126941-cylindre-de-direction-assistee-pour-fiat-new-holland\/#breadcrumb\",\"itemListElement\":[{\"@type\":\"ListItem\",\"position\":1,\"name\":\"Home\",\"item\":\"https:\/\/oud.sparepartsholland.com\/fr\/\"},{\"@type\":\"ListItem\",\"position\":2,\"name\":\"Boutique\",\"item\":\"https:\/\/oud.sparepartsholland.com\/shop\/\"},{\"@type\":\"ListItem\",\"position\":3,\"name\":\"5126941 V\u00e9rin de direction assist\u00e9e pour Fiat-New Holland\"}]},{\"@type\":\"WebSite\",\"@id\":\"https:\/\/oud.sparepartsholland.com\/#website\",\"url\":\"https:\/\/oud.sparepartsholland.com\/\",\"name\":\"Sparepartsholland\",\"description\":\"\",\"publisher\":{\"@id\":\"https:\/\/oud.sparepartsholland.com\/#organization\"},\"potentialAction\":[{\"@type\":\"SearchAction\",\"target\":{\"@type\":\"EntryPoint\",\"urlTemplate\":\"https:\/\/oud.sparepartsholland.com\/?s={search_term_string}\"},\"query-input\":{\"@type\":\"PropertyValueSpecification\",\"valueRequired\":true,\"valueName\":\"search_term_string\"}}],\"inLanguage\":\"fr-FR\"},{\"@type\":\"Organization\",\"@id\":\"https:\/\/oud.sparepartsholland.com\/#organization\",\"name\":\"Spare Parts Holland\",\"url\":\"https:\/\/oud.sparepartsholland.com\/\",\"logo\":{\"@type\":\"ImageObject\",\"inLanguage\":\"fr-FR\",\"@id\":\"https:\/\/oud.sparepartsholland.com\/#\/schema\/logo\/image\/\",\"url\":\"https:\/\/oud.sparepartsholland.com\/wp-content\/uploads\/2022\/06\/spareparts-1.png\",\"contentUrl\":\"https:\/\/oud.sparepartsholland.com\/wp-content\/uploads\/2022\/06\/spareparts-1.png\",\"width\":824,\"height\":685,\"caption\":\"Spare Parts Holland\"},\"image\":{\"@id\":\"https:\/\/oud.sparepartsholland.com\/#\/schema\/logo\/image\/\"}}]}<\/script>\n<!-- \/ Yoast SEO plugin. -->","yoast_head_json":{"title":"5126941 V\u00e9rin de direction assist\u00e9e pour Fiat-New Holland - Sparepartsholland","description":"Ce v\u00e8rin de direction assist\u00e9e remplace les num\u00e9ros OEM : 5126941, 5131098, 5137121, 5140208, 380041. Livraison rapide dans le monde entier.","robots":{"index":"noindex","follow":"follow","max-snippet":"max-snippet:-1","max-image-preview":"max-image-preview:large","max-video-preview":"max-video-preview:-1"},"og_locale":"fr_FR","og_type":"article","og_title":"5126941 V\u00e9rin de direction assist\u00e9e pour Fiat-New Holland - Sparepartsholland","og_description":"Ce v\u00e8rin de direction assist\u00e9e remplace les num\u00e9ros OEM : 5126941, 5131098, 5137121, 5140208, 380041. Livraison rapide dans le monde entier.","og_url":"https:\/\/oud.sparepartsholland.com\/fr\/produit\/5126941-cylindre-de-direction-assistee-pour-fiat-new-holland\/","og_site_name":"Sparepartsholland","article_modified_time":"2025-05-11T17:25:40+00:00","og_image":[{"width":2560,"height":2142,"url":"https:\/\/oud.sparepartsholland.com\/wp-content\/uploads\/2023\/12\/DSCF8164-kopya-scaled.jpg","type":"image\/jpeg"}],"twitter_card":"summary_large_image","twitter_misc":{"Dur\u00e9e de lecture estim\u00e9e":"1 minute"},"schema":{"@context":"https:\/\/schema.org","@graph":[{"@type":["WebPage","ItemPage"],"@id":"https:\/\/oud.sparepartsholland.com\/fr\/produit\/5126941-cylindre-de-direction-assistee-pour-fiat-new-holland\/","url":"https:\/\/oud.sparepartsholland.com\/fr\/produit\/5126941-cylindre-de-direction-assistee-pour-fiat-new-holland\/","name":"5126941 V\u00e9rin de direction assist\u00e9e pour Fiat-New Holland - Sparepartsholland","isPartOf":{"@id":"https:\/\/oud.sparepartsholland.com\/#website"},"primaryImageOfPage":{"@id":"https:\/\/oud.sparepartsholland.com\/fr\/produit\/5126941-cylindre-de-direction-assistee-pour-fiat-new-holland\/#primaryimage"},"image":{"@id":"https:\/\/oud.sparepartsholland.com\/fr\/produit\/5126941-cylindre-de-direction-assistee-pour-fiat-new-holland\/#primaryimage"},"thumbnailUrl":"https:\/\/oud.sparepartsholland.com\/wp-content\/uploads\/2023\/12\/DSCF8164-kopya-scaled.jpg","datePublished":"2023-12-04T16:37:22+00:00","dateModified":"2025-05-11T17:25:40+00:00","description":"Ce v\u00e8rin de direction assist\u00e9e remplace les num\u00e9ros OEM : 5126941, 5131098, 5137121, 5140208, 380041. Livraison rapide dans le monde entier.","breadcrumb":{"@id":"https:\/\/oud.sparepartsholland.com\/fr\/produit\/5126941-cylindre-de-direction-assistee-pour-fiat-new-holland\/#breadcrumb"},"inLanguage":"fr-FR","potentialAction":[{"@type":"ReadAction","target":["https:\/\/oud.sparepartsholland.com\/fr\/produit\/5126941-cylindre-de-direction-assistee-pour-fiat-new-holland\/"]}]},{"@type":"ImageObject","inLanguage":"fr-FR","@id":"https:\/\/oud.sparepartsholland.com\/fr\/produit\/5126941-cylindre-de-direction-assistee-pour-fiat-new-holland\/#primaryimage","url":"https:\/\/oud.sparepartsholland.com\/wp-content\/uploads\/2023\/12\/DSCF8164-kopya-scaled.jpg","contentUrl":"https:\/\/oud.sparepartsholland.com\/wp-content\/uploads\/2023\/12\/DSCF8164-kopya-scaled.jpg","width":2560,"height":2142},{"@type":"BreadcrumbList","@id":"https:\/\/oud.sparepartsholland.com\/fr\/produit\/5126941-cylindre-de-direction-assistee-pour-fiat-new-holland\/#breadcrumb","itemListElement":[{"@type":"ListItem","position":1,"name":"Home","item":"https:\/\/oud.sparepartsholland.com\/fr\/"},{"@type":"ListItem","position":2,"name":"Boutique","item":"https:\/\/oud.sparepartsholland.com\/shop\/"},{"@type":"ListItem","position":3,"name":"5126941 V\u00e9rin de direction assist\u00e9e pour Fiat-New Holland"}]},{"@type":"WebSite","@id":"https:\/\/oud.sparepartsholland.com\/#website","url":"https:\/\/oud.sparepartsholland.com\/","name":"Sparepartsholland","description":"","publisher":{"@id":"https:\/\/oud.sparepartsholland.com\/#organization"},"potentialAction":[{"@type":"SearchAction","target":{"@type":"EntryPoint","urlTemplate":"https:\/\/oud.sparepartsholland.com\/?s={search_term_string}"},"query-input":{"@type":"PropertyValueSpecification","valueRequired":true,"valueName":"search_term_string"}}],"inLanguage":"fr-FR"},{"@type":"Organization","@id":"https:\/\/oud.sparepartsholland.com\/#organization","name":"Spare Parts Holland","url":"https:\/\/oud.sparepartsholland.com\/","logo":{"@type":"ImageObject","inLanguage":"fr-FR","@id":"https:\/\/oud.sparepartsholland.com\/#\/schema\/logo\/image\/","url":"https:\/\/oud.sparepartsholland.com\/wp-content\/uploads\/2022\/06\/spareparts-1.png","contentUrl":"https:\/\/oud.sparepartsholland.com\/wp-content\/uploads\/2022\/06\/spareparts-1.png","width":824,"height":685,"caption":"Spare Parts Holland"},"image":{"@id":"https:\/\/oud.sparepartsholland.com\/#\/schema\/logo\/image\/"}}]}},"_links":{"self":[{"href":"https:\/\/oud.sparepartsholland.com\/fr\/wp-json\/wp\/v2\/product\/36796","targetHints":{"allow":["GET"]}}],"collection":[{"href":"https:\/\/oud.sparepartsholland.com\/fr\/wp-json\/wp\/v2\/product"}],"about":[{"href":"https:\/\/oud.sparepartsholland.com\/fr\/wp-json\/wp\/v2\/types\/product"}],"wp:featuredmedia":[{"embeddable":true,"href":"https:\/\/oud.sparepartsholland.com\/fr\/wp-json\/wp\/v2\/media\/36400"}],"wp:attachment":[{"href":"https:\/\/oud.sparepartsholland.com\/fr\/wp-json\/wp\/v2\/media?parent=36796"}],"wp:term":[{"taxonomy":"product_brand","embeddable":true,"href":"https:\/\/oud.sparepartsholland.com\/fr\/wp-json\/wp\/v2\/product_brand?post=36796"},{"taxonomy":"product_cat","embeddable":true,"href":"https:\/\/oud.sparepartsholland.com\/fr\/wp-json\/wp\/v2\/product_cat?post=36796"},{"taxonomy":"product_tag","embeddable":true,"href":"https:\/\/oud.sparepartsholland.com\/fr\/wp-json\/wp\/v2\/product_tag?post=36796"}],"curies":[{"name":"wp","href":"https:\/\/api.w.org\/{rel}","templated":true}]}}