{"id":36899,"date":"2023-12-08T16:14:50","date_gmt":"2023-12-08T15:14:50","guid":{"rendered":"https:\/\/sparepartsholland.com\/?post_type=product&#038;p=36899"},"modified":"2024-06-10T15:11:48","modified_gmt":"2024-06-10T14:11:48","slug":"troisieme-point-hydraulique-cat-1-1-360-510-mm-avec-clapet-anti-retour-comprenant-2-tuyaux","status":"publish","type":"product","link":"https:\/\/oud.sparepartsholland.com\/fr\/produit\/troisieme-point-hydraulique-cat-1-1-360-510-mm-avec-clapet-anti-retour-comprenant-2-tuyaux\/","title":{"rendered":"Barre de Pouss\u00e9e Hydraulique Cat. 1-1 (360 &#8211; 510 mm) avec clapet anti-retour comprenant 2 tuyaux"},"content":{"rendered":"<p>Le barre de pouss\u00e9e hydraulique que nous proposons remplace le barre de pouss\u00e9e existant sur le tracteur et facilite votre travail quotidien. Pour cela, un distributeur \u00e0 double effet sur le tracteur est n\u00e9cessaire &#8211; une combinaison imbattable en combinaison avec le clapet anti-retour int\u00e9gr\u00e9. Lors du r\u00e9glage du barre de pouss\u00e9e hydrauliques, il est tr\u00e8s important que la position r\u00e9gl\u00e9e soit maintenue m\u00eame apr\u00e8s une longue p\u00e9riode. Ceci n&#8217;est gu\u00e8re possible avec des barre de pouss\u00e9es hydraulique sans bloc de verrouillage, car les unit\u00e9s de commande du tracteur ne se verrouillent pas aussi \u00e9troitement. Ce barre de pouss\u00e9e hydraulique est donc \u00e9quip\u00e9 d&#8217;un bloc de verrouillage. Avec cette valve, l&#8217;huile est enferm\u00e9e dans le cylindre par un clapet anti-retour. Ce n&#8217;est que lorsqu&#8217;il y a \u00e0 nouveau de la pression d&#8217;huile provenant du tracteur que la vanne s&#8217;ouvre et que le v\u00e9rin peut \u00eatre r\u00e9gl\u00e9. Le barre de pouss\u00e9e hydrauliques est fabriqu\u00e9 en acier de haute qualit\u00e9 et comporte un piston en acier \u00e0 haute r\u00e9sistance, un presse-\u00e9toupe filet\u00e9 avec bague d&#8217;usure, une tige chrom\u00e9e polie et des extr\u00e9mit\u00e9s de base en acier soud\u00e9es. Il est con\u00e7u pour r\u00e9sister aux applications lourdes et aux conditions m\u00e9t\u00e9orologiques extr\u00eames. Les joints de piston et de tige assurent d&#8217;excellentes performances d&#8217;\u00e9tanch\u00e9it\u00e9, emp\u00eachant l&#8217;\u00e9vaporation de l&#8217;huile, les fuites d&#8217;air et le blocage du piston.<\/p>\n","protected":false},"excerpt":{"rendered":"<ul>\n<li><strong>Sp\u00e9cifications techniques<\/strong> \u2013 Ce barre de pouss\u00e9e hydraulique convient \u00e0 la cat\u00e9gorie 1. Il a une longueur totale minimale de 360 mm et une longueur \u00e9tendue maximale de 510 mm. Il est livr\u00e9 avec des trous d&#8217;\u00e9pingle de 3\/4\u2033 aux deux extr\u00e9mit\u00e9s et une largeur de boule de 1 3\/4\u2033 pour le montage.<\/li>\n<li><strong>Livraison rapide et fiable<\/strong> \u2013 Spare Parts Holland emballe votre barre de pouss\u00e9e hydraulique dans des bo\u00eetes de haute qualit\u00e9 afin de minimiser les risques de dommages. Votre commande sera exp\u00e9di\u00e9e sous 1 jour ouvrable en priorit\u00e9 via nos partenaires logistiques. Cela signifie que dans la plupart des cas, vous recevrez votre commande entre 1 et 3 jours ouvrables.<\/li>\n<li><strong>Facile \u00e0 installer<\/strong> \u2013 Le barre de pouss\u00e9e hydraulique est livr\u00e9 avec deux tuyaux hydrauliques en caoutchouc durable, des boulons banjo, des bagues d&#8217;\u00e9tanch\u00e9it\u00e9 et un clapet anti-retour \u00e0 deux voies. Toutes les pi\u00e8ces seront livr\u00e9es enti\u00e8rement assembl\u00e9es pour vous faire gagner du temps.<\/li>\n<\/ul>\n","protected":false},"featured_media":38492,"template":"","meta":{"inline_featured_image":false},"product_brand":[],"product_cat":[604],"product_tag":[],"class_list":{"0":"post-36899","1":"product","2":"type-product","3":"status-publish","4":"has-post-thumbnail","6":"product_cat-cat-1-fr","8":"first","9":"instock","10":"taxable","11":"shipping-taxable","12":"purchasable","13":"product-type-simple"},"yoast_head":"<!-- This site is optimized with the Yoast SEO plugin v25.0 - https:\/\/yoast.com\/wordpress\/plugins\/seo\/ -->\n<title>Barre de Pouss\u00e9e Hydraulique Cat. 1-1 (360 - 510 mm) avec clapet anti-retour comprenant 2 tuyaux - Sparepartsholland<\/title>\n<meta name=\"description\" content=\"Le barre de pouss\u00e9e hydraulique que nous proposons remplace la troisi\u00e8me point existante sur le tracteur et facilite votre travail quotidien.\" \/>\n<meta name=\"robots\" content=\"noindex, follow, max-snippet:-1, max-image-preview:large, max-video-preview:-1\" \/>\n<meta property=\"og:locale\" content=\"fr_FR\" \/>\n<meta property=\"og:type\" content=\"article\" \/>\n<meta property=\"og:title\" content=\"Barre de Pouss\u00e9e Hydraulique Cat. 1-1 (360 - 510 mm) avec clapet anti-retour comprenant 2 tuyaux - Sparepartsholland\" \/>\n<meta property=\"og:description\" content=\"Le barre de pouss\u00e9e hydraulique que nous proposons remplace la troisi\u00e8me point existante sur le tracteur et facilite votre travail quotidien.\" \/>\n<meta property=\"og:url\" content=\"https:\/\/oud.sparepartsholland.com\/produit\/hydraulic-top-link-cat-1-1-with-locking-block-including-2-hoses\/\" \/>\n<meta property=\"og:site_name\" content=\"Sparepartsholland\" \/>\n<meta property=\"article:modified_time\" content=\"2024-06-10T14:11:48+00:00\" \/>\n<meta property=\"og:image\" content=\"https:\/\/oud.sparepartsholland.com\/wp-content\/uploads\/2023\/12\/foto-1.jpg\" \/>\n\t<meta property=\"og:image:width\" content=\"1000\" \/>\n\t<meta property=\"og:image:height\" content=\"1000\" \/>\n\t<meta property=\"og:image:type\" content=\"image\/jpeg\" \/>\n<meta name=\"twitter:card\" content=\"summary_large_image\" \/>\n<meta name=\"twitter:label1\" content=\"Dur\u00e9e de lecture estim\u00e9e\" \/>\n\t<meta name=\"twitter:data1\" content=\"2 minutes\" \/>\n<script type=\"application\/ld+json\" class=\"yoast-schema-graph\">{\"@context\":\"https:\/\/schema.org\",\"@graph\":[{\"@type\":[\"WebPage\",\"ItemPage\"],\"@id\":\"https:\/\/oud.sparepartsholland.com\/produit\/hydraulic-top-link-cat-1-1-with-locking-block-including-2-hoses\/\",\"url\":\"https:\/\/oud.sparepartsholland.com\/produit\/hydraulic-top-link-cat-1-1-with-locking-block-including-2-hoses\/\",\"name\":\"Barre de Pouss\u00e9e Hydraulique Cat. 1-1 (360 - 510 mm) avec clapet anti-retour comprenant 2 tuyaux - Sparepartsholland\",\"isPartOf\":{\"@id\":\"https:\/\/oud.sparepartsholland.com\/#website\"},\"primaryImageOfPage\":{\"@id\":\"https:\/\/oud.sparepartsholland.com\/produit\/hydraulic-top-link-cat-1-1-with-locking-block-including-2-hoses\/#primaryimage\"},\"image\":{\"@id\":\"https:\/\/oud.sparepartsholland.com\/produit\/hydraulic-top-link-cat-1-1-with-locking-block-including-2-hoses\/#primaryimage\"},\"thumbnailUrl\":\"https:\/\/oud.sparepartsholland.com\/wp-content\/uploads\/2023\/12\/foto-1.jpg\",\"datePublished\":\"2023-12-08T15:14:50+00:00\",\"dateModified\":\"2024-06-10T14:11:48+00:00\",\"description\":\"Le barre de pouss\u00e9e hydraulique que nous proposons remplace la troisi\u00e8me point existante sur le tracteur et facilite votre travail quotidien.\",\"breadcrumb\":{\"@id\":\"https:\/\/oud.sparepartsholland.com\/produit\/hydraulic-top-link-cat-1-1-with-locking-block-including-2-hoses\/#breadcrumb\"},\"inLanguage\":\"fr-FR\",\"potentialAction\":[{\"@type\":\"ReadAction\",\"target\":[\"https:\/\/oud.sparepartsholland.com\/produit\/hydraulic-top-link-cat-1-1-with-locking-block-including-2-hoses\/\"]}]},{\"@type\":\"ImageObject\",\"inLanguage\":\"fr-FR\",\"@id\":\"https:\/\/oud.sparepartsholland.com\/produit\/hydraulic-top-link-cat-1-1-with-locking-block-including-2-hoses\/#primaryimage\",\"url\":\"https:\/\/oud.sparepartsholland.com\/wp-content\/uploads\/2023\/12\/foto-1.jpg\",\"contentUrl\":\"https:\/\/oud.sparepartsholland.com\/wp-content\/uploads\/2023\/12\/foto-1.jpg\",\"width\":1000,\"height\":1000},{\"@type\":\"BreadcrumbList\",\"@id\":\"https:\/\/oud.sparepartsholland.com\/produit\/hydraulic-top-link-cat-1-1-with-locking-block-including-2-hoses\/#breadcrumb\",\"itemListElement\":[{\"@type\":\"ListItem\",\"position\":1,\"name\":\"Home\",\"item\":\"https:\/\/oud.sparepartsholland.com\/fr\/\"},{\"@type\":\"ListItem\",\"position\":2,\"name\":\"Boutique\",\"item\":\"https:\/\/oud.sparepartsholland.com\/shop\/\"},{\"@type\":\"ListItem\",\"position\":3,\"name\":\"Barre de Pouss\u00e9e Hydraulique Cat. 1-1 (360 &#8211; 510 mm) avec clapet anti-retour comprenant 2 tuyaux\"}]},{\"@type\":\"WebSite\",\"@id\":\"https:\/\/oud.sparepartsholland.com\/#website\",\"url\":\"https:\/\/oud.sparepartsholland.com\/\",\"name\":\"Sparepartsholland\",\"description\":\"\",\"publisher\":{\"@id\":\"https:\/\/oud.sparepartsholland.com\/#organization\"},\"potentialAction\":[{\"@type\":\"SearchAction\",\"target\":{\"@type\":\"EntryPoint\",\"urlTemplate\":\"https:\/\/oud.sparepartsholland.com\/?s={search_term_string}\"},\"query-input\":{\"@type\":\"PropertyValueSpecification\",\"valueRequired\":true,\"valueName\":\"search_term_string\"}}],\"inLanguage\":\"fr-FR\"},{\"@type\":\"Organization\",\"@id\":\"https:\/\/oud.sparepartsholland.com\/#organization\",\"name\":\"Spare Parts Holland\",\"url\":\"https:\/\/oud.sparepartsholland.com\/\",\"logo\":{\"@type\":\"ImageObject\",\"inLanguage\":\"fr-FR\",\"@id\":\"https:\/\/oud.sparepartsholland.com\/#\/schema\/logo\/image\/\",\"url\":\"https:\/\/oud.sparepartsholland.com\/wp-content\/uploads\/2022\/06\/spareparts-1.png\",\"contentUrl\":\"https:\/\/oud.sparepartsholland.com\/wp-content\/uploads\/2022\/06\/spareparts-1.png\",\"width\":824,\"height\":685,\"caption\":\"Spare Parts Holland\"},\"image\":{\"@id\":\"https:\/\/oud.sparepartsholland.com\/#\/schema\/logo\/image\/\"}}]}<\/script>\n<!-- \/ Yoast SEO plugin. -->","yoast_head_json":{"title":"Barre de Pouss\u00e9e Hydraulique Cat. 1-1 (360 - 510 mm) avec clapet anti-retour comprenant 2 tuyaux - Sparepartsholland","description":"Le barre de pouss\u00e9e hydraulique que nous proposons remplace la troisi\u00e8me point existante sur le tracteur et facilite votre travail quotidien.","robots":{"index":"noindex","follow":"follow","max-snippet":"max-snippet:-1","max-image-preview":"max-image-preview:large","max-video-preview":"max-video-preview:-1"},"og_locale":"fr_FR","og_type":"article","og_title":"Barre de Pouss\u00e9e Hydraulique Cat. 1-1 (360 - 510 mm) avec clapet anti-retour comprenant 2 tuyaux - Sparepartsholland","og_description":"Le barre de pouss\u00e9e hydraulique que nous proposons remplace la troisi\u00e8me point existante sur le tracteur et facilite votre travail quotidien.","og_url":"https:\/\/oud.sparepartsholland.com\/produit\/hydraulic-top-link-cat-1-1-with-locking-block-including-2-hoses\/","og_site_name":"Sparepartsholland","article_modified_time":"2024-06-10T14:11:48+00:00","og_image":[{"width":1000,"height":1000,"url":"https:\/\/oud.sparepartsholland.com\/wp-content\/uploads\/2023\/12\/foto-1.jpg","type":"image\/jpeg"}],"twitter_card":"summary_large_image","twitter_misc":{"Dur\u00e9e de lecture estim\u00e9e":"2 minutes"},"schema":{"@context":"https:\/\/schema.org","@graph":[{"@type":["WebPage","ItemPage"],"@id":"https:\/\/oud.sparepartsholland.com\/produit\/hydraulic-top-link-cat-1-1-with-locking-block-including-2-hoses\/","url":"https:\/\/oud.sparepartsholland.com\/produit\/hydraulic-top-link-cat-1-1-with-locking-block-including-2-hoses\/","name":"Barre de Pouss\u00e9e Hydraulique Cat. 1-1 (360 - 510 mm) avec clapet anti-retour comprenant 2 tuyaux - Sparepartsholland","isPartOf":{"@id":"https:\/\/oud.sparepartsholland.com\/#website"},"primaryImageOfPage":{"@id":"https:\/\/oud.sparepartsholland.com\/produit\/hydraulic-top-link-cat-1-1-with-locking-block-including-2-hoses\/#primaryimage"},"image":{"@id":"https:\/\/oud.sparepartsholland.com\/produit\/hydraulic-top-link-cat-1-1-with-locking-block-including-2-hoses\/#primaryimage"},"thumbnailUrl":"https:\/\/oud.sparepartsholland.com\/wp-content\/uploads\/2023\/12\/foto-1.jpg","datePublished":"2023-12-08T15:14:50+00:00","dateModified":"2024-06-10T14:11:48+00:00","description":"Le barre de pouss\u00e9e hydraulique que nous proposons remplace la troisi\u00e8me point existante sur le tracteur et facilite votre travail quotidien.","breadcrumb":{"@id":"https:\/\/oud.sparepartsholland.com\/produit\/hydraulic-top-link-cat-1-1-with-locking-block-including-2-hoses\/#breadcrumb"},"inLanguage":"fr-FR","potentialAction":[{"@type":"ReadAction","target":["https:\/\/oud.sparepartsholland.com\/produit\/hydraulic-top-link-cat-1-1-with-locking-block-including-2-hoses\/"]}]},{"@type":"ImageObject","inLanguage":"fr-FR","@id":"https:\/\/oud.sparepartsholland.com\/produit\/hydraulic-top-link-cat-1-1-with-locking-block-including-2-hoses\/#primaryimage","url":"https:\/\/oud.sparepartsholland.com\/wp-content\/uploads\/2023\/12\/foto-1.jpg","contentUrl":"https:\/\/oud.sparepartsholland.com\/wp-content\/uploads\/2023\/12\/foto-1.jpg","width":1000,"height":1000},{"@type":"BreadcrumbList","@id":"https:\/\/oud.sparepartsholland.com\/produit\/hydraulic-top-link-cat-1-1-with-locking-block-including-2-hoses\/#breadcrumb","itemListElement":[{"@type":"ListItem","position":1,"name":"Home","item":"https:\/\/oud.sparepartsholland.com\/fr\/"},{"@type":"ListItem","position":2,"name":"Boutique","item":"https:\/\/oud.sparepartsholland.com\/shop\/"},{"@type":"ListItem","position":3,"name":"Barre de Pouss\u00e9e Hydraulique Cat. 1-1 (360 &#8211; 510 mm) avec clapet anti-retour comprenant 2 tuyaux"}]},{"@type":"WebSite","@id":"https:\/\/oud.sparepartsholland.com\/#website","url":"https:\/\/oud.sparepartsholland.com\/","name":"Sparepartsholland","description":"","publisher":{"@id":"https:\/\/oud.sparepartsholland.com\/#organization"},"potentialAction":[{"@type":"SearchAction","target":{"@type":"EntryPoint","urlTemplate":"https:\/\/oud.sparepartsholland.com\/?s={search_term_string}"},"query-input":{"@type":"PropertyValueSpecification","valueRequired":true,"valueName":"search_term_string"}}],"inLanguage":"fr-FR"},{"@type":"Organization","@id":"https:\/\/oud.sparepartsholland.com\/#organization","name":"Spare Parts Holland","url":"https:\/\/oud.sparepartsholland.com\/","logo":{"@type":"ImageObject","inLanguage":"fr-FR","@id":"https:\/\/oud.sparepartsholland.com\/#\/schema\/logo\/image\/","url":"https:\/\/oud.sparepartsholland.com\/wp-content\/uploads\/2022\/06\/spareparts-1.png","contentUrl":"https:\/\/oud.sparepartsholland.com\/wp-content\/uploads\/2022\/06\/spareparts-1.png","width":824,"height":685,"caption":"Spare Parts Holland"},"image":{"@id":"https:\/\/oud.sparepartsholland.com\/#\/schema\/logo\/image\/"}}]}},"_links":{"self":[{"href":"https:\/\/oud.sparepartsholland.com\/fr\/wp-json\/wp\/v2\/product\/36899","targetHints":{"allow":["GET"]}}],"collection":[{"href":"https:\/\/oud.sparepartsholland.com\/fr\/wp-json\/wp\/v2\/product"}],"about":[{"href":"https:\/\/oud.sparepartsholland.com\/fr\/wp-json\/wp\/v2\/types\/product"}],"wp:featuredmedia":[{"embeddable":true,"href":"https:\/\/oud.sparepartsholland.com\/fr\/wp-json\/wp\/v2\/media\/38492"}],"wp:attachment":[{"href":"https:\/\/oud.sparepartsholland.com\/fr\/wp-json\/wp\/v2\/media?parent=36899"}],"wp:term":[{"taxonomy":"product_brand","embeddable":true,"href":"https:\/\/oud.sparepartsholland.com\/fr\/wp-json\/wp\/v2\/product_brand?post=36899"},{"taxonomy":"product_cat","embeddable":true,"href":"https:\/\/oud.sparepartsholland.com\/fr\/wp-json\/wp\/v2\/product_cat?post=36899"},{"taxonomy":"product_tag","embeddable":true,"href":"https:\/\/oud.sparepartsholland.com\/fr\/wp-json\/wp\/v2\/product_tag?post=36899"}],"curies":[{"name":"wp","href":"https:\/\/api.w.org\/{rel}","templated":true}]}}