{"id":38242,"date":"2024-04-05T23:18:03","date_gmt":"2024-04-05T22:18:03","guid":{"rendered":"https:\/\/sparepartsholland.com\/product\/barre-de-poussee-cat-1-1-etendu-440-600-mm-avec-clapet-anti-retour-et-2-x-charnieres\/"},"modified":"2024-04-11T09:11:13","modified_gmt":"2024-04-11T08:11:13","slug":"barre-de-poussee-cat-1-1-etendu-440-600-mm-avec-clapet-anti-retour-et-2-x-charnieres","status":"publish","type":"product","link":"https:\/\/oud.sparepartsholland.com\/fr\/produit\/barre-de-poussee-cat-1-1-etendu-440-600-mm-avec-clapet-anti-retour-et-2-x-charnieres\/","title":{"rendered":"Barre de pouss\u00e9e hydraulique Cat. 1-1 \u2013 \u00c9tendu \u2013 (440 &#8211; 600 mm) avec clapet anti-retour et 2 x tuyaux"},"content":{"rendered":"<p>Le barre de pouss\u00e9e hydraulique que nous proposons remplace le barre de pouss\u00e9e existant sur le tracteur et facilite votre travail quotidien. Cela n\u00e9cessite un distributeur \u00e0 double effet sur le tracteur &#8211; en combinaison avec le bloc de verrouillage int\u00e9gr\u00e9*, une combinaison imbattable.<\/p>\n<p>* Lors du barre de pouss\u00e9e, il est tr\u00e8s important que la position r\u00e9gl\u00e9e soit maintenue m\u00eame apr\u00e8s une longue p\u00e9riode. Ceci n&#8217;est gu\u00e8re possible avec des barre de pouss\u00e9es sans bloc de verrouillage, car les unit\u00e9s de commande du tracteur ne se verrouillent pas aussi \u00e9troitement. Ce barre de pouss\u00e9e est donc \u00e9quip\u00e9 d&#8217;un clapet anti-retour. Avec cette valve, l&#8217;huile dans le cylindre est scell\u00e9e par un clapet anti-retour. Ce n&#8217;est que lorsque la pression d&#8217;huile revient du tracteur que la vanne s&#8217;ouvre et que le v\u00e9rin peut \u00eatre r\u00e9gl\u00e9.<\/p>\n<p>&nbsp;<\/p>\n<ul>\n<li>Bonne qualit\u00e9<\/li>\n<li>peint en noir<\/li>\n<li>Incl. Clapet anti-retour<\/li>\n<li>2 x connexion hydraulique<\/li>\n<li>La livraison est enti\u00e8rement assembl\u00e9e<\/li>\n<\/ul>\n<p>&nbsp;<\/p>\n<p><strong>Sp\u00e9cifications techniques:<\/strong><\/p>\n<ul>\n<li>Pression hydraulique : max. 250 bar (3600 PSI)<\/li>\n<li>Force de pouss\u00e9e : 3,6 T (7 200 Lbs)<\/li>\n<li>Force de traction : 2,1 T (4 600 lb)<\/li>\n<li>Poids environ : 9 kg (20 Lbs)<\/li>\n<li>2 x tuyau hydraulique avec connecteur et capuchon anti-poussi\u00e8re<\/li>\n<li>Connexion : taille de cloison de 12 L. 3 (fiche de couplage commune), embout 18-1,5 SW22 + raccord \u00e0 vis<\/li>\n<li>D\u00e9signation du tuyau Blue Flex SAE 100 3\/8 R2AT DIN EN 853 2SN DN10 W.P.330<\/li>\n<li>Pression de service : 180 bars<\/li>\n<li>Longueur : 75 cm (29,5\u2033)<\/li>\n<\/ul>\n","protected":false},"excerpt":{"rendered":"<ul>\n<li><strong>Caract\u00e9ristiques techniques \u2013 <\/strong>Ce maillon sup\u00e9rieur hydraulique est adapt\u00e9 \u00e0 la cat\u00e9gorie 1.<\/li>\n<li><strong>Intelligent et puissant \u2013 <\/strong>Avec une force de pouss\u00e9e de 3,6 T et une force de traction de 2,1 T \u00e0 180 bar, notre point sup\u00e9rieur hydraulique facilite grandement votre travail. Le clapet anti-retour \u00e0 deux voies permet de maintenir la position souhait\u00e9e pour un travail plus intelligent.<\/li>\n<li><strong>Facile \u00e0 assembler &#8211; <\/strong>le maillon sup\u00e9rieur hydraulique est livr\u00e9 avec deux tuyaux hydrauliques en caoutchouc durable, des boulons banjo, des bagues d&#8217;\u00e9tanch\u00e9it\u00e9 et un clapet anti-retour \u00e0 deux voies. Toutes les pi\u00e8ces sont enti\u00e8rement assembl\u00e9es pour vous faire gagner du temps.<\/li>\n<\/ul>\n","protected":false},"featured_media":38462,"template":"","meta":{"inline_featured_image":false},"product_brand":[],"product_cat":[604],"product_tag":[],"class_list":{"0":"post-38242","1":"product","2":"type-product","3":"status-publish","4":"has-post-thumbnail","6":"product_cat-cat-1-fr","8":"first","9":"instock","10":"taxable","11":"shipping-taxable","12":"purchasable","13":"product-type-simple"},"yoast_head":"<!-- This site is optimized with the Yoast SEO plugin v25.0 - https:\/\/yoast.com\/wordpress\/plugins\/seo\/ -->\n<title>Barre de pouss\u00e9e hydraulique Cat. 1-1 \u2013 \u00c9tendu \u2013 (440 - 600 mm) avec clapet anti-retour et 2 x tuyaux - Sparepartsholland<\/title>\n<meta name=\"description\" content=\"Le barre de pouss\u00e9e hydraulique que nous proposons remplace le barre de pouss\u00e9e existant sur le tracteur et facilite votre travail quotidien.\" \/>\n<meta name=\"robots\" content=\"noindex, follow, max-snippet:-1, max-image-preview:large, max-video-preview:-1\" \/>\n<meta property=\"og:locale\" content=\"fr_FR\" \/>\n<meta property=\"og:type\" content=\"article\" \/>\n<meta property=\"og:title\" content=\"Barre de pouss\u00e9e hydraulique Cat. 1-1 \u2013 \u00c9tendu \u2013 (440 - 600 mm) avec clapet anti-retour et 2 x tuyaux - Sparepartsholland\" \/>\n<meta property=\"og:description\" content=\"Le barre de pouss\u00e9e hydraulique que nous proposons remplace le barre de pouss\u00e9e existant sur le tracteur et facilite votre travail quotidien.\" \/>\n<meta property=\"og:url\" content=\"https:\/\/oud.sparepartsholland.com\/produit\/hydraulic-top-link-cat-1-1-extended-17-3-8-23-5-8-with-locking-block-and-2-x-hoses\/\" \/>\n<meta property=\"og:site_name\" content=\"Sparepartsholland\" \/>\n<meta property=\"article:modified_time\" content=\"2024-04-11T08:11:13+00:00\" \/>\n<meta property=\"og:image\" content=\"https:\/\/oud.sparepartsholland.com\/wp-content\/uploads\/2024\/04\/Foto-1.jpg\" \/>\n\t<meta property=\"og:image:width\" content=\"1000\" \/>\n\t<meta property=\"og:image:height\" content=\"1000\" \/>\n\t<meta property=\"og:image:type\" content=\"image\/jpeg\" \/>\n<meta name=\"twitter:card\" content=\"summary_large_image\" \/>\n<meta name=\"twitter:label1\" content=\"Dur\u00e9e de lecture estim\u00e9e\" \/>\n\t<meta name=\"twitter:data1\" content=\"2 minutes\" \/>\n<script type=\"application\/ld+json\" class=\"yoast-schema-graph\">{\"@context\":\"https:\/\/schema.org\",\"@graph\":[{\"@type\":[\"WebPage\",\"ItemPage\"],\"@id\":\"https:\/\/oud.sparepartsholland.com\/produit\/hydraulic-top-link-cat-1-1-extended-17-3-8-23-5-8-with-locking-block-and-2-x-hoses\/\",\"url\":\"https:\/\/oud.sparepartsholland.com\/produit\/hydraulic-top-link-cat-1-1-extended-17-3-8-23-5-8-with-locking-block-and-2-x-hoses\/\",\"name\":\"Barre de pouss\u00e9e hydraulique Cat. 1-1 \u2013 \u00c9tendu \u2013 (440 - 600 mm) avec clapet anti-retour et 2 x tuyaux - Sparepartsholland\",\"isPartOf\":{\"@id\":\"https:\/\/oud.sparepartsholland.com\/#website\"},\"primaryImageOfPage\":{\"@id\":\"https:\/\/oud.sparepartsholland.com\/produit\/hydraulic-top-link-cat-1-1-extended-17-3-8-23-5-8-with-locking-block-and-2-x-hoses\/#primaryimage\"},\"image\":{\"@id\":\"https:\/\/oud.sparepartsholland.com\/produit\/hydraulic-top-link-cat-1-1-extended-17-3-8-23-5-8-with-locking-block-and-2-x-hoses\/#primaryimage\"},\"thumbnailUrl\":\"https:\/\/oud.sparepartsholland.com\/wp-content\/uploads\/2024\/04\/Foto-1.jpg\",\"datePublished\":\"2024-04-05T22:18:03+00:00\",\"dateModified\":\"2024-04-11T08:11:13+00:00\",\"description\":\"Le barre de pouss\u00e9e hydraulique que nous proposons remplace le barre de pouss\u00e9e existant sur le tracteur et facilite votre travail quotidien.\",\"breadcrumb\":{\"@id\":\"https:\/\/oud.sparepartsholland.com\/produit\/hydraulic-top-link-cat-1-1-extended-17-3-8-23-5-8-with-locking-block-and-2-x-hoses\/#breadcrumb\"},\"inLanguage\":\"fr-FR\",\"potentialAction\":[{\"@type\":\"ReadAction\",\"target\":[\"https:\/\/oud.sparepartsholland.com\/produit\/hydraulic-top-link-cat-1-1-extended-17-3-8-23-5-8-with-locking-block-and-2-x-hoses\/\"]}]},{\"@type\":\"ImageObject\",\"inLanguage\":\"fr-FR\",\"@id\":\"https:\/\/oud.sparepartsholland.com\/produit\/hydraulic-top-link-cat-1-1-extended-17-3-8-23-5-8-with-locking-block-and-2-x-hoses\/#primaryimage\",\"url\":\"https:\/\/oud.sparepartsholland.com\/wp-content\/uploads\/2024\/04\/Foto-1.jpg\",\"contentUrl\":\"https:\/\/oud.sparepartsholland.com\/wp-content\/uploads\/2024\/04\/Foto-1.jpg\",\"width\":1000,\"height\":1000},{\"@type\":\"BreadcrumbList\",\"@id\":\"https:\/\/oud.sparepartsholland.com\/produit\/hydraulic-top-link-cat-1-1-extended-17-3-8-23-5-8-with-locking-block-and-2-x-hoses\/#breadcrumb\",\"itemListElement\":[{\"@type\":\"ListItem\",\"position\":1,\"name\":\"Home\",\"item\":\"https:\/\/oud.sparepartsholland.com\/fr\/\"},{\"@type\":\"ListItem\",\"position\":2,\"name\":\"Boutique\",\"item\":\"https:\/\/oud.sparepartsholland.com\/shop\/\"},{\"@type\":\"ListItem\",\"position\":3,\"name\":\"Barre de pouss\u00e9e hydraulique Cat. 1-1 \u2013 \u00c9tendu \u2013 (440 &#8211; 600 mm) avec clapet anti-retour et 2 x tuyaux\"}]},{\"@type\":\"WebSite\",\"@id\":\"https:\/\/oud.sparepartsholland.com\/#website\",\"url\":\"https:\/\/oud.sparepartsholland.com\/\",\"name\":\"Sparepartsholland\",\"description\":\"\",\"publisher\":{\"@id\":\"https:\/\/oud.sparepartsholland.com\/#organization\"},\"potentialAction\":[{\"@type\":\"SearchAction\",\"target\":{\"@type\":\"EntryPoint\",\"urlTemplate\":\"https:\/\/oud.sparepartsholland.com\/?s={search_term_string}\"},\"query-input\":{\"@type\":\"PropertyValueSpecification\",\"valueRequired\":true,\"valueName\":\"search_term_string\"}}],\"inLanguage\":\"fr-FR\"},{\"@type\":\"Organization\",\"@id\":\"https:\/\/oud.sparepartsholland.com\/#organization\",\"name\":\"Spare Parts Holland\",\"url\":\"https:\/\/oud.sparepartsholland.com\/\",\"logo\":{\"@type\":\"ImageObject\",\"inLanguage\":\"fr-FR\",\"@id\":\"https:\/\/oud.sparepartsholland.com\/#\/schema\/logo\/image\/\",\"url\":\"https:\/\/oud.sparepartsholland.com\/wp-content\/uploads\/2022\/06\/spareparts-1.png\",\"contentUrl\":\"https:\/\/oud.sparepartsholland.com\/wp-content\/uploads\/2022\/06\/spareparts-1.png\",\"width\":824,\"height\":685,\"caption\":\"Spare Parts Holland\"},\"image\":{\"@id\":\"https:\/\/oud.sparepartsholland.com\/#\/schema\/logo\/image\/\"}}]}<\/script>\n<!-- \/ Yoast SEO plugin. -->","yoast_head_json":{"title":"Barre de pouss\u00e9e hydraulique Cat. 1-1 \u2013 \u00c9tendu \u2013 (440 - 600 mm) avec clapet anti-retour et 2 x tuyaux - Sparepartsholland","description":"Le barre de pouss\u00e9e hydraulique que nous proposons remplace le barre de pouss\u00e9e existant sur le tracteur et facilite votre travail quotidien.","robots":{"index":"noindex","follow":"follow","max-snippet":"max-snippet:-1","max-image-preview":"max-image-preview:large","max-video-preview":"max-video-preview:-1"},"og_locale":"fr_FR","og_type":"article","og_title":"Barre de pouss\u00e9e hydraulique Cat. 1-1 \u2013 \u00c9tendu \u2013 (440 - 600 mm) avec clapet anti-retour et 2 x tuyaux - Sparepartsholland","og_description":"Le barre de pouss\u00e9e hydraulique que nous proposons remplace le barre de pouss\u00e9e existant sur le tracteur et facilite votre travail quotidien.","og_url":"https:\/\/oud.sparepartsholland.com\/produit\/hydraulic-top-link-cat-1-1-extended-17-3-8-23-5-8-with-locking-block-and-2-x-hoses\/","og_site_name":"Sparepartsholland","article_modified_time":"2024-04-11T08:11:13+00:00","og_image":[{"width":1000,"height":1000,"url":"https:\/\/oud.sparepartsholland.com\/wp-content\/uploads\/2024\/04\/Foto-1.jpg","type":"image\/jpeg"}],"twitter_card":"summary_large_image","twitter_misc":{"Dur\u00e9e de lecture estim\u00e9e":"2 minutes"},"schema":{"@context":"https:\/\/schema.org","@graph":[{"@type":["WebPage","ItemPage"],"@id":"https:\/\/oud.sparepartsholland.com\/produit\/hydraulic-top-link-cat-1-1-extended-17-3-8-23-5-8-with-locking-block-and-2-x-hoses\/","url":"https:\/\/oud.sparepartsholland.com\/produit\/hydraulic-top-link-cat-1-1-extended-17-3-8-23-5-8-with-locking-block-and-2-x-hoses\/","name":"Barre de pouss\u00e9e hydraulique Cat. 1-1 \u2013 \u00c9tendu \u2013 (440 - 600 mm) avec clapet anti-retour et 2 x tuyaux - Sparepartsholland","isPartOf":{"@id":"https:\/\/oud.sparepartsholland.com\/#website"},"primaryImageOfPage":{"@id":"https:\/\/oud.sparepartsholland.com\/produit\/hydraulic-top-link-cat-1-1-extended-17-3-8-23-5-8-with-locking-block-and-2-x-hoses\/#primaryimage"},"image":{"@id":"https:\/\/oud.sparepartsholland.com\/produit\/hydraulic-top-link-cat-1-1-extended-17-3-8-23-5-8-with-locking-block-and-2-x-hoses\/#primaryimage"},"thumbnailUrl":"https:\/\/oud.sparepartsholland.com\/wp-content\/uploads\/2024\/04\/Foto-1.jpg","datePublished":"2024-04-05T22:18:03+00:00","dateModified":"2024-04-11T08:11:13+00:00","description":"Le barre de pouss\u00e9e hydraulique que nous proposons remplace le barre de pouss\u00e9e existant sur le tracteur et facilite votre travail quotidien.","breadcrumb":{"@id":"https:\/\/oud.sparepartsholland.com\/produit\/hydraulic-top-link-cat-1-1-extended-17-3-8-23-5-8-with-locking-block-and-2-x-hoses\/#breadcrumb"},"inLanguage":"fr-FR","potentialAction":[{"@type":"ReadAction","target":["https:\/\/oud.sparepartsholland.com\/produit\/hydraulic-top-link-cat-1-1-extended-17-3-8-23-5-8-with-locking-block-and-2-x-hoses\/"]}]},{"@type":"ImageObject","inLanguage":"fr-FR","@id":"https:\/\/oud.sparepartsholland.com\/produit\/hydraulic-top-link-cat-1-1-extended-17-3-8-23-5-8-with-locking-block-and-2-x-hoses\/#primaryimage","url":"https:\/\/oud.sparepartsholland.com\/wp-content\/uploads\/2024\/04\/Foto-1.jpg","contentUrl":"https:\/\/oud.sparepartsholland.com\/wp-content\/uploads\/2024\/04\/Foto-1.jpg","width":1000,"height":1000},{"@type":"BreadcrumbList","@id":"https:\/\/oud.sparepartsholland.com\/produit\/hydraulic-top-link-cat-1-1-extended-17-3-8-23-5-8-with-locking-block-and-2-x-hoses\/#breadcrumb","itemListElement":[{"@type":"ListItem","position":1,"name":"Home","item":"https:\/\/oud.sparepartsholland.com\/fr\/"},{"@type":"ListItem","position":2,"name":"Boutique","item":"https:\/\/oud.sparepartsholland.com\/shop\/"},{"@type":"ListItem","position":3,"name":"Barre de pouss\u00e9e hydraulique Cat. 1-1 \u2013 \u00c9tendu \u2013 (440 &#8211; 600 mm) avec clapet anti-retour et 2 x tuyaux"}]},{"@type":"WebSite","@id":"https:\/\/oud.sparepartsholland.com\/#website","url":"https:\/\/oud.sparepartsholland.com\/","name":"Sparepartsholland","description":"","publisher":{"@id":"https:\/\/oud.sparepartsholland.com\/#organization"},"potentialAction":[{"@type":"SearchAction","target":{"@type":"EntryPoint","urlTemplate":"https:\/\/oud.sparepartsholland.com\/?s={search_term_string}"},"query-input":{"@type":"PropertyValueSpecification","valueRequired":true,"valueName":"search_term_string"}}],"inLanguage":"fr-FR"},{"@type":"Organization","@id":"https:\/\/oud.sparepartsholland.com\/#organization","name":"Spare Parts Holland","url":"https:\/\/oud.sparepartsholland.com\/","logo":{"@type":"ImageObject","inLanguage":"fr-FR","@id":"https:\/\/oud.sparepartsholland.com\/#\/schema\/logo\/image\/","url":"https:\/\/oud.sparepartsholland.com\/wp-content\/uploads\/2022\/06\/spareparts-1.png","contentUrl":"https:\/\/oud.sparepartsholland.com\/wp-content\/uploads\/2022\/06\/spareparts-1.png","width":824,"height":685,"caption":"Spare Parts Holland"},"image":{"@id":"https:\/\/oud.sparepartsholland.com\/#\/schema\/logo\/image\/"}}]}},"_links":{"self":[{"href":"https:\/\/oud.sparepartsholland.com\/fr\/wp-json\/wp\/v2\/product\/38242","targetHints":{"allow":["GET"]}}],"collection":[{"href":"https:\/\/oud.sparepartsholland.com\/fr\/wp-json\/wp\/v2\/product"}],"about":[{"href":"https:\/\/oud.sparepartsholland.com\/fr\/wp-json\/wp\/v2\/types\/product"}],"wp:featuredmedia":[{"embeddable":true,"href":"https:\/\/oud.sparepartsholland.com\/fr\/wp-json\/wp\/v2\/media\/38462"}],"wp:attachment":[{"href":"https:\/\/oud.sparepartsholland.com\/fr\/wp-json\/wp\/v2\/media?parent=38242"}],"wp:term":[{"taxonomy":"product_brand","embeddable":true,"href":"https:\/\/oud.sparepartsholland.com\/fr\/wp-json\/wp\/v2\/product_brand?post=38242"},{"taxonomy":"product_cat","embeddable":true,"href":"https:\/\/oud.sparepartsholland.com\/fr\/wp-json\/wp\/v2\/product_cat?post=38242"},{"taxonomy":"product_tag","embeddable":true,"href":"https:\/\/oud.sparepartsholland.com\/fr\/wp-json\/wp\/v2\/product_tag?post=38242"}],"curies":[{"name":"wp","href":"https:\/\/api.w.org\/{rel}","templated":true}]}}