{"id":39401,"date":"2024-06-28T13:03:33","date_gmt":"2024-06-28T12:03:33","guid":{"rendered":"https:\/\/sparepartsholland.com\/product\/pompes-a-main-hydrauliques-a-simple-effet-et-a-double-effet-reservoir-dhuile-12cc-25cc-45cc-3-et-5-litres\/"},"modified":"2025-04-12T16:20:49","modified_gmt":"2025-04-12T15:20:49","slug":"pompes-a-main-hydrauliques-a-simple-effet-et-a-double-effet-reservoir-dhuile-12cc-25cc-45cc-3-et-5-litres","status":"publish","type":"product","link":"https:\/\/oud.sparepartsholland.com\/fr\/produit\/pompes-a-main-hydrauliques-a-simple-effet-et-a-double-effet-reservoir-dhuile-12cc-25cc-45cc-3-et-5-litres\/","title":{"rendered":"Pompes \u00e0 main hydrauliques \u00e0 simple effet et \u00e0 double effet, r\u00e9servoir d&#8217;huile 12cc-25cc-45cc 3 et 5 litres"},"content":{"rendered":"<p>Les pompes manuelles sont g\u00e9n\u00e9ralement utilis\u00e9es pour des applications intermittentes ou d&#8217;urgence. La large gamme d&#8217;applications int\u00e9gr\u00e9es avec vannes auxiliaires permet de r\u00e9pondre \u00e0 toutes les exigences. Corps en fonte, tige en acier rod\u00e9 et chrom\u00e9 haute r\u00e9sistance.<\/p>\n<p>Ils sont disponibles en version support mural et bridables sur cuve avec diff\u00e9rents types de pompage simple effet et double effet.<\/p>\n<p><strong>Pour les pompes manuelles simple effet et double effet\u00a0:<\/strong><\/p>\n<ul>\n<li>Raccordement pression : G3\/8&#8243; BSP<\/li>\n<li>D\u00e9bit\/max. Pression de fonctionnement : 12cc (380 bars), 25cc (350 bars), 45cc (280 bars)<\/li>\n<li>Le levier est en acier avec une poign\u00e9e en plastique de 27 x 600 mm de long (poign\u00e9e incluse)<\/li>\n<li>Tailles de r\u00e9servoir librement s\u00e9lectionnables. Tailles de r\u00e9servoir disponibles : 3 L, 5 L (peint en noir)<\/li>\n<\/ul>\n<p>&nbsp;<\/p>\n","protected":false},"excerpt":{"rendered":"<ul>\n<li>Ils sont disponibles en version support mural et bridables sur cuve avec diff\u00e9rents types de pompage simple effet et double effet.<\/li>\n<\/ul>\n","protected":false},"featured_media":39276,"template":"","meta":{"inline_featured_image":false},"product_brand":[],"product_cat":[601,495],"product_tag":[],"class_list":{"0":"post-39401","1":"product","2":"type-product","3":"status-publish","4":"has-post-thumbnail","6":"product_cat-equipements-hydrauliques","7":"product_cat-pieces-de-chassis","9":"first","10":"instock","11":"taxable","12":"shipping-taxable","13":"purchasable","14":"product-type-variable"},"yoast_head":"<!-- This site is optimized with the Yoast SEO plugin v25.0 - https:\/\/yoast.com\/wordpress\/plugins\/seo\/ -->\n<title>Pompes \u00e0 main hydrauliques \u00e0 simple effet et \u00e0 double effet, r\u00e9servoir d&#039;huile 12cc-25cc-45cc 3 et 5 litres - Sparepartsholland<\/title>\n<meta name=\"description\" content=\"Ils sont disponibles en version support mural et bridables sur cuve avec diff\u00e9rents types de pompage simple effet et double effet.\" \/>\n<meta name=\"robots\" content=\"noindex, follow, max-snippet:-1, max-image-preview:large, max-video-preview:-1\" \/>\n<meta property=\"og:locale\" content=\"fr_FR\" \/>\n<meta property=\"og:type\" content=\"article\" \/>\n<meta property=\"og:title\" content=\"Pompes \u00e0 main hydrauliques \u00e0 simple effet et \u00e0 double effet, r\u00e9servoir d&#039;huile 12cc-25cc-45cc 3 et 5 litres - Sparepartsholland\" \/>\n<meta property=\"og:description\" content=\"Ils sont disponibles en version support mural et bridables sur cuve avec diff\u00e9rents types de pompage simple effet et double effet.\" \/>\n<meta property=\"og:url\" content=\"https:\/\/oud.sparepartsholland.com\/produit\/single-acting-double-acting-hydraulic-hand-pumps-12cc-25cc-45cc-oil-tank-3-5-liter\/\" \/>\n<meta property=\"og:site_name\" content=\"Sparepartsholland\" \/>\n<meta property=\"article:modified_time\" content=\"2025-04-12T15:20:49+00:00\" \/>\n<meta property=\"og:image\" content=\"https:\/\/oud.sparepartsholland.com\/wp-content\/uploads\/2024\/06\/Basliksiz-1-scaled.jpg\" \/>\n\t<meta property=\"og:image:width\" content=\"2548\" \/>\n\t<meta property=\"og:image:height\" content=\"2560\" \/>\n\t<meta property=\"og:image:type\" content=\"image\/jpeg\" \/>\n<meta name=\"twitter:card\" content=\"summary_large_image\" \/>\n<meta name=\"twitter:label1\" content=\"Dur\u00e9e de lecture estim\u00e9e\" \/>\n\t<meta name=\"twitter:data1\" content=\"1 minute\" \/>\n<script type=\"application\/ld+json\" class=\"yoast-schema-graph\">{\"@context\":\"https:\/\/schema.org\",\"@graph\":[{\"@type\":[\"WebPage\",\"ItemPage\"],\"@id\":\"https:\/\/oud.sparepartsholland.com\/produit\/single-acting-double-acting-hydraulic-hand-pumps-12cc-25cc-45cc-oil-tank-3-5-liter\/\",\"url\":\"https:\/\/oud.sparepartsholland.com\/produit\/single-acting-double-acting-hydraulic-hand-pumps-12cc-25cc-45cc-oil-tank-3-5-liter\/\",\"name\":\"Pompes \u00e0 main hydrauliques \u00e0 simple effet et \u00e0 double effet, r\u00e9servoir d'huile 12cc-25cc-45cc 3 et 5 litres - Sparepartsholland\",\"isPartOf\":{\"@id\":\"https:\/\/oud.sparepartsholland.com\/#website\"},\"primaryImageOfPage\":{\"@id\":\"https:\/\/oud.sparepartsholland.com\/produit\/single-acting-double-acting-hydraulic-hand-pumps-12cc-25cc-45cc-oil-tank-3-5-liter\/#primaryimage\"},\"image\":{\"@id\":\"https:\/\/oud.sparepartsholland.com\/produit\/single-acting-double-acting-hydraulic-hand-pumps-12cc-25cc-45cc-oil-tank-3-5-liter\/#primaryimage\"},\"thumbnailUrl\":\"https:\/\/oud.sparepartsholland.com\/wp-content\/uploads\/2024\/06\/Basliksiz-1-scaled.jpg\",\"datePublished\":\"2024-06-28T12:03:33+00:00\",\"dateModified\":\"2025-04-12T15:20:49+00:00\",\"description\":\"Ils sont disponibles en version support mural et bridables sur cuve avec diff\u00e9rents types de pompage simple effet et double effet.\",\"breadcrumb\":{\"@id\":\"https:\/\/oud.sparepartsholland.com\/produit\/single-acting-double-acting-hydraulic-hand-pumps-12cc-25cc-45cc-oil-tank-3-5-liter\/#breadcrumb\"},\"inLanguage\":\"fr-FR\",\"potentialAction\":[{\"@type\":\"ReadAction\",\"target\":[\"https:\/\/oud.sparepartsholland.com\/produit\/single-acting-double-acting-hydraulic-hand-pumps-12cc-25cc-45cc-oil-tank-3-5-liter\/\"]}]},{\"@type\":\"ImageObject\",\"inLanguage\":\"fr-FR\",\"@id\":\"https:\/\/oud.sparepartsholland.com\/produit\/single-acting-double-acting-hydraulic-hand-pumps-12cc-25cc-45cc-oil-tank-3-5-liter\/#primaryimage\",\"url\":\"https:\/\/oud.sparepartsholland.com\/wp-content\/uploads\/2024\/06\/Basliksiz-1-scaled.jpg\",\"contentUrl\":\"https:\/\/oud.sparepartsholland.com\/wp-content\/uploads\/2024\/06\/Basliksiz-1-scaled.jpg\",\"width\":2548,\"height\":2560},{\"@type\":\"BreadcrumbList\",\"@id\":\"https:\/\/oud.sparepartsholland.com\/produit\/single-acting-double-acting-hydraulic-hand-pumps-12cc-25cc-45cc-oil-tank-3-5-liter\/#breadcrumb\",\"itemListElement\":[{\"@type\":\"ListItem\",\"position\":1,\"name\":\"Home\",\"item\":\"https:\/\/oud.sparepartsholland.com\/fr\/\"},{\"@type\":\"ListItem\",\"position\":2,\"name\":\"Boutique\",\"item\":\"https:\/\/oud.sparepartsholland.com\/shop\/\"},{\"@type\":\"ListItem\",\"position\":3,\"name\":\"Pompes \u00e0 main hydrauliques \u00e0 simple effet et \u00e0 double effet, r\u00e9servoir d&#8217;huile 12cc-25cc-45cc 3 et 5 litres\"}]},{\"@type\":\"WebSite\",\"@id\":\"https:\/\/oud.sparepartsholland.com\/#website\",\"url\":\"https:\/\/oud.sparepartsholland.com\/\",\"name\":\"Sparepartsholland\",\"description\":\"\",\"publisher\":{\"@id\":\"https:\/\/oud.sparepartsholland.com\/#organization\"},\"potentialAction\":[{\"@type\":\"SearchAction\",\"target\":{\"@type\":\"EntryPoint\",\"urlTemplate\":\"https:\/\/oud.sparepartsholland.com\/?s={search_term_string}\"},\"query-input\":{\"@type\":\"PropertyValueSpecification\",\"valueRequired\":true,\"valueName\":\"search_term_string\"}}],\"inLanguage\":\"fr-FR\"},{\"@type\":\"Organization\",\"@id\":\"https:\/\/oud.sparepartsholland.com\/#organization\",\"name\":\"Spare Parts Holland\",\"url\":\"https:\/\/oud.sparepartsholland.com\/\",\"logo\":{\"@type\":\"ImageObject\",\"inLanguage\":\"fr-FR\",\"@id\":\"https:\/\/oud.sparepartsholland.com\/#\/schema\/logo\/image\/\",\"url\":\"https:\/\/oud.sparepartsholland.com\/wp-content\/uploads\/2022\/06\/spareparts-1.png\",\"contentUrl\":\"https:\/\/oud.sparepartsholland.com\/wp-content\/uploads\/2022\/06\/spareparts-1.png\",\"width\":824,\"height\":685,\"caption\":\"Spare Parts Holland\"},\"image\":{\"@id\":\"https:\/\/oud.sparepartsholland.com\/#\/schema\/logo\/image\/\"}}]}<\/script>\n<!-- \/ Yoast SEO plugin. -->","yoast_head_json":{"title":"Pompes \u00e0 main hydrauliques \u00e0 simple effet et \u00e0 double effet, r\u00e9servoir d'huile 12cc-25cc-45cc 3 et 5 litres - Sparepartsholland","description":"Ils sont disponibles en version support mural et bridables sur cuve avec diff\u00e9rents types de pompage simple effet et double effet.","robots":{"index":"noindex","follow":"follow","max-snippet":"max-snippet:-1","max-image-preview":"max-image-preview:large","max-video-preview":"max-video-preview:-1"},"og_locale":"fr_FR","og_type":"article","og_title":"Pompes \u00e0 main hydrauliques \u00e0 simple effet et \u00e0 double effet, r\u00e9servoir d'huile 12cc-25cc-45cc 3 et 5 litres - Sparepartsholland","og_description":"Ils sont disponibles en version support mural et bridables sur cuve avec diff\u00e9rents types de pompage simple effet et double effet.","og_url":"https:\/\/oud.sparepartsholland.com\/produit\/single-acting-double-acting-hydraulic-hand-pumps-12cc-25cc-45cc-oil-tank-3-5-liter\/","og_site_name":"Sparepartsholland","article_modified_time":"2025-04-12T15:20:49+00:00","og_image":[{"width":2548,"height":2560,"url":"https:\/\/oud.sparepartsholland.com\/wp-content\/uploads\/2024\/06\/Basliksiz-1-scaled.jpg","type":"image\/jpeg"}],"twitter_card":"summary_large_image","twitter_misc":{"Dur\u00e9e de lecture estim\u00e9e":"1 minute"},"schema":{"@context":"https:\/\/schema.org","@graph":[{"@type":["WebPage","ItemPage"],"@id":"https:\/\/oud.sparepartsholland.com\/produit\/single-acting-double-acting-hydraulic-hand-pumps-12cc-25cc-45cc-oil-tank-3-5-liter\/","url":"https:\/\/oud.sparepartsholland.com\/produit\/single-acting-double-acting-hydraulic-hand-pumps-12cc-25cc-45cc-oil-tank-3-5-liter\/","name":"Pompes \u00e0 main hydrauliques \u00e0 simple effet et \u00e0 double effet, r\u00e9servoir d'huile 12cc-25cc-45cc 3 et 5 litres - Sparepartsholland","isPartOf":{"@id":"https:\/\/oud.sparepartsholland.com\/#website"},"primaryImageOfPage":{"@id":"https:\/\/oud.sparepartsholland.com\/produit\/single-acting-double-acting-hydraulic-hand-pumps-12cc-25cc-45cc-oil-tank-3-5-liter\/#primaryimage"},"image":{"@id":"https:\/\/oud.sparepartsholland.com\/produit\/single-acting-double-acting-hydraulic-hand-pumps-12cc-25cc-45cc-oil-tank-3-5-liter\/#primaryimage"},"thumbnailUrl":"https:\/\/oud.sparepartsholland.com\/wp-content\/uploads\/2024\/06\/Basliksiz-1-scaled.jpg","datePublished":"2024-06-28T12:03:33+00:00","dateModified":"2025-04-12T15:20:49+00:00","description":"Ils sont disponibles en version support mural et bridables sur cuve avec diff\u00e9rents types de pompage simple effet et double effet.","breadcrumb":{"@id":"https:\/\/oud.sparepartsholland.com\/produit\/single-acting-double-acting-hydraulic-hand-pumps-12cc-25cc-45cc-oil-tank-3-5-liter\/#breadcrumb"},"inLanguage":"fr-FR","potentialAction":[{"@type":"ReadAction","target":["https:\/\/oud.sparepartsholland.com\/produit\/single-acting-double-acting-hydraulic-hand-pumps-12cc-25cc-45cc-oil-tank-3-5-liter\/"]}]},{"@type":"ImageObject","inLanguage":"fr-FR","@id":"https:\/\/oud.sparepartsholland.com\/produit\/single-acting-double-acting-hydraulic-hand-pumps-12cc-25cc-45cc-oil-tank-3-5-liter\/#primaryimage","url":"https:\/\/oud.sparepartsholland.com\/wp-content\/uploads\/2024\/06\/Basliksiz-1-scaled.jpg","contentUrl":"https:\/\/oud.sparepartsholland.com\/wp-content\/uploads\/2024\/06\/Basliksiz-1-scaled.jpg","width":2548,"height":2560},{"@type":"BreadcrumbList","@id":"https:\/\/oud.sparepartsholland.com\/produit\/single-acting-double-acting-hydraulic-hand-pumps-12cc-25cc-45cc-oil-tank-3-5-liter\/#breadcrumb","itemListElement":[{"@type":"ListItem","position":1,"name":"Home","item":"https:\/\/oud.sparepartsholland.com\/fr\/"},{"@type":"ListItem","position":2,"name":"Boutique","item":"https:\/\/oud.sparepartsholland.com\/shop\/"},{"@type":"ListItem","position":3,"name":"Pompes \u00e0 main hydrauliques \u00e0 simple effet et \u00e0 double effet, r\u00e9servoir d&#8217;huile 12cc-25cc-45cc 3 et 5 litres"}]},{"@type":"WebSite","@id":"https:\/\/oud.sparepartsholland.com\/#website","url":"https:\/\/oud.sparepartsholland.com\/","name":"Sparepartsholland","description":"","publisher":{"@id":"https:\/\/oud.sparepartsholland.com\/#organization"},"potentialAction":[{"@type":"SearchAction","target":{"@type":"EntryPoint","urlTemplate":"https:\/\/oud.sparepartsholland.com\/?s={search_term_string}"},"query-input":{"@type":"PropertyValueSpecification","valueRequired":true,"valueName":"search_term_string"}}],"inLanguage":"fr-FR"},{"@type":"Organization","@id":"https:\/\/oud.sparepartsholland.com\/#organization","name":"Spare Parts Holland","url":"https:\/\/oud.sparepartsholland.com\/","logo":{"@type":"ImageObject","inLanguage":"fr-FR","@id":"https:\/\/oud.sparepartsholland.com\/#\/schema\/logo\/image\/","url":"https:\/\/oud.sparepartsholland.com\/wp-content\/uploads\/2022\/06\/spareparts-1.png","contentUrl":"https:\/\/oud.sparepartsholland.com\/wp-content\/uploads\/2022\/06\/spareparts-1.png","width":824,"height":685,"caption":"Spare Parts Holland"},"image":{"@id":"https:\/\/oud.sparepartsholland.com\/#\/schema\/logo\/image\/"}}]}},"_links":{"self":[{"href":"https:\/\/oud.sparepartsholland.com\/fr\/wp-json\/wp\/v2\/product\/39401","targetHints":{"allow":["GET"]}}],"collection":[{"href":"https:\/\/oud.sparepartsholland.com\/fr\/wp-json\/wp\/v2\/product"}],"about":[{"href":"https:\/\/oud.sparepartsholland.com\/fr\/wp-json\/wp\/v2\/types\/product"}],"wp:featuredmedia":[{"embeddable":true,"href":"https:\/\/oud.sparepartsholland.com\/fr\/wp-json\/wp\/v2\/media\/39276"}],"wp:attachment":[{"href":"https:\/\/oud.sparepartsholland.com\/fr\/wp-json\/wp\/v2\/media?parent=39401"}],"wp:term":[{"taxonomy":"product_brand","embeddable":true,"href":"https:\/\/oud.sparepartsholland.com\/fr\/wp-json\/wp\/v2\/product_brand?post=39401"},{"taxonomy":"product_cat","embeddable":true,"href":"https:\/\/oud.sparepartsholland.com\/fr\/wp-json\/wp\/v2\/product_cat?post=39401"},{"taxonomy":"product_tag","embeddable":true,"href":"https:\/\/oud.sparepartsholland.com\/fr\/wp-json\/wp\/v2\/product_tag?post=39401"}],"curies":[{"name":"wp","href":"https:\/\/api.w.org\/{rel}","templated":true}]}}