{"id":5982,"date":"2022-07-28T10:26:51","date_gmt":"2022-07-28T09:26:51","guid":{"rendered":"https:\/\/sparepartsholland.com\/product\/hydraulic-double-pilot-operated-check-valve-kit-for-double-acting-cylinder-3-8\/"},"modified":"2025-05-27T15:05:32","modified_gmt":"2025-05-27T14:05:32","slug":"hydraulic-double-pilot-operated-check-valve-kit-for-double-acting-cylinder-3-8","status":"publish","type":"product","link":"https:\/\/oud.sparepartsholland.com\/fr\/produit\/hydraulic-double-pilot-operated-check-valve-kit-for-double-acting-cylinder-3-8\/","title":{"rendered":"Kit de clapet anti-retour hydraulique \u00e0 double pilot\u00e9 pour v\u00e9rin \u00e0 double effet 3\/8&#8243;"},"content":{"rendered":"<p>Kit clapet anti-retour hydraulique \u00e0 double pilot\u00e9 pour v\u00e9rin double effet 3\/8&#8243;.<\/p>\n<p>APPLICATION:<br \/>\nUn clapet anti-retour \u00e0 double effet est utilis\u00e9 pour bloquer le d\u00e9bit d&#8217;huile du cylindre, qui \u00e0 son tour verrouille le cylindre en place jusqu&#8217;\u00e0 ce qu&#8217;il soit aliment\u00e9 en pression pour le lib\u00e9rer.<\/p>\n<p>SP\u00c9CIFICATION:<\/p>\n<p>Pression Max = 300 Bar<br \/>\nPression d&#8217;ouverture = 0,5 bar<br \/>\nTemp\u00e9rature de fonctionnement = -25\u00b0C \u00e0 +80\u00b0C<br \/>\nMat\u00e9riau = Acier galvanis\u00e9<br \/>\nRapport pilote = 1:4 \u00e0 1:4,5<\/p>\n","protected":false},"excerpt":{"rendered":"<p><strong>APPLICATION : Un clapet anti-retour \u00e0 double effet est utilis\u00e9 pour bloquer le d\u00e9bit d&#8217;huile du cylindre, qui \u00e0 son tour verrouille le cylindre en place jusqu&#8217;\u00e0 ce qu&#8217;il soit aliment\u00e9 en pression pour le lib\u00e9rer.<\/strong><\/p>\n","protected":false},"featured_media":3396,"template":"","meta":{"inline_featured_image":false},"product_brand":[],"product_cat":[601],"product_tag":[],"class_list":{"0":"post-5982","1":"product","2":"type-product","3":"status-publish","4":"has-post-thumbnail","6":"product_cat-equipements-hydrauliques","8":"first","9":"instock","10":"taxable","11":"shipping-taxable","12":"purchasable","13":"product-type-simple"},"yoast_head":"<!-- This site is optimized with the Yoast SEO plugin v25.0 - https:\/\/yoast.com\/wordpress\/plugins\/seo\/ -->\n<title>Kit de clapet anti-retour hydraulique \u00e0 double pilot\u00e9 pour v\u00e9rin \u00e0 double effet 3\/8&quot; - Sparepartsholland<\/title>\n<meta name=\"description\" content=\"Un clapet anti-retour \u00e0 double effet est utilis\u00e9 pour bloquer le d\u00e9bit d&#039;huile du cylindre, qui \u00e0 son tour verrouille le cylindre en place jusqu&#039;\u00e0 ce qu&#039;il soit aliment\u00e9 en pression pour le lib\u00e9rer.\" \/>\n<meta name=\"robots\" content=\"noindex, follow, max-snippet:-1, max-image-preview:large, max-video-preview:-1\" \/>\n<meta property=\"og:locale\" content=\"fr_FR\" \/>\n<meta property=\"og:type\" content=\"article\" \/>\n<meta property=\"og:title\" content=\"Kit de clapet anti-retour hydraulique \u00e0 double pilot\u00e9 pour v\u00e9rin \u00e0 double effet 3\/8&quot; - Sparepartsholland\" \/>\n<meta property=\"og:description\" content=\"Un clapet anti-retour \u00e0 double effet est utilis\u00e9 pour bloquer le d\u00e9bit d&#039;huile du cylindre, qui \u00e0 son tour verrouille le cylindre en place jusqu&#039;\u00e0 ce qu&#039;il soit aliment\u00e9 en pression pour le lib\u00e9rer.\" \/>\n<meta property=\"og:url\" content=\"https:\/\/oud.sparepartsholland.com\/produit\/hydraulic-double-pilot-operated-check-valve-kit-for-double-acting-cylinder-3-8\/\" \/>\n<meta property=\"og:site_name\" content=\"Sparepartsholland\" \/>\n<meta property=\"article:modified_time\" content=\"2025-05-27T14:05:32+00:00\" \/>\n<meta property=\"og:image\" content=\"https:\/\/oud.sparepartsholland.com\/wp-content\/uploads\/2022\/07\/s-l500-12.jpg\" \/>\n\t<meta property=\"og:image:width\" content=\"500\" \/>\n\t<meta property=\"og:image:height\" content=\"450\" \/>\n\t<meta property=\"og:image:type\" content=\"image\/jpeg\" \/>\n<meta name=\"twitter:card\" content=\"summary_large_image\" \/>\n<meta name=\"twitter:label1\" content=\"Dur\u00e9e de lecture estim\u00e9e\" \/>\n\t<meta name=\"twitter:data1\" content=\"1 minute\" \/>\n<script type=\"application\/ld+json\" class=\"yoast-schema-graph\">{\"@context\":\"https:\/\/schema.org\",\"@graph\":[{\"@type\":[\"WebPage\",\"ItemPage\"],\"@id\":\"https:\/\/oud.sparepartsholland.com\/produit\/hydraulic-double-pilot-operated-check-valve-kit-for-double-acting-cylinder-3-8\/\",\"url\":\"https:\/\/oud.sparepartsholland.com\/produit\/hydraulic-double-pilot-operated-check-valve-kit-for-double-acting-cylinder-3-8\/\",\"name\":\"Kit de clapet anti-retour hydraulique \u00e0 double pilot\u00e9 pour v\u00e9rin \u00e0 double effet 3\/8\\\" - Sparepartsholland\",\"isPartOf\":{\"@id\":\"https:\/\/oud.sparepartsholland.com\/#website\"},\"primaryImageOfPage\":{\"@id\":\"https:\/\/oud.sparepartsholland.com\/produit\/hydraulic-double-pilot-operated-check-valve-kit-for-double-acting-cylinder-3-8\/#primaryimage\"},\"image\":{\"@id\":\"https:\/\/oud.sparepartsholland.com\/produit\/hydraulic-double-pilot-operated-check-valve-kit-for-double-acting-cylinder-3-8\/#primaryimage\"},\"thumbnailUrl\":\"https:\/\/oud.sparepartsholland.com\/wp-content\/uploads\/2022\/07\/s-l500-12.jpg\",\"datePublished\":\"2022-07-28T09:26:51+00:00\",\"dateModified\":\"2025-05-27T14:05:32+00:00\",\"description\":\"Un clapet anti-retour \u00e0 double effet est utilis\u00e9 pour bloquer le d\u00e9bit d'huile du cylindre, qui \u00e0 son tour verrouille le cylindre en place jusqu'\u00e0 ce qu'il soit aliment\u00e9 en pression pour le lib\u00e9rer.\",\"breadcrumb\":{\"@id\":\"https:\/\/oud.sparepartsholland.com\/produit\/hydraulic-double-pilot-operated-check-valve-kit-for-double-acting-cylinder-3-8\/#breadcrumb\"},\"inLanguage\":\"fr-FR\",\"potentialAction\":[{\"@type\":\"ReadAction\",\"target\":[\"https:\/\/oud.sparepartsholland.com\/produit\/hydraulic-double-pilot-operated-check-valve-kit-for-double-acting-cylinder-3-8\/\"]}]},{\"@type\":\"ImageObject\",\"inLanguage\":\"fr-FR\",\"@id\":\"https:\/\/oud.sparepartsholland.com\/produit\/hydraulic-double-pilot-operated-check-valve-kit-for-double-acting-cylinder-3-8\/#primaryimage\",\"url\":\"https:\/\/oud.sparepartsholland.com\/wp-content\/uploads\/2022\/07\/s-l500-12.jpg\",\"contentUrl\":\"https:\/\/oud.sparepartsholland.com\/wp-content\/uploads\/2022\/07\/s-l500-12.jpg\",\"width\":500,\"height\":450},{\"@type\":\"BreadcrumbList\",\"@id\":\"https:\/\/oud.sparepartsholland.com\/produit\/hydraulic-double-pilot-operated-check-valve-kit-for-double-acting-cylinder-3-8\/#breadcrumb\",\"itemListElement\":[{\"@type\":\"ListItem\",\"position\":1,\"name\":\"Home\",\"item\":\"https:\/\/oud.sparepartsholland.com\/fr\/\"},{\"@type\":\"ListItem\",\"position\":2,\"name\":\"Boutique\",\"item\":\"https:\/\/oud.sparepartsholland.com\/shop\/\"},{\"@type\":\"ListItem\",\"position\":3,\"name\":\"Kit de clapet anti-retour hydraulique \u00e0 double pilot\u00e9 pour v\u00e9rin \u00e0 double effet 3\/8&#8243;\"}]},{\"@type\":\"WebSite\",\"@id\":\"https:\/\/oud.sparepartsholland.com\/#website\",\"url\":\"https:\/\/oud.sparepartsholland.com\/\",\"name\":\"Sparepartsholland\",\"description\":\"\",\"publisher\":{\"@id\":\"https:\/\/oud.sparepartsholland.com\/#organization\"},\"potentialAction\":[{\"@type\":\"SearchAction\",\"target\":{\"@type\":\"EntryPoint\",\"urlTemplate\":\"https:\/\/oud.sparepartsholland.com\/?s={search_term_string}\"},\"query-input\":{\"@type\":\"PropertyValueSpecification\",\"valueRequired\":true,\"valueName\":\"search_term_string\"}}],\"inLanguage\":\"fr-FR\"},{\"@type\":\"Organization\",\"@id\":\"https:\/\/oud.sparepartsholland.com\/#organization\",\"name\":\"Spare Parts Holland\",\"url\":\"https:\/\/oud.sparepartsholland.com\/\",\"logo\":{\"@type\":\"ImageObject\",\"inLanguage\":\"fr-FR\",\"@id\":\"https:\/\/oud.sparepartsholland.com\/#\/schema\/logo\/image\/\",\"url\":\"https:\/\/oud.sparepartsholland.com\/wp-content\/uploads\/2022\/06\/spareparts-1.png\",\"contentUrl\":\"https:\/\/oud.sparepartsholland.com\/wp-content\/uploads\/2022\/06\/spareparts-1.png\",\"width\":824,\"height\":685,\"caption\":\"Spare Parts Holland\"},\"image\":{\"@id\":\"https:\/\/oud.sparepartsholland.com\/#\/schema\/logo\/image\/\"}}]}<\/script>\n<!-- \/ Yoast SEO plugin. -->","yoast_head_json":{"title":"Kit de clapet anti-retour hydraulique \u00e0 double pilot\u00e9 pour v\u00e9rin \u00e0 double effet 3\/8\" - Sparepartsholland","description":"Un clapet anti-retour \u00e0 double effet est utilis\u00e9 pour bloquer le d\u00e9bit d'huile du cylindre, qui \u00e0 son tour verrouille le cylindre en place jusqu'\u00e0 ce qu'il soit aliment\u00e9 en pression pour le lib\u00e9rer.","robots":{"index":"noindex","follow":"follow","max-snippet":"max-snippet:-1","max-image-preview":"max-image-preview:large","max-video-preview":"max-video-preview:-1"},"og_locale":"fr_FR","og_type":"article","og_title":"Kit de clapet anti-retour hydraulique \u00e0 double pilot\u00e9 pour v\u00e9rin \u00e0 double effet 3\/8\" - Sparepartsholland","og_description":"Un clapet anti-retour \u00e0 double effet est utilis\u00e9 pour bloquer le d\u00e9bit d'huile du cylindre, qui \u00e0 son tour verrouille le cylindre en place jusqu'\u00e0 ce qu'il soit aliment\u00e9 en pression pour le lib\u00e9rer.","og_url":"https:\/\/oud.sparepartsholland.com\/produit\/hydraulic-double-pilot-operated-check-valve-kit-for-double-acting-cylinder-3-8\/","og_site_name":"Sparepartsholland","article_modified_time":"2025-05-27T14:05:32+00:00","og_image":[{"width":500,"height":450,"url":"https:\/\/oud.sparepartsholland.com\/wp-content\/uploads\/2022\/07\/s-l500-12.jpg","type":"image\/jpeg"}],"twitter_card":"summary_large_image","twitter_misc":{"Dur\u00e9e de lecture estim\u00e9e":"1 minute"},"schema":{"@context":"https:\/\/schema.org","@graph":[{"@type":["WebPage","ItemPage"],"@id":"https:\/\/oud.sparepartsholland.com\/produit\/hydraulic-double-pilot-operated-check-valve-kit-for-double-acting-cylinder-3-8\/","url":"https:\/\/oud.sparepartsholland.com\/produit\/hydraulic-double-pilot-operated-check-valve-kit-for-double-acting-cylinder-3-8\/","name":"Kit de clapet anti-retour hydraulique \u00e0 double pilot\u00e9 pour v\u00e9rin \u00e0 double effet 3\/8\" - Sparepartsholland","isPartOf":{"@id":"https:\/\/oud.sparepartsholland.com\/#website"},"primaryImageOfPage":{"@id":"https:\/\/oud.sparepartsholland.com\/produit\/hydraulic-double-pilot-operated-check-valve-kit-for-double-acting-cylinder-3-8\/#primaryimage"},"image":{"@id":"https:\/\/oud.sparepartsholland.com\/produit\/hydraulic-double-pilot-operated-check-valve-kit-for-double-acting-cylinder-3-8\/#primaryimage"},"thumbnailUrl":"https:\/\/oud.sparepartsholland.com\/wp-content\/uploads\/2022\/07\/s-l500-12.jpg","datePublished":"2022-07-28T09:26:51+00:00","dateModified":"2025-05-27T14:05:32+00:00","description":"Un clapet anti-retour \u00e0 double effet est utilis\u00e9 pour bloquer le d\u00e9bit d'huile du cylindre, qui \u00e0 son tour verrouille le cylindre en place jusqu'\u00e0 ce qu'il soit aliment\u00e9 en pression pour le lib\u00e9rer.","breadcrumb":{"@id":"https:\/\/oud.sparepartsholland.com\/produit\/hydraulic-double-pilot-operated-check-valve-kit-for-double-acting-cylinder-3-8\/#breadcrumb"},"inLanguage":"fr-FR","potentialAction":[{"@type":"ReadAction","target":["https:\/\/oud.sparepartsholland.com\/produit\/hydraulic-double-pilot-operated-check-valve-kit-for-double-acting-cylinder-3-8\/"]}]},{"@type":"ImageObject","inLanguage":"fr-FR","@id":"https:\/\/oud.sparepartsholland.com\/produit\/hydraulic-double-pilot-operated-check-valve-kit-for-double-acting-cylinder-3-8\/#primaryimage","url":"https:\/\/oud.sparepartsholland.com\/wp-content\/uploads\/2022\/07\/s-l500-12.jpg","contentUrl":"https:\/\/oud.sparepartsholland.com\/wp-content\/uploads\/2022\/07\/s-l500-12.jpg","width":500,"height":450},{"@type":"BreadcrumbList","@id":"https:\/\/oud.sparepartsholland.com\/produit\/hydraulic-double-pilot-operated-check-valve-kit-for-double-acting-cylinder-3-8\/#breadcrumb","itemListElement":[{"@type":"ListItem","position":1,"name":"Home","item":"https:\/\/oud.sparepartsholland.com\/fr\/"},{"@type":"ListItem","position":2,"name":"Boutique","item":"https:\/\/oud.sparepartsholland.com\/shop\/"},{"@type":"ListItem","position":3,"name":"Kit de clapet anti-retour hydraulique \u00e0 double pilot\u00e9 pour v\u00e9rin \u00e0 double effet 3\/8&#8243;"}]},{"@type":"WebSite","@id":"https:\/\/oud.sparepartsholland.com\/#website","url":"https:\/\/oud.sparepartsholland.com\/","name":"Sparepartsholland","description":"","publisher":{"@id":"https:\/\/oud.sparepartsholland.com\/#organization"},"potentialAction":[{"@type":"SearchAction","target":{"@type":"EntryPoint","urlTemplate":"https:\/\/oud.sparepartsholland.com\/?s={search_term_string}"},"query-input":{"@type":"PropertyValueSpecification","valueRequired":true,"valueName":"search_term_string"}}],"inLanguage":"fr-FR"},{"@type":"Organization","@id":"https:\/\/oud.sparepartsholland.com\/#organization","name":"Spare Parts Holland","url":"https:\/\/oud.sparepartsholland.com\/","logo":{"@type":"ImageObject","inLanguage":"fr-FR","@id":"https:\/\/oud.sparepartsholland.com\/#\/schema\/logo\/image\/","url":"https:\/\/oud.sparepartsholland.com\/wp-content\/uploads\/2022\/06\/spareparts-1.png","contentUrl":"https:\/\/oud.sparepartsholland.com\/wp-content\/uploads\/2022\/06\/spareparts-1.png","width":824,"height":685,"caption":"Spare Parts Holland"},"image":{"@id":"https:\/\/oud.sparepartsholland.com\/#\/schema\/logo\/image\/"}}]}},"_links":{"self":[{"href":"https:\/\/oud.sparepartsholland.com\/fr\/wp-json\/wp\/v2\/product\/5982","targetHints":{"allow":["GET"]}}],"collection":[{"href":"https:\/\/oud.sparepartsholland.com\/fr\/wp-json\/wp\/v2\/product"}],"about":[{"href":"https:\/\/oud.sparepartsholland.com\/fr\/wp-json\/wp\/v2\/types\/product"}],"wp:featuredmedia":[{"embeddable":true,"href":"https:\/\/oud.sparepartsholland.com\/fr\/wp-json\/wp\/v2\/media\/3396"}],"wp:attachment":[{"href":"https:\/\/oud.sparepartsholland.com\/fr\/wp-json\/wp\/v2\/media?parent=5982"}],"wp:term":[{"taxonomy":"product_brand","embeddable":true,"href":"https:\/\/oud.sparepartsholland.com\/fr\/wp-json\/wp\/v2\/product_brand?post=5982"},{"taxonomy":"product_cat","embeddable":true,"href":"https:\/\/oud.sparepartsholland.com\/fr\/wp-json\/wp\/v2\/product_cat?post=5982"},{"taxonomy":"product_tag","embeddable":true,"href":"https:\/\/oud.sparepartsholland.com\/fr\/wp-json\/wp\/v2\/product_tag?post=5982"}],"curies":[{"name":"wp","href":"https:\/\/api.w.org\/{rel}","templated":true}]}}