{"id":6015,"date":"2022-07-28T10:18:45","date_gmt":"2022-07-28T09:18:45","guid":{"rendered":"https:\/\/sparepartsholland.com\/product\/hydraulic-toplink-cat-2-2600mm%e2%86%92876mm-276mm-stroke\/"},"modified":"2023-09-21T14:42:25","modified_gmt":"2023-09-21T13:42:25","slug":"hydraulic-toplink-cat-2-2600mm%e2%86%92876mm-276mm-stroke","status":"publish","type":"product","link":"https:\/\/oud.sparepartsholland.com\/fr\/produit\/hydraulic-toplink-cat-2-2600mm%e2%86%92876mm-276mm-stroke\/","title":{"rendered":"Barre de Pouss\u00e9e Hydraulique Cat. 2 (600 &#8211; 876 mm) avec Crochet, Clapet Anti-retour et 2 Flexibles Hydrauliques"},"content":{"rendered":"<p>La barre de pouss\u00e9e hydraulique que nous proposons remplace la barre de pouss\u00e9e hydraulique existante sur le tracteur et facilite votre travail quotidien. Cela n\u00e9cessite une soupape de commande \u00e0 double effet sur le tracteur &#8211; une combinaison imbattable en combinaison avec le clapet anti-retour *.<\/p>\n<p>* Lors du r\u00e9glage du barre de pouss\u00e9e hydraulique, il est tr\u00e8s important que la position ajust\u00e9e soit maintenue m\u00eame apr\u00e8s une longue p\u00e9riode de temps. Cela n&#8217;est gu\u00e8re possible avec des barres de pouss\u00e9e hydraulique sans clapet anti-retour, car les unit\u00e9s de commande du tracteur ne se verrouillent pas aussi fermement. Ce barre de pouss\u00e9e hydraulique est donc \u00e9quip\u00e9 d&#8217;un clapet anti-retour. Avec cette soupape, l&#8217;huile dans le cylindre est enferm\u00e9e par un clapet anti-retour. Ce n&#8217;est que lorsque la pression d&#8217;huile revient du tracteur que la vanne s&#8217;ouvre et que le v\u00e9rin peut \u00eatre r\u00e9gl\u00e9.<\/p>\n<p>Concevoir:<\/p>\n<ul>\n<li>Haute qualit\u00e9 et finition et peint en noir<\/li>\n<li>Incl. clapet anti-retour<\/li>\n<li>La livraison est enti\u00e8rement assembl\u00e9e<\/li>\n<li>Poids environ 15 kg<\/li>\n<li>2 x flexibles hydrauliques (3\/8&#8243;) avec raccords rapides m\u00e2les 1\/2&#8243; et cache anti-poussi\u00e8re<\/li>\n<\/ul>\n","protected":false},"excerpt":{"rendered":"<ul>\n<li>Haute qualit\u00e9 et finition et peint en noir<\/li>\n<li>Incl. clapet anti-retour<\/li>\n<li>La livraison est enti\u00e8rement assembl\u00e9e<\/li>\n<li>Poids environ 15 kg<\/li>\n<li>2 x flexibles hydrauliques (3\/8&#8243;) avec raccords rapides m\u00e2les 1\/2&#8243; et cache anti-poussi\u00e8re<\/li>\n<\/ul>\n","protected":false},"featured_media":3225,"template":"","meta":{"inline_featured_image":false},"product_brand":[],"product_cat":[603,607],"product_tag":[],"class_list":{"0":"post-6015","1":"product","2":"type-product","3":"status-publish","4":"has-post-thumbnail","6":"product_cat-kit-troisieme-point-hydraulique","7":"product_cat-crochets-cat-2","9":"first","10":"instock","11":"taxable","12":"shipping-taxable","13":"purchasable","14":"product-type-simple"},"yoast_head":"<!-- This site is optimized with the Yoast SEO plugin v25.0 - https:\/\/yoast.com\/wordpress\/plugins\/seo\/ -->\n<title>Barre de Pouss\u00e9e Hydraulique Cat. 2 (600 - 876 mm) avec Crochet, Clapet Anti-retour et 2 Flexibles Hydrauliques - Sparepartsholland<\/title>\n<meta name=\"description\" content=\"La barre de pouss\u00e9e hydraulique que nous proposons remplace la barre de pouss\u00e9e existante sur le tracteur et facilite votre travail quotidien.\" \/>\n<meta name=\"robots\" content=\"noindex, follow, max-snippet:-1, max-image-preview:large, max-video-preview:-1\" \/>\n<meta property=\"og:locale\" content=\"fr_FR\" \/>\n<meta property=\"og:type\" content=\"article\" \/>\n<meta property=\"og:title\" content=\"Barre de Pouss\u00e9e Hydraulique Cat. 2 (600 - 876 mm) avec Crochet, Clapet Anti-retour et 2 Flexibles Hydrauliques - Sparepartsholland\" \/>\n<meta property=\"og:description\" content=\"La barre de pouss\u00e9e hydraulique que nous proposons remplace la barre de pouss\u00e9e existante sur le tracteur et facilite votre travail quotidien.\" \/>\n<meta property=\"og:url\" content=\"https:\/\/oud.sparepartsholland.com\/produit\/hydraulic-toplink-cat-2-2600mm\u2192876mm-276mm-stroke\/\" \/>\n<meta property=\"og:site_name\" content=\"Sparepartsholland\" \/>\n<meta property=\"article:modified_time\" content=\"2023-09-21T13:42:25+00:00\" \/>\n<meta property=\"og:image\" content=\"https:\/\/oud.sparepartsholland.com\/wp-content\/uploads\/2022\/07\/5-scaled-1.jpg\" \/>\n\t<meta property=\"og:image:width\" content=\"2560\" \/>\n\t<meta property=\"og:image:height\" content=\"2432\" \/>\n\t<meta property=\"og:image:type\" content=\"image\/jpeg\" \/>\n<meta name=\"twitter:card\" content=\"summary_large_image\" \/>\n<meta name=\"twitter:label1\" content=\"Dur\u00e9e de lecture estim\u00e9e\" \/>\n\t<meta name=\"twitter:data1\" content=\"1 minute\" \/>\n<script type=\"application\/ld+json\" class=\"yoast-schema-graph\">{\"@context\":\"https:\/\/schema.org\",\"@graph\":[{\"@type\":[\"WebPage\",\"ItemPage\"],\"@id\":\"https:\/\/oud.sparepartsholland.com\/produit\/hydraulic-toplink-cat-2-2600mm%e2%86%92876mm-276mm-stroke\/\",\"url\":\"https:\/\/oud.sparepartsholland.com\/produit\/hydraulic-toplink-cat-2-2600mm%e2%86%92876mm-276mm-stroke\/\",\"name\":\"Barre de Pouss\u00e9e Hydraulique Cat. 2 (600 - 876 mm) avec Crochet, Clapet Anti-retour et 2 Flexibles Hydrauliques - Sparepartsholland\",\"isPartOf\":{\"@id\":\"https:\/\/oud.sparepartsholland.com\/#website\"},\"primaryImageOfPage\":{\"@id\":\"https:\/\/oud.sparepartsholland.com\/produit\/hydraulic-toplink-cat-2-2600mm%e2%86%92876mm-276mm-stroke\/#primaryimage\"},\"image\":{\"@id\":\"https:\/\/oud.sparepartsholland.com\/produit\/hydraulic-toplink-cat-2-2600mm%e2%86%92876mm-276mm-stroke\/#primaryimage\"},\"thumbnailUrl\":\"https:\/\/oud.sparepartsholland.com\/wp-content\/uploads\/2022\/07\/5-scaled-1.jpg\",\"datePublished\":\"2022-07-28T09:18:45+00:00\",\"dateModified\":\"2023-09-21T13:42:25+00:00\",\"description\":\"La barre de pouss\u00e9e hydraulique que nous proposons remplace la barre de pouss\u00e9e existante sur le tracteur et facilite votre travail quotidien.\",\"breadcrumb\":{\"@id\":\"https:\/\/oud.sparepartsholland.com\/produit\/hydraulic-toplink-cat-2-2600mm%e2%86%92876mm-276mm-stroke\/#breadcrumb\"},\"inLanguage\":\"fr-FR\",\"potentialAction\":[{\"@type\":\"ReadAction\",\"target\":[\"https:\/\/oud.sparepartsholland.com\/produit\/hydraulic-toplink-cat-2-2600mm%e2%86%92876mm-276mm-stroke\/\"]}]},{\"@type\":\"ImageObject\",\"inLanguage\":\"fr-FR\",\"@id\":\"https:\/\/oud.sparepartsholland.com\/produit\/hydraulic-toplink-cat-2-2600mm%e2%86%92876mm-276mm-stroke\/#primaryimage\",\"url\":\"https:\/\/oud.sparepartsholland.com\/wp-content\/uploads\/2022\/07\/5-scaled-1.jpg\",\"contentUrl\":\"https:\/\/oud.sparepartsholland.com\/wp-content\/uploads\/2022\/07\/5-scaled-1.jpg\",\"width\":2560,\"height\":2432},{\"@type\":\"BreadcrumbList\",\"@id\":\"https:\/\/oud.sparepartsholland.com\/produit\/hydraulic-toplink-cat-2-2600mm%e2%86%92876mm-276mm-stroke\/#breadcrumb\",\"itemListElement\":[{\"@type\":\"ListItem\",\"position\":1,\"name\":\"Home\",\"item\":\"https:\/\/oud.sparepartsholland.com\/fr\/\"},{\"@type\":\"ListItem\",\"position\":2,\"name\":\"Boutique\",\"item\":\"https:\/\/oud.sparepartsholland.com\/shop\/\"},{\"@type\":\"ListItem\",\"position\":3,\"name\":\"Barre de Pouss\u00e9e Hydraulique Cat. 2 (600 &#8211; 876 mm) avec Crochet, Clapet Anti-retour et 2 Flexibles Hydrauliques\"}]},{\"@type\":\"WebSite\",\"@id\":\"https:\/\/oud.sparepartsholland.com\/#website\",\"url\":\"https:\/\/oud.sparepartsholland.com\/\",\"name\":\"Sparepartsholland\",\"description\":\"\",\"publisher\":{\"@id\":\"https:\/\/oud.sparepartsholland.com\/#organization\"},\"potentialAction\":[{\"@type\":\"SearchAction\",\"target\":{\"@type\":\"EntryPoint\",\"urlTemplate\":\"https:\/\/oud.sparepartsholland.com\/?s={search_term_string}\"},\"query-input\":{\"@type\":\"PropertyValueSpecification\",\"valueRequired\":true,\"valueName\":\"search_term_string\"}}],\"inLanguage\":\"fr-FR\"},{\"@type\":\"Organization\",\"@id\":\"https:\/\/oud.sparepartsholland.com\/#organization\",\"name\":\"Spare Parts Holland\",\"url\":\"https:\/\/oud.sparepartsholland.com\/\",\"logo\":{\"@type\":\"ImageObject\",\"inLanguage\":\"fr-FR\",\"@id\":\"https:\/\/oud.sparepartsholland.com\/#\/schema\/logo\/image\/\",\"url\":\"https:\/\/oud.sparepartsholland.com\/wp-content\/uploads\/2022\/06\/spareparts-1.png\",\"contentUrl\":\"https:\/\/oud.sparepartsholland.com\/wp-content\/uploads\/2022\/06\/spareparts-1.png\",\"width\":824,\"height\":685,\"caption\":\"Spare Parts Holland\"},\"image\":{\"@id\":\"https:\/\/oud.sparepartsholland.com\/#\/schema\/logo\/image\/\"}}]}<\/script>\n<!-- \/ Yoast SEO plugin. -->","yoast_head_json":{"title":"Barre de Pouss\u00e9e Hydraulique Cat. 2 (600 - 876 mm) avec Crochet, Clapet Anti-retour et 2 Flexibles Hydrauliques - Sparepartsholland","description":"La barre de pouss\u00e9e hydraulique que nous proposons remplace la barre de pouss\u00e9e existante sur le tracteur et facilite votre travail quotidien.","robots":{"index":"noindex","follow":"follow","max-snippet":"max-snippet:-1","max-image-preview":"max-image-preview:large","max-video-preview":"max-video-preview:-1"},"og_locale":"fr_FR","og_type":"article","og_title":"Barre de Pouss\u00e9e Hydraulique Cat. 2 (600 - 876 mm) avec Crochet, Clapet Anti-retour et 2 Flexibles Hydrauliques - Sparepartsholland","og_description":"La barre de pouss\u00e9e hydraulique que nous proposons remplace la barre de pouss\u00e9e existante sur le tracteur et facilite votre travail quotidien.","og_url":"https:\/\/oud.sparepartsholland.com\/produit\/hydraulic-toplink-cat-2-2600mm\u2192876mm-276mm-stroke\/","og_site_name":"Sparepartsholland","article_modified_time":"2023-09-21T13:42:25+00:00","og_image":[{"width":2560,"height":2432,"url":"https:\/\/oud.sparepartsholland.com\/wp-content\/uploads\/2022\/07\/5-scaled-1.jpg","type":"image\/jpeg"}],"twitter_card":"summary_large_image","twitter_misc":{"Dur\u00e9e de lecture estim\u00e9e":"1 minute"},"schema":{"@context":"https:\/\/schema.org","@graph":[{"@type":["WebPage","ItemPage"],"@id":"https:\/\/oud.sparepartsholland.com\/produit\/hydraulic-toplink-cat-2-2600mm%e2%86%92876mm-276mm-stroke\/","url":"https:\/\/oud.sparepartsholland.com\/produit\/hydraulic-toplink-cat-2-2600mm%e2%86%92876mm-276mm-stroke\/","name":"Barre de Pouss\u00e9e Hydraulique Cat. 2 (600 - 876 mm) avec Crochet, Clapet Anti-retour et 2 Flexibles Hydrauliques - Sparepartsholland","isPartOf":{"@id":"https:\/\/oud.sparepartsholland.com\/#website"},"primaryImageOfPage":{"@id":"https:\/\/oud.sparepartsholland.com\/produit\/hydraulic-toplink-cat-2-2600mm%e2%86%92876mm-276mm-stroke\/#primaryimage"},"image":{"@id":"https:\/\/oud.sparepartsholland.com\/produit\/hydraulic-toplink-cat-2-2600mm%e2%86%92876mm-276mm-stroke\/#primaryimage"},"thumbnailUrl":"https:\/\/oud.sparepartsholland.com\/wp-content\/uploads\/2022\/07\/5-scaled-1.jpg","datePublished":"2022-07-28T09:18:45+00:00","dateModified":"2023-09-21T13:42:25+00:00","description":"La barre de pouss\u00e9e hydraulique que nous proposons remplace la barre de pouss\u00e9e existante sur le tracteur et facilite votre travail quotidien.","breadcrumb":{"@id":"https:\/\/oud.sparepartsholland.com\/produit\/hydraulic-toplink-cat-2-2600mm%e2%86%92876mm-276mm-stroke\/#breadcrumb"},"inLanguage":"fr-FR","potentialAction":[{"@type":"ReadAction","target":["https:\/\/oud.sparepartsholland.com\/produit\/hydraulic-toplink-cat-2-2600mm%e2%86%92876mm-276mm-stroke\/"]}]},{"@type":"ImageObject","inLanguage":"fr-FR","@id":"https:\/\/oud.sparepartsholland.com\/produit\/hydraulic-toplink-cat-2-2600mm%e2%86%92876mm-276mm-stroke\/#primaryimage","url":"https:\/\/oud.sparepartsholland.com\/wp-content\/uploads\/2022\/07\/5-scaled-1.jpg","contentUrl":"https:\/\/oud.sparepartsholland.com\/wp-content\/uploads\/2022\/07\/5-scaled-1.jpg","width":2560,"height":2432},{"@type":"BreadcrumbList","@id":"https:\/\/oud.sparepartsholland.com\/produit\/hydraulic-toplink-cat-2-2600mm%e2%86%92876mm-276mm-stroke\/#breadcrumb","itemListElement":[{"@type":"ListItem","position":1,"name":"Home","item":"https:\/\/oud.sparepartsholland.com\/fr\/"},{"@type":"ListItem","position":2,"name":"Boutique","item":"https:\/\/oud.sparepartsholland.com\/shop\/"},{"@type":"ListItem","position":3,"name":"Barre de Pouss\u00e9e Hydraulique Cat. 2 (600 &#8211; 876 mm) avec Crochet, Clapet Anti-retour et 2 Flexibles Hydrauliques"}]},{"@type":"WebSite","@id":"https:\/\/oud.sparepartsholland.com\/#website","url":"https:\/\/oud.sparepartsholland.com\/","name":"Sparepartsholland","description":"","publisher":{"@id":"https:\/\/oud.sparepartsholland.com\/#organization"},"potentialAction":[{"@type":"SearchAction","target":{"@type":"EntryPoint","urlTemplate":"https:\/\/oud.sparepartsholland.com\/?s={search_term_string}"},"query-input":{"@type":"PropertyValueSpecification","valueRequired":true,"valueName":"search_term_string"}}],"inLanguage":"fr-FR"},{"@type":"Organization","@id":"https:\/\/oud.sparepartsholland.com\/#organization","name":"Spare Parts Holland","url":"https:\/\/oud.sparepartsholland.com\/","logo":{"@type":"ImageObject","inLanguage":"fr-FR","@id":"https:\/\/oud.sparepartsholland.com\/#\/schema\/logo\/image\/","url":"https:\/\/oud.sparepartsholland.com\/wp-content\/uploads\/2022\/06\/spareparts-1.png","contentUrl":"https:\/\/oud.sparepartsholland.com\/wp-content\/uploads\/2022\/06\/spareparts-1.png","width":824,"height":685,"caption":"Spare Parts Holland"},"image":{"@id":"https:\/\/oud.sparepartsholland.com\/#\/schema\/logo\/image\/"}}]}},"_links":{"self":[{"href":"https:\/\/oud.sparepartsholland.com\/fr\/wp-json\/wp\/v2\/product\/6015","targetHints":{"allow":["GET"]}}],"collection":[{"href":"https:\/\/oud.sparepartsholland.com\/fr\/wp-json\/wp\/v2\/product"}],"about":[{"href":"https:\/\/oud.sparepartsholland.com\/fr\/wp-json\/wp\/v2\/types\/product"}],"wp:featuredmedia":[{"embeddable":true,"href":"https:\/\/oud.sparepartsholland.com\/fr\/wp-json\/wp\/v2\/media\/3225"}],"wp:attachment":[{"href":"https:\/\/oud.sparepartsholland.com\/fr\/wp-json\/wp\/v2\/media?parent=6015"}],"wp:term":[{"taxonomy":"product_brand","embeddable":true,"href":"https:\/\/oud.sparepartsholland.com\/fr\/wp-json\/wp\/v2\/product_brand?post=6015"},{"taxonomy":"product_cat","embeddable":true,"href":"https:\/\/oud.sparepartsholland.com\/fr\/wp-json\/wp\/v2\/product_cat?post=6015"},{"taxonomy":"product_tag","embeddable":true,"href":"https:\/\/oud.sparepartsholland.com\/fr\/wp-json\/wp\/v2\/product_tag?post=6015"}],"curies":[{"name":"wp","href":"https:\/\/api.w.org\/{rel}","templated":true}]}}