{"id":6065,"date":"2022-07-28T10:13:44","date_gmt":"2022-07-28T09:13:44","guid":{"rendered":"https:\/\/sparepartsholland.com\/product\/steering-cylinder-fits-john-deere-425-445-455-8mm-pin-am118796-am147174\/"},"modified":"2025-05-25T13:03:34","modified_gmt":"2025-05-25T12:03:34","slug":"cylindre-de-direction-pour-john-deere-425-445-455-8mm-pin-am118796-am147174","status":"publish","type":"product","link":"https:\/\/oud.sparepartsholland.com\/fr\/produit\/cylindre-de-direction-pour-john-deere-425-445-455-8mm-pin-am118796-am147174\/","title":{"rendered":"AM118796 AM147174 &#8211; Cylindre de Direction pour John Deere 425 445 455 &#8211; Goupille 8 mm"},"content":{"rendered":"<p>V\u00e9rin de direction assist\u00e9e pour tracteur John Deere.<\/p>\n<ul>\n<li>Cylindre avant<\/li>\n<li>Cylindre de direction assist\u00e9e, remplace le num\u00e9ro de pi\u00e8ce : AM118796 AM147174.<\/li>\n<li>Pour tondeuses \u00e0 gazon \u00e0 2 roues directrices<\/li>\n<\/ul>\n<p>REMARQUE\u00a0: CE CYLINDRE DE DIRECTION N&#8217;EST PAS COMPATIBLE SI VOTRE MOD\u00c8LE UTILISE LE NUM\u00c9RO DE PI\u00c8CE AM123017.<\/p>\n<p>Il s&#8217;agit du mod\u00e8le \u00e0 trou de ressort de 8 mm. Le pion sur le corps du cylindre doit faire 8mm pour que ce cylindre soit compatible.<\/p>\n<p>Compatible avec les mod\u00e8les de tracteurs John Deere suivants\u00a0:\u00a0425 (s\u00e9ries\u00a0: d\u00e9marrage &#8211; 051999), 445 (s\u00e9ries\u00a0: d\u00e9marrage &#8211; 051045), 455 (s\u00e9ries\u00a0: d\u00e9marrage &#8211; 050089).<\/p>\n","protected":false},"excerpt":{"rendered":"<ul>\n<li>Cylindre avant<\/li>\n<li>Cylindre de direction assist\u00e9e, remplace le num\u00e9ro de pi\u00e8ce : AM118796 AM147174.<\/li>\n<li>Pour tondeuses \u00e0 gazon \u00e0 2 roues directrices<\/li>\n<\/ul>\n","protected":false},"featured_media":3040,"template":"","meta":{"inline_featured_image":false},"product_brand":[],"product_cat":[614,617],"product_tag":[],"class_list":{"0":"post-6065","1":"product","2":"type-product","3":"status-publish","4":"has-post-thumbnail","6":"product_cat-verins-de-direction-assistee","7":"product_cat-john-deere-fr-2","9":"first","10":"instock","11":"sale","12":"taxable","13":"shipping-taxable","14":"purchasable","15":"product-type-simple"},"yoast_head":"<!-- This site is optimized with the Yoast SEO plugin v25.0 - https:\/\/yoast.com\/wordpress\/plugins\/seo\/ -->\n<title>AM118796 AM147174 - Cylindre de Direction pour John Deere 425 445 455 - Goupille 8 mm - Sparepartsholland<\/title>\n<meta name=\"description\" content=\"Il s&#039;agit du mod\u00e8le \u00e0 trou de ressort de 8 mm. Le pion sur le corps du cylindre doit faire 8mm pour que ce cylindre soit compatible.\" \/>\n<meta name=\"robots\" content=\"noindex, follow, max-snippet:-1, max-image-preview:large, max-video-preview:-1\" \/>\n<meta property=\"og:locale\" content=\"fr_FR\" \/>\n<meta property=\"og:type\" content=\"article\" \/>\n<meta property=\"og:title\" content=\"AM118796 AM147174 - Cylindre de Direction pour John Deere 425 445 455 - Goupille 8 mm - Sparepartsholland\" \/>\n<meta property=\"og:description\" content=\"Il s&#039;agit du mod\u00e8le \u00e0 trou de ressort de 8 mm. Le pion sur le corps du cylindre doit faire 8mm pour que ce cylindre soit compatible.\" \/>\n<meta property=\"og:url\" content=\"https:\/\/oud.sparepartsholland.com\/produit\/steering-cylinder-fits-john-deere-425-445-455-8mm-pin-am118796-am147174\/\" \/>\n<meta property=\"og:site_name\" content=\"Sparepartsholland\" \/>\n<meta property=\"article:modified_time\" content=\"2025-05-25T12:03:34+00:00\" \/>\n<meta property=\"og:image\" content=\"https:\/\/oud.sparepartsholland.com\/wp-content\/uploads\/2022\/07\/s-l1600-21.jpg\" \/>\n\t<meta property=\"og:image:width\" content=\"1600\" \/>\n\t<meta property=\"og:image:height\" content=\"1454\" \/>\n\t<meta property=\"og:image:type\" content=\"image\/jpeg\" \/>\n<meta name=\"twitter:card\" content=\"summary_large_image\" \/>\n<meta name=\"twitter:label1\" content=\"Dur\u00e9e de lecture estim\u00e9e\" \/>\n\t<meta name=\"twitter:data1\" content=\"1 minute\" \/>\n<script type=\"application\/ld+json\" class=\"yoast-schema-graph\">{\"@context\":\"https:\/\/schema.org\",\"@graph\":[{\"@type\":[\"WebPage\",\"ItemPage\"],\"@id\":\"https:\/\/oud.sparepartsholland.com\/produit\/steering-cylinder-fits-john-deere-425-445-455-8mm-pin-am118796-am147174\/\",\"url\":\"https:\/\/oud.sparepartsholland.com\/produit\/steering-cylinder-fits-john-deere-425-445-455-8mm-pin-am118796-am147174\/\",\"name\":\"AM118796 AM147174 - Cylindre de Direction pour John Deere 425 445 455 - Goupille 8 mm - Sparepartsholland\",\"isPartOf\":{\"@id\":\"https:\/\/oud.sparepartsholland.com\/#website\"},\"primaryImageOfPage\":{\"@id\":\"https:\/\/oud.sparepartsholland.com\/produit\/steering-cylinder-fits-john-deere-425-445-455-8mm-pin-am118796-am147174\/#primaryimage\"},\"image\":{\"@id\":\"https:\/\/oud.sparepartsholland.com\/produit\/steering-cylinder-fits-john-deere-425-445-455-8mm-pin-am118796-am147174\/#primaryimage\"},\"thumbnailUrl\":\"https:\/\/oud.sparepartsholland.com\/wp-content\/uploads\/2022\/07\/s-l1600-21.jpg\",\"datePublished\":\"2022-07-28T09:13:44+00:00\",\"dateModified\":\"2025-05-25T12:03:34+00:00\",\"description\":\"Il s'agit du mod\u00e8le \u00e0 trou de ressort de 8 mm. Le pion sur le corps du cylindre doit faire 8mm pour que ce cylindre soit compatible.\",\"breadcrumb\":{\"@id\":\"https:\/\/oud.sparepartsholland.com\/produit\/steering-cylinder-fits-john-deere-425-445-455-8mm-pin-am118796-am147174\/#breadcrumb\"},\"inLanguage\":\"fr-FR\",\"potentialAction\":[{\"@type\":\"ReadAction\",\"target\":[\"https:\/\/oud.sparepartsholland.com\/produit\/steering-cylinder-fits-john-deere-425-445-455-8mm-pin-am118796-am147174\/\"]}]},{\"@type\":\"ImageObject\",\"inLanguage\":\"fr-FR\",\"@id\":\"https:\/\/oud.sparepartsholland.com\/produit\/steering-cylinder-fits-john-deere-425-445-455-8mm-pin-am118796-am147174\/#primaryimage\",\"url\":\"https:\/\/oud.sparepartsholland.com\/wp-content\/uploads\/2022\/07\/s-l1600-21.jpg\",\"contentUrl\":\"https:\/\/oud.sparepartsholland.com\/wp-content\/uploads\/2022\/07\/s-l1600-21.jpg\",\"width\":1600,\"height\":1454},{\"@type\":\"BreadcrumbList\",\"@id\":\"https:\/\/oud.sparepartsholland.com\/produit\/steering-cylinder-fits-john-deere-425-445-455-8mm-pin-am118796-am147174\/#breadcrumb\",\"itemListElement\":[{\"@type\":\"ListItem\",\"position\":1,\"name\":\"Home\",\"item\":\"https:\/\/oud.sparepartsholland.com\/fr\/\"},{\"@type\":\"ListItem\",\"position\":2,\"name\":\"Boutique\",\"item\":\"https:\/\/oud.sparepartsholland.com\/shop\/\"},{\"@type\":\"ListItem\",\"position\":3,\"name\":\"AM118796 AM147174 &#8211; Cylindre de Direction pour John Deere 425 445 455 &#8211; Goupille 8 mm\"}]},{\"@type\":\"WebSite\",\"@id\":\"https:\/\/oud.sparepartsholland.com\/#website\",\"url\":\"https:\/\/oud.sparepartsholland.com\/\",\"name\":\"Sparepartsholland\",\"description\":\"\",\"publisher\":{\"@id\":\"https:\/\/oud.sparepartsholland.com\/#organization\"},\"potentialAction\":[{\"@type\":\"SearchAction\",\"target\":{\"@type\":\"EntryPoint\",\"urlTemplate\":\"https:\/\/oud.sparepartsholland.com\/?s={search_term_string}\"},\"query-input\":{\"@type\":\"PropertyValueSpecification\",\"valueRequired\":true,\"valueName\":\"search_term_string\"}}],\"inLanguage\":\"fr-FR\"},{\"@type\":\"Organization\",\"@id\":\"https:\/\/oud.sparepartsholland.com\/#organization\",\"name\":\"Spare Parts Holland\",\"url\":\"https:\/\/oud.sparepartsholland.com\/\",\"logo\":{\"@type\":\"ImageObject\",\"inLanguage\":\"fr-FR\",\"@id\":\"https:\/\/oud.sparepartsholland.com\/#\/schema\/logo\/image\/\",\"url\":\"https:\/\/oud.sparepartsholland.com\/wp-content\/uploads\/2022\/06\/spareparts-1.png\",\"contentUrl\":\"https:\/\/oud.sparepartsholland.com\/wp-content\/uploads\/2022\/06\/spareparts-1.png\",\"width\":824,\"height\":685,\"caption\":\"Spare Parts Holland\"},\"image\":{\"@id\":\"https:\/\/oud.sparepartsholland.com\/#\/schema\/logo\/image\/\"}}]}<\/script>\n<!-- \/ Yoast SEO plugin. -->","yoast_head_json":{"title":"AM118796 AM147174 - Cylindre de Direction pour John Deere 425 445 455 - Goupille 8 mm - Sparepartsholland","description":"Il s'agit du mod\u00e8le \u00e0 trou de ressort de 8 mm. Le pion sur le corps du cylindre doit faire 8mm pour que ce cylindre soit compatible.","robots":{"index":"noindex","follow":"follow","max-snippet":"max-snippet:-1","max-image-preview":"max-image-preview:large","max-video-preview":"max-video-preview:-1"},"og_locale":"fr_FR","og_type":"article","og_title":"AM118796 AM147174 - Cylindre de Direction pour John Deere 425 445 455 - Goupille 8 mm - Sparepartsholland","og_description":"Il s'agit du mod\u00e8le \u00e0 trou de ressort de 8 mm. Le pion sur le corps du cylindre doit faire 8mm pour que ce cylindre soit compatible.","og_url":"https:\/\/oud.sparepartsholland.com\/produit\/steering-cylinder-fits-john-deere-425-445-455-8mm-pin-am118796-am147174\/","og_site_name":"Sparepartsholland","article_modified_time":"2025-05-25T12:03:34+00:00","og_image":[{"width":1600,"height":1454,"url":"https:\/\/oud.sparepartsholland.com\/wp-content\/uploads\/2022\/07\/s-l1600-21.jpg","type":"image\/jpeg"}],"twitter_card":"summary_large_image","twitter_misc":{"Dur\u00e9e de lecture estim\u00e9e":"1 minute"},"schema":{"@context":"https:\/\/schema.org","@graph":[{"@type":["WebPage","ItemPage"],"@id":"https:\/\/oud.sparepartsholland.com\/produit\/steering-cylinder-fits-john-deere-425-445-455-8mm-pin-am118796-am147174\/","url":"https:\/\/oud.sparepartsholland.com\/produit\/steering-cylinder-fits-john-deere-425-445-455-8mm-pin-am118796-am147174\/","name":"AM118796 AM147174 - Cylindre de Direction pour John Deere 425 445 455 - Goupille 8 mm - Sparepartsholland","isPartOf":{"@id":"https:\/\/oud.sparepartsholland.com\/#website"},"primaryImageOfPage":{"@id":"https:\/\/oud.sparepartsholland.com\/produit\/steering-cylinder-fits-john-deere-425-445-455-8mm-pin-am118796-am147174\/#primaryimage"},"image":{"@id":"https:\/\/oud.sparepartsholland.com\/produit\/steering-cylinder-fits-john-deere-425-445-455-8mm-pin-am118796-am147174\/#primaryimage"},"thumbnailUrl":"https:\/\/oud.sparepartsholland.com\/wp-content\/uploads\/2022\/07\/s-l1600-21.jpg","datePublished":"2022-07-28T09:13:44+00:00","dateModified":"2025-05-25T12:03:34+00:00","description":"Il s'agit du mod\u00e8le \u00e0 trou de ressort de 8 mm. Le pion sur le corps du cylindre doit faire 8mm pour que ce cylindre soit compatible.","breadcrumb":{"@id":"https:\/\/oud.sparepartsholland.com\/produit\/steering-cylinder-fits-john-deere-425-445-455-8mm-pin-am118796-am147174\/#breadcrumb"},"inLanguage":"fr-FR","potentialAction":[{"@type":"ReadAction","target":["https:\/\/oud.sparepartsholland.com\/produit\/steering-cylinder-fits-john-deere-425-445-455-8mm-pin-am118796-am147174\/"]}]},{"@type":"ImageObject","inLanguage":"fr-FR","@id":"https:\/\/oud.sparepartsholland.com\/produit\/steering-cylinder-fits-john-deere-425-445-455-8mm-pin-am118796-am147174\/#primaryimage","url":"https:\/\/oud.sparepartsholland.com\/wp-content\/uploads\/2022\/07\/s-l1600-21.jpg","contentUrl":"https:\/\/oud.sparepartsholland.com\/wp-content\/uploads\/2022\/07\/s-l1600-21.jpg","width":1600,"height":1454},{"@type":"BreadcrumbList","@id":"https:\/\/oud.sparepartsholland.com\/produit\/steering-cylinder-fits-john-deere-425-445-455-8mm-pin-am118796-am147174\/#breadcrumb","itemListElement":[{"@type":"ListItem","position":1,"name":"Home","item":"https:\/\/oud.sparepartsholland.com\/fr\/"},{"@type":"ListItem","position":2,"name":"Boutique","item":"https:\/\/oud.sparepartsholland.com\/shop\/"},{"@type":"ListItem","position":3,"name":"AM118796 AM147174 &#8211; Cylindre de Direction pour John Deere 425 445 455 &#8211; Goupille 8 mm"}]},{"@type":"WebSite","@id":"https:\/\/oud.sparepartsholland.com\/#website","url":"https:\/\/oud.sparepartsholland.com\/","name":"Sparepartsholland","description":"","publisher":{"@id":"https:\/\/oud.sparepartsholland.com\/#organization"},"potentialAction":[{"@type":"SearchAction","target":{"@type":"EntryPoint","urlTemplate":"https:\/\/oud.sparepartsholland.com\/?s={search_term_string}"},"query-input":{"@type":"PropertyValueSpecification","valueRequired":true,"valueName":"search_term_string"}}],"inLanguage":"fr-FR"},{"@type":"Organization","@id":"https:\/\/oud.sparepartsholland.com\/#organization","name":"Spare Parts Holland","url":"https:\/\/oud.sparepartsholland.com\/","logo":{"@type":"ImageObject","inLanguage":"fr-FR","@id":"https:\/\/oud.sparepartsholland.com\/#\/schema\/logo\/image\/","url":"https:\/\/oud.sparepartsholland.com\/wp-content\/uploads\/2022\/06\/spareparts-1.png","contentUrl":"https:\/\/oud.sparepartsholland.com\/wp-content\/uploads\/2022\/06\/spareparts-1.png","width":824,"height":685,"caption":"Spare Parts Holland"},"image":{"@id":"https:\/\/oud.sparepartsholland.com\/#\/schema\/logo\/image\/"}}]}},"_links":{"self":[{"href":"https:\/\/oud.sparepartsholland.com\/fr\/wp-json\/wp\/v2\/product\/6065","targetHints":{"allow":["GET"]}}],"collection":[{"href":"https:\/\/oud.sparepartsholland.com\/fr\/wp-json\/wp\/v2\/product"}],"about":[{"href":"https:\/\/oud.sparepartsholland.com\/fr\/wp-json\/wp\/v2\/types\/product"}],"wp:featuredmedia":[{"embeddable":true,"href":"https:\/\/oud.sparepartsholland.com\/fr\/wp-json\/wp\/v2\/media\/3040"}],"wp:attachment":[{"href":"https:\/\/oud.sparepartsholland.com\/fr\/wp-json\/wp\/v2\/media?parent=6065"}],"wp:term":[{"taxonomy":"product_brand","embeddable":true,"href":"https:\/\/oud.sparepartsholland.com\/fr\/wp-json\/wp\/v2\/product_brand?post=6065"},{"taxonomy":"product_cat","embeddable":true,"href":"https:\/\/oud.sparepartsholland.com\/fr\/wp-json\/wp\/v2\/product_cat?post=6065"},{"taxonomy":"product_tag","embeddable":true,"href":"https:\/\/oud.sparepartsholland.com\/fr\/wp-json\/wp\/v2\/product_tag?post=6065"}],"curies":[{"name":"wp","href":"https:\/\/api.w.org\/{rel}","templated":true}]}}