{"id":6105,"date":"2022-07-28T10:10:56","date_gmt":"2022-07-28T09:10:56","guid":{"rendered":"https:\/\/sparepartsholland.com\/product\/hydraulic-toplink-cat-3-3635%e2%86%92845mm-210mm-stroke-with-ball-joint-hook-heavy-duty\/"},"modified":"2024-06-26T15:14:59","modified_gmt":"2024-06-26T14:14:59","slug":"hydraulic-toplink-cat-3-3635%e2%86%92845mm-210mm-stroke-with-ball-joint-hook-heavy-duty","status":"publish","type":"product","link":"https:\/\/oud.sparepartsholland.com\/fr\/produit\/hydraulic-toplink-cat-3-3635%e2%86%92845mm-210mm-stroke-with-ball-joint-hook-heavy-duty\/","title":{"rendered":"Barre de Pouss\u00e9e Hydraulique Cat. 3-3 (635 &#8211; 845 mm) avec Clapet Anti-retour et rotule chape Saturn &#8211; Course 210 mm"},"content":{"rendered":"<p>Le barre de pouss\u00e9e hydraulique que nous proposons remplace le barre de pouss\u00e9e existant sur le tracteur et facilite votre travail quotidien. Cela n\u00e9cessite un distributeur \u00e0 double effet sur le tracteur &#8211; une combinaison imbattable en combinaison avec le clapet anti-retour int\u00e9gr\u00e9*.<\/p>\n<p>* Lors du r\u00e9glage du barre de pouss\u00e9e hydraulique, il est tr\u00e8s important que la position ajust\u00e9e soit maintenue m\u00eame apr\u00e8s une p\u00e9riode de temps plus longue. Ceci n&#8217;est gu\u00e8re possible avec des barres de pouss\u00e9e hydraulique sans clapet anti-retour, car les unit\u00e9s de commande du tracteur ne se verrouillent pas aussi \u00e9troitement. Ce barre de pouss\u00e9e hydraulique est donc \u00e9quip\u00e9 d&#8217;un clapet anti-retour. Avec ce clapet, l&#8217;huile est enferm\u00e9e dans le cylindre par un clapet anti-retour. Ce n&#8217;est que lorsqu&#8217;il y a \u00e0 nouveau de la pression d&#8217;huile provenant du tracteur que la vanne s&#8217;ouvre et que le v\u00e9rin peut \u00eatre r\u00e9gl\u00e9.<\/p>\n<ul>\n<li>Finition de haute qualit\u00e9 et peint en noir<\/li>\n<li>Incl. clapet anti-retour<\/li>\n<li>2 x connexion hydraulique<\/li>\n<li>La livraison est enti\u00e8rement assembl\u00e9e<\/li>\n<\/ul>\n<p>&nbsp;<\/p>\n<p><strong>Sp\u00e9cifications techniques:<\/strong><\/p>\n<ul>\n<li>Raccordement hydraulique : 3\/8&#8243;<\/li>\n<li>L : 635-845 mm<\/li>\n<li>E : 80 mm<\/li>\n<li>Largeur : 92 mm<\/li>\n<li>Diam\u00e8tre : 40 mm<\/li>\n<li>M: 85x51mm<\/li>\n<li>Longueur : 32,4 mm<\/li>\n<li>F: 50mm<\/li>\n<li>D : 210 mm (course)<\/li>\n<li>Pouss\u00e9e : 11 700 kg<\/li>\n<li>Force de traction : 8770 kg<\/li>\n<li>Poids : environ 20,10 kg<\/li>\n<\/ul>\n<p>&nbsp;<\/p>\n<p><strong>2 x tuyau hydraulique avec bouchon et cache-poussi\u00e8re<\/strong><\/p>\n<ul>\n<li>Connexion : cloison 12 L taille 3 (connecteur de couplage commun), raccord 18-1,5 SW22 + \u00e9merillon<\/li>\n<li>D\u00e9signation du tuyau Blue Flex SAE 100 3\/8 R2AT DIN EN 853 2SN DN10 W.P.330<\/li>\n<li>Pression de service : 330 bars<\/li>\n<li>Longueur : 75 cm<\/li>\n<\/ul>\n","protected":false},"excerpt":{"rendered":"<ul>\n<li>Finition de haute qualit\u00e9 et peint en noir<\/li>\n<li>Incl. clapet anti-retour<\/li>\n<li>2 x connexion hydraulique<\/li>\n<li>La livraison est enti\u00e8rement assembl\u00e9e<\/li>\n<\/ul>\n","protected":false},"featured_media":33800,"template":"","meta":{"inline_featured_image":false},"product_brand":[],"product_cat":[603,608],"product_tag":[],"class_list":{"0":"post-6105","1":"product","2":"type-product","3":"status-publish","4":"has-post-thumbnail","6":"product_cat-kit-troisieme-point-hydraulique","7":"product_cat-crochets-cat-3","9":"first","10":"outofstock","11":"taxable","12":"shipping-taxable","13":"purchasable","14":"product-type-simple"},"yoast_head":"<!-- This site is optimized with the Yoast SEO plugin v25.0 - https:\/\/yoast.com\/wordpress\/plugins\/seo\/ -->\n<title>Barre de Pouss\u00e9e Hydraulique Cat. 3-3 (635 - 845 mm) avec Clapet Anti-retour et rotule chape Saturn - Course 210 mm - Sparepartsholland<\/title>\n<meta name=\"description\" content=\"Le barre de pouss\u00e9e hydraulique que nous proposons remplace le barre de pouss\u00e9e existant sur le tracteur et facilite votre travail quotidien.\" \/>\n<meta name=\"robots\" content=\"noindex, follow, max-snippet:-1, max-image-preview:large, max-video-preview:-1\" \/>\n<meta property=\"og:locale\" content=\"fr_FR\" \/>\n<meta property=\"og:type\" content=\"article\" \/>\n<meta property=\"og:title\" content=\"Barre de Pouss\u00e9e Hydraulique Cat. 3-3 (635 - 845 mm) avec Clapet Anti-retour et rotule chape Saturn - Course 210 mm - Sparepartsholland\" \/>\n<meta property=\"og:description\" content=\"Le barre de pouss\u00e9e hydraulique que nous proposons remplace le barre de pouss\u00e9e existant sur le tracteur et facilite votre travail quotidien.\" \/>\n<meta property=\"og:url\" content=\"https:\/\/oud.sparepartsholland.com\/produit\/hydraulic-toplink-cat-3-3635\u2192845mm-210mm-stroke-with-ball-joint-hook-heavy-duty\/\" \/>\n<meta property=\"og:site_name\" content=\"Sparepartsholland\" \/>\n<meta property=\"article:modified_time\" content=\"2024-06-26T14:14:59+00:00\" \/>\n<meta property=\"og:image\" content=\"https:\/\/oud.sparepartsholland.com\/wp-content\/uploads\/2022\/07\/DSCF8951-copy-scaled.jpg\" \/>\n\t<meta property=\"og:image:width\" content=\"2560\" \/>\n\t<meta property=\"og:image:height\" content=\"2560\" \/>\n\t<meta property=\"og:image:type\" content=\"image\/jpeg\" \/>\n<meta name=\"twitter:card\" content=\"summary_large_image\" \/>\n<meta name=\"twitter:label1\" content=\"Dur\u00e9e de lecture estim\u00e9e\" \/>\n\t<meta name=\"twitter:data1\" content=\"2 minutes\" \/>\n<script type=\"application\/ld+json\" class=\"yoast-schema-graph\">{\"@context\":\"https:\/\/schema.org\",\"@graph\":[{\"@type\":[\"WebPage\",\"ItemPage\"],\"@id\":\"https:\/\/oud.sparepartsholland.com\/produit\/hydraulic-toplink-cat-3-3635%e2%86%92845mm-210mm-stroke-with-ball-joint-hook-heavy-duty\/\",\"url\":\"https:\/\/oud.sparepartsholland.com\/produit\/hydraulic-toplink-cat-3-3635%e2%86%92845mm-210mm-stroke-with-ball-joint-hook-heavy-duty\/\",\"name\":\"Barre de Pouss\u00e9e Hydraulique Cat. 3-3 (635 - 845 mm) avec Clapet Anti-retour et rotule chape Saturn - Course 210 mm - Sparepartsholland\",\"isPartOf\":{\"@id\":\"https:\/\/oud.sparepartsholland.com\/#website\"},\"primaryImageOfPage\":{\"@id\":\"https:\/\/oud.sparepartsholland.com\/produit\/hydraulic-toplink-cat-3-3635%e2%86%92845mm-210mm-stroke-with-ball-joint-hook-heavy-duty\/#primaryimage\"},\"image\":{\"@id\":\"https:\/\/oud.sparepartsholland.com\/produit\/hydraulic-toplink-cat-3-3635%e2%86%92845mm-210mm-stroke-with-ball-joint-hook-heavy-duty\/#primaryimage\"},\"thumbnailUrl\":\"https:\/\/oud.sparepartsholland.com\/wp-content\/uploads\/2022\/07\/DSCF8951-copy-scaled.jpg\",\"datePublished\":\"2022-07-28T09:10:56+00:00\",\"dateModified\":\"2024-06-26T14:14:59+00:00\",\"description\":\"Le barre de pouss\u00e9e hydraulique que nous proposons remplace le barre de pouss\u00e9e existant sur le tracteur et facilite votre travail quotidien.\",\"breadcrumb\":{\"@id\":\"https:\/\/oud.sparepartsholland.com\/produit\/hydraulic-toplink-cat-3-3635%e2%86%92845mm-210mm-stroke-with-ball-joint-hook-heavy-duty\/#breadcrumb\"},\"inLanguage\":\"fr-FR\",\"potentialAction\":[{\"@type\":\"ReadAction\",\"target\":[\"https:\/\/oud.sparepartsholland.com\/produit\/hydraulic-toplink-cat-3-3635%e2%86%92845mm-210mm-stroke-with-ball-joint-hook-heavy-duty\/\"]}]},{\"@type\":\"ImageObject\",\"inLanguage\":\"fr-FR\",\"@id\":\"https:\/\/oud.sparepartsholland.com\/produit\/hydraulic-toplink-cat-3-3635%e2%86%92845mm-210mm-stroke-with-ball-joint-hook-heavy-duty\/#primaryimage\",\"url\":\"https:\/\/oud.sparepartsholland.com\/wp-content\/uploads\/2022\/07\/DSCF8951-copy-scaled.jpg\",\"contentUrl\":\"https:\/\/oud.sparepartsholland.com\/wp-content\/uploads\/2022\/07\/DSCF8951-copy-scaled.jpg\",\"width\":2560,\"height\":2560},{\"@type\":\"BreadcrumbList\",\"@id\":\"https:\/\/oud.sparepartsholland.com\/produit\/hydraulic-toplink-cat-3-3635%e2%86%92845mm-210mm-stroke-with-ball-joint-hook-heavy-duty\/#breadcrumb\",\"itemListElement\":[{\"@type\":\"ListItem\",\"position\":1,\"name\":\"Home\",\"item\":\"https:\/\/oud.sparepartsholland.com\/fr\/\"},{\"@type\":\"ListItem\",\"position\":2,\"name\":\"Boutique\",\"item\":\"https:\/\/oud.sparepartsholland.com\/shop\/\"},{\"@type\":\"ListItem\",\"position\":3,\"name\":\"Barre de Pouss\u00e9e Hydraulique Cat. 3-3 (635 &#8211; 845 mm) avec Clapet Anti-retour et rotule chape Saturn &#8211; Course 210 mm\"}]},{\"@type\":\"WebSite\",\"@id\":\"https:\/\/oud.sparepartsholland.com\/#website\",\"url\":\"https:\/\/oud.sparepartsholland.com\/\",\"name\":\"Sparepartsholland\",\"description\":\"\",\"publisher\":{\"@id\":\"https:\/\/oud.sparepartsholland.com\/#organization\"},\"potentialAction\":[{\"@type\":\"SearchAction\",\"target\":{\"@type\":\"EntryPoint\",\"urlTemplate\":\"https:\/\/oud.sparepartsholland.com\/?s={search_term_string}\"},\"query-input\":{\"@type\":\"PropertyValueSpecification\",\"valueRequired\":true,\"valueName\":\"search_term_string\"}}],\"inLanguage\":\"fr-FR\"},{\"@type\":\"Organization\",\"@id\":\"https:\/\/oud.sparepartsholland.com\/#organization\",\"name\":\"Spare Parts Holland\",\"url\":\"https:\/\/oud.sparepartsholland.com\/\",\"logo\":{\"@type\":\"ImageObject\",\"inLanguage\":\"fr-FR\",\"@id\":\"https:\/\/oud.sparepartsholland.com\/#\/schema\/logo\/image\/\",\"url\":\"https:\/\/oud.sparepartsholland.com\/wp-content\/uploads\/2022\/06\/spareparts-1.png\",\"contentUrl\":\"https:\/\/oud.sparepartsholland.com\/wp-content\/uploads\/2022\/06\/spareparts-1.png\",\"width\":824,\"height\":685,\"caption\":\"Spare Parts Holland\"},\"image\":{\"@id\":\"https:\/\/oud.sparepartsholland.com\/#\/schema\/logo\/image\/\"}}]}<\/script>\n<!-- \/ Yoast SEO plugin. -->","yoast_head_json":{"title":"Barre de Pouss\u00e9e Hydraulique Cat. 3-3 (635 - 845 mm) avec Clapet Anti-retour et rotule chape Saturn - Course 210 mm - Sparepartsholland","description":"Le barre de pouss\u00e9e hydraulique que nous proposons remplace le barre de pouss\u00e9e existant sur le tracteur et facilite votre travail quotidien.","robots":{"index":"noindex","follow":"follow","max-snippet":"max-snippet:-1","max-image-preview":"max-image-preview:large","max-video-preview":"max-video-preview:-1"},"og_locale":"fr_FR","og_type":"article","og_title":"Barre de Pouss\u00e9e Hydraulique Cat. 3-3 (635 - 845 mm) avec Clapet Anti-retour et rotule chape Saturn - Course 210 mm - Sparepartsholland","og_description":"Le barre de pouss\u00e9e hydraulique que nous proposons remplace le barre de pouss\u00e9e existant sur le tracteur et facilite votre travail quotidien.","og_url":"https:\/\/oud.sparepartsholland.com\/produit\/hydraulic-toplink-cat-3-3635\u2192845mm-210mm-stroke-with-ball-joint-hook-heavy-duty\/","og_site_name":"Sparepartsholland","article_modified_time":"2024-06-26T14:14:59+00:00","og_image":[{"width":2560,"height":2560,"url":"https:\/\/oud.sparepartsholland.com\/wp-content\/uploads\/2022\/07\/DSCF8951-copy-scaled.jpg","type":"image\/jpeg"}],"twitter_card":"summary_large_image","twitter_misc":{"Dur\u00e9e de lecture estim\u00e9e":"2 minutes"},"schema":{"@context":"https:\/\/schema.org","@graph":[{"@type":["WebPage","ItemPage"],"@id":"https:\/\/oud.sparepartsholland.com\/produit\/hydraulic-toplink-cat-3-3635%e2%86%92845mm-210mm-stroke-with-ball-joint-hook-heavy-duty\/","url":"https:\/\/oud.sparepartsholland.com\/produit\/hydraulic-toplink-cat-3-3635%e2%86%92845mm-210mm-stroke-with-ball-joint-hook-heavy-duty\/","name":"Barre de Pouss\u00e9e Hydraulique Cat. 3-3 (635 - 845 mm) avec Clapet Anti-retour et rotule chape Saturn - Course 210 mm - Sparepartsholland","isPartOf":{"@id":"https:\/\/oud.sparepartsholland.com\/#website"},"primaryImageOfPage":{"@id":"https:\/\/oud.sparepartsholland.com\/produit\/hydraulic-toplink-cat-3-3635%e2%86%92845mm-210mm-stroke-with-ball-joint-hook-heavy-duty\/#primaryimage"},"image":{"@id":"https:\/\/oud.sparepartsholland.com\/produit\/hydraulic-toplink-cat-3-3635%e2%86%92845mm-210mm-stroke-with-ball-joint-hook-heavy-duty\/#primaryimage"},"thumbnailUrl":"https:\/\/oud.sparepartsholland.com\/wp-content\/uploads\/2022\/07\/DSCF8951-copy-scaled.jpg","datePublished":"2022-07-28T09:10:56+00:00","dateModified":"2024-06-26T14:14:59+00:00","description":"Le barre de pouss\u00e9e hydraulique que nous proposons remplace le barre de pouss\u00e9e existant sur le tracteur et facilite votre travail quotidien.","breadcrumb":{"@id":"https:\/\/oud.sparepartsholland.com\/produit\/hydraulic-toplink-cat-3-3635%e2%86%92845mm-210mm-stroke-with-ball-joint-hook-heavy-duty\/#breadcrumb"},"inLanguage":"fr-FR","potentialAction":[{"@type":"ReadAction","target":["https:\/\/oud.sparepartsholland.com\/produit\/hydraulic-toplink-cat-3-3635%e2%86%92845mm-210mm-stroke-with-ball-joint-hook-heavy-duty\/"]}]},{"@type":"ImageObject","inLanguage":"fr-FR","@id":"https:\/\/oud.sparepartsholland.com\/produit\/hydraulic-toplink-cat-3-3635%e2%86%92845mm-210mm-stroke-with-ball-joint-hook-heavy-duty\/#primaryimage","url":"https:\/\/oud.sparepartsholland.com\/wp-content\/uploads\/2022\/07\/DSCF8951-copy-scaled.jpg","contentUrl":"https:\/\/oud.sparepartsholland.com\/wp-content\/uploads\/2022\/07\/DSCF8951-copy-scaled.jpg","width":2560,"height":2560},{"@type":"BreadcrumbList","@id":"https:\/\/oud.sparepartsholland.com\/produit\/hydraulic-toplink-cat-3-3635%e2%86%92845mm-210mm-stroke-with-ball-joint-hook-heavy-duty\/#breadcrumb","itemListElement":[{"@type":"ListItem","position":1,"name":"Home","item":"https:\/\/oud.sparepartsholland.com\/fr\/"},{"@type":"ListItem","position":2,"name":"Boutique","item":"https:\/\/oud.sparepartsholland.com\/shop\/"},{"@type":"ListItem","position":3,"name":"Barre de Pouss\u00e9e Hydraulique Cat. 3-3 (635 &#8211; 845 mm) avec Clapet Anti-retour et rotule chape Saturn &#8211; Course 210 mm"}]},{"@type":"WebSite","@id":"https:\/\/oud.sparepartsholland.com\/#website","url":"https:\/\/oud.sparepartsholland.com\/","name":"Sparepartsholland","description":"","publisher":{"@id":"https:\/\/oud.sparepartsholland.com\/#organization"},"potentialAction":[{"@type":"SearchAction","target":{"@type":"EntryPoint","urlTemplate":"https:\/\/oud.sparepartsholland.com\/?s={search_term_string}"},"query-input":{"@type":"PropertyValueSpecification","valueRequired":true,"valueName":"search_term_string"}}],"inLanguage":"fr-FR"},{"@type":"Organization","@id":"https:\/\/oud.sparepartsholland.com\/#organization","name":"Spare Parts Holland","url":"https:\/\/oud.sparepartsholland.com\/","logo":{"@type":"ImageObject","inLanguage":"fr-FR","@id":"https:\/\/oud.sparepartsholland.com\/#\/schema\/logo\/image\/","url":"https:\/\/oud.sparepartsholland.com\/wp-content\/uploads\/2022\/06\/spareparts-1.png","contentUrl":"https:\/\/oud.sparepartsholland.com\/wp-content\/uploads\/2022\/06\/spareparts-1.png","width":824,"height":685,"caption":"Spare Parts Holland"},"image":{"@id":"https:\/\/oud.sparepartsholland.com\/#\/schema\/logo\/image\/"}}]}},"_links":{"self":[{"href":"https:\/\/oud.sparepartsholland.com\/fr\/wp-json\/wp\/v2\/product\/6105","targetHints":{"allow":["GET"]}}],"collection":[{"href":"https:\/\/oud.sparepartsholland.com\/fr\/wp-json\/wp\/v2\/product"}],"about":[{"href":"https:\/\/oud.sparepartsholland.com\/fr\/wp-json\/wp\/v2\/types\/product"}],"wp:featuredmedia":[{"embeddable":true,"href":"https:\/\/oud.sparepartsholland.com\/fr\/wp-json\/wp\/v2\/media\/33800"}],"wp:attachment":[{"href":"https:\/\/oud.sparepartsholland.com\/fr\/wp-json\/wp\/v2\/media?parent=6105"}],"wp:term":[{"taxonomy":"product_brand","embeddable":true,"href":"https:\/\/oud.sparepartsholland.com\/fr\/wp-json\/wp\/v2\/product_brand?post=6105"},{"taxonomy":"product_cat","embeddable":true,"href":"https:\/\/oud.sparepartsholland.com\/fr\/wp-json\/wp\/v2\/product_cat?post=6105"},{"taxonomy":"product_tag","embeddable":true,"href":"https:\/\/oud.sparepartsholland.com\/fr\/wp-json\/wp\/v2\/product_tag?post=6105"}],"curies":[{"name":"wp","href":"https:\/\/api.w.org\/{rel}","templated":true}]}}